{"id":12192,"date":"2022-06-13T09:59:34","date_gmt":"2022-06-13T08:59:34","guid":{"rendered":"https:\/\/www.burrensmokehouse.com\/unser-treueclub\/"},"modified":"2026-04-14T16:36:13","modified_gmt":"2026-04-14T15:36:13","slug":"unser-treueclub","status":"publish","type":"page","link":"https:\/\/www.burrensmokehouse.com\/de\/unser-treueclub\/","title":{"rendered":"Unser Treueclub&#8230;"},"content":{"rendered":"<h1>&#8230; und weitere Arten, Geld zu sparen.<\/h1>\n<p>&nbsp;<\/p>\n<p class=\"heading_accessibility\"><strong>Bei einem Auftragswert von mindestens 1.200 \u20ac erhalten Sie einen Sofort-Rabatt von 15 %.<\/strong><\/p>\n<p class=\"first_p\">Weitere Sparm\u00f6glichkeiten bestehen darin, bei jedem Online-Einkauf automatisch Treuepunkte zu sammeln, und sich f\u00fcr unseren Newsletter anzumelden.<\/p>\n<p class=\"second_p\">Hier im Burren Smokehouse sch\u00e4tzen wir Sie, unsere Kunden, und m\u00f6chten Sie f\u00fcr Ihre Treue belohnen. Und so funktioniert es.<\/p>\n","protected":false},"excerpt":{"rendered":"<p>&#8230; und weitere Arten, Geld zu sparen. &nbsp; Bei einem Auftragswert von mindestens 1.200 \u20ac erhalten Sie einen Sofort-Rabatt von 15 %. Weitere Sparm\u00f6glichkeiten bestehen darin, bei jedem Online-Einkauf automatisch Treuepunkte zu sammeln, und sich f\u00fcr unseren Newsletter anzumelden. Hier im Burren Smokehouse sch\u00e4tzen wir Sie, unsere Kunden, und m\u00f6chten Sie f\u00fcr Ihre Treue belohnen. [&hellip;]<\/p>\n","protected":false},"author":4603,"featured_media":0,"parent":0,"menu_order":0,"comment_status":"closed","ping_status":"closed","template":"template-parts\/content-general-content.php","meta":{"_acf_changed":false,"om_disable_all_campaigns":false,"footnotes":""},"class_list":["post-12192","page","type-page","status-publish","hentry"],"acf":[],"yoast_head":"<!-- This site is optimized with the Yoast SEO plugin v27.3 - https:\/\/yoast.com\/product\/yoast-seo-wordpress\/ -->\n<title>Unser Treueclub... - Burren Smokehouse<\/title>\n<meta name=\"robots\" content=\"index, follow, max-snippet:-1, max-image-preview:large, max-video-preview:-1\" \/>\n<link rel=\"canonical\" href=\"https:\/\/www.burrensmokehouse.com\/de\/unser-treueclub\/\" \/>\n<meta property=\"og:locale\" content=\"de_DE\" \/>\n<meta property=\"og:type\" content=\"article\" \/>\n<meta property=\"og:title\" content=\"Unser Treueclub... - Burren Smokehouse\" \/>\n<meta property=\"og:description\" content=\"&#8230; und weitere Arten, Geld zu sparen. &nbsp; Bei einem Auftragswert von mindestens 1.200 \u20ac erhalten Sie einen Sofort-Rabatt von 15 %. Weitere Sparm\u00f6glichkeiten bestehen darin, bei jedem Online-Einkauf automatisch Treuepunkte zu sammeln, und sich f\u00fcr unseren Newsletter anzumelden. Hier im Burren Smokehouse sch\u00e4tzen wir Sie, unsere Kunden, und m\u00f6chten Sie f\u00fcr Ihre Treue belohnen. [&hellip;]\" \/>\n<meta property=\"og:url\" content=\"https:\/\/www.burrensmokehouse.com\/de\/unser-treueclub\/\" \/>\n<meta property=\"og:site_name\" content=\"Burren Smokehouse\" \/>\n<meta property=\"article:modified_time\" content=\"2026-04-14T15:36:13+00:00\" \/>\n<meta name=\"twitter:card\" content=\"summary_large_image\" \/>\n<meta name=\"twitter:label1\" content=\"Gesch\u00e4tzte Lesezeit\" \/>\n\t<meta name=\"twitter:data1\" content=\"1\u00a0Minute\" \/>\n<script type=\"application\/ld+json\" class=\"yoast-schema-graph\">{\"@context\":\"https:\\\/\\\/schema.org\",\"@graph\":[{\"@type\":\"WebPage\",\"@id\":\"https:\\\/\\\/www.burrensmokehouse.com\\\/de\\\/unser-treueclub\\\/\",\"url\":\"https:\\\/\\\/www.burrensmokehouse.com\\\/de\\\/unser-treueclub\\\/\",\"name\":\"Unser Treueclub... - Burren Smokehouse\",\"isPartOf\":{\"@id\":\"https:\\\/\\\/www.burrensmokehouse.com\\\/de\\\/#website\"},\"datePublished\":\"2022-06-13T08:59:34+00:00\",\"dateModified\":\"2026-04-14T15:36:13+00:00\",\"breadcrumb\":{\"@id\":\"https:\\\/\\\/www.burrensmokehouse.com\\\/de\\\/unser-treueclub\\\/#breadcrumb\"},\"inLanguage\":\"de\",\"potentialAction\":[{\"@type\":\"ReadAction\",\"target\":[\"https:\\\/\\\/www.burrensmokehouse.com\\\/de\\\/unser-treueclub\\\/\"]}]},{\"@type\":\"BreadcrumbList\",\"@id\":\"https:\\\/\\\/www.burrensmokehouse.com\\\/de\\\/unser-treueclub\\\/#breadcrumb\",\"itemListElement\":[{\"@type\":\"ListItem\",\"position\":1,\"name\":\"Home\",\"item\":\"https:\\\/\\\/www.burrensmokehouse.com\\\/de\\\/\"},{\"@type\":\"ListItem\",\"position\":2,\"name\":\"Unser Treueclub&#8230;\"}]},{\"@type\":\"WebSite\",\"@id\":\"https:\\\/\\\/www.burrensmokehouse.com\\\/de\\\/#website\",\"url\":\"https:\\\/\\\/www.burrensmokehouse.com\\\/de\\\/\",\"name\":\"Burren Smokehouse\",\"description\":\"\",\"publisher\":{\"@id\":\"https:\\\/\\\/www.burrensmokehouse.com\\\/de\\\/#organization\"},\"potentialAction\":[{\"@type\":\"SearchAction\",\"target\":{\"@type\":\"EntryPoint\",\"urlTemplate\":\"https:\\\/\\\/www.burrensmokehouse.com\\\/de\\\/?s={search_term_string}\"},\"query-input\":{\"@type\":\"PropertyValueSpecification\",\"valueRequired\":true,\"valueName\":\"search_term_string\"}}],\"inLanguage\":\"de\"},{\"@type\":\"Organization\",\"@id\":\"https:\\\/\\\/www.burrensmokehouse.com\\\/de\\\/#organization\",\"name\":\"Burren Smokehouse\",\"url\":\"https:\\\/\\\/www.burrensmokehouse.com\\\/de\\\/\",\"logo\":{\"@type\":\"ImageObject\",\"inLanguage\":\"de\",\"@id\":\"https:\\\/\\\/www.burrensmokehouse.com\\\/de\\\/#\\\/schema\\\/logo\\\/image\\\/\",\"url\":\"https:\\\/\\\/www.burrensmokehouse.com\\\/wp-content\\\/uploads\\\/2021\\\/07\\\/logo.png\",\"contentUrl\":\"https:\\\/\\\/www.burrensmokehouse.com\\\/wp-content\\\/uploads\\\/2021\\\/07\\\/logo.png\",\"width\":432,\"height\":99,\"caption\":\"Burren Smokehouse\"},\"image\":{\"@id\":\"https:\\\/\\\/www.burrensmokehouse.com\\\/de\\\/#\\\/schema\\\/logo\\\/image\\\/\"}}]}<\/script>\n<!-- \/ Yoast SEO plugin. -->","yoast_head_json":{"title":"Unser Treueclub... - Burren Smokehouse","robots":{"index":"index","follow":"follow","max-snippet":"max-snippet:-1","max-image-preview":"max-image-preview:large","max-video-preview":"max-video-preview:-1"},"canonical":"https:\/\/www.burrensmokehouse.com\/de\/unser-treueclub\/","og_locale":"de_DE","og_type":"article","og_title":"Unser Treueclub... - Burren Smokehouse","og_description":"&#8230; und weitere Arten, Geld zu sparen. &nbsp; Bei einem Auftragswert von mindestens 1.200 \u20ac erhalten Sie einen Sofort-Rabatt von 15 %. Weitere Sparm\u00f6glichkeiten bestehen darin, bei jedem Online-Einkauf automatisch Treuepunkte zu sammeln, und sich f\u00fcr unseren Newsletter anzumelden. Hier im Burren Smokehouse sch\u00e4tzen wir Sie, unsere Kunden, und m\u00f6chten Sie f\u00fcr Ihre Treue belohnen. [&hellip;]","og_url":"https:\/\/www.burrensmokehouse.com\/de\/unser-treueclub\/","og_site_name":"Burren Smokehouse","article_modified_time":"2026-04-14T15:36:13+00:00","twitter_card":"summary_large_image","twitter_misc":{"Gesch\u00e4tzte Lesezeit":"1\u00a0Minute"},"schema":{"@context":"https:\/\/schema.org","@graph":[{"@type":"WebPage","@id":"https:\/\/www.burrensmokehouse.com\/de\/unser-treueclub\/","url":"https:\/\/www.burrensmokehouse.com\/de\/unser-treueclub\/","name":"Unser Treueclub... - Burren Smokehouse","isPartOf":{"@id":"https:\/\/www.burrensmokehouse.com\/de\/#website"},"datePublished":"2022-06-13T08:59:34+00:00","dateModified":"2026-04-14T15:36:13+00:00","breadcrumb":{"@id":"https:\/\/www.burrensmokehouse.com\/de\/unser-treueclub\/#breadcrumb"},"inLanguage":"de","potentialAction":[{"@type":"ReadAction","target":["https:\/\/www.burrensmokehouse.com\/de\/unser-treueclub\/"]}]},{"@type":"BreadcrumbList","@id":"https:\/\/www.burrensmokehouse.com\/de\/unser-treueclub\/#breadcrumb","itemListElement":[{"@type":"ListItem","position":1,"name":"Home","item":"https:\/\/www.burrensmokehouse.com\/de\/"},{"@type":"ListItem","position":2,"name":"Unser Treueclub&#8230;"}]},{"@type":"WebSite","@id":"https:\/\/www.burrensmokehouse.com\/de\/#website","url":"https:\/\/www.burrensmokehouse.com\/de\/","name":"Burren Smokehouse","description":"","publisher":{"@id":"https:\/\/www.burrensmokehouse.com\/de\/#organization"},"potentialAction":[{"@type":"SearchAction","target":{"@type":"EntryPoint","urlTemplate":"https:\/\/www.burrensmokehouse.com\/de\/?s={search_term_string}"},"query-input":{"@type":"PropertyValueSpecification","valueRequired":true,"valueName":"search_term_string"}}],"inLanguage":"de"},{"@type":"Organization","@id":"https:\/\/www.burrensmokehouse.com\/de\/#organization","name":"Burren Smokehouse","url":"https:\/\/www.burrensmokehouse.com\/de\/","logo":{"@type":"ImageObject","inLanguage":"de","@id":"https:\/\/www.burrensmokehouse.com\/de\/#\/schema\/logo\/image\/","url":"https:\/\/www.burrensmokehouse.com\/wp-content\/uploads\/2021\/07\/logo.png","contentUrl":"https:\/\/www.burrensmokehouse.com\/wp-content\/uploads\/2021\/07\/logo.png","width":432,"height":99,"caption":"Burren Smokehouse"},"image":{"@id":"https:\/\/www.burrensmokehouse.com\/de\/#\/schema\/logo\/image\/"}}]}},"_links":{"self":[{"href":"https:\/\/www.burrensmokehouse.com\/de\/wp-json\/wp\/v2\/pages\/12192","targetHints":{"allow":["GET"]}}],"collection":[{"href":"https:\/\/www.burrensmokehouse.com\/de\/wp-json\/wp\/v2\/pages"}],"about":[{"href":"https:\/\/www.burrensmokehouse.com\/de\/wp-json\/wp\/v2\/types\/page"}],"author":[{"embeddable":true,"href":"https:\/\/www.burrensmokehouse.com\/de\/wp-json\/wp\/v2\/users\/4603"}],"replies":[{"embeddable":true,"href":"https:\/\/www.burrensmokehouse.com\/de\/wp-json\/wp\/v2\/comments?post=12192"}],"version-history":[{"count":0,"href":"https:\/\/www.burrensmokehouse.com\/de\/wp-json\/wp\/v2\/pages\/12192\/revisions"}],"wp:attachment":[{"href":"https:\/\/www.burrensmokehouse.com\/de\/wp-json\/wp\/v2\/media?parent=12192"}],"curies":[{"name":"wp","href":"https:\/\/api.w.org\/{rel}","templated":true}]}}