{"id":12727,"date":"2022-06-16T12:16:43","date_gmt":"2022-06-16T11:16:43","guid":{"rendered":"https:\/\/www.burrensmokehouse.com\/unsere-geschichte\/"},"modified":"2025-12-24T12:05:36","modified_gmt":"2025-12-24T12:05:36","slug":"unsere-geschichte","status":"publish","type":"page","link":"https:\/\/www.burrensmokehouse.com\/de\/unsere-geschichte\/","title":{"rendered":"Unsere Geschichte"},"content":{"rendered":"<p>Dies ist eine Geschichte, die vor \u00fcber einem Jahrhundert anfing, und die das irische und skandinavische Erbe zusammenbringt. Es erz\u00e4hlt von den vielen Arten der Liebe, die den Zauber des Burren Smokehouse ausmachen. Von kleinen Anf\u00e4ngen bis hin zur internationalen B\u00fchne (mit einer Handvoll Royals als Zugabe) ist dies vor allem eine Geschichte der Innovation und der Leidenschaft f\u00fcr ein altes Handwerk, das f\u00fcr die moderne Welt neu erfunden wurde.<\/p>\n","protected":false},"excerpt":{"rendered":"<p>Dies ist eine Geschichte, die vor \u00fcber einem Jahrhundert anfing, und die das irische und skandinavische Erbe zusammenbringt. Es erz\u00e4hlt von den vielen Arten der Liebe, die den Zauber des Burren Smokehouse ausmachen. Von kleinen Anf\u00e4ngen bis hin zur internationalen B\u00fchne (mit einer Handvoll Royals als Zugabe) ist dies vor allem eine Geschichte der Innovation [&hellip;]<\/p>\n","protected":false},"author":1,"featured_media":0,"parent":0,"menu_order":0,"comment_status":"closed","ping_status":"closed","template":"template-parts\/content-general-content.php","meta":{"_acf_changed":false,"om_disable_all_campaigns":false,"footnotes":""},"class_list":["post-12727","page","type-page","status-publish","hentry"],"acf":[],"yoast_head":"<!-- This site is optimized with the Yoast SEO plugin v27.3 - https:\/\/yoast.com\/product\/yoast-seo-wordpress\/ -->\n<title>Unsere Geschichte | \u00dcber uns | Burren R\u00e4ucherei<\/title>\n<meta name=\"description\" content=\"Das Burren Smokehouse ist ein familiengef\u00fchrtes Unternehmen von Birgitta &amp; Peter Curtin, das traditionelle Fischr\u00e4uchermethoden aus Irland und Schweden anwendet.\" \/>\n<meta name=\"robots\" content=\"index, follow, max-snippet:-1, max-image-preview:large, max-video-preview:-1\" \/>\n<link rel=\"canonical\" href=\"https:\/\/www.burrensmokehouse.com\/de\/unsere-geschichte\/\" \/>\n<meta property=\"og:locale\" content=\"de_DE\" \/>\n<meta property=\"og:type\" content=\"article\" \/>\n<meta property=\"og:title\" content=\"Unsere Geschichte | \u00dcber uns | Burren R\u00e4ucherei\" \/>\n<meta property=\"og:description\" content=\"Das Burren Smokehouse ist ein familiengef\u00fchrtes Unternehmen von Birgitta &amp; Peter Curtin, das traditionelle Fischr\u00e4uchermethoden aus Irland und Schweden anwendet.\" \/>\n<meta property=\"og:url\" content=\"https:\/\/www.burrensmokehouse.com\/de\/unsere-geschichte\/\" \/>\n<meta property=\"og:site_name\" content=\"Burren Smokehouse\" \/>\n<meta property=\"article:modified_time\" content=\"2025-12-24T12:05:36+00:00\" \/>\n<meta name=\"twitter:card\" content=\"summary_large_image\" \/>\n<meta name=\"twitter:label1\" content=\"Gesch\u00e4tzte Lesezeit\" \/>\n\t<meta name=\"twitter:data1\" content=\"1\u00a0Minute\" \/>\n<script type=\"application\/ld+json\" class=\"yoast-schema-graph\">{\"@context\":\"https:\\\/\\\/schema.org\",\"@graph\":[{\"@type\":\"WebPage\",\"@id\":\"https:\\\/\\\/www.burrensmokehouse.com\\\/de\\\/unsere-geschichte\\\/\",\"url\":\"https:\\\/\\\/www.burrensmokehouse.com\\\/de\\\/unsere-geschichte\\\/\",\"name\":\"Unsere Geschichte | \u00dcber uns | Burren R\u00e4ucherei\",\"isPartOf\":{\"@id\":\"https:\\\/\\\/www.burrensmokehouse.com\\\/de\\\/#website\"},\"datePublished\":\"2022-06-16T11:16:43+00:00\",\"dateModified\":\"2025-12-24T12:05:36+00:00\",\"description\":\"Das Burren Smokehouse ist ein familiengef\u00fchrtes Unternehmen von Birgitta & Peter Curtin, das traditionelle Fischr\u00e4uchermethoden aus Irland und Schweden anwendet.\",\"breadcrumb\":{\"@id\":\"https:\\\/\\\/www.burrensmokehouse.com\\\/de\\\/unsere-geschichte\\\/#breadcrumb\"},\"inLanguage\":\"de\",\"potentialAction\":[{\"@type\":\"ReadAction\",\"target\":[\"https:\\\/\\\/www.burrensmokehouse.com\\\/de\\\/unsere-geschichte\\\/\"]}]},{\"@type\":\"BreadcrumbList\",\"@id\":\"https:\\\/\\\/www.burrensmokehouse.com\\\/de\\\/unsere-geschichte\\\/#breadcrumb\",\"itemListElement\":[{\"@type\":\"ListItem\",\"position\":1,\"name\":\"Home\",\"item\":\"https:\\\/\\\/www.burrensmokehouse.com\\\/de\\\/\"},{\"@type\":\"ListItem\",\"position\":2,\"name\":\"Unsere Geschichte\"}]},{\"@type\":\"WebSite\",\"@id\":\"https:\\\/\\\/www.burrensmokehouse.com\\\/de\\\/#website\",\"url\":\"https:\\\/\\\/www.burrensmokehouse.com\\\/de\\\/\",\"name\":\"Burren Smokehouse\",\"description\":\"\",\"publisher\":{\"@id\":\"https:\\\/\\\/www.burrensmokehouse.com\\\/de\\\/#organization\"},\"potentialAction\":[{\"@type\":\"SearchAction\",\"target\":{\"@type\":\"EntryPoint\",\"urlTemplate\":\"https:\\\/\\\/www.burrensmokehouse.com\\\/de\\\/?s={search_term_string}\"},\"query-input\":{\"@type\":\"PropertyValueSpecification\",\"valueRequired\":true,\"valueName\":\"search_term_string\"}}],\"inLanguage\":\"de\"},{\"@type\":\"Organization\",\"@id\":\"https:\\\/\\\/www.burrensmokehouse.com\\\/de\\\/#organization\",\"name\":\"Burren Smokehouse\",\"url\":\"https:\\\/\\\/www.burrensmokehouse.com\\\/de\\\/\",\"logo\":{\"@type\":\"ImageObject\",\"inLanguage\":\"de\",\"@id\":\"https:\\\/\\\/www.burrensmokehouse.com\\\/de\\\/#\\\/schema\\\/logo\\\/image\\\/\",\"url\":\"https:\\\/\\\/www.burrensmokehouse.com\\\/wp-content\\\/uploads\\\/2021\\\/07\\\/logo.png\",\"contentUrl\":\"https:\\\/\\\/www.burrensmokehouse.com\\\/wp-content\\\/uploads\\\/2021\\\/07\\\/logo.png\",\"width\":432,\"height\":99,\"caption\":\"Burren Smokehouse\"},\"image\":{\"@id\":\"https:\\\/\\\/www.burrensmokehouse.com\\\/de\\\/#\\\/schema\\\/logo\\\/image\\\/\"}}]}<\/script>\n<!-- \/ Yoast SEO plugin. -->","yoast_head_json":{"title":"Unsere Geschichte | \u00dcber uns | Burren R\u00e4ucherei","description":"Das Burren Smokehouse ist ein familiengef\u00fchrtes Unternehmen von Birgitta & Peter Curtin, das traditionelle Fischr\u00e4uchermethoden aus Irland und Schweden anwendet.","robots":{"index":"index","follow":"follow","max-snippet":"max-snippet:-1","max-image-preview":"max-image-preview:large","max-video-preview":"max-video-preview:-1"},"canonical":"https:\/\/www.burrensmokehouse.com\/de\/unsere-geschichte\/","og_locale":"de_DE","og_type":"article","og_title":"Unsere Geschichte | \u00dcber uns | Burren R\u00e4ucherei","og_description":"Das Burren Smokehouse ist ein familiengef\u00fchrtes Unternehmen von Birgitta & Peter Curtin, das traditionelle Fischr\u00e4uchermethoden aus Irland und Schweden anwendet.","og_url":"https:\/\/www.burrensmokehouse.com\/de\/unsere-geschichte\/","og_site_name":"Burren Smokehouse","article_modified_time":"2025-12-24T12:05:36+00:00","twitter_card":"summary_large_image","twitter_misc":{"Gesch\u00e4tzte Lesezeit":"1\u00a0Minute"},"schema":{"@context":"https:\/\/schema.org","@graph":[{"@type":"WebPage","@id":"https:\/\/www.burrensmokehouse.com\/de\/unsere-geschichte\/","url":"https:\/\/www.burrensmokehouse.com\/de\/unsere-geschichte\/","name":"Unsere Geschichte | \u00dcber uns | Burren R\u00e4ucherei","isPartOf":{"@id":"https:\/\/www.burrensmokehouse.com\/de\/#website"},"datePublished":"2022-06-16T11:16:43+00:00","dateModified":"2025-12-24T12:05:36+00:00","description":"Das Burren Smokehouse ist ein familiengef\u00fchrtes Unternehmen von Birgitta & Peter Curtin, das traditionelle Fischr\u00e4uchermethoden aus Irland und Schweden anwendet.","breadcrumb":{"@id":"https:\/\/www.burrensmokehouse.com\/de\/unsere-geschichte\/#breadcrumb"},"inLanguage":"de","potentialAction":[{"@type":"ReadAction","target":["https:\/\/www.burrensmokehouse.com\/de\/unsere-geschichte\/"]}]},{"@type":"BreadcrumbList","@id":"https:\/\/www.burrensmokehouse.com\/de\/unsere-geschichte\/#breadcrumb","itemListElement":[{"@type":"ListItem","position":1,"name":"Home","item":"https:\/\/www.burrensmokehouse.com\/de\/"},{"@type":"ListItem","position":2,"name":"Unsere Geschichte"}]},{"@type":"WebSite","@id":"https:\/\/www.burrensmokehouse.com\/de\/#website","url":"https:\/\/www.burrensmokehouse.com\/de\/","name":"Burren Smokehouse","description":"","publisher":{"@id":"https:\/\/www.burrensmokehouse.com\/de\/#organization"},"potentialAction":[{"@type":"SearchAction","target":{"@type":"EntryPoint","urlTemplate":"https:\/\/www.burrensmokehouse.com\/de\/?s={search_term_string}"},"query-input":{"@type":"PropertyValueSpecification","valueRequired":true,"valueName":"search_term_string"}}],"inLanguage":"de"},{"@type":"Organization","@id":"https:\/\/www.burrensmokehouse.com\/de\/#organization","name":"Burren Smokehouse","url":"https:\/\/www.burrensmokehouse.com\/de\/","logo":{"@type":"ImageObject","inLanguage":"de","@id":"https:\/\/www.burrensmokehouse.com\/de\/#\/schema\/logo\/image\/","url":"https:\/\/www.burrensmokehouse.com\/wp-content\/uploads\/2021\/07\/logo.png","contentUrl":"https:\/\/www.burrensmokehouse.com\/wp-content\/uploads\/2021\/07\/logo.png","width":432,"height":99,"caption":"Burren Smokehouse"},"image":{"@id":"https:\/\/www.burrensmokehouse.com\/de\/#\/schema\/logo\/image\/"}}]}},"_links":{"self":[{"href":"https:\/\/www.burrensmokehouse.com\/de\/wp-json\/wp\/v2\/pages\/12727","targetHints":{"allow":["GET"]}}],"collection":[{"href":"https:\/\/www.burrensmokehouse.com\/de\/wp-json\/wp\/v2\/pages"}],"about":[{"href":"https:\/\/www.burrensmokehouse.com\/de\/wp-json\/wp\/v2\/types\/page"}],"author":[{"embeddable":true,"href":"https:\/\/www.burrensmokehouse.com\/de\/wp-json\/wp\/v2\/users\/1"}],"replies":[{"embeddable":true,"href":"https:\/\/www.burrensmokehouse.com\/de\/wp-json\/wp\/v2\/comments?post=12727"}],"version-history":[{"count":0,"href":"https:\/\/www.burrensmokehouse.com\/de\/wp-json\/wp\/v2\/pages\/12727\/revisions"}],"wp:attachment":[{"href":"https:\/\/www.burrensmokehouse.com\/de\/wp-json\/wp\/v2\/media?parent=12727"}],"curies":[{"name":"wp","href":"https:\/\/api.w.org\/{rel}","templated":true}]}}