{"id":14022,"date":"2022-09-02T16:21:57","date_gmt":"2022-09-02T15:21:57","guid":{"rendered":"https:\/\/www.burrensmokehouse.com\/neu-unser-nachhaltigkeitsengagement\/"},"modified":"2022-09-20T16:56:31","modified_gmt":"2022-09-20T15:56:31","slug":"unser-nachhaltigkeitsengagement","status":"publish","type":"page","link":"https:\/\/www.burrensmokehouse.com\/de\/unser-nachhaltigkeitsengagement\/","title":{"rendered":"Unser Nachhaltigkeitsengagement"},"content":{"rendered":"<p>Nachhaltigkeit und Umwelt sind beides Werte, die uns sehr wichtig sind. Im Jahr 2009 beschlossen wir, Mitglied des Burren Ecotourism Network (BEN) zu werden, das 2011 mit der Graduierung der Gr\u00fcndungsmitglieder ins Leben gerufen wurde.<\/p>\n<p>Im selben Jahr wurde der Geopark Burren und Cliffs of Moher eingerichtet. Alle BEN-Mitglieder werden vom Geopark anhand eines Verhaltenskodexes gepr\u00fcft, um die h\u00f6chstm\u00f6glichen Standards im \u00d6kotourismus zu gew\u00e4hrleisten.<\/p>\n<p>Im Folgenden finden Sie alle unsere Initiativen und Mitgliedschaften.<\/p>\n","protected":false},"excerpt":{"rendered":"<p>Nachhaltigkeit und Umwelt sind beides Werte, die uns sehr wichtig sind. Im Jahr 2009 beschlossen wir, Mitglied des Burren Ecotourism Network (BEN) zu werden, das 2011 mit der Graduierung der Gr\u00fcndungsmitglieder ins Leben gerufen wurde. Im selben Jahr wurde der Geopark Burren und Cliffs of Moher eingerichtet. Alle BEN-Mitglieder werden vom Geopark anhand eines Verhaltenskodexes [&hellip;]<\/p>\n","protected":false},"author":1,"featured_media":0,"parent":0,"menu_order":0,"comment_status":"closed","ping_status":"closed","template":"template-parts\/content-general-content.php","meta":{"_acf_changed":false,"om_disable_all_campaigns":false,"footnotes":""},"class_list":["post-14022","page","type-page","status-publish","hentry"],"acf":[],"yoast_head":"<!-- This site is optimized with the Yoast SEO plugin v27.3 - https:\/\/yoast.com\/product\/yoast-seo-wordpress\/ -->\n<title>Unser Nachhaltigkeitsengagement - Burren Smokehouse<\/title>\n<meta name=\"robots\" content=\"index, follow, max-snippet:-1, max-image-preview:large, max-video-preview:-1\" \/>\n<link rel=\"canonical\" href=\"https:\/\/www.burrensmokehouse.com\/de\/unser-nachhaltigkeitsengagement\/\" \/>\n<meta property=\"og:locale\" content=\"de_DE\" \/>\n<meta property=\"og:type\" content=\"article\" \/>\n<meta property=\"og:title\" content=\"Unser Nachhaltigkeitsengagement - Burren Smokehouse\" \/>\n<meta property=\"og:description\" content=\"Nachhaltigkeit und Umwelt sind beides Werte, die uns sehr wichtig sind. Im Jahr 2009 beschlossen wir, Mitglied des Burren Ecotourism Network (BEN) zu werden, das 2011 mit der Graduierung der Gr\u00fcndungsmitglieder ins Leben gerufen wurde. Im selben Jahr wurde der Geopark Burren und Cliffs of Moher eingerichtet. Alle BEN-Mitglieder werden vom Geopark anhand eines Verhaltenskodexes [&hellip;]\" \/>\n<meta property=\"og:url\" content=\"https:\/\/www.burrensmokehouse.com\/de\/unser-nachhaltigkeitsengagement\/\" \/>\n<meta property=\"og:site_name\" content=\"Burren Smokehouse\" \/>\n<meta property=\"article:modified_time\" content=\"2022-09-20T15:56:31+00:00\" \/>\n<meta name=\"twitter:card\" content=\"summary_large_image\" \/>\n<meta name=\"twitter:label1\" content=\"Gesch\u00e4tzte Lesezeit\" \/>\n\t<meta name=\"twitter:data1\" content=\"1\u00a0Minute\" \/>\n<script type=\"application\/ld+json\" class=\"yoast-schema-graph\">{\"@context\":\"https:\\\/\\\/schema.org\",\"@graph\":[{\"@type\":\"WebPage\",\"@id\":\"https:\\\/\\\/www.burrensmokehouse.com\\\/de\\\/unser-nachhaltigkeitsengagement\\\/\",\"url\":\"https:\\\/\\\/www.burrensmokehouse.com\\\/de\\\/unser-nachhaltigkeitsengagement\\\/\",\"name\":\"Unser Nachhaltigkeitsengagement - Burren Smokehouse\",\"isPartOf\":{\"@id\":\"https:\\\/\\\/www.burrensmokehouse.com\\\/de\\\/#website\"},\"datePublished\":\"2022-09-02T15:21:57+00:00\",\"dateModified\":\"2022-09-20T15:56:31+00:00\",\"breadcrumb\":{\"@id\":\"https:\\\/\\\/www.burrensmokehouse.com\\\/de\\\/unser-nachhaltigkeitsengagement\\\/#breadcrumb\"},\"inLanguage\":\"de\",\"potentialAction\":[{\"@type\":\"ReadAction\",\"target\":[\"https:\\\/\\\/www.burrensmokehouse.com\\\/de\\\/unser-nachhaltigkeitsengagement\\\/\"]}]},{\"@type\":\"BreadcrumbList\",\"@id\":\"https:\\\/\\\/www.burrensmokehouse.com\\\/de\\\/unser-nachhaltigkeitsengagement\\\/#breadcrumb\",\"itemListElement\":[{\"@type\":\"ListItem\",\"position\":1,\"name\":\"Home\",\"item\":\"https:\\\/\\\/www.burrensmokehouse.com\\\/de\\\/\"},{\"@type\":\"ListItem\",\"position\":2,\"name\":\"Unser Nachhaltigkeitsengagement\"}]},{\"@type\":\"WebSite\",\"@id\":\"https:\\\/\\\/www.burrensmokehouse.com\\\/de\\\/#website\",\"url\":\"https:\\\/\\\/www.burrensmokehouse.com\\\/de\\\/\",\"name\":\"Burren Smokehouse\",\"description\":\"\",\"publisher\":{\"@id\":\"https:\\\/\\\/www.burrensmokehouse.com\\\/de\\\/#organization\"},\"potentialAction\":[{\"@type\":\"SearchAction\",\"target\":{\"@type\":\"EntryPoint\",\"urlTemplate\":\"https:\\\/\\\/www.burrensmokehouse.com\\\/de\\\/?s={search_term_string}\"},\"query-input\":{\"@type\":\"PropertyValueSpecification\",\"valueRequired\":true,\"valueName\":\"search_term_string\"}}],\"inLanguage\":\"de\"},{\"@type\":\"Organization\",\"@id\":\"https:\\\/\\\/www.burrensmokehouse.com\\\/de\\\/#organization\",\"name\":\"Burren Smokehouse\",\"url\":\"https:\\\/\\\/www.burrensmokehouse.com\\\/de\\\/\",\"logo\":{\"@type\":\"ImageObject\",\"inLanguage\":\"de\",\"@id\":\"https:\\\/\\\/www.burrensmokehouse.com\\\/de\\\/#\\\/schema\\\/logo\\\/image\\\/\",\"url\":\"https:\\\/\\\/www.burrensmokehouse.com\\\/wp-content\\\/uploads\\\/2021\\\/07\\\/logo.png\",\"contentUrl\":\"https:\\\/\\\/www.burrensmokehouse.com\\\/wp-content\\\/uploads\\\/2021\\\/07\\\/logo.png\",\"width\":432,\"height\":99,\"caption\":\"Burren Smokehouse\"},\"image\":{\"@id\":\"https:\\\/\\\/www.burrensmokehouse.com\\\/de\\\/#\\\/schema\\\/logo\\\/image\\\/\"}}]}<\/script>\n<!-- \/ Yoast SEO plugin. -->","yoast_head_json":{"title":"Unser Nachhaltigkeitsengagement - Burren Smokehouse","robots":{"index":"index","follow":"follow","max-snippet":"max-snippet:-1","max-image-preview":"max-image-preview:large","max-video-preview":"max-video-preview:-1"},"canonical":"https:\/\/www.burrensmokehouse.com\/de\/unser-nachhaltigkeitsengagement\/","og_locale":"de_DE","og_type":"article","og_title":"Unser Nachhaltigkeitsengagement - Burren Smokehouse","og_description":"Nachhaltigkeit und Umwelt sind beides Werte, die uns sehr wichtig sind. Im Jahr 2009 beschlossen wir, Mitglied des Burren Ecotourism Network (BEN) zu werden, das 2011 mit der Graduierung der Gr\u00fcndungsmitglieder ins Leben gerufen wurde. Im selben Jahr wurde der Geopark Burren und Cliffs of Moher eingerichtet. Alle BEN-Mitglieder werden vom Geopark anhand eines Verhaltenskodexes [&hellip;]","og_url":"https:\/\/www.burrensmokehouse.com\/de\/unser-nachhaltigkeitsengagement\/","og_site_name":"Burren Smokehouse","article_modified_time":"2022-09-20T15:56:31+00:00","twitter_card":"summary_large_image","twitter_misc":{"Gesch\u00e4tzte Lesezeit":"1\u00a0Minute"},"schema":{"@context":"https:\/\/schema.org","@graph":[{"@type":"WebPage","@id":"https:\/\/www.burrensmokehouse.com\/de\/unser-nachhaltigkeitsengagement\/","url":"https:\/\/www.burrensmokehouse.com\/de\/unser-nachhaltigkeitsengagement\/","name":"Unser Nachhaltigkeitsengagement - Burren Smokehouse","isPartOf":{"@id":"https:\/\/www.burrensmokehouse.com\/de\/#website"},"datePublished":"2022-09-02T15:21:57+00:00","dateModified":"2022-09-20T15:56:31+00:00","breadcrumb":{"@id":"https:\/\/www.burrensmokehouse.com\/de\/unser-nachhaltigkeitsengagement\/#breadcrumb"},"inLanguage":"de","potentialAction":[{"@type":"ReadAction","target":["https:\/\/www.burrensmokehouse.com\/de\/unser-nachhaltigkeitsengagement\/"]}]},{"@type":"BreadcrumbList","@id":"https:\/\/www.burrensmokehouse.com\/de\/unser-nachhaltigkeitsengagement\/#breadcrumb","itemListElement":[{"@type":"ListItem","position":1,"name":"Home","item":"https:\/\/www.burrensmokehouse.com\/de\/"},{"@type":"ListItem","position":2,"name":"Unser Nachhaltigkeitsengagement"}]},{"@type":"WebSite","@id":"https:\/\/www.burrensmokehouse.com\/de\/#website","url":"https:\/\/www.burrensmokehouse.com\/de\/","name":"Burren Smokehouse","description":"","publisher":{"@id":"https:\/\/www.burrensmokehouse.com\/de\/#organization"},"potentialAction":[{"@type":"SearchAction","target":{"@type":"EntryPoint","urlTemplate":"https:\/\/www.burrensmokehouse.com\/de\/?s={search_term_string}"},"query-input":{"@type":"PropertyValueSpecification","valueRequired":true,"valueName":"search_term_string"}}],"inLanguage":"de"},{"@type":"Organization","@id":"https:\/\/www.burrensmokehouse.com\/de\/#organization","name":"Burren Smokehouse","url":"https:\/\/www.burrensmokehouse.com\/de\/","logo":{"@type":"ImageObject","inLanguage":"de","@id":"https:\/\/www.burrensmokehouse.com\/de\/#\/schema\/logo\/image\/","url":"https:\/\/www.burrensmokehouse.com\/wp-content\/uploads\/2021\/07\/logo.png","contentUrl":"https:\/\/www.burrensmokehouse.com\/wp-content\/uploads\/2021\/07\/logo.png","width":432,"height":99,"caption":"Burren Smokehouse"},"image":{"@id":"https:\/\/www.burrensmokehouse.com\/de\/#\/schema\/logo\/image\/"}}]}},"_links":{"self":[{"href":"https:\/\/www.burrensmokehouse.com\/de\/wp-json\/wp\/v2\/pages\/14022","targetHints":{"allow":["GET"]}}],"collection":[{"href":"https:\/\/www.burrensmokehouse.com\/de\/wp-json\/wp\/v2\/pages"}],"about":[{"href":"https:\/\/www.burrensmokehouse.com\/de\/wp-json\/wp\/v2\/types\/page"}],"author":[{"embeddable":true,"href":"https:\/\/www.burrensmokehouse.com\/de\/wp-json\/wp\/v2\/users\/1"}],"replies":[{"embeddable":true,"href":"https:\/\/www.burrensmokehouse.com\/de\/wp-json\/wp\/v2\/comments?post=14022"}],"version-history":[{"count":0,"href":"https:\/\/www.burrensmokehouse.com\/de\/wp-json\/wp\/v2\/pages\/14022\/revisions"}],"wp:attachment":[{"href":"https:\/\/www.burrensmokehouse.com\/de\/wp-json\/wp\/v2\/media?parent=14022"}],"curies":[{"name":"wp","href":"https:\/\/api.w.org\/{rel}","templated":true}]}}