{"id":11377,"date":"2022-05-27T15:29:40","date_gmt":"2022-05-27T14:29:40","guid":{"rendered":"https:\/\/www.burrensmokehouse.com\/?post_type=product&#038;p=11377"},"modified":"2025-08-07T11:56:14","modified_gmt":"2025-08-07T10:56:14","slug":"heissgeraeucherter-irischer-bio-lachs-honig-zitrone-dill","status":"publish","type":"product","link":"https:\/\/www.burrensmokehouse.com\/de\/produkt\/heissgeraeucherter-irischer-bio-lachs-honig-zitrone-dill\/","title":{"rendered":"Hei\u00dfger\u00e4ucherter Irischer Bio-Lachs \u2013 Honig, Zitrone &#038; Dill"},"content":{"rendered":"<p>Diese Marinade aus Honig, Zitrone und Dill auf hei\u00dfem R\u00e4ucherlachs ist einzigartig und hat viele Preise gewonnen, seit wir sie 2008 kreiert haben.<\/p>\n<p>Genie\u00dfen Sie diesen hei\u00df ger\u00e4ucherten Bio-Lachs, bedeckt mit einer Schicht aus Honig, Zitrone und frischem Dill. Dill und Lachs passen perfekt zusammen, und der Honig f\u00fcgt einen Hauch von S\u00fc\u00dfe hinzu, der mit dem frischen Geschmack der Zitrone aufs Beste harmoniert.<\/p>\n<p>Hei\u00dfr\u00e4uchern ist die skandinavische Methode des R\u00e4ucherns. Bei einer h\u00f6heren Temperatur wird dem Lachs eine flockigere, trockenere Konsistenz verliehen als beim Kaltr\u00e4uchern. Ein Favorit auch f\u00fcr diejenigen, die normalerweise keinen (Kalt-)Rauchlachs essen w\u00fcrden.<\/p>\n<p>Alle Pakete werden geschnitten geliefert.<\/p>\n","protected":false},"excerpt":{"rendered":"<p>Diese Marinade aus Honig, Zitrone und Dill auf hei\u00dfem R\u00e4ucherlachs ist einzigartig und hat viele Preise gewonnen, seit wir sie 2008 kreiert haben.<\/p>\n<p><strong>Warum sind die Preise auf der Webseite h\u00f6her als im Katalog?<\/strong><br \/>\nF\u00fcr Exporte in EU-L\u00e4nder m\u00fcssen wir leider die in dem Bestimmungsland \u00fcblichen MwSt.-S\u00e4tze f\u00fcr die jeweiligen Produkte berechnen und abf\u00fchren. Dies ist seit einiger Zeit Gesetz auf EU-Basis und gilt f\u00fcr alle L\u00e4nder in der EU.<br \/>\nDieser Mehrwertsteuersatz ist bereits in den Preisen auf der Website enthalten. Aus diesem Grund gibt es einen Unterschied zwischen den Preisen im Katalog und auf der Website. Bis vor kurzem hat die Website die Mehrwertsteuer am Ende des Bestellvorgangs hinzugef\u00fcgt, aber das Ergebnis ist dasselbe.<br \/>\nWir haben es zwar nicht auf dem Bestellformular geschrieben, aber das gleiche gilt nat\u00fcrlich auch f\u00fcr Auftr\u00e4ge, die per Email oder telefonisch bei uns eingehen.<\/p>\n","protected":false},"featured_media":8408,"comment_status":"open","ping_status":"closed","template":"","meta":{"_acf_changed":false,"om_disable_all_campaigns":false},"product_brand":[],"product_cat":[237,171],"product_tag":[279,271,272,273,274,276,277],"class_list":{"0":"post-11377","1":"product","2":"type-product","3":"status-publish","4":"has-post-thumbnail","6":"product_cat-hot-de","7":"product_cat-irischer-raeucherlachs","8":"product_tag-dill-de","9":"product_tag-honey-de","10":"product_tag-hot-de","11":"product_tag-hotsmoked-de","12":"product_tag-lemon-de","13":"product_tag-salmon-de","14":"product_tag-smoked-de","15":"pa_weight-g-140-de","16":"pa_weight-g-500-de","18":"first","19":"instock","20":"taxable","21":"shipping-taxable","22":"purchasable","23":"product-type-variable"},"acf":[],"yoast_head":"<!-- This site is optimized with the Yoast SEO plugin v27.3 - https:\/\/yoast.com\/product\/yoast-seo-wordpress\/ -->\n<title>Hei\u00dfger\u00e4ucherter Irischer Bio-Lachs \u2013 Honig, Zitrone &amp; Dill - Burren Smokehouse<\/title>\n<meta name=\"robots\" content=\"index, follow, max-snippet:-1, max-image-preview:large, max-video-preview:-1\" \/>\n<link rel=\"canonical\" href=\"https:\/\/www.burrensmokehouse.com\/de\/produkt\/heissgeraeucherter-irischer-bio-lachs-honig-zitrone-dill\/\" \/>\n<meta property=\"og:locale\" content=\"de_DE\" \/>\n<meta property=\"og:type\" content=\"article\" \/>\n<meta property=\"og:title\" content=\"Hei\u00dfger\u00e4ucherter Irischer Bio-Lachs \u2013 Honig, Zitrone &amp; Dill - Burren Smokehouse\" \/>\n<meta property=\"og:description\" content=\"Diese Marinade aus Honig, Zitrone und Dill auf hei\u00dfem R\u00e4ucherlachs ist einzigartig und hat viele Preise gewonnen, seit wir sie 2008 kreiert haben.  Warum sind die Preise auf der Webseite h\u00f6her als im Katalog? F\u00fcr Exporte in EU-L\u00e4nder m\u00fcssen wir leider die in dem Bestimmungsland \u00fcblichen MwSt.-S\u00e4tze f\u00fcr die jeweiligen Produkte berechnen und abf\u00fchren. Dies ist seit einiger Zeit Gesetz auf EU-Basis und gilt f\u00fcr alle L\u00e4nder in der EU. Dieser Mehrwertsteuersatz ist bereits in den Preisen auf der Website enthalten. Aus diesem Grund gibt es einen Unterschied zwischen den Preisen im Katalog und auf der Website. Bis vor kurzem hat die Website die Mehrwertsteuer am Ende des Bestellvorgangs hinzugef\u00fcgt, aber das Ergebnis ist dasselbe. Wir haben es zwar nicht auf dem Bestellformular geschrieben, aber das gleiche gilt nat\u00fcrlich auch f\u00fcr Auftr\u00e4ge, die per Email oder telefonisch bei uns eingehen.\" \/>\n<meta property=\"og:url\" content=\"https:\/\/www.burrensmokehouse.com\/de\/produkt\/heissgeraeucherter-irischer-bio-lachs-honig-zitrone-dill\/\" \/>\n<meta property=\"og:site_name\" content=\"Burren Smokehouse\" \/>\n<meta property=\"article:modified_time\" content=\"2025-08-07T10:56:14+00:00\" \/>\n<meta property=\"og:image\" content=\"https:\/\/www.burrensmokehouse.com\/wp-content\/uploads\/2022\/02\/Hot_sm_Organic_Salmon_Honey_Lemon___Dill_P2.jpeg\" \/>\n\t<meta property=\"og:image:width\" content=\"800\" \/>\n\t<meta property=\"og:image:height\" content=\"1000\" \/>\n\t<meta property=\"og:image:type\" content=\"image\/jpeg\" \/>\n<meta name=\"twitter:card\" content=\"summary_large_image\" \/>\n<meta name=\"twitter:label1\" content=\"Gesch\u00e4tzte Lesezeit\" \/>\n\t<meta name=\"twitter:data1\" content=\"1\u00a0Minute\" \/>\n<script type=\"application\/ld+json\" class=\"yoast-schema-graph\">{\"@context\":\"https:\\\/\\\/schema.org\",\"@graph\":[{\"@type\":\"WebPage\",\"@id\":\"https:\\\/\\\/www.burrensmokehouse.com\\\/de\\\/produkt\\\/heissgeraeucherter-irischer-bio-lachs-honig-zitrone-dill\\\/\",\"url\":\"https:\\\/\\\/www.burrensmokehouse.com\\\/de\\\/produkt\\\/heissgeraeucherter-irischer-bio-lachs-honig-zitrone-dill\\\/\",\"name\":\"Hei\u00dfger\u00e4ucherter Irischer Bio-Lachs \u2013 Honig, Zitrone & Dill - Burren Smokehouse\",\"isPartOf\":{\"@id\":\"https:\\\/\\\/www.burrensmokehouse.com\\\/de\\\/#website\"},\"primaryImageOfPage\":{\"@id\":\"https:\\\/\\\/www.burrensmokehouse.com\\\/de\\\/produkt\\\/heissgeraeucherter-irischer-bio-lachs-honig-zitrone-dill\\\/#primaryimage\"},\"image\":{\"@id\":\"https:\\\/\\\/www.burrensmokehouse.com\\\/de\\\/produkt\\\/heissgeraeucherter-irischer-bio-lachs-honig-zitrone-dill\\\/#primaryimage\"},\"thumbnailUrl\":\"https:\\\/\\\/www.burrensmokehouse.com\\\/wp-content\\\/uploads\\\/2022\\\/02\\\/Hot_sm_Organic_Salmon_Honey_Lemon___Dill_P2.jpeg\",\"datePublished\":\"2022-05-27T14:29:40+00:00\",\"dateModified\":\"2025-08-07T10:56:14+00:00\",\"breadcrumb\":{\"@id\":\"https:\\\/\\\/www.burrensmokehouse.com\\\/de\\\/produkt\\\/heissgeraeucherter-irischer-bio-lachs-honig-zitrone-dill\\\/#breadcrumb\"},\"inLanguage\":\"de\",\"potentialAction\":[{\"@type\":\"ReadAction\",\"target\":[\"https:\\\/\\\/www.burrensmokehouse.com\\\/de\\\/produkt\\\/heissgeraeucherter-irischer-bio-lachs-honig-zitrone-dill\\\/\"]}]},{\"@type\":\"ImageObject\",\"inLanguage\":\"de\",\"@id\":\"https:\\\/\\\/www.burrensmokehouse.com\\\/de\\\/produkt\\\/heissgeraeucherter-irischer-bio-lachs-honig-zitrone-dill\\\/#primaryimage\",\"url\":\"https:\\\/\\\/www.burrensmokehouse.com\\\/wp-content\\\/uploads\\\/2022\\\/02\\\/Hot_sm_Organic_Salmon_Honey_Lemon___Dill_P2.jpeg\",\"contentUrl\":\"https:\\\/\\\/www.burrensmokehouse.com\\\/wp-content\\\/uploads\\\/2022\\\/02\\\/Hot_sm_Organic_Salmon_Honey_Lemon___Dill_P2.jpeg\",\"width\":800,\"height\":1000,\"caption\":\"Burren Smokehouse Hei\u00df ger\u00e4ucherter irischer Bio-Lachs Honig Zitronenpfeffer\"},{\"@type\":\"BreadcrumbList\",\"@id\":\"https:\\\/\\\/www.burrensmokehouse.com\\\/de\\\/produkt\\\/heissgeraeucherter-irischer-bio-lachs-honig-zitrone-dill\\\/#breadcrumb\",\"itemListElement\":[{\"@type\":\"ListItem\",\"position\":1,\"name\":\"Home\",\"item\":\"https:\\\/\\\/www.burrensmokehouse.com\\\/de\\\/\"},{\"@type\":\"ListItem\",\"position\":2,\"name\":\"Einkaufen\",\"item\":\"https:\\\/\\\/www.burrensmokehouse.com\\\/de\\\/einkaufen\\\/\"},{\"@type\":\"ListItem\",\"position\":3,\"name\":\"Hei\u00dfger\u00e4ucherter Irischer Bio-Lachs \u2013 Honig, Zitrone &#038; Dill\"}]},{\"@type\":\"WebSite\",\"@id\":\"https:\\\/\\\/www.burrensmokehouse.com\\\/de\\\/#website\",\"url\":\"https:\\\/\\\/www.burrensmokehouse.com\\\/de\\\/\",\"name\":\"Burren Smokehouse\",\"description\":\"\",\"publisher\":{\"@id\":\"https:\\\/\\\/www.burrensmokehouse.com\\\/de\\\/#organization\"},\"potentialAction\":[{\"@type\":\"SearchAction\",\"target\":{\"@type\":\"EntryPoint\",\"urlTemplate\":\"https:\\\/\\\/www.burrensmokehouse.com\\\/de\\\/?s={search_term_string}\"},\"query-input\":{\"@type\":\"PropertyValueSpecification\",\"valueRequired\":true,\"valueName\":\"search_term_string\"}}],\"inLanguage\":\"de\"},{\"@type\":\"Organization\",\"@id\":\"https:\\\/\\\/www.burrensmokehouse.com\\\/de\\\/#organization\",\"name\":\"Burren Smokehouse\",\"url\":\"https:\\\/\\\/www.burrensmokehouse.com\\\/de\\\/\",\"logo\":{\"@type\":\"ImageObject\",\"inLanguage\":\"de\",\"@id\":\"https:\\\/\\\/www.burrensmokehouse.com\\\/de\\\/#\\\/schema\\\/logo\\\/image\\\/\",\"url\":\"https:\\\/\\\/www.burrensmokehouse.com\\\/wp-content\\\/uploads\\\/2021\\\/07\\\/logo.png\",\"contentUrl\":\"https:\\\/\\\/www.burrensmokehouse.com\\\/wp-content\\\/uploads\\\/2021\\\/07\\\/logo.png\",\"width\":432,\"height\":99,\"caption\":\"Burren Smokehouse\"},\"image\":{\"@id\":\"https:\\\/\\\/www.burrensmokehouse.com\\\/de\\\/#\\\/schema\\\/logo\\\/image\\\/\"}}]}<\/script>\n<!-- \/ Yoast SEO plugin. -->","yoast_head_json":{"title":"Hei\u00dfger\u00e4ucherter Irischer Bio-Lachs \u2013 Honig, Zitrone & Dill - Burren Smokehouse","robots":{"index":"index","follow":"follow","max-snippet":"max-snippet:-1","max-image-preview":"max-image-preview:large","max-video-preview":"max-video-preview:-1"},"canonical":"https:\/\/www.burrensmokehouse.com\/de\/produkt\/heissgeraeucherter-irischer-bio-lachs-honig-zitrone-dill\/","og_locale":"de_DE","og_type":"article","og_title":"Hei\u00dfger\u00e4ucherter Irischer Bio-Lachs \u2013 Honig, Zitrone & Dill - Burren Smokehouse","og_description":"Diese Marinade aus Honig, Zitrone und Dill auf hei\u00dfem R\u00e4ucherlachs ist einzigartig und hat viele Preise gewonnen, seit wir sie 2008 kreiert haben.  Warum sind die Preise auf der Webseite h\u00f6her als im Katalog? F\u00fcr Exporte in EU-L\u00e4nder m\u00fcssen wir leider die in dem Bestimmungsland \u00fcblichen MwSt.-S\u00e4tze f\u00fcr die jeweiligen Produkte berechnen und abf\u00fchren. Dies ist seit einiger Zeit Gesetz auf EU-Basis und gilt f\u00fcr alle L\u00e4nder in der EU. Dieser Mehrwertsteuersatz ist bereits in den Preisen auf der Website enthalten. Aus diesem Grund gibt es einen Unterschied zwischen den Preisen im Katalog und auf der Website. Bis vor kurzem hat die Website die Mehrwertsteuer am Ende des Bestellvorgangs hinzugef\u00fcgt, aber das Ergebnis ist dasselbe. Wir haben es zwar nicht auf dem Bestellformular geschrieben, aber das gleiche gilt nat\u00fcrlich auch f\u00fcr Auftr\u00e4ge, die per Email oder telefonisch bei uns eingehen.","og_url":"https:\/\/www.burrensmokehouse.com\/de\/produkt\/heissgeraeucherter-irischer-bio-lachs-honig-zitrone-dill\/","og_site_name":"Burren Smokehouse","article_modified_time":"2025-08-07T10:56:14+00:00","og_image":[{"width":800,"height":1000,"url":"https:\/\/www.burrensmokehouse.com\/wp-content\/uploads\/2022\/02\/Hot_sm_Organic_Salmon_Honey_Lemon___Dill_P2.jpeg","type":"image\/jpeg"}],"twitter_card":"summary_large_image","twitter_misc":{"Gesch\u00e4tzte Lesezeit":"1\u00a0Minute"},"schema":{"@context":"https:\/\/schema.org","@graph":[{"@type":"WebPage","@id":"https:\/\/www.burrensmokehouse.com\/de\/produkt\/heissgeraeucherter-irischer-bio-lachs-honig-zitrone-dill\/","url":"https:\/\/www.burrensmokehouse.com\/de\/produkt\/heissgeraeucherter-irischer-bio-lachs-honig-zitrone-dill\/","name":"Hei\u00dfger\u00e4ucherter Irischer Bio-Lachs \u2013 Honig, Zitrone & Dill - Burren Smokehouse","isPartOf":{"@id":"https:\/\/www.burrensmokehouse.com\/de\/#website"},"primaryImageOfPage":{"@id":"https:\/\/www.burrensmokehouse.com\/de\/produkt\/heissgeraeucherter-irischer-bio-lachs-honig-zitrone-dill\/#primaryimage"},"image":{"@id":"https:\/\/www.burrensmokehouse.com\/de\/produkt\/heissgeraeucherter-irischer-bio-lachs-honig-zitrone-dill\/#primaryimage"},"thumbnailUrl":"https:\/\/www.burrensmokehouse.com\/wp-content\/uploads\/2022\/02\/Hot_sm_Organic_Salmon_Honey_Lemon___Dill_P2.jpeg","datePublished":"2022-05-27T14:29:40+00:00","dateModified":"2025-08-07T10:56:14+00:00","breadcrumb":{"@id":"https:\/\/www.burrensmokehouse.com\/de\/produkt\/heissgeraeucherter-irischer-bio-lachs-honig-zitrone-dill\/#breadcrumb"},"inLanguage":"de","potentialAction":[{"@type":"ReadAction","target":["https:\/\/www.burrensmokehouse.com\/de\/produkt\/heissgeraeucherter-irischer-bio-lachs-honig-zitrone-dill\/"]}]},{"@type":"ImageObject","inLanguage":"de","@id":"https:\/\/www.burrensmokehouse.com\/de\/produkt\/heissgeraeucherter-irischer-bio-lachs-honig-zitrone-dill\/#primaryimage","url":"https:\/\/www.burrensmokehouse.com\/wp-content\/uploads\/2022\/02\/Hot_sm_Organic_Salmon_Honey_Lemon___Dill_P2.jpeg","contentUrl":"https:\/\/www.burrensmokehouse.com\/wp-content\/uploads\/2022\/02\/Hot_sm_Organic_Salmon_Honey_Lemon___Dill_P2.jpeg","width":800,"height":1000,"caption":"Burren Smokehouse Hei\u00df ger\u00e4ucherter irischer Bio-Lachs Honig Zitronenpfeffer"},{"@type":"BreadcrumbList","@id":"https:\/\/www.burrensmokehouse.com\/de\/produkt\/heissgeraeucherter-irischer-bio-lachs-honig-zitrone-dill\/#breadcrumb","itemListElement":[{"@type":"ListItem","position":1,"name":"Home","item":"https:\/\/www.burrensmokehouse.com\/de\/"},{"@type":"ListItem","position":2,"name":"Einkaufen","item":"https:\/\/www.burrensmokehouse.com\/de\/einkaufen\/"},{"@type":"ListItem","position":3,"name":"Hei\u00dfger\u00e4ucherter Irischer Bio-Lachs \u2013 Honig, Zitrone &#038; Dill"}]},{"@type":"WebSite","@id":"https:\/\/www.burrensmokehouse.com\/de\/#website","url":"https:\/\/www.burrensmokehouse.com\/de\/","name":"Burren Smokehouse","description":"","publisher":{"@id":"https:\/\/www.burrensmokehouse.com\/de\/#organization"},"potentialAction":[{"@type":"SearchAction","target":{"@type":"EntryPoint","urlTemplate":"https:\/\/www.burrensmokehouse.com\/de\/?s={search_term_string}"},"query-input":{"@type":"PropertyValueSpecification","valueRequired":true,"valueName":"search_term_string"}}],"inLanguage":"de"},{"@type":"Organization","@id":"https:\/\/www.burrensmokehouse.com\/de\/#organization","name":"Burren Smokehouse","url":"https:\/\/www.burrensmokehouse.com\/de\/","logo":{"@type":"ImageObject","inLanguage":"de","@id":"https:\/\/www.burrensmokehouse.com\/de\/#\/schema\/logo\/image\/","url":"https:\/\/www.burrensmokehouse.com\/wp-content\/uploads\/2021\/07\/logo.png","contentUrl":"https:\/\/www.burrensmokehouse.com\/wp-content\/uploads\/2021\/07\/logo.png","width":432,"height":99,"caption":"Burren Smokehouse"},"image":{"@id":"https:\/\/www.burrensmokehouse.com\/de\/#\/schema\/logo\/image\/"}}]}},"_links":{"self":[{"href":"https:\/\/www.burrensmokehouse.com\/de\/wp-json\/wp\/v2\/product\/11377","targetHints":{"allow":["GET"]}}],"collection":[{"href":"https:\/\/www.burrensmokehouse.com\/de\/wp-json\/wp\/v2\/product"}],"about":[{"href":"https:\/\/www.burrensmokehouse.com\/de\/wp-json\/wp\/v2\/types\/product"}],"replies":[{"embeddable":true,"href":"https:\/\/www.burrensmokehouse.com\/de\/wp-json\/wp\/v2\/comments?post=11377"}],"wp:featuredmedia":[{"embeddable":true,"href":"https:\/\/www.burrensmokehouse.com\/de\/wp-json\/wp\/v2\/media\/8408"}],"wp:attachment":[{"href":"https:\/\/www.burrensmokehouse.com\/de\/wp-json\/wp\/v2\/media?parent=11377"}],"wp:term":[{"taxonomy":"product_brand","embeddable":true,"href":"https:\/\/www.burrensmokehouse.com\/de\/wp-json\/wp\/v2\/product_brand?post=11377"},{"taxonomy":"product_cat","embeddable":true,"href":"https:\/\/www.burrensmokehouse.com\/de\/wp-json\/wp\/v2\/product_cat?post=11377"},{"taxonomy":"product_tag","embeddable":true,"href":"https:\/\/www.burrensmokehouse.com\/de\/wp-json\/wp\/v2\/product_tag?post=11377"}],"curies":[{"name":"wp","href":"https:\/\/api.w.org\/{rel}","templated":true}]}}