{"id":12550,"date":"2022-02-11T12:09:20","date_gmt":"2022-06-15T13:50:30","guid":{"rendered":"https:\/\/www.burrensmokehouse.com\/product\/39-picnic-for-one-mit-rotwein\/"},"modified":"2025-07-09T12:15:03","modified_gmt":"2025-07-09T11:15:03","slug":"burren-picknick-mit-rotwein","status":"publish","type":"product","link":"https:\/\/www.burrensmokehouse.com\/de\/produkt\/burren-picknick-mit-rotwein\/","title":{"rendered":"Picknick f\u00fcr eine Person &#8211; mit Rotwein"},"content":{"rendered":"<p>Verw\u00f6hnen Sie sich und Ihre Lieben mit einem Picknick an der Atlantikk\u00fcste, am Strand oder in der wundersch\u00f6nen Landschaft des Burren!<\/p>\n<p>Dieses Picknick enth\u00e4lt eine einfache, k\u00f6stliche Mahlzeit f\u00fcr eine Person:<\/p>\n<ul>\n<li>eine 187-ml-Flasche Rotwein<\/li>\n<li>eine 80g-Packung Irischen Burren Bio-Kaltrauchlachses\u00a0 mit einer Marinade aus Honig und Dill<\/li>\n<li>2 Scheiben irischen Sodabrots mit Butter (bei Abholung) oder Brotbackmischung (bei Versand)<\/li>\n<li>80 g Cooleeney Gortnamona Ziegenk\u00e4se<\/li>\n<li>Butter-Portionen<\/li>\n<li>sowie Holzbesteck, Serviette und ein Einwegbecher.<\/li>\n<\/ul>\n<p><a href=\"https:\/\/www.burrenexperiences.ie\/picnics-eat\/\" target=\"_blank\" rel=\"noopener\">Abholung im Burren Smokehouse<\/a> oder Versandbestellung &#8211; Lieferung nach Hause. Wenn Sie es geliefert haben m\u00f6chten, f\u00fcgen Sie dieses Produkt bitte Ihrem Warenkorb hinzu.<\/p>\n<p>Wenn Sie es in unserem Besucherzentrum in Lisdoonvarna abholen m\u00f6chten, gehen Sie bitte auf unsere <a href=\"https:\/\/www.burrenexperiences.ie\/experiences\/burren-picnic\/\" target=\"_blank\" rel=\"noopener\">Website Burrenexperiences.ie<\/a>, wo Sie die gew\u00fcnschte Picknick-Option ausw\u00e4hlen und ein Datum und eine Uhrzeit f\u00fcr die Abholung festlegen k\u00f6nnen.<\/p>\n","protected":false},"excerpt":{"rendered":"<p>Verw\u00f6hnen Sie sich und Ihre Lieben mit einem Picknick an der Atlantikk\u00fcste, am Strand oder in der wundersch\u00f6nen Landschaft des Burren! Zu diesem Picknick geh\u00f6rt eine Flasche Saft.<\/p>\n","protected":false},"featured_media":6751,"comment_status":"open","ping_status":"closed","template":"","meta":{"_acf_changed":false,"om_disable_all_campaigns":false},"product_brand":[],"product_cat":[400],"product_tag":[],"class_list":{"0":"post-12550","1":"product","2":"type-product","3":"status-publish","4":"has-post-thumbnail","6":"product_cat-picknicks","7":"pa_weight-g-1000-de","9":"first","10":"outofstock","11":"taxable","12":"shipping-taxable","13":"purchasable","14":"product-type-simple"},"acf":[],"yoast_head":"<!-- This site is optimized with the Yoast SEO plugin v27.3 - https:\/\/yoast.com\/product\/yoast-seo-wordpress\/ -->\n<title>Picknick f\u00fcr eine Person - mit Rotwein - Burren Smokehouse<\/title>\n<meta name=\"robots\" content=\"index, follow, max-snippet:-1, max-image-preview:large, max-video-preview:-1\" \/>\n<link rel=\"canonical\" href=\"https:\/\/www.burrensmokehouse.com\/de\/produkt\/burren-picknick-mit-rotwein\/\" \/>\n<meta property=\"og:locale\" content=\"de_DE\" \/>\n<meta property=\"og:type\" content=\"article\" \/>\n<meta property=\"og:title\" content=\"Picknick f\u00fcr eine Person - mit Rotwein - Burren Smokehouse\" \/>\n<meta property=\"og:description\" content=\"Verw\u00f6hnen Sie sich und Ihre Lieben mit einem Picknick an der Atlantikk\u00fcste, am Strand oder in der wundersch\u00f6nen Landschaft des Burren! Zu diesem Picknick geh\u00f6rt eine Flasche Saft.\" \/>\n<meta property=\"og:url\" content=\"https:\/\/www.burrensmokehouse.com\/de\/produkt\/burren-picknick-mit-rotwein\/\" \/>\n<meta property=\"og:site_name\" content=\"Burren Smokehouse\" \/>\n<meta property=\"article:modified_time\" content=\"2025-07-09T11:15:03+00:00\" \/>\n<meta property=\"og:image\" content=\"https:\/\/www.burrensmokehouse.com\/wp-content\/uploads\/2022\/02\/Burren_Picnic_for_One_with_red_wine_P1.jpeg\" \/>\n\t<meta property=\"og:image:width\" content=\"800\" \/>\n\t<meta property=\"og:image:height\" content=\"1000\" \/>\n\t<meta property=\"og:image:type\" content=\"image\/jpeg\" \/>\n<meta name=\"twitter:card\" content=\"summary_large_image\" \/>\n<meta name=\"twitter:label1\" content=\"Gesch\u00e4tzte Lesezeit\" \/>\n\t<meta name=\"twitter:data1\" content=\"1\u00a0Minute\" \/>\n<script type=\"application\/ld+json\" class=\"yoast-schema-graph\">{\"@context\":\"https:\\\/\\\/schema.org\",\"@graph\":[{\"@type\":\"WebPage\",\"@id\":\"https:\\\/\\\/www.burrensmokehouse.com\\\/de\\\/produkt\\\/burren-picknick-mit-rotwein\\\/\",\"url\":\"https:\\\/\\\/www.burrensmokehouse.com\\\/de\\\/produkt\\\/burren-picknick-mit-rotwein\\\/\",\"name\":\"Picknick f\u00fcr eine Person - mit Rotwein - Burren Smokehouse\",\"isPartOf\":{\"@id\":\"https:\\\/\\\/www.burrensmokehouse.com\\\/de\\\/#website\"},\"primaryImageOfPage\":{\"@id\":\"https:\\\/\\\/www.burrensmokehouse.com\\\/de\\\/produkt\\\/burren-picknick-mit-rotwein\\\/#primaryimage\"},\"image\":{\"@id\":\"https:\\\/\\\/www.burrensmokehouse.com\\\/de\\\/produkt\\\/burren-picknick-mit-rotwein\\\/#primaryimage\"},\"thumbnailUrl\":\"https:\\\/\\\/www.burrensmokehouse.com\\\/wp-content\\\/uploads\\\/2022\\\/02\\\/Burren_Picnic_for_One_with_red_wine_P1.jpeg\",\"datePublished\":\"2022-06-15T13:50:30+00:00\",\"dateModified\":\"2025-07-09T11:15:03+00:00\",\"breadcrumb\":{\"@id\":\"https:\\\/\\\/www.burrensmokehouse.com\\\/de\\\/produkt\\\/burren-picknick-mit-rotwein\\\/#breadcrumb\"},\"inLanguage\":\"de\",\"potentialAction\":[{\"@type\":\"ReadAction\",\"target\":[\"https:\\\/\\\/www.burrensmokehouse.com\\\/de\\\/produkt\\\/burren-picknick-mit-rotwein\\\/\"]}]},{\"@type\":\"ImageObject\",\"inLanguage\":\"de\",\"@id\":\"https:\\\/\\\/www.burrensmokehouse.com\\\/de\\\/produkt\\\/burren-picknick-mit-rotwein\\\/#primaryimage\",\"url\":\"https:\\\/\\\/www.burrensmokehouse.com\\\/wp-content\\\/uploads\\\/2022\\\/02\\\/Burren_Picnic_for_One_with_red_wine_P1.jpeg\",\"contentUrl\":\"https:\\\/\\\/www.burrensmokehouse.com\\\/wp-content\\\/uploads\\\/2022\\\/02\\\/Burren_Picnic_for_One_with_red_wine_P1.jpeg\",\"width\":800,\"height\":1000},{\"@type\":\"BreadcrumbList\",\"@id\":\"https:\\\/\\\/www.burrensmokehouse.com\\\/de\\\/produkt\\\/burren-picknick-mit-rotwein\\\/#breadcrumb\",\"itemListElement\":[{\"@type\":\"ListItem\",\"position\":1,\"name\":\"Home\",\"item\":\"https:\\\/\\\/www.burrensmokehouse.com\\\/de\\\/\"},{\"@type\":\"ListItem\",\"position\":2,\"name\":\"Einkaufen\",\"item\":\"https:\\\/\\\/www.burrensmokehouse.com\\\/de\\\/einkaufen\\\/\"},{\"@type\":\"ListItem\",\"position\":3,\"name\":\"Picknick f\u00fcr eine Person &#8211; mit Rotwein\"}]},{\"@type\":\"WebSite\",\"@id\":\"https:\\\/\\\/www.burrensmokehouse.com\\\/de\\\/#website\",\"url\":\"https:\\\/\\\/www.burrensmokehouse.com\\\/de\\\/\",\"name\":\"Burren Smokehouse\",\"description\":\"\",\"publisher\":{\"@id\":\"https:\\\/\\\/www.burrensmokehouse.com\\\/de\\\/#organization\"},\"potentialAction\":[{\"@type\":\"SearchAction\",\"target\":{\"@type\":\"EntryPoint\",\"urlTemplate\":\"https:\\\/\\\/www.burrensmokehouse.com\\\/de\\\/?s={search_term_string}\"},\"query-input\":{\"@type\":\"PropertyValueSpecification\",\"valueRequired\":true,\"valueName\":\"search_term_string\"}}],\"inLanguage\":\"de\"},{\"@type\":\"Organization\",\"@id\":\"https:\\\/\\\/www.burrensmokehouse.com\\\/de\\\/#organization\",\"name\":\"Burren Smokehouse\",\"url\":\"https:\\\/\\\/www.burrensmokehouse.com\\\/de\\\/\",\"logo\":{\"@type\":\"ImageObject\",\"inLanguage\":\"de\",\"@id\":\"https:\\\/\\\/www.burrensmokehouse.com\\\/de\\\/#\\\/schema\\\/logo\\\/image\\\/\",\"url\":\"https:\\\/\\\/www.burrensmokehouse.com\\\/wp-content\\\/uploads\\\/2021\\\/07\\\/logo.png\",\"contentUrl\":\"https:\\\/\\\/www.burrensmokehouse.com\\\/wp-content\\\/uploads\\\/2021\\\/07\\\/logo.png\",\"width\":432,\"height\":99,\"caption\":\"Burren Smokehouse\"},\"image\":{\"@id\":\"https:\\\/\\\/www.burrensmokehouse.com\\\/de\\\/#\\\/schema\\\/logo\\\/image\\\/\"}}]}<\/script>\n<!-- \/ Yoast SEO plugin. -->","yoast_head_json":{"title":"Picknick f\u00fcr eine Person - mit Rotwein - Burren Smokehouse","robots":{"index":"index","follow":"follow","max-snippet":"max-snippet:-1","max-image-preview":"max-image-preview:large","max-video-preview":"max-video-preview:-1"},"canonical":"https:\/\/www.burrensmokehouse.com\/de\/produkt\/burren-picknick-mit-rotwein\/","og_locale":"de_DE","og_type":"article","og_title":"Picknick f\u00fcr eine Person - mit Rotwein - Burren Smokehouse","og_description":"Verw\u00f6hnen Sie sich und Ihre Lieben mit einem Picknick an der Atlantikk\u00fcste, am Strand oder in der wundersch\u00f6nen Landschaft des Burren! Zu diesem Picknick geh\u00f6rt eine Flasche Saft.","og_url":"https:\/\/www.burrensmokehouse.com\/de\/produkt\/burren-picknick-mit-rotwein\/","og_site_name":"Burren Smokehouse","article_modified_time":"2025-07-09T11:15:03+00:00","og_image":[{"width":800,"height":1000,"url":"https:\/\/www.burrensmokehouse.com\/wp-content\/uploads\/2022\/02\/Burren_Picnic_for_One_with_red_wine_P1.jpeg","type":"image\/jpeg"}],"twitter_card":"summary_large_image","twitter_misc":{"Gesch\u00e4tzte Lesezeit":"1\u00a0Minute"},"schema":{"@context":"https:\/\/schema.org","@graph":[{"@type":"WebPage","@id":"https:\/\/www.burrensmokehouse.com\/de\/produkt\/burren-picknick-mit-rotwein\/","url":"https:\/\/www.burrensmokehouse.com\/de\/produkt\/burren-picknick-mit-rotwein\/","name":"Picknick f\u00fcr eine Person - mit Rotwein - Burren Smokehouse","isPartOf":{"@id":"https:\/\/www.burrensmokehouse.com\/de\/#website"},"primaryImageOfPage":{"@id":"https:\/\/www.burrensmokehouse.com\/de\/produkt\/burren-picknick-mit-rotwein\/#primaryimage"},"image":{"@id":"https:\/\/www.burrensmokehouse.com\/de\/produkt\/burren-picknick-mit-rotwein\/#primaryimage"},"thumbnailUrl":"https:\/\/www.burrensmokehouse.com\/wp-content\/uploads\/2022\/02\/Burren_Picnic_for_One_with_red_wine_P1.jpeg","datePublished":"2022-06-15T13:50:30+00:00","dateModified":"2025-07-09T11:15:03+00:00","breadcrumb":{"@id":"https:\/\/www.burrensmokehouse.com\/de\/produkt\/burren-picknick-mit-rotwein\/#breadcrumb"},"inLanguage":"de","potentialAction":[{"@type":"ReadAction","target":["https:\/\/www.burrensmokehouse.com\/de\/produkt\/burren-picknick-mit-rotwein\/"]}]},{"@type":"ImageObject","inLanguage":"de","@id":"https:\/\/www.burrensmokehouse.com\/de\/produkt\/burren-picknick-mit-rotwein\/#primaryimage","url":"https:\/\/www.burrensmokehouse.com\/wp-content\/uploads\/2022\/02\/Burren_Picnic_for_One_with_red_wine_P1.jpeg","contentUrl":"https:\/\/www.burrensmokehouse.com\/wp-content\/uploads\/2022\/02\/Burren_Picnic_for_One_with_red_wine_P1.jpeg","width":800,"height":1000},{"@type":"BreadcrumbList","@id":"https:\/\/www.burrensmokehouse.com\/de\/produkt\/burren-picknick-mit-rotwein\/#breadcrumb","itemListElement":[{"@type":"ListItem","position":1,"name":"Home","item":"https:\/\/www.burrensmokehouse.com\/de\/"},{"@type":"ListItem","position":2,"name":"Einkaufen","item":"https:\/\/www.burrensmokehouse.com\/de\/einkaufen\/"},{"@type":"ListItem","position":3,"name":"Picknick f\u00fcr eine Person &#8211; mit Rotwein"}]},{"@type":"WebSite","@id":"https:\/\/www.burrensmokehouse.com\/de\/#website","url":"https:\/\/www.burrensmokehouse.com\/de\/","name":"Burren Smokehouse","description":"","publisher":{"@id":"https:\/\/www.burrensmokehouse.com\/de\/#organization"},"potentialAction":[{"@type":"SearchAction","target":{"@type":"EntryPoint","urlTemplate":"https:\/\/www.burrensmokehouse.com\/de\/?s={search_term_string}"},"query-input":{"@type":"PropertyValueSpecification","valueRequired":true,"valueName":"search_term_string"}}],"inLanguage":"de"},{"@type":"Organization","@id":"https:\/\/www.burrensmokehouse.com\/de\/#organization","name":"Burren Smokehouse","url":"https:\/\/www.burrensmokehouse.com\/de\/","logo":{"@type":"ImageObject","inLanguage":"de","@id":"https:\/\/www.burrensmokehouse.com\/de\/#\/schema\/logo\/image\/","url":"https:\/\/www.burrensmokehouse.com\/wp-content\/uploads\/2021\/07\/logo.png","contentUrl":"https:\/\/www.burrensmokehouse.com\/wp-content\/uploads\/2021\/07\/logo.png","width":432,"height":99,"caption":"Burren Smokehouse"},"image":{"@id":"https:\/\/www.burrensmokehouse.com\/de\/#\/schema\/logo\/image\/"}}]}},"_links":{"self":[{"href":"https:\/\/www.burrensmokehouse.com\/de\/wp-json\/wp\/v2\/product\/12550","targetHints":{"allow":["GET"]}}],"collection":[{"href":"https:\/\/www.burrensmokehouse.com\/de\/wp-json\/wp\/v2\/product"}],"about":[{"href":"https:\/\/www.burrensmokehouse.com\/de\/wp-json\/wp\/v2\/types\/product"}],"replies":[{"embeddable":true,"href":"https:\/\/www.burrensmokehouse.com\/de\/wp-json\/wp\/v2\/comments?post=12550"}],"wp:featuredmedia":[{"embeddable":true,"href":"https:\/\/www.burrensmokehouse.com\/de\/wp-json\/wp\/v2\/media\/6751"}],"wp:attachment":[{"href":"https:\/\/www.burrensmokehouse.com\/de\/wp-json\/wp\/v2\/media?parent=12550"}],"wp:term":[{"taxonomy":"product_brand","embeddable":true,"href":"https:\/\/www.burrensmokehouse.com\/de\/wp-json\/wp\/v2\/product_brand?post=12550"},{"taxonomy":"product_cat","embeddable":true,"href":"https:\/\/www.burrensmokehouse.com\/de\/wp-json\/wp\/v2\/product_cat?post=12550"},{"taxonomy":"product_tag","embeddable":true,"href":"https:\/\/www.burrensmokehouse.com\/de\/wp-json\/wp\/v2\/product_tag?post=12550"}],"curies":[{"name":"wp","href":"https:\/\/api.w.org\/{rel}","templated":true}]}}