{"id":12582,"date":"2022-02-11T12:09:20","date_gmt":"2022-07-28T11:11:27","guid":{"rendered":"https:\/\/www.burrensmokehouse.com\/?post_type=product&#038;p=12582"},"modified":"2025-07-09T12:17:57","modified_gmt":"2025-07-09T11:17:57","slug":"st-tola-weicher-ziegenkaese-divine","status":"publish","type":"product","link":"https:\/\/www.burrensmokehouse.com\/de\/produkt\/st-tola-weicher-ziegenkaese-divine\/","title":{"rendered":"St. Tola Ziegenweichk\u00e4se &#8211; &#8222;Divine&#8220;"},"content":{"rendered":"<p>St. Tola ist ein preisgekr\u00f6nter Hersteller von Ziegenk\u00e4se. Dies ist ein frischer glatter Ziegenk\u00e4se mit einer durchgehend wei\u00dfen Farbe und einer leicht geschlagenen Textur. Der Geschmack ist k\u00fchl und frisch, zitronig mit leichten blumigen Untert\u00f6nen. Der ideale K\u00e4se f\u00fcr diejenigen, die einen frischen K\u00e4se zum Kochen vorsehen, da er sich hervorragend zum Mischen eignet und k\u00f6stlich in vielen herzhaften und s\u00fc\u00dfen Rezepten verwendet werden kann.<\/p>\n<p>Dieses Produkt wurde im Burren, Grafscaft Clare, von der St. Tola Goats Farm hergestellt, die Teil des Burren Food Trail und des Burren Ecotourism Network ist.<\/p>\n<p>Wir k\u00f6nnen dieses Produkt nur an Adressen in Irland und Nordirland, Gro\u00dfbritannien, Europa und New York City versenden, wo die Anlieferung nicht l\u00e4nger als einen Tag dauert.<br \/>\nKeine Lieferung m\u00f6glich in die USA, Kanada, Japan, Hong Kong etc.<\/p>\n","protected":false},"excerpt":{"rendered":"<p>St. Tola in Co. Clare ist der preisgekr\u00f6nte Hersteller von Ziegenk\u00e4se. Genie\u00dfen Sie diesen k\u00fchlen und frischen Ziegenk\u00e4se auf Brot oder in Rezepten.<\/p>\n<p>Wir k\u00f6nnen dieses Produkt nur an Adressen in Irland und Nordirland, Gro\u00dfbritannien, Europa und New York City versenden, wo die Anlieferung nicht l\u00e4nger als einen Tag dauert.<br \/>\nKeine Lieferung m\u00f6glich in die USA, Kanada, Japan, Hong Kong etc.<\/p>\n","protected":false},"featured_media":14971,"comment_status":"open","ping_status":"closed","template":"","meta":{"_acf_changed":false,"om_disable_all_campaigns":false},"product_brand":[],"product_cat":[168],"product_tag":[],"class_list":{"0":"post-12582","1":"product","2":"type-product","3":"status-publish","4":"has-post-thumbnail","6":"product_cat-gift-ideas-hampers-de","7":"pa_weight-g-120-de","9":"first","10":"instock","11":"taxable","12":"shipping-taxable","13":"product-type-simple"},"acf":[],"yoast_head":"<!-- This site is optimized with the Yoast SEO plugin v27.3 - https:\/\/yoast.com\/product\/yoast-seo-wordpress\/ -->\n<title>St. Tola Ziegenweichk\u00e4se - &quot;Divine&quot; - Burren Smokehouse<\/title>\n<meta name=\"robots\" content=\"index, follow, max-snippet:-1, max-image-preview:large, max-video-preview:-1\" \/>\n<link rel=\"canonical\" href=\"https:\/\/www.burrensmokehouse.com\/de\/produkt\/st-tola-weicher-ziegenkaese-divine\/\" \/>\n<meta property=\"og:locale\" content=\"de_DE\" \/>\n<meta property=\"og:type\" content=\"article\" \/>\n<meta property=\"og:title\" content=\"St. Tola Ziegenweichk\u00e4se - &quot;Divine&quot; - Burren Smokehouse\" \/>\n<meta property=\"og:description\" content=\"St. Tola in Co. Clare ist der preisgekr\u00f6nte Hersteller von Ziegenk\u00e4se. Genie\u00dfen Sie diesen k\u00fchlen und frischen Ziegenk\u00e4se auf Brot oder in Rezepten.  Wir k\u00f6nnen dieses Produkt nur an Adressen in Irland und Nordirland, Gro\u00dfbritannien, Europa und New York City versenden, wo die Anlieferung nicht l\u00e4nger als einen Tag dauert. Keine Lieferung m\u00f6glich in die USA, Kanada, Japan, Hong Kong etc.\" \/>\n<meta property=\"og:url\" content=\"https:\/\/www.burrensmokehouse.com\/de\/produkt\/st-tola-weicher-ziegenkaese-divine\/\" \/>\n<meta property=\"og:site_name\" content=\"Burren Smokehouse\" \/>\n<meta property=\"article:modified_time\" content=\"2025-07-09T11:17:57+00:00\" \/>\n<meta property=\"og:image\" content=\"https:\/\/www.burrensmokehouse.com\/wp-content\/uploads\/2022\/11\/St-Tola-Tube-2-\u00a9-Anita-Murphy-2022-scaled.jpg\" \/>\n\t<meta property=\"og:image:width\" content=\"2560\" \/>\n\t<meta property=\"og:image:height\" content=\"1707\" \/>\n\t<meta property=\"og:image:type\" content=\"image\/jpeg\" \/>\n<meta name=\"twitter:card\" content=\"summary_large_image\" \/>\n<meta name=\"twitter:label1\" content=\"Gesch\u00e4tzte Lesezeit\" \/>\n\t<meta name=\"twitter:data1\" content=\"1\u00a0Minute\" \/>\n<script type=\"application\/ld+json\" class=\"yoast-schema-graph\">{\"@context\":\"https:\\\/\\\/schema.org\",\"@graph\":[{\"@type\":\"WebPage\",\"@id\":\"https:\\\/\\\/www.burrensmokehouse.com\\\/de\\\/produkt\\\/st-tola-weicher-ziegenkaese-divine\\\/\",\"url\":\"https:\\\/\\\/www.burrensmokehouse.com\\\/de\\\/produkt\\\/st-tola-weicher-ziegenkaese-divine\\\/\",\"name\":\"St. Tola Ziegenweichk\u00e4se - \\\"Divine\\\" - Burren Smokehouse\",\"isPartOf\":{\"@id\":\"https:\\\/\\\/www.burrensmokehouse.com\\\/de\\\/#website\"},\"primaryImageOfPage\":{\"@id\":\"https:\\\/\\\/www.burrensmokehouse.com\\\/de\\\/produkt\\\/st-tola-weicher-ziegenkaese-divine\\\/#primaryimage\"},\"image\":{\"@id\":\"https:\\\/\\\/www.burrensmokehouse.com\\\/de\\\/produkt\\\/st-tola-weicher-ziegenkaese-divine\\\/#primaryimage\"},\"thumbnailUrl\":\"https:\\\/\\\/www.burrensmokehouse.com\\\/wp-content\\\/uploads\\\/2022\\\/11\\\/St-Tola-Tube-2-\u00a9-Anita-Murphy-2022-scaled.jpg\",\"datePublished\":\"2022-07-28T11:11:27+00:00\",\"dateModified\":\"2025-07-09T11:17:57+00:00\",\"breadcrumb\":{\"@id\":\"https:\\\/\\\/www.burrensmokehouse.com\\\/de\\\/produkt\\\/st-tola-weicher-ziegenkaese-divine\\\/#breadcrumb\"},\"inLanguage\":\"de\",\"potentialAction\":[{\"@type\":\"ReadAction\",\"target\":[\"https:\\\/\\\/www.burrensmokehouse.com\\\/de\\\/produkt\\\/st-tola-weicher-ziegenkaese-divine\\\/\"]}]},{\"@type\":\"ImageObject\",\"inLanguage\":\"de\",\"@id\":\"https:\\\/\\\/www.burrensmokehouse.com\\\/de\\\/produkt\\\/st-tola-weicher-ziegenkaese-divine\\\/#primaryimage\",\"url\":\"https:\\\/\\\/www.burrensmokehouse.com\\\/wp-content\\\/uploads\\\/2022\\\/11\\\/St-Tola-Tube-2-\u00a9-Anita-Murphy-2022-scaled.jpg\",\"contentUrl\":\"https:\\\/\\\/www.burrensmokehouse.com\\\/wp-content\\\/uploads\\\/2022\\\/11\\\/St-Tola-Tube-2-\u00a9-Anita-Murphy-2022-scaled.jpg\",\"width\":2560,\"height\":1707,\"caption\":\"St. Tola Divine goats cheese at Burren Smokehouse\"},{\"@type\":\"BreadcrumbList\",\"@id\":\"https:\\\/\\\/www.burrensmokehouse.com\\\/de\\\/produkt\\\/st-tola-weicher-ziegenkaese-divine\\\/#breadcrumb\",\"itemListElement\":[{\"@type\":\"ListItem\",\"position\":1,\"name\":\"Home\",\"item\":\"https:\\\/\\\/www.burrensmokehouse.com\\\/de\\\/\"},{\"@type\":\"ListItem\",\"position\":2,\"name\":\"Einkaufen\",\"item\":\"https:\\\/\\\/www.burrensmokehouse.com\\\/de\\\/einkaufen\\\/\"},{\"@type\":\"ListItem\",\"position\":3,\"name\":\"St. Tola Ziegenweichk\u00e4se &#8211; &#8220;Divine&#8221;\"}]},{\"@type\":\"WebSite\",\"@id\":\"https:\\\/\\\/www.burrensmokehouse.com\\\/de\\\/#website\",\"url\":\"https:\\\/\\\/www.burrensmokehouse.com\\\/de\\\/\",\"name\":\"Burren Smokehouse\",\"description\":\"\",\"publisher\":{\"@id\":\"https:\\\/\\\/www.burrensmokehouse.com\\\/de\\\/#organization\"},\"potentialAction\":[{\"@type\":\"SearchAction\",\"target\":{\"@type\":\"EntryPoint\",\"urlTemplate\":\"https:\\\/\\\/www.burrensmokehouse.com\\\/de\\\/?s={search_term_string}\"},\"query-input\":{\"@type\":\"PropertyValueSpecification\",\"valueRequired\":true,\"valueName\":\"search_term_string\"}}],\"inLanguage\":\"de\"},{\"@type\":\"Organization\",\"@id\":\"https:\\\/\\\/www.burrensmokehouse.com\\\/de\\\/#organization\",\"name\":\"Burren Smokehouse\",\"url\":\"https:\\\/\\\/www.burrensmokehouse.com\\\/de\\\/\",\"logo\":{\"@type\":\"ImageObject\",\"inLanguage\":\"de\",\"@id\":\"https:\\\/\\\/www.burrensmokehouse.com\\\/de\\\/#\\\/schema\\\/logo\\\/image\\\/\",\"url\":\"https:\\\/\\\/www.burrensmokehouse.com\\\/wp-content\\\/uploads\\\/2021\\\/07\\\/logo.png\",\"contentUrl\":\"https:\\\/\\\/www.burrensmokehouse.com\\\/wp-content\\\/uploads\\\/2021\\\/07\\\/logo.png\",\"width\":432,\"height\":99,\"caption\":\"Burren Smokehouse\"},\"image\":{\"@id\":\"https:\\\/\\\/www.burrensmokehouse.com\\\/de\\\/#\\\/schema\\\/logo\\\/image\\\/\"}}]}<\/script>\n<!-- \/ Yoast SEO plugin. -->","yoast_head_json":{"title":"St. Tola Ziegenweichk\u00e4se - \"Divine\" - Burren Smokehouse","robots":{"index":"index","follow":"follow","max-snippet":"max-snippet:-1","max-image-preview":"max-image-preview:large","max-video-preview":"max-video-preview:-1"},"canonical":"https:\/\/www.burrensmokehouse.com\/de\/produkt\/st-tola-weicher-ziegenkaese-divine\/","og_locale":"de_DE","og_type":"article","og_title":"St. Tola Ziegenweichk\u00e4se - \"Divine\" - Burren Smokehouse","og_description":"St. Tola in Co. Clare ist der preisgekr\u00f6nte Hersteller von Ziegenk\u00e4se. Genie\u00dfen Sie diesen k\u00fchlen und frischen Ziegenk\u00e4se auf Brot oder in Rezepten.  Wir k\u00f6nnen dieses Produkt nur an Adressen in Irland und Nordirland, Gro\u00dfbritannien, Europa und New York City versenden, wo die Anlieferung nicht l\u00e4nger als einen Tag dauert. Keine Lieferung m\u00f6glich in die USA, Kanada, Japan, Hong Kong etc.","og_url":"https:\/\/www.burrensmokehouse.com\/de\/produkt\/st-tola-weicher-ziegenkaese-divine\/","og_site_name":"Burren Smokehouse","article_modified_time":"2025-07-09T11:17:57+00:00","og_image":[{"width":2560,"height":1707,"url":"https:\/\/www.burrensmokehouse.com\/wp-content\/uploads\/2022\/11\/St-Tola-Tube-2-\u00a9-Anita-Murphy-2022-scaled.jpg","type":"image\/jpeg"}],"twitter_card":"summary_large_image","twitter_misc":{"Gesch\u00e4tzte Lesezeit":"1\u00a0Minute"},"schema":{"@context":"https:\/\/schema.org","@graph":[{"@type":"WebPage","@id":"https:\/\/www.burrensmokehouse.com\/de\/produkt\/st-tola-weicher-ziegenkaese-divine\/","url":"https:\/\/www.burrensmokehouse.com\/de\/produkt\/st-tola-weicher-ziegenkaese-divine\/","name":"St. Tola Ziegenweichk\u00e4se - \"Divine\" - Burren Smokehouse","isPartOf":{"@id":"https:\/\/www.burrensmokehouse.com\/de\/#website"},"primaryImageOfPage":{"@id":"https:\/\/www.burrensmokehouse.com\/de\/produkt\/st-tola-weicher-ziegenkaese-divine\/#primaryimage"},"image":{"@id":"https:\/\/www.burrensmokehouse.com\/de\/produkt\/st-tola-weicher-ziegenkaese-divine\/#primaryimage"},"thumbnailUrl":"https:\/\/www.burrensmokehouse.com\/wp-content\/uploads\/2022\/11\/St-Tola-Tube-2-\u00a9-Anita-Murphy-2022-scaled.jpg","datePublished":"2022-07-28T11:11:27+00:00","dateModified":"2025-07-09T11:17:57+00:00","breadcrumb":{"@id":"https:\/\/www.burrensmokehouse.com\/de\/produkt\/st-tola-weicher-ziegenkaese-divine\/#breadcrumb"},"inLanguage":"de","potentialAction":[{"@type":"ReadAction","target":["https:\/\/www.burrensmokehouse.com\/de\/produkt\/st-tola-weicher-ziegenkaese-divine\/"]}]},{"@type":"ImageObject","inLanguage":"de","@id":"https:\/\/www.burrensmokehouse.com\/de\/produkt\/st-tola-weicher-ziegenkaese-divine\/#primaryimage","url":"https:\/\/www.burrensmokehouse.com\/wp-content\/uploads\/2022\/11\/St-Tola-Tube-2-\u00a9-Anita-Murphy-2022-scaled.jpg","contentUrl":"https:\/\/www.burrensmokehouse.com\/wp-content\/uploads\/2022\/11\/St-Tola-Tube-2-\u00a9-Anita-Murphy-2022-scaled.jpg","width":2560,"height":1707,"caption":"St. Tola Divine goats cheese at Burren Smokehouse"},{"@type":"BreadcrumbList","@id":"https:\/\/www.burrensmokehouse.com\/de\/produkt\/st-tola-weicher-ziegenkaese-divine\/#breadcrumb","itemListElement":[{"@type":"ListItem","position":1,"name":"Home","item":"https:\/\/www.burrensmokehouse.com\/de\/"},{"@type":"ListItem","position":2,"name":"Einkaufen","item":"https:\/\/www.burrensmokehouse.com\/de\/einkaufen\/"},{"@type":"ListItem","position":3,"name":"St. Tola Ziegenweichk\u00e4se &#8211; &#8220;Divine&#8221;"}]},{"@type":"WebSite","@id":"https:\/\/www.burrensmokehouse.com\/de\/#website","url":"https:\/\/www.burrensmokehouse.com\/de\/","name":"Burren Smokehouse","description":"","publisher":{"@id":"https:\/\/www.burrensmokehouse.com\/de\/#organization"},"potentialAction":[{"@type":"SearchAction","target":{"@type":"EntryPoint","urlTemplate":"https:\/\/www.burrensmokehouse.com\/de\/?s={search_term_string}"},"query-input":{"@type":"PropertyValueSpecification","valueRequired":true,"valueName":"search_term_string"}}],"inLanguage":"de"},{"@type":"Organization","@id":"https:\/\/www.burrensmokehouse.com\/de\/#organization","name":"Burren Smokehouse","url":"https:\/\/www.burrensmokehouse.com\/de\/","logo":{"@type":"ImageObject","inLanguage":"de","@id":"https:\/\/www.burrensmokehouse.com\/de\/#\/schema\/logo\/image\/","url":"https:\/\/www.burrensmokehouse.com\/wp-content\/uploads\/2021\/07\/logo.png","contentUrl":"https:\/\/www.burrensmokehouse.com\/wp-content\/uploads\/2021\/07\/logo.png","width":432,"height":99,"caption":"Burren Smokehouse"},"image":{"@id":"https:\/\/www.burrensmokehouse.com\/de\/#\/schema\/logo\/image\/"}}]}},"_links":{"self":[{"href":"https:\/\/www.burrensmokehouse.com\/de\/wp-json\/wp\/v2\/product\/12582","targetHints":{"allow":["GET"]}}],"collection":[{"href":"https:\/\/www.burrensmokehouse.com\/de\/wp-json\/wp\/v2\/product"}],"about":[{"href":"https:\/\/www.burrensmokehouse.com\/de\/wp-json\/wp\/v2\/types\/product"}],"replies":[{"embeddable":true,"href":"https:\/\/www.burrensmokehouse.com\/de\/wp-json\/wp\/v2\/comments?post=12582"}],"wp:featuredmedia":[{"embeddable":true,"href":"https:\/\/www.burrensmokehouse.com\/de\/wp-json\/wp\/v2\/media\/14971"}],"wp:attachment":[{"href":"https:\/\/www.burrensmokehouse.com\/de\/wp-json\/wp\/v2\/media?parent=12582"}],"wp:term":[{"taxonomy":"product_brand","embeddable":true,"href":"https:\/\/www.burrensmokehouse.com\/de\/wp-json\/wp\/v2\/product_brand?post=12582"},{"taxonomy":"product_cat","embeddable":true,"href":"https:\/\/www.burrensmokehouse.com\/de\/wp-json\/wp\/v2\/product_cat?post=12582"},{"taxonomy":"product_tag","embeddable":true,"href":"https:\/\/www.burrensmokehouse.com\/de\/wp-json\/wp\/v2\/product_tag?post=12582"}],"curies":[{"name":"wp","href":"https:\/\/api.w.org\/{rel}","templated":true}]}}