{"id":12598,"date":"2022-02-11T12:08:49","date_gmt":"2022-06-16T09:12:58","guid":{"rendered":"https:\/\/www.burrensmokehouse.com\/product\/31-abo-3-monate-vielfalt-ist-koenig-fuer-1-bis-2-personen\/"},"modified":"2025-07-09T12:12:54","modified_gmt":"2025-07-09T11:12:54","slug":"vielfalt-ist-koenig-3-monat-abo-fuer-1-bis-2-personen","status":"publish","type":"product","link":"https:\/\/www.burrensmokehouse.com\/de\/produkt\/vielfalt-ist-koenig-3-monat-abo-fuer-1-bis-2-personen\/","title":{"rendered":"Abo 3 Monate &#8211; &#8222;Vielfalt ist gut&#8220; &#8211; f\u00fcr 1 bis 2 Personen"},"content":{"rendered":"<p>Dieses 3-Monats-Abo ist f\u00fcr ein bis zwei Personen geeignet.<\/p>\n<p>Wir alle wissen, wie leicht man vergessen kann, regelm\u00e4\u00dfig Produkte zu bestellen, die wir lieben oder brauchen. Wir k\u00f6nnen Ihnen bei der regelm\u00e4\u00dfigen Lieferung von Irischem Burren Bio-R\u00e4ucherlachs zu Ihnen nach Hause helfen! Sie k\u00f6nnen unseren Abo-Service auch nutzen, um diese gesunde Ern\u00e4hrungsvariante an Ihren studierenden Nachwuchs zu schicken, oder als willkommenes Geschenk an Freunde.<\/p>\n<p>Diese Option enth\u00e4lt<\/p>\n<ul>\n<li>180 g Irischer Burren Bio-Kaltrauchlachs<\/li>\n<li>140 g Irischer Burren Bio-Kaltrauchlachs mit Honig, Whiskey &amp; Fenchel<\/li>\n<li>180 g Irischer Burren Bio-Heissrauchlachs, ungew\u00fcrzt<\/li>\n<li>140g Irischer Burren Bio-Heissrauchlachs mit Honig, Zitrone &amp; Pfeffer<\/li>\n<\/ul>\n<p><strong>So funktioniert es:<\/strong><\/p>\n<p>&#8211; Sie w\u00e4hlen ein Datum f\u00fcr die erste Lieferung aus<\/p>\n<p>&#8211; Wir werden die n\u00e4chsten Sendungen am gleichen Wochentag anliefern lassen. (Sie k\u00f6nnen dies \u00e4ndern, wenn Sie m\u00f6chten; rufen Sie uns einfach an oder senden Sie uns eine E-Mail)<\/p>\n<p>Aufgrund der technischen Rahmenbedingungen der Webseite sind die Preise so berechnet, dass die Versandkosten ausser f\u00fcr 1 kg f\u00fcr alle Monate im Produktpreis enthalten sind. W\u00e4hrend des Bestellvorganges wird das eine Kilo Fracht hinzugef\u00fcgt.<\/p>\n<p>Der Preis\/die Frachtrate spiegelt nur Lieferungen an Bestimmungsorte innerhalb der Republik Irland und Nordirland wider.<\/p>\n<p><strong>Lieferungen an andere Bestimmungsorte sind m\u00f6glich! Bitte kontaktieren Sie uns und wir richten das Abonnement offline f\u00fcr Sie ein.<\/strong><\/p>\n","protected":false},"excerpt":{"rendered":"<p>Dieses 3-Monats-Abo ist f\u00fcr ein bis zwei Personen geeignet und enth\u00e4lt eine Auswahl an Heiss- und Kaltrauchlachs-Sorten.<\/p>\n","protected":false},"featured_media":11420,"comment_status":"open","ping_status":"closed","template":"","meta":{"_acf_changed":false,"om_disable_all_campaigns":false},"product_brand":[],"product_cat":[312],"product_tag":[],"class_list":{"0":"post-12598","1":"product","2":"type-product","3":"status-publish","4":"has-post-thumbnail","6":"product_cat-lachs-abonnements","7":"pa_weight-g-1000-de","9":"first","10":"instock","11":"taxable","12":"shipping-taxable","13":"purchasable","14":"product-type-simple"},"acf":[],"yoast_head":"<!-- This site is optimized with the Yoast SEO plugin v27.3 - https:\/\/yoast.com\/product\/yoast-seo-wordpress\/ -->\n<title>Abo 3 Monate - &quot;Vielfalt ist gut&quot; - f\u00fcr 1 bis 2 Personen - Burren Smokehouse<\/title>\n<meta name=\"robots\" content=\"index, follow, max-snippet:-1, max-image-preview:large, max-video-preview:-1\" \/>\n<link rel=\"canonical\" href=\"https:\/\/www.burrensmokehouse.com\/de\/produkt\/vielfalt-ist-koenig-3-monat-abo-fuer-1-bis-2-personen\/\" \/>\n<meta property=\"og:locale\" content=\"de_DE\" \/>\n<meta property=\"og:type\" content=\"article\" \/>\n<meta property=\"og:title\" content=\"Abo 3 Monate - &quot;Vielfalt ist gut&quot; - f\u00fcr 1 bis 2 Personen - Burren Smokehouse\" \/>\n<meta property=\"og:description\" content=\"Dieses 3-Monats-Abo ist f\u00fcr ein bis zwei Personen geeignet und enth\u00e4lt eine Auswahl an Heiss- und Kaltrauchlachs-Sorten.\" \/>\n<meta property=\"og:url\" content=\"https:\/\/www.burrensmokehouse.com\/de\/produkt\/vielfalt-ist-koenig-3-monat-abo-fuer-1-bis-2-personen\/\" \/>\n<meta property=\"og:site_name\" content=\"Burren Smokehouse\" \/>\n<meta property=\"article:modified_time\" content=\"2025-07-09T11:12:54+00:00\" \/>\n<meta property=\"og:image\" content=\"https:\/\/www.burrensmokehouse.com\/wp-content\/uploads\/2022\/02\/Subscription-Variety-is-King-for-webs.png\" \/>\n\t<meta property=\"og:image:width\" content=\"837\" \/>\n\t<meta property=\"og:image:height\" content=\"670\" \/>\n\t<meta property=\"og:image:type\" content=\"image\/png\" \/>\n<meta name=\"twitter:card\" content=\"summary_large_image\" \/>\n<meta name=\"twitter:label1\" content=\"Gesch\u00e4tzte Lesezeit\" \/>\n\t<meta name=\"twitter:data1\" content=\"2\u00a0Minuten\" \/>\n<script type=\"application\/ld+json\" class=\"yoast-schema-graph\">{\"@context\":\"https:\\\/\\\/schema.org\",\"@graph\":[{\"@type\":\"WebPage\",\"@id\":\"https:\\\/\\\/www.burrensmokehouse.com\\\/de\\\/produkt\\\/vielfalt-ist-koenig-3-monat-abo-fuer-1-bis-2-personen\\\/\",\"url\":\"https:\\\/\\\/www.burrensmokehouse.com\\\/de\\\/produkt\\\/vielfalt-ist-koenig-3-monat-abo-fuer-1-bis-2-personen\\\/\",\"name\":\"Abo 3 Monate - \\\"Vielfalt ist gut\\\" - f\u00fcr 1 bis 2 Personen - Burren Smokehouse\",\"isPartOf\":{\"@id\":\"https:\\\/\\\/www.burrensmokehouse.com\\\/de\\\/#website\"},\"primaryImageOfPage\":{\"@id\":\"https:\\\/\\\/www.burrensmokehouse.com\\\/de\\\/produkt\\\/vielfalt-ist-koenig-3-monat-abo-fuer-1-bis-2-personen\\\/#primaryimage\"},\"image\":{\"@id\":\"https:\\\/\\\/www.burrensmokehouse.com\\\/de\\\/produkt\\\/vielfalt-ist-koenig-3-monat-abo-fuer-1-bis-2-personen\\\/#primaryimage\"},\"thumbnailUrl\":\"https:\\\/\\\/www.burrensmokehouse.com\\\/wp-content\\\/uploads\\\/2022\\\/02\\\/Subscription-Variety-is-King-for-webs.png\",\"datePublished\":\"2022-06-16T09:12:58+00:00\",\"dateModified\":\"2025-07-09T11:12:54+00:00\",\"breadcrumb\":{\"@id\":\"https:\\\/\\\/www.burrensmokehouse.com\\\/de\\\/produkt\\\/vielfalt-ist-koenig-3-monat-abo-fuer-1-bis-2-personen\\\/#breadcrumb\"},\"inLanguage\":\"de\",\"potentialAction\":[{\"@type\":\"ReadAction\",\"target\":[\"https:\\\/\\\/www.burrensmokehouse.com\\\/de\\\/produkt\\\/vielfalt-ist-koenig-3-monat-abo-fuer-1-bis-2-personen\\\/\"]}]},{\"@type\":\"ImageObject\",\"inLanguage\":\"de\",\"@id\":\"https:\\\/\\\/www.burrensmokehouse.com\\\/de\\\/produkt\\\/vielfalt-ist-koenig-3-monat-abo-fuer-1-bis-2-personen\\\/#primaryimage\",\"url\":\"https:\\\/\\\/www.burrensmokehouse.com\\\/wp-content\\\/uploads\\\/2022\\\/02\\\/Subscription-Variety-is-King-for-webs.png\",\"contentUrl\":\"https:\\\/\\\/www.burrensmokehouse.com\\\/wp-content\\\/uploads\\\/2022\\\/02\\\/Subscription-Variety-is-King-for-webs.png\",\"width\":837,\"height\":670,\"caption\":\"Abo-Sorte ist King Burren Smokehouse\"},{\"@type\":\"BreadcrumbList\",\"@id\":\"https:\\\/\\\/www.burrensmokehouse.com\\\/de\\\/produkt\\\/vielfalt-ist-koenig-3-monat-abo-fuer-1-bis-2-personen\\\/#breadcrumb\",\"itemListElement\":[{\"@type\":\"ListItem\",\"position\":1,\"name\":\"Home\",\"item\":\"https:\\\/\\\/www.burrensmokehouse.com\\\/de\\\/\"},{\"@type\":\"ListItem\",\"position\":2,\"name\":\"Einkaufen\",\"item\":\"https:\\\/\\\/www.burrensmokehouse.com\\\/de\\\/einkaufen\\\/\"},{\"@type\":\"ListItem\",\"position\":3,\"name\":\"Abo 3 Monate &#8211; &#8220;Vielfalt ist gut&#8221; &#8211; f\u00fcr 1 bis 2 Personen\"}]},{\"@type\":\"WebSite\",\"@id\":\"https:\\\/\\\/www.burrensmokehouse.com\\\/de\\\/#website\",\"url\":\"https:\\\/\\\/www.burrensmokehouse.com\\\/de\\\/\",\"name\":\"Burren Smokehouse\",\"description\":\"\",\"publisher\":{\"@id\":\"https:\\\/\\\/www.burrensmokehouse.com\\\/de\\\/#organization\"},\"potentialAction\":[{\"@type\":\"SearchAction\",\"target\":{\"@type\":\"EntryPoint\",\"urlTemplate\":\"https:\\\/\\\/www.burrensmokehouse.com\\\/de\\\/?s={search_term_string}\"},\"query-input\":{\"@type\":\"PropertyValueSpecification\",\"valueRequired\":true,\"valueName\":\"search_term_string\"}}],\"inLanguage\":\"de\"},{\"@type\":\"Organization\",\"@id\":\"https:\\\/\\\/www.burrensmokehouse.com\\\/de\\\/#organization\",\"name\":\"Burren Smokehouse\",\"url\":\"https:\\\/\\\/www.burrensmokehouse.com\\\/de\\\/\",\"logo\":{\"@type\":\"ImageObject\",\"inLanguage\":\"de\",\"@id\":\"https:\\\/\\\/www.burrensmokehouse.com\\\/de\\\/#\\\/schema\\\/logo\\\/image\\\/\",\"url\":\"https:\\\/\\\/www.burrensmokehouse.com\\\/wp-content\\\/uploads\\\/2021\\\/07\\\/logo.png\",\"contentUrl\":\"https:\\\/\\\/www.burrensmokehouse.com\\\/wp-content\\\/uploads\\\/2021\\\/07\\\/logo.png\",\"width\":432,\"height\":99,\"caption\":\"Burren Smokehouse\"},\"image\":{\"@id\":\"https:\\\/\\\/www.burrensmokehouse.com\\\/de\\\/#\\\/schema\\\/logo\\\/image\\\/\"}}]}<\/script>\n<!-- \/ Yoast SEO plugin. -->","yoast_head_json":{"title":"Abo 3 Monate - \"Vielfalt ist gut\" - f\u00fcr 1 bis 2 Personen - Burren Smokehouse","robots":{"index":"index","follow":"follow","max-snippet":"max-snippet:-1","max-image-preview":"max-image-preview:large","max-video-preview":"max-video-preview:-1"},"canonical":"https:\/\/www.burrensmokehouse.com\/de\/produkt\/vielfalt-ist-koenig-3-monat-abo-fuer-1-bis-2-personen\/","og_locale":"de_DE","og_type":"article","og_title":"Abo 3 Monate - \"Vielfalt ist gut\" - f\u00fcr 1 bis 2 Personen - Burren Smokehouse","og_description":"Dieses 3-Monats-Abo ist f\u00fcr ein bis zwei Personen geeignet und enth\u00e4lt eine Auswahl an Heiss- und Kaltrauchlachs-Sorten.","og_url":"https:\/\/www.burrensmokehouse.com\/de\/produkt\/vielfalt-ist-koenig-3-monat-abo-fuer-1-bis-2-personen\/","og_site_name":"Burren Smokehouse","article_modified_time":"2025-07-09T11:12:54+00:00","og_image":[{"width":837,"height":670,"url":"https:\/\/www.burrensmokehouse.com\/wp-content\/uploads\/2022\/02\/Subscription-Variety-is-King-for-webs.png","type":"image\/png"}],"twitter_card":"summary_large_image","twitter_misc":{"Gesch\u00e4tzte Lesezeit":"2\u00a0Minuten"},"schema":{"@context":"https:\/\/schema.org","@graph":[{"@type":"WebPage","@id":"https:\/\/www.burrensmokehouse.com\/de\/produkt\/vielfalt-ist-koenig-3-monat-abo-fuer-1-bis-2-personen\/","url":"https:\/\/www.burrensmokehouse.com\/de\/produkt\/vielfalt-ist-koenig-3-monat-abo-fuer-1-bis-2-personen\/","name":"Abo 3 Monate - \"Vielfalt ist gut\" - f\u00fcr 1 bis 2 Personen - Burren Smokehouse","isPartOf":{"@id":"https:\/\/www.burrensmokehouse.com\/de\/#website"},"primaryImageOfPage":{"@id":"https:\/\/www.burrensmokehouse.com\/de\/produkt\/vielfalt-ist-koenig-3-monat-abo-fuer-1-bis-2-personen\/#primaryimage"},"image":{"@id":"https:\/\/www.burrensmokehouse.com\/de\/produkt\/vielfalt-ist-koenig-3-monat-abo-fuer-1-bis-2-personen\/#primaryimage"},"thumbnailUrl":"https:\/\/www.burrensmokehouse.com\/wp-content\/uploads\/2022\/02\/Subscription-Variety-is-King-for-webs.png","datePublished":"2022-06-16T09:12:58+00:00","dateModified":"2025-07-09T11:12:54+00:00","breadcrumb":{"@id":"https:\/\/www.burrensmokehouse.com\/de\/produkt\/vielfalt-ist-koenig-3-monat-abo-fuer-1-bis-2-personen\/#breadcrumb"},"inLanguage":"de","potentialAction":[{"@type":"ReadAction","target":["https:\/\/www.burrensmokehouse.com\/de\/produkt\/vielfalt-ist-koenig-3-monat-abo-fuer-1-bis-2-personen\/"]}]},{"@type":"ImageObject","inLanguage":"de","@id":"https:\/\/www.burrensmokehouse.com\/de\/produkt\/vielfalt-ist-koenig-3-monat-abo-fuer-1-bis-2-personen\/#primaryimage","url":"https:\/\/www.burrensmokehouse.com\/wp-content\/uploads\/2022\/02\/Subscription-Variety-is-King-for-webs.png","contentUrl":"https:\/\/www.burrensmokehouse.com\/wp-content\/uploads\/2022\/02\/Subscription-Variety-is-King-for-webs.png","width":837,"height":670,"caption":"Abo-Sorte ist King Burren Smokehouse"},{"@type":"BreadcrumbList","@id":"https:\/\/www.burrensmokehouse.com\/de\/produkt\/vielfalt-ist-koenig-3-monat-abo-fuer-1-bis-2-personen\/#breadcrumb","itemListElement":[{"@type":"ListItem","position":1,"name":"Home","item":"https:\/\/www.burrensmokehouse.com\/de\/"},{"@type":"ListItem","position":2,"name":"Einkaufen","item":"https:\/\/www.burrensmokehouse.com\/de\/einkaufen\/"},{"@type":"ListItem","position":3,"name":"Abo 3 Monate &#8211; &#8220;Vielfalt ist gut&#8221; &#8211; f\u00fcr 1 bis 2 Personen"}]},{"@type":"WebSite","@id":"https:\/\/www.burrensmokehouse.com\/de\/#website","url":"https:\/\/www.burrensmokehouse.com\/de\/","name":"Burren Smokehouse","description":"","publisher":{"@id":"https:\/\/www.burrensmokehouse.com\/de\/#organization"},"potentialAction":[{"@type":"SearchAction","target":{"@type":"EntryPoint","urlTemplate":"https:\/\/www.burrensmokehouse.com\/de\/?s={search_term_string}"},"query-input":{"@type":"PropertyValueSpecification","valueRequired":true,"valueName":"search_term_string"}}],"inLanguage":"de"},{"@type":"Organization","@id":"https:\/\/www.burrensmokehouse.com\/de\/#organization","name":"Burren Smokehouse","url":"https:\/\/www.burrensmokehouse.com\/de\/","logo":{"@type":"ImageObject","inLanguage":"de","@id":"https:\/\/www.burrensmokehouse.com\/de\/#\/schema\/logo\/image\/","url":"https:\/\/www.burrensmokehouse.com\/wp-content\/uploads\/2021\/07\/logo.png","contentUrl":"https:\/\/www.burrensmokehouse.com\/wp-content\/uploads\/2021\/07\/logo.png","width":432,"height":99,"caption":"Burren Smokehouse"},"image":{"@id":"https:\/\/www.burrensmokehouse.com\/de\/#\/schema\/logo\/image\/"}}]}},"_links":{"self":[{"href":"https:\/\/www.burrensmokehouse.com\/de\/wp-json\/wp\/v2\/product\/12598","targetHints":{"allow":["GET"]}}],"collection":[{"href":"https:\/\/www.burrensmokehouse.com\/de\/wp-json\/wp\/v2\/product"}],"about":[{"href":"https:\/\/www.burrensmokehouse.com\/de\/wp-json\/wp\/v2\/types\/product"}],"replies":[{"embeddable":true,"href":"https:\/\/www.burrensmokehouse.com\/de\/wp-json\/wp\/v2\/comments?post=12598"}],"wp:featuredmedia":[{"embeddable":true,"href":"https:\/\/www.burrensmokehouse.com\/de\/wp-json\/wp\/v2\/media\/11420"}],"wp:attachment":[{"href":"https:\/\/www.burrensmokehouse.com\/de\/wp-json\/wp\/v2\/media?parent=12598"}],"wp:term":[{"taxonomy":"product_brand","embeddable":true,"href":"https:\/\/www.burrensmokehouse.com\/de\/wp-json\/wp\/v2\/product_brand?post=12598"},{"taxonomy":"product_cat","embeddable":true,"href":"https:\/\/www.burrensmokehouse.com\/de\/wp-json\/wp\/v2\/product_cat?post=12598"},{"taxonomy":"product_tag","embeddable":true,"href":"https:\/\/www.burrensmokehouse.com\/de\/wp-json\/wp\/v2\/product_tag?post=12598"}],"curies":[{"name":"wp","href":"https:\/\/api.w.org\/{rel}","templated":true}]}}