{"id":12618,"date":"2022-02-11T12:08:49","date_gmt":"2022-06-16T09:26:41","guid":{"rendered":"https:\/\/www.burrensmokehouse.com\/product\/36-abo-12-monate-plain-simple-fuer-eine-familie\/"},"modified":"2025-07-09T12:13:43","modified_gmt":"2025-07-09T11:13:43","slug":"einfach-pur-12-monat-raeucherlachs-abo-fuer-eine-familie","status":"publish","type":"product","link":"https:\/\/www.burrensmokehouse.com\/de\/produkt\/einfach-pur-12-monat-raeucherlachs-abo-fuer-eine-familie\/","title":{"rendered":"Abo 12 Monate &#8211; &#8222;Einfach Pur&#8220; &#8211; f\u00fcr eine Familie"},"content":{"rendered":"<p>Dieses 12-Monats-Abo ist f\u00fcr eine Familie geeignet und enth\u00e4lt zwei 500 g-Packungen unseres puren Lachses &#8211; ohne Marinade und ohne Gew\u00fcrze!<\/p>\n<p>Wer m\u00f6chte nicht jeden Monat leckeres Essen automatisch nach Hause geliefert bekommen? Wir alle wissen, wie leicht man vergessen kann, regelm\u00e4\u00dfig Produkte zu bestellen, die wir lieben oder brauchen. Wir k\u00f6nnen Ihnen bei der regelm\u00e4\u00dfigen Lieferung von Irischem Burren Bio-R\u00e4ucherlachs zu Ihnen nach Hause helfen! Sie k\u00f6nnen unseren Abo-Service auch nutzen, um diese gesunde Ern\u00e4hrungsvariante an Ihren studierenden Nachwuchs zu schicken, oder als willkommenes Geschenk an Freunde.<\/p>\n<p>Diese Option ist ideal f\u00fcr eine Familie und enth\u00e4lt<\/p>\n<ul>\n<li>1 x 500 g Irischer Burren Bio-Kaltrauchlachs<\/li>\n<li>1 x 500 g Irischer Burren Bio-Heissrauchlachs, ungew\u00fcrzt<\/li>\n<\/ul>\n<p><strong>So funktioniert es:<\/strong><\/p>\n<p>&#8211; Sie w\u00e4hlen ein Datum f\u00fcr die erste Lieferung aus<\/p>\n<p>&#8211; Wir werden die n\u00e4chsten Sendungen am gleichen Wochentag anliefern lassen. (Sie k\u00f6nnen dies \u00e4ndern, wenn Sie m\u00f6chten; rufen Sie uns einfach an oder senden Sie uns eine E-Mail)<\/p>\n<p>Aufgrund der technischen Rahmenbedingungen der Webseite sind die Preise so berechnet, dass die Versandkosten ausser f\u00fcr 1 kg f\u00fcr alle Monate im Produktpreis enthalten sind. W\u00e4hrend des Bestellvorganges wird das eine Kilo Fracht hinzugef\u00fcgt.<\/p>\n<p>Der Preis\/die Frachtrate spiegelt nur Lieferungen an Bestimmungsorte innerhalb der Republik Irland und Nordirland wider.<\/p>\n<p><strong>Lieferungen an andere Bestimmungsorte sind m\u00f6glich! Bitte kontaktieren Sie uns und wir richten das Abonnement offline f\u00fcr Sie ein.<\/strong><\/p>\n","protected":false},"excerpt":{"rendered":"<p>Dieses 12-Monats-Abo ist f\u00fcr eine Familie geeignet und enth\u00e4lt je eine 500 g-Packung unseres puren hei\u00df- und kaltger\u00e4ucherten Lachses f\u00fcr ein reines Geschmackserlebnis.<\/p>\n","protected":false},"featured_media":6700,"comment_status":"open","ping_status":"closed","template":"","meta":{"_acf_changed":false,"om_disable_all_campaigns":false},"product_brand":[],"product_cat":[312],"product_tag":[],"class_list":{"0":"post-12618","1":"product","2":"type-product","3":"status-publish","4":"has-post-thumbnail","6":"product_cat-lachs-abonnements","7":"pa_weight-g-1000-de","9":"first","10":"instock","11":"taxable","12":"shipping-taxable","13":"purchasable","14":"product-type-simple"},"acf":[],"yoast_head":"<!-- This site is optimized with the Yoast SEO plugin v27.3 - https:\/\/yoast.com\/product\/yoast-seo-wordpress\/ -->\n<title>Abo 12 Monate - &quot;Einfach Pur&quot; - f\u00fcr eine Familie - Burren Smokehouse<\/title>\n<meta name=\"robots\" content=\"index, follow, max-snippet:-1, max-image-preview:large, max-video-preview:-1\" \/>\n<link rel=\"canonical\" href=\"https:\/\/www.burrensmokehouse.com\/de\/produkt\/einfach-pur-12-monat-raeucherlachs-abo-fuer-eine-familie\/\" \/>\n<meta property=\"og:locale\" content=\"de_DE\" \/>\n<meta property=\"og:type\" content=\"article\" \/>\n<meta property=\"og:title\" content=\"Abo 12 Monate - &quot;Einfach Pur&quot; - f\u00fcr eine Familie - Burren Smokehouse\" \/>\n<meta property=\"og:description\" content=\"Dieses 12-Monats-Abo ist f\u00fcr eine Familie geeignet und enth\u00e4lt je eine 500 g-Packung unseres puren hei\u00df- und kaltger\u00e4ucherten Lachses f\u00fcr ein reines Geschmackserlebnis.\" \/>\n<meta property=\"og:url\" content=\"https:\/\/www.burrensmokehouse.com\/de\/produkt\/einfach-pur-12-monat-raeucherlachs-abo-fuer-eine-familie\/\" \/>\n<meta property=\"og:site_name\" content=\"Burren Smokehouse\" \/>\n<meta property=\"article:modified_time\" content=\"2025-07-09T11:13:43+00:00\" \/>\n<meta property=\"og:image\" content=\"https:\/\/www.burrensmokehouse.com\/wp-content\/uploads\/2022\/02\/Plain___Simple_Monthly_delivery_for_a_Family_P2.jpeg\" \/>\n\t<meta property=\"og:image:width\" content=\"800\" \/>\n\t<meta property=\"og:image:height\" content=\"1000\" \/>\n\t<meta property=\"og:image:type\" content=\"image\/jpeg\" \/>\n<meta name=\"twitter:card\" content=\"summary_large_image\" \/>\n<meta name=\"twitter:label1\" content=\"Gesch\u00e4tzte Lesezeit\" \/>\n\t<meta name=\"twitter:data1\" content=\"2\u00a0Minuten\" \/>\n<script type=\"application\/ld+json\" class=\"yoast-schema-graph\">{\"@context\":\"https:\\\/\\\/schema.org\",\"@graph\":[{\"@type\":\"WebPage\",\"@id\":\"https:\\\/\\\/www.burrensmokehouse.com\\\/de\\\/produkt\\\/einfach-pur-12-monat-raeucherlachs-abo-fuer-eine-familie\\\/\",\"url\":\"https:\\\/\\\/www.burrensmokehouse.com\\\/de\\\/produkt\\\/einfach-pur-12-monat-raeucherlachs-abo-fuer-eine-familie\\\/\",\"name\":\"Abo 12 Monate - \\\"Einfach Pur\\\" - f\u00fcr eine Familie - Burren Smokehouse\",\"isPartOf\":{\"@id\":\"https:\\\/\\\/www.burrensmokehouse.com\\\/de\\\/#website\"},\"primaryImageOfPage\":{\"@id\":\"https:\\\/\\\/www.burrensmokehouse.com\\\/de\\\/produkt\\\/einfach-pur-12-monat-raeucherlachs-abo-fuer-eine-familie\\\/#primaryimage\"},\"image\":{\"@id\":\"https:\\\/\\\/www.burrensmokehouse.com\\\/de\\\/produkt\\\/einfach-pur-12-monat-raeucherlachs-abo-fuer-eine-familie\\\/#primaryimage\"},\"thumbnailUrl\":\"https:\\\/\\\/www.burrensmokehouse.com\\\/wp-content\\\/uploads\\\/2022\\\/02\\\/Plain___Simple_Monthly_delivery_for_a_Family_P2.jpeg\",\"datePublished\":\"2022-06-16T09:26:41+00:00\",\"dateModified\":\"2025-07-09T11:13:43+00:00\",\"breadcrumb\":{\"@id\":\"https:\\\/\\\/www.burrensmokehouse.com\\\/de\\\/produkt\\\/einfach-pur-12-monat-raeucherlachs-abo-fuer-eine-familie\\\/#breadcrumb\"},\"inLanguage\":\"de\",\"potentialAction\":[{\"@type\":\"ReadAction\",\"target\":[\"https:\\\/\\\/www.burrensmokehouse.com\\\/de\\\/produkt\\\/einfach-pur-12-monat-raeucherlachs-abo-fuer-eine-familie\\\/\"]}]},{\"@type\":\"ImageObject\",\"inLanguage\":\"de\",\"@id\":\"https:\\\/\\\/www.burrensmokehouse.com\\\/de\\\/produkt\\\/einfach-pur-12-monat-raeucherlachs-abo-fuer-eine-familie\\\/#primaryimage\",\"url\":\"https:\\\/\\\/www.burrensmokehouse.com\\\/wp-content\\\/uploads\\\/2022\\\/02\\\/Plain___Simple_Monthly_delivery_for_a_Family_P2.jpeg\",\"contentUrl\":\"https:\\\/\\\/www.burrensmokehouse.com\\\/wp-content\\\/uploads\\\/2022\\\/02\\\/Plain___Simple_Monthly_delivery_for_a_Family_P2.jpeg\",\"width\":800,\"height\":1000},{\"@type\":\"BreadcrumbList\",\"@id\":\"https:\\\/\\\/www.burrensmokehouse.com\\\/de\\\/produkt\\\/einfach-pur-12-monat-raeucherlachs-abo-fuer-eine-familie\\\/#breadcrumb\",\"itemListElement\":[{\"@type\":\"ListItem\",\"position\":1,\"name\":\"Home\",\"item\":\"https:\\\/\\\/www.burrensmokehouse.com\\\/de\\\/\"},{\"@type\":\"ListItem\",\"position\":2,\"name\":\"Einkaufen\",\"item\":\"https:\\\/\\\/www.burrensmokehouse.com\\\/de\\\/einkaufen\\\/\"},{\"@type\":\"ListItem\",\"position\":3,\"name\":\"Abo 12 Monate &#8211; &#8220;Einfach Pur&#8221; &#8211; f\u00fcr eine Familie\"}]},{\"@type\":\"WebSite\",\"@id\":\"https:\\\/\\\/www.burrensmokehouse.com\\\/de\\\/#website\",\"url\":\"https:\\\/\\\/www.burrensmokehouse.com\\\/de\\\/\",\"name\":\"Burren Smokehouse\",\"description\":\"\",\"publisher\":{\"@id\":\"https:\\\/\\\/www.burrensmokehouse.com\\\/de\\\/#organization\"},\"potentialAction\":[{\"@type\":\"SearchAction\",\"target\":{\"@type\":\"EntryPoint\",\"urlTemplate\":\"https:\\\/\\\/www.burrensmokehouse.com\\\/de\\\/?s={search_term_string}\"},\"query-input\":{\"@type\":\"PropertyValueSpecification\",\"valueRequired\":true,\"valueName\":\"search_term_string\"}}],\"inLanguage\":\"de\"},{\"@type\":\"Organization\",\"@id\":\"https:\\\/\\\/www.burrensmokehouse.com\\\/de\\\/#organization\",\"name\":\"Burren Smokehouse\",\"url\":\"https:\\\/\\\/www.burrensmokehouse.com\\\/de\\\/\",\"logo\":{\"@type\":\"ImageObject\",\"inLanguage\":\"de\",\"@id\":\"https:\\\/\\\/www.burrensmokehouse.com\\\/de\\\/#\\\/schema\\\/logo\\\/image\\\/\",\"url\":\"https:\\\/\\\/www.burrensmokehouse.com\\\/wp-content\\\/uploads\\\/2021\\\/07\\\/logo.png\",\"contentUrl\":\"https:\\\/\\\/www.burrensmokehouse.com\\\/wp-content\\\/uploads\\\/2021\\\/07\\\/logo.png\",\"width\":432,\"height\":99,\"caption\":\"Burren Smokehouse\"},\"image\":{\"@id\":\"https:\\\/\\\/www.burrensmokehouse.com\\\/de\\\/#\\\/schema\\\/logo\\\/image\\\/\"}}]}<\/script>\n<!-- \/ Yoast SEO plugin. -->","yoast_head_json":{"title":"Abo 12 Monate - \"Einfach Pur\" - f\u00fcr eine Familie - Burren Smokehouse","robots":{"index":"index","follow":"follow","max-snippet":"max-snippet:-1","max-image-preview":"max-image-preview:large","max-video-preview":"max-video-preview:-1"},"canonical":"https:\/\/www.burrensmokehouse.com\/de\/produkt\/einfach-pur-12-monat-raeucherlachs-abo-fuer-eine-familie\/","og_locale":"de_DE","og_type":"article","og_title":"Abo 12 Monate - \"Einfach Pur\" - f\u00fcr eine Familie - Burren Smokehouse","og_description":"Dieses 12-Monats-Abo ist f\u00fcr eine Familie geeignet und enth\u00e4lt je eine 500 g-Packung unseres puren hei\u00df- und kaltger\u00e4ucherten Lachses f\u00fcr ein reines Geschmackserlebnis.","og_url":"https:\/\/www.burrensmokehouse.com\/de\/produkt\/einfach-pur-12-monat-raeucherlachs-abo-fuer-eine-familie\/","og_site_name":"Burren Smokehouse","article_modified_time":"2025-07-09T11:13:43+00:00","og_image":[{"width":800,"height":1000,"url":"https:\/\/www.burrensmokehouse.com\/wp-content\/uploads\/2022\/02\/Plain___Simple_Monthly_delivery_for_a_Family_P2.jpeg","type":"image\/jpeg"}],"twitter_card":"summary_large_image","twitter_misc":{"Gesch\u00e4tzte Lesezeit":"2\u00a0Minuten"},"schema":{"@context":"https:\/\/schema.org","@graph":[{"@type":"WebPage","@id":"https:\/\/www.burrensmokehouse.com\/de\/produkt\/einfach-pur-12-monat-raeucherlachs-abo-fuer-eine-familie\/","url":"https:\/\/www.burrensmokehouse.com\/de\/produkt\/einfach-pur-12-monat-raeucherlachs-abo-fuer-eine-familie\/","name":"Abo 12 Monate - \"Einfach Pur\" - f\u00fcr eine Familie - Burren Smokehouse","isPartOf":{"@id":"https:\/\/www.burrensmokehouse.com\/de\/#website"},"primaryImageOfPage":{"@id":"https:\/\/www.burrensmokehouse.com\/de\/produkt\/einfach-pur-12-monat-raeucherlachs-abo-fuer-eine-familie\/#primaryimage"},"image":{"@id":"https:\/\/www.burrensmokehouse.com\/de\/produkt\/einfach-pur-12-monat-raeucherlachs-abo-fuer-eine-familie\/#primaryimage"},"thumbnailUrl":"https:\/\/www.burrensmokehouse.com\/wp-content\/uploads\/2022\/02\/Plain___Simple_Monthly_delivery_for_a_Family_P2.jpeg","datePublished":"2022-06-16T09:26:41+00:00","dateModified":"2025-07-09T11:13:43+00:00","breadcrumb":{"@id":"https:\/\/www.burrensmokehouse.com\/de\/produkt\/einfach-pur-12-monat-raeucherlachs-abo-fuer-eine-familie\/#breadcrumb"},"inLanguage":"de","potentialAction":[{"@type":"ReadAction","target":["https:\/\/www.burrensmokehouse.com\/de\/produkt\/einfach-pur-12-monat-raeucherlachs-abo-fuer-eine-familie\/"]}]},{"@type":"ImageObject","inLanguage":"de","@id":"https:\/\/www.burrensmokehouse.com\/de\/produkt\/einfach-pur-12-monat-raeucherlachs-abo-fuer-eine-familie\/#primaryimage","url":"https:\/\/www.burrensmokehouse.com\/wp-content\/uploads\/2022\/02\/Plain___Simple_Monthly_delivery_for_a_Family_P2.jpeg","contentUrl":"https:\/\/www.burrensmokehouse.com\/wp-content\/uploads\/2022\/02\/Plain___Simple_Monthly_delivery_for_a_Family_P2.jpeg","width":800,"height":1000},{"@type":"BreadcrumbList","@id":"https:\/\/www.burrensmokehouse.com\/de\/produkt\/einfach-pur-12-monat-raeucherlachs-abo-fuer-eine-familie\/#breadcrumb","itemListElement":[{"@type":"ListItem","position":1,"name":"Home","item":"https:\/\/www.burrensmokehouse.com\/de\/"},{"@type":"ListItem","position":2,"name":"Einkaufen","item":"https:\/\/www.burrensmokehouse.com\/de\/einkaufen\/"},{"@type":"ListItem","position":3,"name":"Abo 12 Monate &#8211; &#8220;Einfach Pur&#8221; &#8211; f\u00fcr eine Familie"}]},{"@type":"WebSite","@id":"https:\/\/www.burrensmokehouse.com\/de\/#website","url":"https:\/\/www.burrensmokehouse.com\/de\/","name":"Burren Smokehouse","description":"","publisher":{"@id":"https:\/\/www.burrensmokehouse.com\/de\/#organization"},"potentialAction":[{"@type":"SearchAction","target":{"@type":"EntryPoint","urlTemplate":"https:\/\/www.burrensmokehouse.com\/de\/?s={search_term_string}"},"query-input":{"@type":"PropertyValueSpecification","valueRequired":true,"valueName":"search_term_string"}}],"inLanguage":"de"},{"@type":"Organization","@id":"https:\/\/www.burrensmokehouse.com\/de\/#organization","name":"Burren Smokehouse","url":"https:\/\/www.burrensmokehouse.com\/de\/","logo":{"@type":"ImageObject","inLanguage":"de","@id":"https:\/\/www.burrensmokehouse.com\/de\/#\/schema\/logo\/image\/","url":"https:\/\/www.burrensmokehouse.com\/wp-content\/uploads\/2021\/07\/logo.png","contentUrl":"https:\/\/www.burrensmokehouse.com\/wp-content\/uploads\/2021\/07\/logo.png","width":432,"height":99,"caption":"Burren Smokehouse"},"image":{"@id":"https:\/\/www.burrensmokehouse.com\/de\/#\/schema\/logo\/image\/"}}]}},"_links":{"self":[{"href":"https:\/\/www.burrensmokehouse.com\/de\/wp-json\/wp\/v2\/product\/12618","targetHints":{"allow":["GET"]}}],"collection":[{"href":"https:\/\/www.burrensmokehouse.com\/de\/wp-json\/wp\/v2\/product"}],"about":[{"href":"https:\/\/www.burrensmokehouse.com\/de\/wp-json\/wp\/v2\/types\/product"}],"replies":[{"embeddable":true,"href":"https:\/\/www.burrensmokehouse.com\/de\/wp-json\/wp\/v2\/comments?post=12618"}],"wp:featuredmedia":[{"embeddable":true,"href":"https:\/\/www.burrensmokehouse.com\/de\/wp-json\/wp\/v2\/media\/6700"}],"wp:attachment":[{"href":"https:\/\/www.burrensmokehouse.com\/de\/wp-json\/wp\/v2\/media?parent=12618"}],"wp:term":[{"taxonomy":"product_brand","embeddable":true,"href":"https:\/\/www.burrensmokehouse.com\/de\/wp-json\/wp\/v2\/product_brand?post=12618"},{"taxonomy":"product_cat","embeddable":true,"href":"https:\/\/www.burrensmokehouse.com\/de\/wp-json\/wp\/v2\/product_cat?post=12618"},{"taxonomy":"product_tag","embeddable":true,"href":"https:\/\/www.burrensmokehouse.com\/de\/wp-json\/wp\/v2\/product_tag?post=12618"}],"curies":[{"name":"wp","href":"https:\/\/api.w.org\/{rel}","templated":true}]}}