{"id":12631,"date":"2022-02-11T12:08:49","date_gmt":"2022-06-16T09:37:31","guid":{"rendered":"https:\/\/www.burrensmokehouse.com\/product\/19-der-burren-korb-gross\/"},"modified":"2025-09-22T17:08:54","modified_gmt":"2025-09-22T16:08:54","slug":"burren-korb-gross","status":"publish","type":"product","link":"https:\/\/www.burrensmokehouse.com\/de\/produkt\/burren-korb-gross\/","title":{"rendered":"Der Burren-Korb \u2013 Gro\u00df"},"content":{"rendered":"<p>In diesem Pr\u00e4sentkarton, einer Variation des Burren-Korbs \u2013 Mittelgross, haben wir Produkte zusammengestellt, die im Burren \u2013 von Mitgliedern des Burren Food Trail \u2013 hergestellt wurden.<\/p>\n<p>Der Burren Food Trail ist Teil des Burren Ecotourism Network.<\/p>\n<p>Dieser Korb enth\u00e4lt:<\/p>\n<ul>\n<li>180 g klassischer Irischer Bio-Kaltrauchlachs<\/li>\n<li>140 g Irischer Bio-Heissrauchlachs mit Honig, Zitrone &amp; Pfeffer<\/li>\n<li>500 g Rolle von St. Tola Ziegenk\u00e4se, bedeckt mit essbarer Asche-Ummantelung<\/li>\n<li>ca. 220 g Burren Gold Gouda mit Knoblauch und Brennnessel von der Aillwee Cave<\/li>\n<li>450 g Packung Black and White Pudding (Gr\u00fctzwurst \u00e4hnlich wie Knipp, und Blutwurst) vom Market House (enth\u00e4lt Gluten)<\/li>\n<li>220-g-Glas Rote-Bete-Chutney<\/li>\n<li>225-g-Glas Burren Whiskey Orangenmarmelade, beides von Burren Fine Wine &amp; Food<\/li>\n<li>280 g Brotmischung (Brown Bread) von Doolin Pantry, Cliffs of Moher<\/li>\n<li>285 g Granola (ger\u00f6stetes M\u00fcsli) von Slieve Elva B&amp;B<\/li>\n<li>Fotobuch \u201cThis is the Burren\u201d von Carsten Krieger<\/li>\n<\/ul>\n<p>Bitte beachten Sie, dass wir diesen Pr\u00e4sentkorb nur in L\u00e4nder verschicken k\u00f6nnen, wo wir innerhalb von 24 Stunden anliefern k\u00f6nnen: Irland, Nordirland, und Zentraleuropa. Wir k\u00f6nnen ihn also nicht in die USA, Kanada, Japan, Hong Kong etc. verschicken.<\/p>\n<p>Dieses Produkt k\u00f6nnen wir nach Nordirland, aber leider nicht nach Grossbritannien versenden.<\/p>\n<p>&#8211; Vorbehaltlich Verf\u00fcgbarkeit aller hier aufgef\u00fchrten Produkte. Sollte ein Artikel nicht verf\u00fcgbar sein, werden wir einen geeigneten und preisgleichen Ersatz liefern &#8211;<\/p>\n","protected":false},"excerpt":{"rendered":"<p>Handwerklich hergestellte K\u00f6stlichkeiten aus dem Burren in einem Pr\u00e4sentkarton.<\/p>\n<p>Bitte beachten Sie, dass wir diesen Pr\u00e4sentkorb nur in L\u00e4nder verschicken k\u00f6nnen, wo wir innerhalb von 24 Stunden anliefern k\u00f6nnen: Irland, Nordirland, und Zentraleuropa. Wir k\u00f6nnen ihn also nicht in die USA, Kanada, Japan, Hong Kong etc. verschicken.<\/p>\n<p>Dieses Produkt k\u00f6nnen wir nach Nordirland, aber leider nicht nach Grossbritannien versenden.<\/p>\n<p><strong>Warum sind die Preise auf der Webseite h\u00f6her als im Katalog?<\/strong><br \/>\nF\u00fcr Exporte in EU-L\u00e4nder m\u00fcssen wir leider die in dem Bestimmungsland \u00fcblichen MwSt.-S\u00e4tze f\u00fcr die jeweiligen Produkte berechnen und abf\u00fchren. Dies ist seit einiger Zeit Gesetz auf EU-Basis und gilt f\u00fcr alle L\u00e4nder in der EU.<br \/>\nDieser Mehrwertsteuersatz ist bereits in den Preisen auf der Website enthalten. Aus diesem Grund gibt es einen Unterschied zwischen den Preisen im Katalog und auf der Website. Bis vor kurzem hat die Website die Mehrwertsteuer am Ende des Bestellvorgangs hinzugef\u00fcgt, aber das Ergebnis ist dasselbe.<br \/>\nWir haben es zwar nicht auf dem Bestellformular geschrieben, aber das gleiche gilt nat\u00fcrlich auch f\u00fcr Auftr\u00e4ge, die per Email oder telefonisch bei uns eingehen.<\/p>\n","protected":false},"featured_media":24640,"comment_status":"open","ping_status":"closed","template":"","meta":{"_acf_changed":false,"om_disable_all_campaigns":false},"product_brand":[],"product_cat":[168],"product_tag":[],"class_list":{"0":"post-12631","1":"product","2":"type-product","3":"status-publish","4":"has-post-thumbnail","6":"product_cat-gift-ideas-hampers-de","8":"first","9":"instock","10":"taxable","11":"shipping-taxable","12":"purchasable","13":"product-type-simple"},"acf":[],"yoast_head":"<!-- This site is optimized with the Yoast SEO plugin v27.3 - https:\/\/yoast.com\/product\/yoast-seo-wordpress\/ -->\n<title>Der Burren-Korb \u2013 Gro\u00df - Burren Smokehouse<\/title>\n<meta name=\"robots\" content=\"index, follow, max-snippet:-1, max-image-preview:large, max-video-preview:-1\" \/>\n<link rel=\"canonical\" href=\"https:\/\/www.burrensmokehouse.com\/de\/produkt\/burren-korb-gross\/\" \/>\n<meta property=\"og:locale\" content=\"de_DE\" \/>\n<meta property=\"og:type\" content=\"article\" \/>\n<meta property=\"og:title\" content=\"Der Burren-Korb \u2013 Gro\u00df - Burren Smokehouse\" \/>\n<meta property=\"og:description\" content=\"Handwerklich hergestellte K\u00f6stlichkeiten aus dem Burren in einem Pr\u00e4sentkarton.  Bitte beachten Sie, dass wir diesen Pr\u00e4sentkorb nur in L\u00e4nder verschicken k\u00f6nnen, wo wir innerhalb von 24 Stunden anliefern k\u00f6nnen: Irland, Nordirland, und Zentraleuropa. Wir k\u00f6nnen ihn also nicht in die USA, Kanada, Japan, Hong Kong etc. verschicken.  Dieses Produkt k\u00f6nnen wir nach Nordirland, aber leider nicht nach Grossbritannien versenden.  Warum sind die Preise auf der Webseite h\u00f6her als im Katalog? F\u00fcr Exporte in EU-L\u00e4nder m\u00fcssen wir leider die in dem Bestimmungsland \u00fcblichen MwSt.-S\u00e4tze f\u00fcr die jeweiligen Produkte berechnen und abf\u00fchren. Dies ist seit einiger Zeit Gesetz auf EU-Basis und gilt f\u00fcr alle L\u00e4nder in der EU. Dieser Mehrwertsteuersatz ist bereits in den Preisen auf der Website enthalten. Aus diesem Grund gibt es einen Unterschied zwischen den Preisen im Katalog und auf der Website. Bis vor kurzem hat die Website die Mehrwertsteuer am Ende des Bestellvorgangs hinzugef\u00fcgt, aber das Ergebnis ist dasselbe. Wir haben es zwar nicht auf dem Bestellformular geschrieben, aber das gleiche gilt nat\u00fcrlich auch f\u00fcr Auftr\u00e4ge, die per Email oder telefonisch bei uns eingehen.\" \/>\n<meta property=\"og:url\" content=\"https:\/\/www.burrensmokehouse.com\/de\/produkt\/burren-korb-gross\/\" \/>\n<meta property=\"og:site_name\" content=\"Burren Smokehouse\" \/>\n<meta property=\"article:modified_time\" content=\"2025-09-22T16:08:54+00:00\" \/>\n<meta property=\"og:image\" content=\"https:\/\/www.burrensmokehouse.com\/wp-content\/uploads\/2022\/02\/15-Burren-Basket-Large-BBASKETLARGE-\u00a9-Anita-Murphy-2025-1200px.jpg\" \/>\n\t<meta property=\"og:image:width\" content=\"1200\" \/>\n\t<meta property=\"og:image:height\" content=\"798\" \/>\n\t<meta property=\"og:image:type\" content=\"image\/jpeg\" \/>\n<meta name=\"twitter:card\" content=\"summary_large_image\" \/>\n<meta name=\"twitter:label1\" content=\"Gesch\u00e4tzte Lesezeit\" \/>\n\t<meta name=\"twitter:data1\" content=\"2\u00a0Minuten\" \/>\n<script type=\"application\/ld+json\" class=\"yoast-schema-graph\">{\"@context\":\"https:\\\/\\\/schema.org\",\"@graph\":[{\"@type\":\"WebPage\",\"@id\":\"https:\\\/\\\/www.burrensmokehouse.com\\\/de\\\/produkt\\\/burren-korb-gross\\\/\",\"url\":\"https:\\\/\\\/www.burrensmokehouse.com\\\/de\\\/produkt\\\/burren-korb-gross\\\/\",\"name\":\"Der Burren-Korb \u2013 Gro\u00df - Burren Smokehouse\",\"isPartOf\":{\"@id\":\"https:\\\/\\\/www.burrensmokehouse.com\\\/de\\\/#website\"},\"primaryImageOfPage\":{\"@id\":\"https:\\\/\\\/www.burrensmokehouse.com\\\/de\\\/produkt\\\/burren-korb-gross\\\/#primaryimage\"},\"image\":{\"@id\":\"https:\\\/\\\/www.burrensmokehouse.com\\\/de\\\/produkt\\\/burren-korb-gross\\\/#primaryimage\"},\"thumbnailUrl\":\"https:\\\/\\\/www.burrensmokehouse.com\\\/wp-content\\\/uploads\\\/2022\\\/02\\\/15-Burren-Basket-Large-BBASKETLARGE-\u00a9-Anita-Murphy-2025-1200px.jpg\",\"datePublished\":\"2022-06-16T09:37:31+00:00\",\"dateModified\":\"2025-09-22T16:08:54+00:00\",\"breadcrumb\":{\"@id\":\"https:\\\/\\\/www.burrensmokehouse.com\\\/de\\\/produkt\\\/burren-korb-gross\\\/#breadcrumb\"},\"inLanguage\":\"de\",\"potentialAction\":[{\"@type\":\"ReadAction\",\"target\":[\"https:\\\/\\\/www.burrensmokehouse.com\\\/de\\\/produkt\\\/burren-korb-gross\\\/\"]}]},{\"@type\":\"ImageObject\",\"inLanguage\":\"de\",\"@id\":\"https:\\\/\\\/www.burrensmokehouse.com\\\/de\\\/produkt\\\/burren-korb-gross\\\/#primaryimage\",\"url\":\"https:\\\/\\\/www.burrensmokehouse.com\\\/wp-content\\\/uploads\\\/2022\\\/02\\\/15-Burren-Basket-Large-BBASKETLARGE-\u00a9-Anita-Murphy-2025-1200px.jpg\",\"contentUrl\":\"https:\\\/\\\/www.burrensmokehouse.com\\\/wp-content\\\/uploads\\\/2022\\\/02\\\/15-Burren-Basket-Large-BBASKETLARGE-\u00a9-Anita-Murphy-2025-1200px.jpg\",\"width\":1200,\"height\":798,\"caption\":\"Burren Basket Large Burren Smokehouse gift hamper BBASKETLARGE\"},{\"@type\":\"BreadcrumbList\",\"@id\":\"https:\\\/\\\/www.burrensmokehouse.com\\\/de\\\/produkt\\\/burren-korb-gross\\\/#breadcrumb\",\"itemListElement\":[{\"@type\":\"ListItem\",\"position\":1,\"name\":\"Home\",\"item\":\"https:\\\/\\\/www.burrensmokehouse.com\\\/de\\\/\"},{\"@type\":\"ListItem\",\"position\":2,\"name\":\"Einkaufen\",\"item\":\"https:\\\/\\\/www.burrensmokehouse.com\\\/de\\\/einkaufen\\\/\"},{\"@type\":\"ListItem\",\"position\":3,\"name\":\"Der Burren-Korb \u2013 Gro\u00df\"}]},{\"@type\":\"WebSite\",\"@id\":\"https:\\\/\\\/www.burrensmokehouse.com\\\/de\\\/#website\",\"url\":\"https:\\\/\\\/www.burrensmokehouse.com\\\/de\\\/\",\"name\":\"Burren Smokehouse\",\"description\":\"\",\"publisher\":{\"@id\":\"https:\\\/\\\/www.burrensmokehouse.com\\\/de\\\/#organization\"},\"potentialAction\":[{\"@type\":\"SearchAction\",\"target\":{\"@type\":\"EntryPoint\",\"urlTemplate\":\"https:\\\/\\\/www.burrensmokehouse.com\\\/de\\\/?s={search_term_string}\"},\"query-input\":{\"@type\":\"PropertyValueSpecification\",\"valueRequired\":true,\"valueName\":\"search_term_string\"}}],\"inLanguage\":\"de\"},{\"@type\":\"Organization\",\"@id\":\"https:\\\/\\\/www.burrensmokehouse.com\\\/de\\\/#organization\",\"name\":\"Burren Smokehouse\",\"url\":\"https:\\\/\\\/www.burrensmokehouse.com\\\/de\\\/\",\"logo\":{\"@type\":\"ImageObject\",\"inLanguage\":\"de\",\"@id\":\"https:\\\/\\\/www.burrensmokehouse.com\\\/de\\\/#\\\/schema\\\/logo\\\/image\\\/\",\"url\":\"https:\\\/\\\/www.burrensmokehouse.com\\\/wp-content\\\/uploads\\\/2021\\\/07\\\/logo.png\",\"contentUrl\":\"https:\\\/\\\/www.burrensmokehouse.com\\\/wp-content\\\/uploads\\\/2021\\\/07\\\/logo.png\",\"width\":432,\"height\":99,\"caption\":\"Burren Smokehouse\"},\"image\":{\"@id\":\"https:\\\/\\\/www.burrensmokehouse.com\\\/de\\\/#\\\/schema\\\/logo\\\/image\\\/\"}}]}<\/script>\n<!-- \/ Yoast SEO plugin. -->","yoast_head_json":{"title":"Der Burren-Korb \u2013 Gro\u00df - Burren Smokehouse","robots":{"index":"index","follow":"follow","max-snippet":"max-snippet:-1","max-image-preview":"max-image-preview:large","max-video-preview":"max-video-preview:-1"},"canonical":"https:\/\/www.burrensmokehouse.com\/de\/produkt\/burren-korb-gross\/","og_locale":"de_DE","og_type":"article","og_title":"Der Burren-Korb \u2013 Gro\u00df - Burren Smokehouse","og_description":"Handwerklich hergestellte K\u00f6stlichkeiten aus dem Burren in einem Pr\u00e4sentkarton.  Bitte beachten Sie, dass wir diesen Pr\u00e4sentkorb nur in L\u00e4nder verschicken k\u00f6nnen, wo wir innerhalb von 24 Stunden anliefern k\u00f6nnen: Irland, Nordirland, und Zentraleuropa. Wir k\u00f6nnen ihn also nicht in die USA, Kanada, Japan, Hong Kong etc. verschicken.  Dieses Produkt k\u00f6nnen wir nach Nordirland, aber leider nicht nach Grossbritannien versenden.  Warum sind die Preise auf der Webseite h\u00f6her als im Katalog? F\u00fcr Exporte in EU-L\u00e4nder m\u00fcssen wir leider die in dem Bestimmungsland \u00fcblichen MwSt.-S\u00e4tze f\u00fcr die jeweiligen Produkte berechnen und abf\u00fchren. Dies ist seit einiger Zeit Gesetz auf EU-Basis und gilt f\u00fcr alle L\u00e4nder in der EU. Dieser Mehrwertsteuersatz ist bereits in den Preisen auf der Website enthalten. Aus diesem Grund gibt es einen Unterschied zwischen den Preisen im Katalog und auf der Website. Bis vor kurzem hat die Website die Mehrwertsteuer am Ende des Bestellvorgangs hinzugef\u00fcgt, aber das Ergebnis ist dasselbe. Wir haben es zwar nicht auf dem Bestellformular geschrieben, aber das gleiche gilt nat\u00fcrlich auch f\u00fcr Auftr\u00e4ge, die per Email oder telefonisch bei uns eingehen.","og_url":"https:\/\/www.burrensmokehouse.com\/de\/produkt\/burren-korb-gross\/","og_site_name":"Burren Smokehouse","article_modified_time":"2025-09-22T16:08:54+00:00","og_image":[{"width":1200,"height":798,"url":"https:\/\/www.burrensmokehouse.com\/wp-content\/uploads\/2022\/02\/15-Burren-Basket-Large-BBASKETLARGE-\u00a9-Anita-Murphy-2025-1200px.jpg","type":"image\/jpeg"}],"twitter_card":"summary_large_image","twitter_misc":{"Gesch\u00e4tzte Lesezeit":"2\u00a0Minuten"},"schema":{"@context":"https:\/\/schema.org","@graph":[{"@type":"WebPage","@id":"https:\/\/www.burrensmokehouse.com\/de\/produkt\/burren-korb-gross\/","url":"https:\/\/www.burrensmokehouse.com\/de\/produkt\/burren-korb-gross\/","name":"Der Burren-Korb \u2013 Gro\u00df - Burren Smokehouse","isPartOf":{"@id":"https:\/\/www.burrensmokehouse.com\/de\/#website"},"primaryImageOfPage":{"@id":"https:\/\/www.burrensmokehouse.com\/de\/produkt\/burren-korb-gross\/#primaryimage"},"image":{"@id":"https:\/\/www.burrensmokehouse.com\/de\/produkt\/burren-korb-gross\/#primaryimage"},"thumbnailUrl":"https:\/\/www.burrensmokehouse.com\/wp-content\/uploads\/2022\/02\/15-Burren-Basket-Large-BBASKETLARGE-\u00a9-Anita-Murphy-2025-1200px.jpg","datePublished":"2022-06-16T09:37:31+00:00","dateModified":"2025-09-22T16:08:54+00:00","breadcrumb":{"@id":"https:\/\/www.burrensmokehouse.com\/de\/produkt\/burren-korb-gross\/#breadcrumb"},"inLanguage":"de","potentialAction":[{"@type":"ReadAction","target":["https:\/\/www.burrensmokehouse.com\/de\/produkt\/burren-korb-gross\/"]}]},{"@type":"ImageObject","inLanguage":"de","@id":"https:\/\/www.burrensmokehouse.com\/de\/produkt\/burren-korb-gross\/#primaryimage","url":"https:\/\/www.burrensmokehouse.com\/wp-content\/uploads\/2022\/02\/15-Burren-Basket-Large-BBASKETLARGE-\u00a9-Anita-Murphy-2025-1200px.jpg","contentUrl":"https:\/\/www.burrensmokehouse.com\/wp-content\/uploads\/2022\/02\/15-Burren-Basket-Large-BBASKETLARGE-\u00a9-Anita-Murphy-2025-1200px.jpg","width":1200,"height":798,"caption":"Burren Basket Large Burren Smokehouse gift hamper BBASKETLARGE"},{"@type":"BreadcrumbList","@id":"https:\/\/www.burrensmokehouse.com\/de\/produkt\/burren-korb-gross\/#breadcrumb","itemListElement":[{"@type":"ListItem","position":1,"name":"Home","item":"https:\/\/www.burrensmokehouse.com\/de\/"},{"@type":"ListItem","position":2,"name":"Einkaufen","item":"https:\/\/www.burrensmokehouse.com\/de\/einkaufen\/"},{"@type":"ListItem","position":3,"name":"Der Burren-Korb \u2013 Gro\u00df"}]},{"@type":"WebSite","@id":"https:\/\/www.burrensmokehouse.com\/de\/#website","url":"https:\/\/www.burrensmokehouse.com\/de\/","name":"Burren Smokehouse","description":"","publisher":{"@id":"https:\/\/www.burrensmokehouse.com\/de\/#organization"},"potentialAction":[{"@type":"SearchAction","target":{"@type":"EntryPoint","urlTemplate":"https:\/\/www.burrensmokehouse.com\/de\/?s={search_term_string}"},"query-input":{"@type":"PropertyValueSpecification","valueRequired":true,"valueName":"search_term_string"}}],"inLanguage":"de"},{"@type":"Organization","@id":"https:\/\/www.burrensmokehouse.com\/de\/#organization","name":"Burren Smokehouse","url":"https:\/\/www.burrensmokehouse.com\/de\/","logo":{"@type":"ImageObject","inLanguage":"de","@id":"https:\/\/www.burrensmokehouse.com\/de\/#\/schema\/logo\/image\/","url":"https:\/\/www.burrensmokehouse.com\/wp-content\/uploads\/2021\/07\/logo.png","contentUrl":"https:\/\/www.burrensmokehouse.com\/wp-content\/uploads\/2021\/07\/logo.png","width":432,"height":99,"caption":"Burren Smokehouse"},"image":{"@id":"https:\/\/www.burrensmokehouse.com\/de\/#\/schema\/logo\/image\/"}}]}},"_links":{"self":[{"href":"https:\/\/www.burrensmokehouse.com\/de\/wp-json\/wp\/v2\/product\/12631","targetHints":{"allow":["GET"]}}],"collection":[{"href":"https:\/\/www.burrensmokehouse.com\/de\/wp-json\/wp\/v2\/product"}],"about":[{"href":"https:\/\/www.burrensmokehouse.com\/de\/wp-json\/wp\/v2\/types\/product"}],"replies":[{"embeddable":true,"href":"https:\/\/www.burrensmokehouse.com\/de\/wp-json\/wp\/v2\/comments?post=12631"}],"wp:featuredmedia":[{"embeddable":true,"href":"https:\/\/www.burrensmokehouse.com\/de\/wp-json\/wp\/v2\/media\/24640"}],"wp:attachment":[{"href":"https:\/\/www.burrensmokehouse.com\/de\/wp-json\/wp\/v2\/media?parent=12631"}],"wp:term":[{"taxonomy":"product_brand","embeddable":true,"href":"https:\/\/www.burrensmokehouse.com\/de\/wp-json\/wp\/v2\/product_brand?post=12631"},{"taxonomy":"product_cat","embeddable":true,"href":"https:\/\/www.burrensmokehouse.com\/de\/wp-json\/wp\/v2\/product_cat?post=12631"},{"taxonomy":"product_tag","embeddable":true,"href":"https:\/\/www.burrensmokehouse.com\/de\/wp-json\/wp\/v2\/product_tag?post=12631"}],"curies":[{"name":"wp","href":"https:\/\/api.w.org\/{rel}","templated":true}]}}