{"id":12644,"date":"2022-02-11T12:08:22","date_gmt":"2022-06-16T09:43:38","guid":{"rendered":"https:\/\/www.burrensmokehouse.com\/product\/11-burren-geraeucherte-wilde-makrele-gewuerzt\/"},"modified":"2025-07-09T11:55:54","modified_gmt":"2025-07-09T10:55:54","slug":"geraeucherte-wilde-makrele-gewuerzt","status":"publish","type":"product","link":"https:\/\/www.burrensmokehouse.com\/de\/produkt\/geraeucherte-wilde-makrele-gewuerzt\/","title":{"rendered":"Ger\u00e4ucherte Wilde Makrele \u2013 gew\u00fcrzt"},"content":{"rendered":"<p>Unsere Makrelen werden vor der Atlantikk\u00fcste Irlands gefischt.<\/p>\n<p>Sie stecken voller gesunder unges\u00e4ttigter Omega-3-Fetts\u00e4uren. Makrele ist eines der Lebensmittel, das den h\u00f6chsten Anteil an diesem gesundheitsf\u00f6rdernden \u00d6l hat.<\/p>\n<p>Wir r\u00e4uchern Makrelen hei\u00df, um den k\u00f6stlichen Geschmack optimal herauszubringen.<\/p>\n<p>Jede Packung enth\u00e4lt 2 Filets von insgesamt ca. 150 g.<\/p>\n<p>* Die Gew\u00fcrzmischung enth\u00e4lt Paprika, <strong>Senf (gelb)<\/strong> , Zwiebeln, schwarzen Pfeffer, Oregano, Majoran und Chili, und kann Spuren von <strong>Sesamsamen<\/strong> und <b>N\u00fcssen <\/b>enthalten.<\/p>\n","protected":false},"excerpt":{"rendered":"<p>Die Wilde Makrele enth\u00e4lt einen sehr hohen Anteil an Omega-3-Fetts\u00e4uren. Jede Packung enth\u00e4lt 2 Filets von insgesamt etwa 150 g.<\/p>\n<p>Enth\u00e4lt Allergene &#8211; siehe &#8222;Beschreibung&#8220;.<\/p>\n","protected":false},"featured_media":6583,"comment_status":"open","ping_status":"closed","template":"","meta":{"_acf_changed":false,"om_disable_all_campaigns":false},"product_brand":[],"product_cat":[322],"product_tag":[],"class_list":{"0":"post-12644","1":"product","2":"type-product","3":"status-publish","4":"has-post-thumbnail","6":"product_cat-geraucherte-forelle-makrele","8":"first","9":"instock","10":"taxable","11":"shipping-taxable","12":"purchasable","13":"product-type-simple"},"acf":[],"yoast_head":"<!-- This site is optimized with the Yoast SEO plugin v27.3 - https:\/\/yoast.com\/product\/yoast-seo-wordpress\/ -->\n<title>Ger\u00e4ucherte Wilde Makrele \u2013 gew\u00fcrzt - Burren Smokehouse<\/title>\n<meta name=\"robots\" content=\"index, follow, max-snippet:-1, max-image-preview:large, max-video-preview:-1\" \/>\n<link rel=\"canonical\" href=\"https:\/\/www.burrensmokehouse.com\/de\/produkt\/geraeucherte-wilde-makrele-gewuerzt\/\" \/>\n<meta property=\"og:locale\" content=\"de_DE\" \/>\n<meta property=\"og:type\" content=\"article\" \/>\n<meta property=\"og:title\" content=\"Ger\u00e4ucherte Wilde Makrele \u2013 gew\u00fcrzt - Burren Smokehouse\" \/>\n<meta property=\"og:description\" content=\"Die Wilde Makrele enth\u00e4lt einen sehr hohen Anteil an Omega-3-Fetts\u00e4uren. Jede Packung enth\u00e4lt 2 Filets von insgesamt etwa 150 g.  Enth\u00e4lt Allergene - siehe &quot;Beschreibung&quot;.\" \/>\n<meta property=\"og:url\" content=\"https:\/\/www.burrensmokehouse.com\/de\/produkt\/geraeucherte-wilde-makrele-gewuerzt\/\" \/>\n<meta property=\"og:site_name\" content=\"Burren Smokehouse\" \/>\n<meta property=\"article:modified_time\" content=\"2025-07-09T10:55:54+00:00\" \/>\n<meta property=\"og:image\" content=\"https:\/\/www.burrensmokehouse.com\/wp-content\/uploads\/2022\/02\/Burren_Smoked_Spiced_Mackerel_P1.jpeg\" \/>\n\t<meta property=\"og:image:width\" content=\"800\" \/>\n\t<meta property=\"og:image:height\" content=\"1000\" \/>\n\t<meta property=\"og:image:type\" content=\"image\/jpeg\" \/>\n<meta name=\"twitter:card\" content=\"summary_large_image\" \/>\n<meta name=\"twitter:label1\" content=\"Gesch\u00e4tzte Lesezeit\" \/>\n\t<meta name=\"twitter:data1\" content=\"1\u00a0Minute\" \/>\n<script type=\"application\/ld+json\" class=\"yoast-schema-graph\">{\"@context\":\"https:\\\/\\\/schema.org\",\"@graph\":[{\"@type\":\"WebPage\",\"@id\":\"https:\\\/\\\/www.burrensmokehouse.com\\\/de\\\/produkt\\\/geraeucherte-wilde-makrele-gewuerzt\\\/\",\"url\":\"https:\\\/\\\/www.burrensmokehouse.com\\\/de\\\/produkt\\\/geraeucherte-wilde-makrele-gewuerzt\\\/\",\"name\":\"Ger\u00e4ucherte Wilde Makrele \u2013 gew\u00fcrzt - Burren Smokehouse\",\"isPartOf\":{\"@id\":\"https:\\\/\\\/www.burrensmokehouse.com\\\/de\\\/#website\"},\"primaryImageOfPage\":{\"@id\":\"https:\\\/\\\/www.burrensmokehouse.com\\\/de\\\/produkt\\\/geraeucherte-wilde-makrele-gewuerzt\\\/#primaryimage\"},\"image\":{\"@id\":\"https:\\\/\\\/www.burrensmokehouse.com\\\/de\\\/produkt\\\/geraeucherte-wilde-makrele-gewuerzt\\\/#primaryimage\"},\"thumbnailUrl\":\"https:\\\/\\\/www.burrensmokehouse.com\\\/wp-content\\\/uploads\\\/2022\\\/02\\\/Burren_Smoked_Spiced_Mackerel_P1.jpeg\",\"datePublished\":\"2022-06-16T09:43:38+00:00\",\"dateModified\":\"2025-07-09T10:55:54+00:00\",\"breadcrumb\":{\"@id\":\"https:\\\/\\\/www.burrensmokehouse.com\\\/de\\\/produkt\\\/geraeucherte-wilde-makrele-gewuerzt\\\/#breadcrumb\"},\"inLanguage\":\"de\",\"potentialAction\":[{\"@type\":\"ReadAction\",\"target\":[\"https:\\\/\\\/www.burrensmokehouse.com\\\/de\\\/produkt\\\/geraeucherte-wilde-makrele-gewuerzt\\\/\"]}]},{\"@type\":\"ImageObject\",\"inLanguage\":\"de\",\"@id\":\"https:\\\/\\\/www.burrensmokehouse.com\\\/de\\\/produkt\\\/geraeucherte-wilde-makrele-gewuerzt\\\/#primaryimage\",\"url\":\"https:\\\/\\\/www.burrensmokehouse.com\\\/wp-content\\\/uploads\\\/2022\\\/02\\\/Burren_Smoked_Spiced_Mackerel_P1.jpeg\",\"contentUrl\":\"https:\\\/\\\/www.burrensmokehouse.com\\\/wp-content\\\/uploads\\\/2022\\\/02\\\/Burren_Smoked_Spiced_Mackerel_P1.jpeg\",\"width\":800,\"height\":1000},{\"@type\":\"BreadcrumbList\",\"@id\":\"https:\\\/\\\/www.burrensmokehouse.com\\\/de\\\/produkt\\\/geraeucherte-wilde-makrele-gewuerzt\\\/#breadcrumb\",\"itemListElement\":[{\"@type\":\"ListItem\",\"position\":1,\"name\":\"Home\",\"item\":\"https:\\\/\\\/www.burrensmokehouse.com\\\/de\\\/\"},{\"@type\":\"ListItem\",\"position\":2,\"name\":\"Einkaufen\",\"item\":\"https:\\\/\\\/www.burrensmokehouse.com\\\/de\\\/einkaufen\\\/\"},{\"@type\":\"ListItem\",\"position\":3,\"name\":\"Ger\u00e4ucherte Wilde Makrele \u2013 gew\u00fcrzt\"}]},{\"@type\":\"WebSite\",\"@id\":\"https:\\\/\\\/www.burrensmokehouse.com\\\/de\\\/#website\",\"url\":\"https:\\\/\\\/www.burrensmokehouse.com\\\/de\\\/\",\"name\":\"Burren Smokehouse\",\"description\":\"\",\"publisher\":{\"@id\":\"https:\\\/\\\/www.burrensmokehouse.com\\\/de\\\/#organization\"},\"potentialAction\":[{\"@type\":\"SearchAction\",\"target\":{\"@type\":\"EntryPoint\",\"urlTemplate\":\"https:\\\/\\\/www.burrensmokehouse.com\\\/de\\\/?s={search_term_string}\"},\"query-input\":{\"@type\":\"PropertyValueSpecification\",\"valueRequired\":true,\"valueName\":\"search_term_string\"}}],\"inLanguage\":\"de\"},{\"@type\":\"Organization\",\"@id\":\"https:\\\/\\\/www.burrensmokehouse.com\\\/de\\\/#organization\",\"name\":\"Burren Smokehouse\",\"url\":\"https:\\\/\\\/www.burrensmokehouse.com\\\/de\\\/\",\"logo\":{\"@type\":\"ImageObject\",\"inLanguage\":\"de\",\"@id\":\"https:\\\/\\\/www.burrensmokehouse.com\\\/de\\\/#\\\/schema\\\/logo\\\/image\\\/\",\"url\":\"https:\\\/\\\/www.burrensmokehouse.com\\\/wp-content\\\/uploads\\\/2021\\\/07\\\/logo.png\",\"contentUrl\":\"https:\\\/\\\/www.burrensmokehouse.com\\\/wp-content\\\/uploads\\\/2021\\\/07\\\/logo.png\",\"width\":432,\"height\":99,\"caption\":\"Burren Smokehouse\"},\"image\":{\"@id\":\"https:\\\/\\\/www.burrensmokehouse.com\\\/de\\\/#\\\/schema\\\/logo\\\/image\\\/\"}}]}<\/script>\n<!-- \/ Yoast SEO plugin. -->","yoast_head_json":{"title":"Ger\u00e4ucherte Wilde Makrele \u2013 gew\u00fcrzt - Burren Smokehouse","robots":{"index":"index","follow":"follow","max-snippet":"max-snippet:-1","max-image-preview":"max-image-preview:large","max-video-preview":"max-video-preview:-1"},"canonical":"https:\/\/www.burrensmokehouse.com\/de\/produkt\/geraeucherte-wilde-makrele-gewuerzt\/","og_locale":"de_DE","og_type":"article","og_title":"Ger\u00e4ucherte Wilde Makrele \u2013 gew\u00fcrzt - Burren Smokehouse","og_description":"Die Wilde Makrele enth\u00e4lt einen sehr hohen Anteil an Omega-3-Fetts\u00e4uren. Jede Packung enth\u00e4lt 2 Filets von insgesamt etwa 150 g.  Enth\u00e4lt Allergene - siehe \"Beschreibung\".","og_url":"https:\/\/www.burrensmokehouse.com\/de\/produkt\/geraeucherte-wilde-makrele-gewuerzt\/","og_site_name":"Burren Smokehouse","article_modified_time":"2025-07-09T10:55:54+00:00","og_image":[{"width":800,"height":1000,"url":"https:\/\/www.burrensmokehouse.com\/wp-content\/uploads\/2022\/02\/Burren_Smoked_Spiced_Mackerel_P1.jpeg","type":"image\/jpeg"}],"twitter_card":"summary_large_image","twitter_misc":{"Gesch\u00e4tzte Lesezeit":"1\u00a0Minute"},"schema":{"@context":"https:\/\/schema.org","@graph":[{"@type":"WebPage","@id":"https:\/\/www.burrensmokehouse.com\/de\/produkt\/geraeucherte-wilde-makrele-gewuerzt\/","url":"https:\/\/www.burrensmokehouse.com\/de\/produkt\/geraeucherte-wilde-makrele-gewuerzt\/","name":"Ger\u00e4ucherte Wilde Makrele \u2013 gew\u00fcrzt - Burren Smokehouse","isPartOf":{"@id":"https:\/\/www.burrensmokehouse.com\/de\/#website"},"primaryImageOfPage":{"@id":"https:\/\/www.burrensmokehouse.com\/de\/produkt\/geraeucherte-wilde-makrele-gewuerzt\/#primaryimage"},"image":{"@id":"https:\/\/www.burrensmokehouse.com\/de\/produkt\/geraeucherte-wilde-makrele-gewuerzt\/#primaryimage"},"thumbnailUrl":"https:\/\/www.burrensmokehouse.com\/wp-content\/uploads\/2022\/02\/Burren_Smoked_Spiced_Mackerel_P1.jpeg","datePublished":"2022-06-16T09:43:38+00:00","dateModified":"2025-07-09T10:55:54+00:00","breadcrumb":{"@id":"https:\/\/www.burrensmokehouse.com\/de\/produkt\/geraeucherte-wilde-makrele-gewuerzt\/#breadcrumb"},"inLanguage":"de","potentialAction":[{"@type":"ReadAction","target":["https:\/\/www.burrensmokehouse.com\/de\/produkt\/geraeucherte-wilde-makrele-gewuerzt\/"]}]},{"@type":"ImageObject","inLanguage":"de","@id":"https:\/\/www.burrensmokehouse.com\/de\/produkt\/geraeucherte-wilde-makrele-gewuerzt\/#primaryimage","url":"https:\/\/www.burrensmokehouse.com\/wp-content\/uploads\/2022\/02\/Burren_Smoked_Spiced_Mackerel_P1.jpeg","contentUrl":"https:\/\/www.burrensmokehouse.com\/wp-content\/uploads\/2022\/02\/Burren_Smoked_Spiced_Mackerel_P1.jpeg","width":800,"height":1000},{"@type":"BreadcrumbList","@id":"https:\/\/www.burrensmokehouse.com\/de\/produkt\/geraeucherte-wilde-makrele-gewuerzt\/#breadcrumb","itemListElement":[{"@type":"ListItem","position":1,"name":"Home","item":"https:\/\/www.burrensmokehouse.com\/de\/"},{"@type":"ListItem","position":2,"name":"Einkaufen","item":"https:\/\/www.burrensmokehouse.com\/de\/einkaufen\/"},{"@type":"ListItem","position":3,"name":"Ger\u00e4ucherte Wilde Makrele \u2013 gew\u00fcrzt"}]},{"@type":"WebSite","@id":"https:\/\/www.burrensmokehouse.com\/de\/#website","url":"https:\/\/www.burrensmokehouse.com\/de\/","name":"Burren Smokehouse","description":"","publisher":{"@id":"https:\/\/www.burrensmokehouse.com\/de\/#organization"},"potentialAction":[{"@type":"SearchAction","target":{"@type":"EntryPoint","urlTemplate":"https:\/\/www.burrensmokehouse.com\/de\/?s={search_term_string}"},"query-input":{"@type":"PropertyValueSpecification","valueRequired":true,"valueName":"search_term_string"}}],"inLanguage":"de"},{"@type":"Organization","@id":"https:\/\/www.burrensmokehouse.com\/de\/#organization","name":"Burren Smokehouse","url":"https:\/\/www.burrensmokehouse.com\/de\/","logo":{"@type":"ImageObject","inLanguage":"de","@id":"https:\/\/www.burrensmokehouse.com\/de\/#\/schema\/logo\/image\/","url":"https:\/\/www.burrensmokehouse.com\/wp-content\/uploads\/2021\/07\/logo.png","contentUrl":"https:\/\/www.burrensmokehouse.com\/wp-content\/uploads\/2021\/07\/logo.png","width":432,"height":99,"caption":"Burren Smokehouse"},"image":{"@id":"https:\/\/www.burrensmokehouse.com\/de\/#\/schema\/logo\/image\/"}}]}},"_links":{"self":[{"href":"https:\/\/www.burrensmokehouse.com\/de\/wp-json\/wp\/v2\/product\/12644","targetHints":{"allow":["GET"]}}],"collection":[{"href":"https:\/\/www.burrensmokehouse.com\/de\/wp-json\/wp\/v2\/product"}],"about":[{"href":"https:\/\/www.burrensmokehouse.com\/de\/wp-json\/wp\/v2\/types\/product"}],"replies":[{"embeddable":true,"href":"https:\/\/www.burrensmokehouse.com\/de\/wp-json\/wp\/v2\/comments?post=12644"}],"wp:featuredmedia":[{"embeddable":true,"href":"https:\/\/www.burrensmokehouse.com\/de\/wp-json\/wp\/v2\/media\/6583"}],"wp:attachment":[{"href":"https:\/\/www.burrensmokehouse.com\/de\/wp-json\/wp\/v2\/media?parent=12644"}],"wp:term":[{"taxonomy":"product_brand","embeddable":true,"href":"https:\/\/www.burrensmokehouse.com\/de\/wp-json\/wp\/v2\/product_brand?post=12644"},{"taxonomy":"product_cat","embeddable":true,"href":"https:\/\/www.burrensmokehouse.com\/de\/wp-json\/wp\/v2\/product_cat?post=12644"},{"taxonomy":"product_tag","embeddable":true,"href":"https:\/\/www.burrensmokehouse.com\/de\/wp-json\/wp\/v2\/product_tag?post=12644"}],"curies":[{"name":"wp","href":"https:\/\/api.w.org\/{rel}","templated":true}]}}