{"id":12672,"date":"2022-02-11T12:07:52","date_gmt":"2022-06-16T09:55:37","guid":{"rendered":"https:\/\/www.burrensmokehouse.com\/product\/01-burren-classic-kaltgeraeucherter-irischer-bio-lachs\/"},"modified":"2025-11-10T07:46:53","modified_gmt":"2025-11-10T07:46:53","slug":"klassischer-kaltgeraeucherter-irischer-bio-lachs","status":"publish","type":"product","link":"https:\/\/www.burrensmokehouse.com\/de\/produkt\/klassischer-kaltgeraeucherter-irischer-bio-lachs\/","title":{"rendered":"Klassischer Irischer Bio-Kaltrauchlachs"},"content":{"rendered":"<p>Unser Bestseller, der klassische kaltger\u00e4ucherte Bio-Lachs, bietet den reinen Genuss von Lachs ger\u00e4uchert mit Eichenrauch ohne weitere Aromen, die von dem k\u00f6stlichen Geschmack ablenken k\u00f6nnten.<\/p>\n<p>Ger\u00e4uchert wird nach traditioneller irischer Art, dem Kaltr\u00e4uchern.<\/p>\n<p>Wir beziehen unseren Lachs ausschlie\u00dflich aus den klaren und sehr exponierten Gew\u00e4ssern der Westk\u00fcste Irlands.<\/p>\n<p><strong>Wenn Sie eine ganze, ungeschnittene Seite bestellen m\u00f6chten, w\u00e4hlen Sie bitte \u201e1300 g<\/strong>\u201c. Bitte beachten Sie, dass die Gewichte der ungeschnittenen Seiten variieren, das Mindestgewicht betr\u00e4gt 1,2 kg pro Seite.<\/p>\n<p>Nur die ganze Seite ist in der ungeschnittenen Version erh\u00e4ltlich, die anderen Gewichte jedoch nicht.<\/p>\n<p>&nbsp;<\/p>\n<h5>Wie viel w\u00fcrden Sie brauchen?<\/h5>\n<p>Es kommt immer darauf an, wie Sie den Lachs servieren &#8211; auf Brot oder Kr\u00e4ckern als Vorspeise, in der warmen Speise, zum Mittagessen&#8230; Hier ein paar Richtlinien.<\/p>\n<ul>\n<li>1,3 kg: ganze Seite, <strong>un<\/strong>geschnitten. F\u00fcr eine B\u00fcffet oder festliches Essen mit mehreren Leuten.<\/li>\n<li>1 kg:\u00a0 ganze Seite, geschnitten. F\u00fcr eine B\u00fcffet oder festliches Essen mit mehreren Leuten.<\/li>\n<li>750 g: Ideal f\u00fcr ein festliches Abendessen. Geschnitten.<\/li>\n<li>500 g: Eine gute Portion f\u00fcr eine Familie oder eine kleines festliches Abendessen. Geschnitten.<\/li>\n<li>180 g: Gro\u00dfz\u00fcgige Portion f\u00fcr zwei Personen. Geschnitten.<\/li>\n<\/ul>\n","protected":false},"excerpt":{"rendered":"<p>Unser Bestseller \u2013 traditionell kalt ger\u00e4ucherter Bio-Lachs aus den klaren und wilden Gew\u00e4ssern an der Westk\u00fcste Irlands.<\/p>\n<p><strong>Bitte beachten:<\/strong><br \/>\nWenn Sie eine <strong>ungeschnittene<\/strong> Lachsseite bestellen m\u00f6chten, w\u00e4hlen Sie bitte \u201e1300 g\u201c.<br \/>\nDie Option \u201e1000 g\u201c bezieht sich auf die <strong>geschnittenen<\/strong> Filets.<\/p>\n<p><strong>Warum sind die Preise auf der Webseite h\u00f6her als im Katalog?<\/strong><br \/>\nF\u00fcr Exporte in EU-L\u00e4nder m\u00fcssen wir leider die in dem Bestimmungsland \u00fcblichen MwSt.-S\u00e4tze f\u00fcr die jeweiligen Produkte berechnen und abf\u00fchren. Dies ist seit einiger Zeit Gesetz auf EU-Basis und gilt f\u00fcr alle L\u00e4nder in der EU.<br \/>\nDieser Mehrwertsteuersatz ist bereits in den Preisen auf der Website enthalten. Aus diesem Grund gibt es einen Unterschied zwischen den Preisen im Katalog und auf der Website. Bis vor kurzem hat die Website die Mehrwertsteuer am Ende des Bestellvorgangs hinzugef\u00fcgt, aber das Ergebnis ist dasselbe.<br \/>\nWir haben es zwar nicht auf dem Bestellformular geschrieben, aber das gleiche gilt nat\u00fcrlich auch f\u00fcr Auftr\u00e4ge, die per Email oder telefonisch bei uns eingehen.<\/p>\n","protected":false},"featured_media":21439,"comment_status":"open","ping_status":"closed","template":"","meta":{"_acf_changed":false,"om_disable_all_campaigns":false},"product_brand":[],"product_cat":[247,171],"product_tag":[],"class_list":{"0":"post-12672","1":"product","2":"type-product","3":"status-publish","4":"has-post-thumbnail","6":"product_cat-cold-de","7":"product_cat-irischer-raeucherlachs","8":"pa_weight-g-1000-de","9":"pa_weight-g-180-de","10":"pa_weight-g-500-de","11":"pa_weight-g-750-de","12":"pa_weight-g-90-de","14":"first","15":"instock","16":"featured","17":"taxable","18":"shipping-taxable","19":"purchasable","20":"product-type-variable"},"acf":[],"yoast_head":"<!-- This site is optimized with the Yoast SEO plugin v27.3 - https:\/\/yoast.com\/product\/yoast-seo-wordpress\/ -->\n<title>Klassischer Irischer Bio-Kaltrauchlachs - Burren Smokehouse<\/title>\n<meta name=\"robots\" content=\"index, follow, max-snippet:-1, max-image-preview:large, max-video-preview:-1\" \/>\n<link rel=\"canonical\" href=\"https:\/\/www.burrensmokehouse.com\/de\/produkt\/klassischer-kaltgeraeucherter-irischer-bio-lachs\/\" \/>\n<meta property=\"og:locale\" content=\"de_DE\" \/>\n<meta property=\"og:type\" content=\"article\" \/>\n<meta property=\"og:title\" content=\"Klassischer Irischer Bio-Kaltrauchlachs - Burren Smokehouse\" \/>\n<meta property=\"og:description\" content=\"Unser Bestseller \u2013 traditionell kalt ger\u00e4ucherter Bio-Lachs aus den klaren und wilden Gew\u00e4ssern an der Westk\u00fcste Irlands.  Bitte beachten: Wenn Sie eine ungeschnittene Lachsseite bestellen m\u00f6chten, w\u00e4hlen Sie bitte \u201e1300 g\u201c. Die Option \u201e1000 g\u201c bezieht sich auf die geschnittenen Filets.  Warum sind die Preise auf der Webseite h\u00f6her als im Katalog? F\u00fcr Exporte in EU-L\u00e4nder m\u00fcssen wir leider die in dem Bestimmungsland \u00fcblichen MwSt.-S\u00e4tze f\u00fcr die jeweiligen Produkte berechnen und abf\u00fchren. Dies ist seit einiger Zeit Gesetz auf EU-Basis und gilt f\u00fcr alle L\u00e4nder in der EU. Dieser Mehrwertsteuersatz ist bereits in den Preisen auf der Website enthalten. Aus diesem Grund gibt es einen Unterschied zwischen den Preisen im Katalog und auf der Website. Bis vor kurzem hat die Website die Mehrwertsteuer am Ende des Bestellvorgangs hinzugef\u00fcgt, aber das Ergebnis ist dasselbe. Wir haben es zwar nicht auf dem Bestellformular geschrieben, aber das gleiche gilt nat\u00fcrlich auch f\u00fcr Auftr\u00e4ge, die per Email oder telefonisch bei uns eingehen.\" \/>\n<meta property=\"og:url\" content=\"https:\/\/www.burrensmokehouse.com\/de\/produkt\/klassischer-kaltgeraeucherter-irischer-bio-lachs\/\" \/>\n<meta property=\"og:site_name\" content=\"Burren Smokehouse\" \/>\n<meta property=\"article:modified_time\" content=\"2025-11-10T07:46:53+00:00\" \/>\n<meta property=\"og:image\" content=\"https:\/\/www.burrensmokehouse.com\/wp-content\/uploads\/2022\/02\/GTA-awards-2024-OSSS-for-prod-page.jpg\" \/>\n\t<meta property=\"og:image:width\" content=\"1175\" \/>\n\t<meta property=\"og:image:height\" content=\"985\" \/>\n\t<meta property=\"og:image:type\" content=\"image\/jpeg\" \/>\n<meta name=\"twitter:card\" content=\"summary_large_image\" \/>\n<meta name=\"twitter:label1\" content=\"Gesch\u00e4tzte Lesezeit\" \/>\n\t<meta name=\"twitter:data1\" content=\"2\u00a0Minuten\" \/>\n<script type=\"application\/ld+json\" class=\"yoast-schema-graph\">{\"@context\":\"https:\\\/\\\/schema.org\",\"@graph\":[{\"@type\":\"WebPage\",\"@id\":\"https:\\\/\\\/www.burrensmokehouse.com\\\/de\\\/produkt\\\/klassischer-kaltgeraeucherter-irischer-bio-lachs\\\/\",\"url\":\"https:\\\/\\\/www.burrensmokehouse.com\\\/de\\\/produkt\\\/klassischer-kaltgeraeucherter-irischer-bio-lachs\\\/\",\"name\":\"Klassischer Irischer Bio-Kaltrauchlachs - Burren Smokehouse\",\"isPartOf\":{\"@id\":\"https:\\\/\\\/www.burrensmokehouse.com\\\/de\\\/#website\"},\"primaryImageOfPage\":{\"@id\":\"https:\\\/\\\/www.burrensmokehouse.com\\\/de\\\/produkt\\\/klassischer-kaltgeraeucherter-irischer-bio-lachs\\\/#primaryimage\"},\"image\":{\"@id\":\"https:\\\/\\\/www.burrensmokehouse.com\\\/de\\\/produkt\\\/klassischer-kaltgeraeucherter-irischer-bio-lachs\\\/#primaryimage\"},\"thumbnailUrl\":\"https:\\\/\\\/www.burrensmokehouse.com\\\/wp-content\\\/uploads\\\/2022\\\/02\\\/GTA-awards-2024-OSSS-for-prod-page.jpg\",\"datePublished\":\"2022-06-16T09:55:37+00:00\",\"dateModified\":\"2025-11-10T07:46:53+00:00\",\"breadcrumb\":{\"@id\":\"https:\\\/\\\/www.burrensmokehouse.com\\\/de\\\/produkt\\\/klassischer-kaltgeraeucherter-irischer-bio-lachs\\\/#breadcrumb\"},\"inLanguage\":\"de\",\"potentialAction\":[{\"@type\":\"ReadAction\",\"target\":[\"https:\\\/\\\/www.burrensmokehouse.com\\\/de\\\/produkt\\\/klassischer-kaltgeraeucherter-irischer-bio-lachs\\\/\"]}]},{\"@type\":\"ImageObject\",\"inLanguage\":\"de\",\"@id\":\"https:\\\/\\\/www.burrensmokehouse.com\\\/de\\\/produkt\\\/klassischer-kaltgeraeucherter-irischer-bio-lachs\\\/#primaryimage\",\"url\":\"https:\\\/\\\/www.burrensmokehouse.com\\\/wp-content\\\/uploads\\\/2022\\\/02\\\/GTA-awards-2024-OSSS-for-prod-page.jpg\",\"contentUrl\":\"https:\\\/\\\/www.burrensmokehouse.com\\\/wp-content\\\/uploads\\\/2022\\\/02\\\/GTA-awards-2024-OSSS-for-prod-page.jpg\",\"width\":1175,\"height\":985,\"caption\":\"Great Taste 2024 award-winning organic smoked salmon.\"},{\"@type\":\"BreadcrumbList\",\"@id\":\"https:\\\/\\\/www.burrensmokehouse.com\\\/de\\\/produkt\\\/klassischer-kaltgeraeucherter-irischer-bio-lachs\\\/#breadcrumb\",\"itemListElement\":[{\"@type\":\"ListItem\",\"position\":1,\"name\":\"Home\",\"item\":\"https:\\\/\\\/www.burrensmokehouse.com\\\/de\\\/\"},{\"@type\":\"ListItem\",\"position\":2,\"name\":\"Einkaufen\",\"item\":\"https:\\\/\\\/www.burrensmokehouse.com\\\/de\\\/einkaufen\\\/\"},{\"@type\":\"ListItem\",\"position\":3,\"name\":\"Klassischer Irischer Bio-Kaltrauchlachs\"}]},{\"@type\":\"WebSite\",\"@id\":\"https:\\\/\\\/www.burrensmokehouse.com\\\/de\\\/#website\",\"url\":\"https:\\\/\\\/www.burrensmokehouse.com\\\/de\\\/\",\"name\":\"Burren Smokehouse\",\"description\":\"\",\"publisher\":{\"@id\":\"https:\\\/\\\/www.burrensmokehouse.com\\\/de\\\/#organization\"},\"potentialAction\":[{\"@type\":\"SearchAction\",\"target\":{\"@type\":\"EntryPoint\",\"urlTemplate\":\"https:\\\/\\\/www.burrensmokehouse.com\\\/de\\\/?s={search_term_string}\"},\"query-input\":{\"@type\":\"PropertyValueSpecification\",\"valueRequired\":true,\"valueName\":\"search_term_string\"}}],\"inLanguage\":\"de\"},{\"@type\":\"Organization\",\"@id\":\"https:\\\/\\\/www.burrensmokehouse.com\\\/de\\\/#organization\",\"name\":\"Burren Smokehouse\",\"url\":\"https:\\\/\\\/www.burrensmokehouse.com\\\/de\\\/\",\"logo\":{\"@type\":\"ImageObject\",\"inLanguage\":\"de\",\"@id\":\"https:\\\/\\\/www.burrensmokehouse.com\\\/de\\\/#\\\/schema\\\/logo\\\/image\\\/\",\"url\":\"https:\\\/\\\/www.burrensmokehouse.com\\\/wp-content\\\/uploads\\\/2021\\\/07\\\/logo.png\",\"contentUrl\":\"https:\\\/\\\/www.burrensmokehouse.com\\\/wp-content\\\/uploads\\\/2021\\\/07\\\/logo.png\",\"width\":432,\"height\":99,\"caption\":\"Burren Smokehouse\"},\"image\":{\"@id\":\"https:\\\/\\\/www.burrensmokehouse.com\\\/de\\\/#\\\/schema\\\/logo\\\/image\\\/\"}}]}<\/script>\n<!-- \/ Yoast SEO plugin. -->","yoast_head_json":{"title":"Klassischer Irischer Bio-Kaltrauchlachs - Burren Smokehouse","robots":{"index":"index","follow":"follow","max-snippet":"max-snippet:-1","max-image-preview":"max-image-preview:large","max-video-preview":"max-video-preview:-1"},"canonical":"https:\/\/www.burrensmokehouse.com\/de\/produkt\/klassischer-kaltgeraeucherter-irischer-bio-lachs\/","og_locale":"de_DE","og_type":"article","og_title":"Klassischer Irischer Bio-Kaltrauchlachs - Burren Smokehouse","og_description":"Unser Bestseller \u2013 traditionell kalt ger\u00e4ucherter Bio-Lachs aus den klaren und wilden Gew\u00e4ssern an der Westk\u00fcste Irlands.  Bitte beachten: Wenn Sie eine ungeschnittene Lachsseite bestellen m\u00f6chten, w\u00e4hlen Sie bitte \u201e1300 g\u201c. Die Option \u201e1000 g\u201c bezieht sich auf die geschnittenen Filets.  Warum sind die Preise auf der Webseite h\u00f6her als im Katalog? F\u00fcr Exporte in EU-L\u00e4nder m\u00fcssen wir leider die in dem Bestimmungsland \u00fcblichen MwSt.-S\u00e4tze f\u00fcr die jeweiligen Produkte berechnen und abf\u00fchren. Dies ist seit einiger Zeit Gesetz auf EU-Basis und gilt f\u00fcr alle L\u00e4nder in der EU. Dieser Mehrwertsteuersatz ist bereits in den Preisen auf der Website enthalten. Aus diesem Grund gibt es einen Unterschied zwischen den Preisen im Katalog und auf der Website. Bis vor kurzem hat die Website die Mehrwertsteuer am Ende des Bestellvorgangs hinzugef\u00fcgt, aber das Ergebnis ist dasselbe. Wir haben es zwar nicht auf dem Bestellformular geschrieben, aber das gleiche gilt nat\u00fcrlich auch f\u00fcr Auftr\u00e4ge, die per Email oder telefonisch bei uns eingehen.","og_url":"https:\/\/www.burrensmokehouse.com\/de\/produkt\/klassischer-kaltgeraeucherter-irischer-bio-lachs\/","og_site_name":"Burren Smokehouse","article_modified_time":"2025-11-10T07:46:53+00:00","og_image":[{"width":1175,"height":985,"url":"https:\/\/www.burrensmokehouse.com\/wp-content\/uploads\/2022\/02\/GTA-awards-2024-OSSS-for-prod-page.jpg","type":"image\/jpeg"}],"twitter_card":"summary_large_image","twitter_misc":{"Gesch\u00e4tzte Lesezeit":"2\u00a0Minuten"},"schema":{"@context":"https:\/\/schema.org","@graph":[{"@type":"WebPage","@id":"https:\/\/www.burrensmokehouse.com\/de\/produkt\/klassischer-kaltgeraeucherter-irischer-bio-lachs\/","url":"https:\/\/www.burrensmokehouse.com\/de\/produkt\/klassischer-kaltgeraeucherter-irischer-bio-lachs\/","name":"Klassischer Irischer Bio-Kaltrauchlachs - Burren Smokehouse","isPartOf":{"@id":"https:\/\/www.burrensmokehouse.com\/de\/#website"},"primaryImageOfPage":{"@id":"https:\/\/www.burrensmokehouse.com\/de\/produkt\/klassischer-kaltgeraeucherter-irischer-bio-lachs\/#primaryimage"},"image":{"@id":"https:\/\/www.burrensmokehouse.com\/de\/produkt\/klassischer-kaltgeraeucherter-irischer-bio-lachs\/#primaryimage"},"thumbnailUrl":"https:\/\/www.burrensmokehouse.com\/wp-content\/uploads\/2022\/02\/GTA-awards-2024-OSSS-for-prod-page.jpg","datePublished":"2022-06-16T09:55:37+00:00","dateModified":"2025-11-10T07:46:53+00:00","breadcrumb":{"@id":"https:\/\/www.burrensmokehouse.com\/de\/produkt\/klassischer-kaltgeraeucherter-irischer-bio-lachs\/#breadcrumb"},"inLanguage":"de","potentialAction":[{"@type":"ReadAction","target":["https:\/\/www.burrensmokehouse.com\/de\/produkt\/klassischer-kaltgeraeucherter-irischer-bio-lachs\/"]}]},{"@type":"ImageObject","inLanguage":"de","@id":"https:\/\/www.burrensmokehouse.com\/de\/produkt\/klassischer-kaltgeraeucherter-irischer-bio-lachs\/#primaryimage","url":"https:\/\/www.burrensmokehouse.com\/wp-content\/uploads\/2022\/02\/GTA-awards-2024-OSSS-for-prod-page.jpg","contentUrl":"https:\/\/www.burrensmokehouse.com\/wp-content\/uploads\/2022\/02\/GTA-awards-2024-OSSS-for-prod-page.jpg","width":1175,"height":985,"caption":"Great Taste 2024 award-winning organic smoked salmon."},{"@type":"BreadcrumbList","@id":"https:\/\/www.burrensmokehouse.com\/de\/produkt\/klassischer-kaltgeraeucherter-irischer-bio-lachs\/#breadcrumb","itemListElement":[{"@type":"ListItem","position":1,"name":"Home","item":"https:\/\/www.burrensmokehouse.com\/de\/"},{"@type":"ListItem","position":2,"name":"Einkaufen","item":"https:\/\/www.burrensmokehouse.com\/de\/einkaufen\/"},{"@type":"ListItem","position":3,"name":"Klassischer Irischer Bio-Kaltrauchlachs"}]},{"@type":"WebSite","@id":"https:\/\/www.burrensmokehouse.com\/de\/#website","url":"https:\/\/www.burrensmokehouse.com\/de\/","name":"Burren Smokehouse","description":"","publisher":{"@id":"https:\/\/www.burrensmokehouse.com\/de\/#organization"},"potentialAction":[{"@type":"SearchAction","target":{"@type":"EntryPoint","urlTemplate":"https:\/\/www.burrensmokehouse.com\/de\/?s={search_term_string}"},"query-input":{"@type":"PropertyValueSpecification","valueRequired":true,"valueName":"search_term_string"}}],"inLanguage":"de"},{"@type":"Organization","@id":"https:\/\/www.burrensmokehouse.com\/de\/#organization","name":"Burren Smokehouse","url":"https:\/\/www.burrensmokehouse.com\/de\/","logo":{"@type":"ImageObject","inLanguage":"de","@id":"https:\/\/www.burrensmokehouse.com\/de\/#\/schema\/logo\/image\/","url":"https:\/\/www.burrensmokehouse.com\/wp-content\/uploads\/2021\/07\/logo.png","contentUrl":"https:\/\/www.burrensmokehouse.com\/wp-content\/uploads\/2021\/07\/logo.png","width":432,"height":99,"caption":"Burren Smokehouse"},"image":{"@id":"https:\/\/www.burrensmokehouse.com\/de\/#\/schema\/logo\/image\/"}}]}},"_links":{"self":[{"href":"https:\/\/www.burrensmokehouse.com\/de\/wp-json\/wp\/v2\/product\/12672","targetHints":{"allow":["GET"]}}],"collection":[{"href":"https:\/\/www.burrensmokehouse.com\/de\/wp-json\/wp\/v2\/product"}],"about":[{"href":"https:\/\/www.burrensmokehouse.com\/de\/wp-json\/wp\/v2\/types\/product"}],"replies":[{"embeddable":true,"href":"https:\/\/www.burrensmokehouse.com\/de\/wp-json\/wp\/v2\/comments?post=12672"}],"wp:featuredmedia":[{"embeddable":true,"href":"https:\/\/www.burrensmokehouse.com\/de\/wp-json\/wp\/v2\/media\/21439"}],"wp:attachment":[{"href":"https:\/\/www.burrensmokehouse.com\/de\/wp-json\/wp\/v2\/media?parent=12672"}],"wp:term":[{"taxonomy":"product_brand","embeddable":true,"href":"https:\/\/www.burrensmokehouse.com\/de\/wp-json\/wp\/v2\/product_brand?post=12672"},{"taxonomy":"product_cat","embeddable":true,"href":"https:\/\/www.burrensmokehouse.com\/de\/wp-json\/wp\/v2\/product_cat?post=12672"},{"taxonomy":"product_tag","embeddable":true,"href":"https:\/\/www.burrensmokehouse.com\/de\/wp-json\/wp\/v2\/product_tag?post=12672"}],"curies":[{"name":"wp","href":"https:\/\/api.w.org\/{rel}","templated":true}]}}