{"id":12681,"date":"2022-02-11T12:07:52","date_gmt":"2022-06-16T09:57:09","guid":{"rendered":"https:\/\/www.burrensmokehouse.com\/product\/03-burren-kaltgeraeucherter-irischer-bio-lachs-algen\/"},"modified":"2025-08-07T11:26:23","modified_gmt":"2025-08-07T10:26:23","slug":"kaltgeraeucherter-irischer-bio-lachs-meeresalgen","status":"publish","type":"product","link":"https:\/\/www.burrensmokehouse.com\/de\/produkt\/kaltgeraeucherter-irischer-bio-lachs-meeresalgen\/","title":{"rendered":"Irischer Bio-Kaltrauchlachs &#8211; mit Algen"},"content":{"rendered":"<p>Unsere bisher erfolgreichste Kreation hat eine 3-Sterne-Goldmedaille gewonnen und war eines der TOP50-Lebensmittel bei den <strong>Great Taste Awards 2013<\/strong>!<\/p>\n<p>Der irische Bio-Lachs ger\u00e4uchert mit Eichenrauch ist mit kleinen Algenflocken bedeckt, die an der K\u00fcste von Clare von Hand geerntet wurden.<\/p>\n<p>Die Algenflocken werden \u00fcber die Lachsfilets gestreut und mit dem Lachs ger\u00e4uchert, was diesem Produkt einen einzigartigen Geschmack verleiht.<\/p>\n<p>Die Meeresalgen mit ihrem Reichtum an Mineralien erg\u00e4nzen die gesundheitlichen Vorteile der Omega-3-Fetts\u00e4uren im Bio-Lachs.<\/p>\n<p>Alle Pakete werden geschnitten geliefert.<\/p>\n","protected":false},"excerpt":{"rendered":"<p>Die getrockneten Algenflocken f\u00fcgen dem Bio-Lachs eine weitere Geschmacksdimension hinzu. Dies ist ein Gewinner mit vielen gesundheitlichen Vorteilen!<\/p>\n<p><strong>Warum sind die Preise auf der Webseite h\u00f6her als im Katalog?<\/strong><br \/>\nF\u00fcr Exporte in EU-L\u00e4nder m\u00fcssen wir leider die in dem Bestimmungsland \u00fcblichen MwSt.-S\u00e4tze f\u00fcr die jeweiligen Produkte berechnen und abf\u00fchren. Dies ist seit einiger Zeit Gesetz auf EU-Basis und gilt f\u00fcr alle L\u00e4nder in der EU.<br \/>\nDieser Mehrwertsteuersatz ist bereits in den Preisen auf der Website enthalten. Aus diesem Grund gibt es einen Unterschied zwischen den Preisen im Katalog und auf der Website. Bis vor kurzem hat die Website die Mehrwertsteuer am Ende des Bestellvorgangs hinzugef\u00fcgt, aber das Ergebnis ist dasselbe.<br \/>\nWir haben es zwar nicht auf dem Bestellformular geschrieben, aber das gleiche gilt nat\u00fcrlich auch f\u00fcr Auftr\u00e4ge, die per Email oder telefonisch bei uns eingehen.<\/p>\n","protected":false},"featured_media":5869,"comment_status":"open","ping_status":"closed","template":"","meta":{"_acf_changed":false,"om_disable_all_campaigns":false},"product_brand":[],"product_cat":[247,171],"product_tag":[],"class_list":{"0":"post-12681","1":"product","2":"type-product","3":"status-publish","4":"has-post-thumbnail","6":"product_cat-cold-de","7":"product_cat-irischer-raeucherlachs","8":"pa_weight-g-1000-de","9":"pa_weight-g-140-de","10":"pa_weight-g-500-de","12":"first","13":"instock","14":"taxable","15":"shipping-taxable","16":"purchasable","17":"product-type-variable"},"acf":[],"yoast_head":"<!-- This site is optimized with the Yoast SEO plugin v27.3 - https:\/\/yoast.com\/product\/yoast-seo-wordpress\/ -->\n<title>Irischer Bio-Kaltrauchlachs - mit Algen - Burren Smokehouse<\/title>\n<meta name=\"robots\" content=\"index, follow, max-snippet:-1, max-image-preview:large, max-video-preview:-1\" \/>\n<link rel=\"canonical\" href=\"https:\/\/www.burrensmokehouse.com\/de\/produkt\/kaltgeraeucherter-irischer-bio-lachs-meeresalgen\/\" \/>\n<meta property=\"og:locale\" content=\"de_DE\" \/>\n<meta property=\"og:type\" content=\"article\" \/>\n<meta property=\"og:title\" content=\"Irischer Bio-Kaltrauchlachs - mit Algen - Burren Smokehouse\" \/>\n<meta property=\"og:description\" content=\"Die getrockneten Algenflocken f\u00fcgen dem Bio-Lachs eine weitere Geschmacksdimension hinzu. Dies ist ein Gewinner mit vielen gesundheitlichen Vorteilen!  Warum sind die Preise auf der Webseite h\u00f6her als im Katalog? F\u00fcr Exporte in EU-L\u00e4nder m\u00fcssen wir leider die in dem Bestimmungsland \u00fcblichen MwSt.-S\u00e4tze f\u00fcr die jeweiligen Produkte berechnen und abf\u00fchren. Dies ist seit einiger Zeit Gesetz auf EU-Basis und gilt f\u00fcr alle L\u00e4nder in der EU. Dieser Mehrwertsteuersatz ist bereits in den Preisen auf der Website enthalten. Aus diesem Grund gibt es einen Unterschied zwischen den Preisen im Katalog und auf der Website. Bis vor kurzem hat die Website die Mehrwertsteuer am Ende des Bestellvorgangs hinzugef\u00fcgt, aber das Ergebnis ist dasselbe. Wir haben es zwar nicht auf dem Bestellformular geschrieben, aber das gleiche gilt nat\u00fcrlich auch f\u00fcr Auftr\u00e4ge, die per Email oder telefonisch bei uns eingehen.\" \/>\n<meta property=\"og:url\" content=\"https:\/\/www.burrensmokehouse.com\/de\/produkt\/kaltgeraeucherter-irischer-bio-lachs-meeresalgen\/\" \/>\n<meta property=\"og:site_name\" content=\"Burren Smokehouse\" \/>\n<meta property=\"article:modified_time\" content=\"2025-08-07T10:26:23+00:00\" \/>\n<meta property=\"og:image\" content=\"https:\/\/www.burrensmokehouse.com\/wp-content\/uploads\/2022\/02\/Cold_Smoked_Organic_Salmon_with_Seaweed_P2.jpeg\" \/>\n\t<meta property=\"og:image:width\" content=\"800\" \/>\n\t<meta property=\"og:image:height\" content=\"1000\" \/>\n\t<meta property=\"og:image:type\" content=\"image\/jpeg\" \/>\n<meta name=\"twitter:card\" content=\"summary_large_image\" \/>\n<meta name=\"twitter:label1\" content=\"Gesch\u00e4tzte Lesezeit\" \/>\n\t<meta name=\"twitter:data1\" content=\"1\u00a0Minute\" \/>\n<script type=\"application\/ld+json\" class=\"yoast-schema-graph\">{\"@context\":\"https:\\\/\\\/schema.org\",\"@graph\":[{\"@type\":\"WebPage\",\"@id\":\"https:\\\/\\\/www.burrensmokehouse.com\\\/de\\\/produkt\\\/kaltgeraeucherter-irischer-bio-lachs-meeresalgen\\\/\",\"url\":\"https:\\\/\\\/www.burrensmokehouse.com\\\/de\\\/produkt\\\/kaltgeraeucherter-irischer-bio-lachs-meeresalgen\\\/\",\"name\":\"Irischer Bio-Kaltrauchlachs - mit Algen - Burren Smokehouse\",\"isPartOf\":{\"@id\":\"https:\\\/\\\/www.burrensmokehouse.com\\\/de\\\/#website\"},\"primaryImageOfPage\":{\"@id\":\"https:\\\/\\\/www.burrensmokehouse.com\\\/de\\\/produkt\\\/kaltgeraeucherter-irischer-bio-lachs-meeresalgen\\\/#primaryimage\"},\"image\":{\"@id\":\"https:\\\/\\\/www.burrensmokehouse.com\\\/de\\\/produkt\\\/kaltgeraeucherter-irischer-bio-lachs-meeresalgen\\\/#primaryimage\"},\"thumbnailUrl\":\"https:\\\/\\\/www.burrensmokehouse.com\\\/wp-content\\\/uploads\\\/2022\\\/02\\\/Cold_Smoked_Organic_Salmon_with_Seaweed_P2.jpeg\",\"datePublished\":\"2022-06-16T09:57:09+00:00\",\"dateModified\":\"2025-08-07T10:26:23+00:00\",\"breadcrumb\":{\"@id\":\"https:\\\/\\\/www.burrensmokehouse.com\\\/de\\\/produkt\\\/kaltgeraeucherter-irischer-bio-lachs-meeresalgen\\\/#breadcrumb\"},\"inLanguage\":\"de\",\"potentialAction\":[{\"@type\":\"ReadAction\",\"target\":[\"https:\\\/\\\/www.burrensmokehouse.com\\\/de\\\/produkt\\\/kaltgeraeucherter-irischer-bio-lachs-meeresalgen\\\/\"]}]},{\"@type\":\"ImageObject\",\"inLanguage\":\"de\",\"@id\":\"https:\\\/\\\/www.burrensmokehouse.com\\\/de\\\/produkt\\\/kaltgeraeucherter-irischer-bio-lachs-meeresalgen\\\/#primaryimage\",\"url\":\"https:\\\/\\\/www.burrensmokehouse.com\\\/wp-content\\\/uploads\\\/2022\\\/02\\\/Cold_Smoked_Organic_Salmon_with_Seaweed_P2.jpeg\",\"contentUrl\":\"https:\\\/\\\/www.burrensmokehouse.com\\\/wp-content\\\/uploads\\\/2022\\\/02\\\/Cold_Smoked_Organic_Salmon_with_Seaweed_P2.jpeg\",\"width\":800,\"height\":1000},{\"@type\":\"BreadcrumbList\",\"@id\":\"https:\\\/\\\/www.burrensmokehouse.com\\\/de\\\/produkt\\\/kaltgeraeucherter-irischer-bio-lachs-meeresalgen\\\/#breadcrumb\",\"itemListElement\":[{\"@type\":\"ListItem\",\"position\":1,\"name\":\"Home\",\"item\":\"https:\\\/\\\/www.burrensmokehouse.com\\\/de\\\/\"},{\"@type\":\"ListItem\",\"position\":2,\"name\":\"Einkaufen\",\"item\":\"https:\\\/\\\/www.burrensmokehouse.com\\\/de\\\/einkaufen\\\/\"},{\"@type\":\"ListItem\",\"position\":3,\"name\":\"Irischer Bio-Kaltrauchlachs &#8211; mit Algen\"}]},{\"@type\":\"WebSite\",\"@id\":\"https:\\\/\\\/www.burrensmokehouse.com\\\/de\\\/#website\",\"url\":\"https:\\\/\\\/www.burrensmokehouse.com\\\/de\\\/\",\"name\":\"Burren Smokehouse\",\"description\":\"\",\"publisher\":{\"@id\":\"https:\\\/\\\/www.burrensmokehouse.com\\\/de\\\/#organization\"},\"potentialAction\":[{\"@type\":\"SearchAction\",\"target\":{\"@type\":\"EntryPoint\",\"urlTemplate\":\"https:\\\/\\\/www.burrensmokehouse.com\\\/de\\\/?s={search_term_string}\"},\"query-input\":{\"@type\":\"PropertyValueSpecification\",\"valueRequired\":true,\"valueName\":\"search_term_string\"}}],\"inLanguage\":\"de\"},{\"@type\":\"Organization\",\"@id\":\"https:\\\/\\\/www.burrensmokehouse.com\\\/de\\\/#organization\",\"name\":\"Burren Smokehouse\",\"url\":\"https:\\\/\\\/www.burrensmokehouse.com\\\/de\\\/\",\"logo\":{\"@type\":\"ImageObject\",\"inLanguage\":\"de\",\"@id\":\"https:\\\/\\\/www.burrensmokehouse.com\\\/de\\\/#\\\/schema\\\/logo\\\/image\\\/\",\"url\":\"https:\\\/\\\/www.burrensmokehouse.com\\\/wp-content\\\/uploads\\\/2021\\\/07\\\/logo.png\",\"contentUrl\":\"https:\\\/\\\/www.burrensmokehouse.com\\\/wp-content\\\/uploads\\\/2021\\\/07\\\/logo.png\",\"width\":432,\"height\":99,\"caption\":\"Burren Smokehouse\"},\"image\":{\"@id\":\"https:\\\/\\\/www.burrensmokehouse.com\\\/de\\\/#\\\/schema\\\/logo\\\/image\\\/\"}}]}<\/script>\n<!-- \/ Yoast SEO plugin. -->","yoast_head_json":{"title":"Irischer Bio-Kaltrauchlachs - mit Algen - Burren Smokehouse","robots":{"index":"index","follow":"follow","max-snippet":"max-snippet:-1","max-image-preview":"max-image-preview:large","max-video-preview":"max-video-preview:-1"},"canonical":"https:\/\/www.burrensmokehouse.com\/de\/produkt\/kaltgeraeucherter-irischer-bio-lachs-meeresalgen\/","og_locale":"de_DE","og_type":"article","og_title":"Irischer Bio-Kaltrauchlachs - mit Algen - Burren Smokehouse","og_description":"Die getrockneten Algenflocken f\u00fcgen dem Bio-Lachs eine weitere Geschmacksdimension hinzu. Dies ist ein Gewinner mit vielen gesundheitlichen Vorteilen!  Warum sind die Preise auf der Webseite h\u00f6her als im Katalog? F\u00fcr Exporte in EU-L\u00e4nder m\u00fcssen wir leider die in dem Bestimmungsland \u00fcblichen MwSt.-S\u00e4tze f\u00fcr die jeweiligen Produkte berechnen und abf\u00fchren. Dies ist seit einiger Zeit Gesetz auf EU-Basis und gilt f\u00fcr alle L\u00e4nder in der EU. Dieser Mehrwertsteuersatz ist bereits in den Preisen auf der Website enthalten. Aus diesem Grund gibt es einen Unterschied zwischen den Preisen im Katalog und auf der Website. Bis vor kurzem hat die Website die Mehrwertsteuer am Ende des Bestellvorgangs hinzugef\u00fcgt, aber das Ergebnis ist dasselbe. Wir haben es zwar nicht auf dem Bestellformular geschrieben, aber das gleiche gilt nat\u00fcrlich auch f\u00fcr Auftr\u00e4ge, die per Email oder telefonisch bei uns eingehen.","og_url":"https:\/\/www.burrensmokehouse.com\/de\/produkt\/kaltgeraeucherter-irischer-bio-lachs-meeresalgen\/","og_site_name":"Burren Smokehouse","article_modified_time":"2025-08-07T10:26:23+00:00","og_image":[{"width":800,"height":1000,"url":"https:\/\/www.burrensmokehouse.com\/wp-content\/uploads\/2022\/02\/Cold_Smoked_Organic_Salmon_with_Seaweed_P2.jpeg","type":"image\/jpeg"}],"twitter_card":"summary_large_image","twitter_misc":{"Gesch\u00e4tzte Lesezeit":"1\u00a0Minute"},"schema":{"@context":"https:\/\/schema.org","@graph":[{"@type":"WebPage","@id":"https:\/\/www.burrensmokehouse.com\/de\/produkt\/kaltgeraeucherter-irischer-bio-lachs-meeresalgen\/","url":"https:\/\/www.burrensmokehouse.com\/de\/produkt\/kaltgeraeucherter-irischer-bio-lachs-meeresalgen\/","name":"Irischer Bio-Kaltrauchlachs - mit Algen - Burren Smokehouse","isPartOf":{"@id":"https:\/\/www.burrensmokehouse.com\/de\/#website"},"primaryImageOfPage":{"@id":"https:\/\/www.burrensmokehouse.com\/de\/produkt\/kaltgeraeucherter-irischer-bio-lachs-meeresalgen\/#primaryimage"},"image":{"@id":"https:\/\/www.burrensmokehouse.com\/de\/produkt\/kaltgeraeucherter-irischer-bio-lachs-meeresalgen\/#primaryimage"},"thumbnailUrl":"https:\/\/www.burrensmokehouse.com\/wp-content\/uploads\/2022\/02\/Cold_Smoked_Organic_Salmon_with_Seaweed_P2.jpeg","datePublished":"2022-06-16T09:57:09+00:00","dateModified":"2025-08-07T10:26:23+00:00","breadcrumb":{"@id":"https:\/\/www.burrensmokehouse.com\/de\/produkt\/kaltgeraeucherter-irischer-bio-lachs-meeresalgen\/#breadcrumb"},"inLanguage":"de","potentialAction":[{"@type":"ReadAction","target":["https:\/\/www.burrensmokehouse.com\/de\/produkt\/kaltgeraeucherter-irischer-bio-lachs-meeresalgen\/"]}]},{"@type":"ImageObject","inLanguage":"de","@id":"https:\/\/www.burrensmokehouse.com\/de\/produkt\/kaltgeraeucherter-irischer-bio-lachs-meeresalgen\/#primaryimage","url":"https:\/\/www.burrensmokehouse.com\/wp-content\/uploads\/2022\/02\/Cold_Smoked_Organic_Salmon_with_Seaweed_P2.jpeg","contentUrl":"https:\/\/www.burrensmokehouse.com\/wp-content\/uploads\/2022\/02\/Cold_Smoked_Organic_Salmon_with_Seaweed_P2.jpeg","width":800,"height":1000},{"@type":"BreadcrumbList","@id":"https:\/\/www.burrensmokehouse.com\/de\/produkt\/kaltgeraeucherter-irischer-bio-lachs-meeresalgen\/#breadcrumb","itemListElement":[{"@type":"ListItem","position":1,"name":"Home","item":"https:\/\/www.burrensmokehouse.com\/de\/"},{"@type":"ListItem","position":2,"name":"Einkaufen","item":"https:\/\/www.burrensmokehouse.com\/de\/einkaufen\/"},{"@type":"ListItem","position":3,"name":"Irischer Bio-Kaltrauchlachs &#8211; mit Algen"}]},{"@type":"WebSite","@id":"https:\/\/www.burrensmokehouse.com\/de\/#website","url":"https:\/\/www.burrensmokehouse.com\/de\/","name":"Burren Smokehouse","description":"","publisher":{"@id":"https:\/\/www.burrensmokehouse.com\/de\/#organization"},"potentialAction":[{"@type":"SearchAction","target":{"@type":"EntryPoint","urlTemplate":"https:\/\/www.burrensmokehouse.com\/de\/?s={search_term_string}"},"query-input":{"@type":"PropertyValueSpecification","valueRequired":true,"valueName":"search_term_string"}}],"inLanguage":"de"},{"@type":"Organization","@id":"https:\/\/www.burrensmokehouse.com\/de\/#organization","name":"Burren Smokehouse","url":"https:\/\/www.burrensmokehouse.com\/de\/","logo":{"@type":"ImageObject","inLanguage":"de","@id":"https:\/\/www.burrensmokehouse.com\/de\/#\/schema\/logo\/image\/","url":"https:\/\/www.burrensmokehouse.com\/wp-content\/uploads\/2021\/07\/logo.png","contentUrl":"https:\/\/www.burrensmokehouse.com\/wp-content\/uploads\/2021\/07\/logo.png","width":432,"height":99,"caption":"Burren Smokehouse"},"image":{"@id":"https:\/\/www.burrensmokehouse.com\/de\/#\/schema\/logo\/image\/"}}]}},"_links":{"self":[{"href":"https:\/\/www.burrensmokehouse.com\/de\/wp-json\/wp\/v2\/product\/12681","targetHints":{"allow":["GET"]}}],"collection":[{"href":"https:\/\/www.burrensmokehouse.com\/de\/wp-json\/wp\/v2\/product"}],"about":[{"href":"https:\/\/www.burrensmokehouse.com\/de\/wp-json\/wp\/v2\/types\/product"}],"replies":[{"embeddable":true,"href":"https:\/\/www.burrensmokehouse.com\/de\/wp-json\/wp\/v2\/comments?post=12681"}],"wp:featuredmedia":[{"embeddable":true,"href":"https:\/\/www.burrensmokehouse.com\/de\/wp-json\/wp\/v2\/media\/5869"}],"wp:attachment":[{"href":"https:\/\/www.burrensmokehouse.com\/de\/wp-json\/wp\/v2\/media?parent=12681"}],"wp:term":[{"taxonomy":"product_brand","embeddable":true,"href":"https:\/\/www.burrensmokehouse.com\/de\/wp-json\/wp\/v2\/product_brand?post=12681"},{"taxonomy":"product_cat","embeddable":true,"href":"https:\/\/www.burrensmokehouse.com\/de\/wp-json\/wp\/v2\/product_cat?post=12681"},{"taxonomy":"product_tag","embeddable":true,"href":"https:\/\/www.burrensmokehouse.com\/de\/wp-json\/wp\/v2\/product_tag?post=12681"}],"curies":[{"name":"wp","href":"https:\/\/api.w.org\/{rel}","templated":true}]}}