{"id":12699,"date":"2022-02-11T12:07:52","date_gmt":"2022-06-16T10:01:21","guid":{"rendered":"https:\/\/www.burrensmokehouse.com\/product\/05-burren-heissgeraeucherter-irischer-bio-lachs-natur\/"},"modified":"2025-12-08T11:36:26","modified_gmt":"2025-12-08T11:36:26","slug":"heissgeraeucherter-irischer-bio-lachs-ungewuerzt","status":"publish","type":"product","link":"https:\/\/www.burrensmokehouse.com\/de\/produkt\/heissgeraeucherter-irischer-bio-lachs-ungewuerzt\/","title":{"rendered":"Heissger\u00e4ucherter Irischer Bio-Lachs &#8211; Ungew\u00fcrzt"},"content":{"rendered":"<p>Dieser hei\u00df ger\u00e4ucherte Bio-Lachs &#8211; ungew\u00fcrzt- ist etwas f\u00fcr alle Lachsliebhaber, aber besonders f\u00fcr diejenigen, die den puren Geschmack von Lachs ger\u00e4uchert mit Eichenrauch m\u00f6gen, ohne jegliche Ablenkung.<\/p>\n<p>Hei\u00dfr\u00e4uchern ist die skandinavische Methode des R\u00e4ucherns. Durch die h\u00f6here Temperatur wird dem Lachs eine flockigere, trockenere Konsistenz verliehen. Ein Favorit auch f\u00fcr diejenigen, die normalerweise keinen (Kalt-)Rauchlachs essen w\u00fcrden.<\/p>\n<p><strong>Die Option \u201e1300 g\u201c ist eine ganze, ungeschnittene Seite. <\/strong>Bitte beachten Sie, dass die Gewichte der ungeschnittenen Seiten variieren, das Mindestgewicht betr\u00e4gt 1,2 kg pro Seite.<\/p>\n<p>Nur die ganze Seite ist in der ungeschnittenen Version erh\u00e4ltlich, die anderen Gewichte jedoch nicht.<\/p>\n<p>&nbsp;<\/p>\n<p><strong>Wie viel w\u00fcrden Sie brauchen?<\/strong><\/p>\n<p>Es kommt immer darauf an, wie Sie den Lachs servieren &#8211; auf Brot oder herzhaften Keksen als Vorspeise, in warmen Speisen, zum Mittagessen&#8230; Hier ist eine Richtlinie.<\/p>\n<ul>\n<li>1,3 kg: ganze Seite, <strong>un<\/strong>geschnitten. F\u00fcr eine B\u00fcffet oder festliches Essen mit mehreren Leuten.<\/li>\n<li>500 g: Eine gute Portion f\u00fcr eine Familie oder ein kleines Festessen. Geschnitten.<\/li>\n<li>180 g: Ausreichend f\u00fcr zwei Personen. Geschnitten.<\/li>\n<\/ul>\n","protected":false},"excerpt":{"rendered":"<p>Dieser hei\u00df ger\u00e4ucherte Bio-Lachs &#8211; ungew\u00fcrzt- ist etwas f\u00fcr alle Lachsliebhaber, aber besonders f\u00fcr diejenigen, die den puren Geschmack von hei\u00df ger\u00e4uchertem Lachs m\u00f6gen, ohne jegliche Ablenkung.<\/p>\n<p><strong>Warum sind die Preise auf der Webseite h\u00f6her als im Katalog?<\/strong><br \/>\nF\u00fcr Exporte in EU-L\u00e4nder m\u00fcssen wir leider die in dem Bestimmungsland \u00fcblichen MwSt.-S\u00e4tze f\u00fcr die jeweiligen Produkte berechnen und abf\u00fchren. Dies ist seit einiger Zeit Gesetz auf EU-Basis und gilt f\u00fcr alle L\u00e4nder in der EU.<br \/>\nDieser Mehrwertsteuersatz ist bereits in den Preisen auf der Website enthalten. Aus diesem Grund gibt es einen Unterschied zwischen den Preisen im Katalog und auf der Website. Bis vor kurzem hat die Website die Mehrwertsteuer am Ende des Bestellvorgangs hinzugef\u00fcgt, aber das Ergebnis ist dasselbe.<br \/>\nWir haben es zwar nicht auf dem Bestellformular geschrieben, aber das gleiche gilt nat\u00fcrlich auch f\u00fcr Auftr\u00e4ge, die per Email oder telefonisch bei uns eingehen.<\/p>\n","protected":false},"featured_media":6401,"comment_status":"open","ping_status":"closed","template":"","meta":{"_acf_changed":false,"om_disable_all_campaigns":false},"product_brand":[],"product_cat":[237,171],"product_tag":[],"class_list":{"0":"post-12699","1":"product","2":"type-product","3":"status-publish","4":"has-post-thumbnail","6":"product_cat-hot-de","7":"product_cat-irischer-raeucherlachs","8":"pa_weight-g-1000-de","9":"pa_weight-g-180-de","10":"pa_weight-g-500-de","11":"pa_weight-g-90-de","13":"first","14":"instock","15":"taxable","16":"shipping-taxable","17":"purchasable","18":"product-type-variable"},"acf":[],"yoast_head":"<!-- This site is optimized with the Yoast SEO plugin v27.3 - https:\/\/yoast.com\/product\/yoast-seo-wordpress\/ -->\n<title>Heissger\u00e4ucherter Irischer Bio-Lachs - Ungew\u00fcrzt - Burren Smokehouse<\/title>\n<meta name=\"robots\" content=\"index, follow, max-snippet:-1, max-image-preview:large, max-video-preview:-1\" \/>\n<link rel=\"canonical\" href=\"https:\/\/www.burrensmokehouse.com\/de\/produkt\/heissgeraeucherter-irischer-bio-lachs-ungewuerzt\/\" \/>\n<meta property=\"og:locale\" content=\"de_DE\" \/>\n<meta property=\"og:type\" content=\"article\" \/>\n<meta property=\"og:title\" content=\"Heissger\u00e4ucherter Irischer Bio-Lachs - Ungew\u00fcrzt - Burren Smokehouse\" \/>\n<meta property=\"og:description\" content=\"Dieser hei\u00df ger\u00e4ucherte Bio-Lachs - ungew\u00fcrzt- ist etwas f\u00fcr alle Lachsliebhaber, aber besonders f\u00fcr diejenigen, die den puren Geschmack von hei\u00df ger\u00e4uchertem Lachs m\u00f6gen, ohne jegliche Ablenkung.  Warum sind die Preise auf der Webseite h\u00f6her als im Katalog? F\u00fcr Exporte in EU-L\u00e4nder m\u00fcssen wir leider die in dem Bestimmungsland \u00fcblichen MwSt.-S\u00e4tze f\u00fcr die jeweiligen Produkte berechnen und abf\u00fchren. Dies ist seit einiger Zeit Gesetz auf EU-Basis und gilt f\u00fcr alle L\u00e4nder in der EU. Dieser Mehrwertsteuersatz ist bereits in den Preisen auf der Website enthalten. Aus diesem Grund gibt es einen Unterschied zwischen den Preisen im Katalog und auf der Website. Bis vor kurzem hat die Website die Mehrwertsteuer am Ende des Bestellvorgangs hinzugef\u00fcgt, aber das Ergebnis ist dasselbe. Wir haben es zwar nicht auf dem Bestellformular geschrieben, aber das gleiche gilt nat\u00fcrlich auch f\u00fcr Auftr\u00e4ge, die per Email oder telefonisch bei uns eingehen.\" \/>\n<meta property=\"og:url\" content=\"https:\/\/www.burrensmokehouse.com\/de\/produkt\/heissgeraeucherter-irischer-bio-lachs-ungewuerzt\/\" \/>\n<meta property=\"og:site_name\" content=\"Burren Smokehouse\" \/>\n<meta property=\"article:modified_time\" content=\"2025-12-08T11:36:26+00:00\" \/>\n<meta property=\"og:image\" content=\"https:\/\/www.burrensmokehouse.com\/wp-content\/uploads\/2022\/02\/Hot_smoked_Organic_Irish_Salmon_plain_P1.jpeg\" \/>\n\t<meta property=\"og:image:width\" content=\"800\" \/>\n\t<meta property=\"og:image:height\" content=\"1000\" \/>\n\t<meta property=\"og:image:type\" content=\"image\/jpeg\" \/>\n<meta name=\"twitter:card\" content=\"summary_large_image\" \/>\n<meta name=\"twitter:label1\" content=\"Gesch\u00e4tzte Lesezeit\" \/>\n\t<meta name=\"twitter:data1\" content=\"1\u00a0Minute\" \/>\n<script type=\"application\/ld+json\" class=\"yoast-schema-graph\">{\"@context\":\"https:\\\/\\\/schema.org\",\"@graph\":[{\"@type\":\"WebPage\",\"@id\":\"https:\\\/\\\/www.burrensmokehouse.com\\\/de\\\/produkt\\\/heissgeraeucherter-irischer-bio-lachs-ungewuerzt\\\/\",\"url\":\"https:\\\/\\\/www.burrensmokehouse.com\\\/de\\\/produkt\\\/heissgeraeucherter-irischer-bio-lachs-ungewuerzt\\\/\",\"name\":\"Heissger\u00e4ucherter Irischer Bio-Lachs - Ungew\u00fcrzt - Burren Smokehouse\",\"isPartOf\":{\"@id\":\"https:\\\/\\\/www.burrensmokehouse.com\\\/de\\\/#website\"},\"primaryImageOfPage\":{\"@id\":\"https:\\\/\\\/www.burrensmokehouse.com\\\/de\\\/produkt\\\/heissgeraeucherter-irischer-bio-lachs-ungewuerzt\\\/#primaryimage\"},\"image\":{\"@id\":\"https:\\\/\\\/www.burrensmokehouse.com\\\/de\\\/produkt\\\/heissgeraeucherter-irischer-bio-lachs-ungewuerzt\\\/#primaryimage\"},\"thumbnailUrl\":\"https:\\\/\\\/www.burrensmokehouse.com\\\/wp-content\\\/uploads\\\/2022\\\/02\\\/Hot_smoked_Organic_Irish_Salmon_plain_P1.jpeg\",\"datePublished\":\"2022-06-16T10:01:21+00:00\",\"dateModified\":\"2025-12-08T11:36:26+00:00\",\"breadcrumb\":{\"@id\":\"https:\\\/\\\/www.burrensmokehouse.com\\\/de\\\/produkt\\\/heissgeraeucherter-irischer-bio-lachs-ungewuerzt\\\/#breadcrumb\"},\"inLanguage\":\"de\",\"potentialAction\":[{\"@type\":\"ReadAction\",\"target\":[\"https:\\\/\\\/www.burrensmokehouse.com\\\/de\\\/produkt\\\/heissgeraeucherter-irischer-bio-lachs-ungewuerzt\\\/\"]}]},{\"@type\":\"ImageObject\",\"inLanguage\":\"de\",\"@id\":\"https:\\\/\\\/www.burrensmokehouse.com\\\/de\\\/produkt\\\/heissgeraeucherter-irischer-bio-lachs-ungewuerzt\\\/#primaryimage\",\"url\":\"https:\\\/\\\/www.burrensmokehouse.com\\\/wp-content\\\/uploads\\\/2022\\\/02\\\/Hot_smoked_Organic_Irish_Salmon_plain_P1.jpeg\",\"contentUrl\":\"https:\\\/\\\/www.burrensmokehouse.com\\\/wp-content\\\/uploads\\\/2022\\\/02\\\/Hot_smoked_Organic_Irish_Salmon_plain_P1.jpeg\",\"width\":800,\"height\":1000},{\"@type\":\"BreadcrumbList\",\"@id\":\"https:\\\/\\\/www.burrensmokehouse.com\\\/de\\\/produkt\\\/heissgeraeucherter-irischer-bio-lachs-ungewuerzt\\\/#breadcrumb\",\"itemListElement\":[{\"@type\":\"ListItem\",\"position\":1,\"name\":\"Home\",\"item\":\"https:\\\/\\\/www.burrensmokehouse.com\\\/de\\\/\"},{\"@type\":\"ListItem\",\"position\":2,\"name\":\"Einkaufen\",\"item\":\"https:\\\/\\\/www.burrensmokehouse.com\\\/de\\\/einkaufen\\\/\"},{\"@type\":\"ListItem\",\"position\":3,\"name\":\"Heissger\u00e4ucherter Irischer Bio-Lachs &#8211; Ungew\u00fcrzt\"}]},{\"@type\":\"WebSite\",\"@id\":\"https:\\\/\\\/www.burrensmokehouse.com\\\/de\\\/#website\",\"url\":\"https:\\\/\\\/www.burrensmokehouse.com\\\/de\\\/\",\"name\":\"Burren Smokehouse\",\"description\":\"\",\"publisher\":{\"@id\":\"https:\\\/\\\/www.burrensmokehouse.com\\\/de\\\/#organization\"},\"potentialAction\":[{\"@type\":\"SearchAction\",\"target\":{\"@type\":\"EntryPoint\",\"urlTemplate\":\"https:\\\/\\\/www.burrensmokehouse.com\\\/de\\\/?s={search_term_string}\"},\"query-input\":{\"@type\":\"PropertyValueSpecification\",\"valueRequired\":true,\"valueName\":\"search_term_string\"}}],\"inLanguage\":\"de\"},{\"@type\":\"Organization\",\"@id\":\"https:\\\/\\\/www.burrensmokehouse.com\\\/de\\\/#organization\",\"name\":\"Burren Smokehouse\",\"url\":\"https:\\\/\\\/www.burrensmokehouse.com\\\/de\\\/\",\"logo\":{\"@type\":\"ImageObject\",\"inLanguage\":\"de\",\"@id\":\"https:\\\/\\\/www.burrensmokehouse.com\\\/de\\\/#\\\/schema\\\/logo\\\/image\\\/\",\"url\":\"https:\\\/\\\/www.burrensmokehouse.com\\\/wp-content\\\/uploads\\\/2021\\\/07\\\/logo.png\",\"contentUrl\":\"https:\\\/\\\/www.burrensmokehouse.com\\\/wp-content\\\/uploads\\\/2021\\\/07\\\/logo.png\",\"width\":432,\"height\":99,\"caption\":\"Burren Smokehouse\"},\"image\":{\"@id\":\"https:\\\/\\\/www.burrensmokehouse.com\\\/de\\\/#\\\/schema\\\/logo\\\/image\\\/\"}}]}<\/script>\n<!-- \/ Yoast SEO plugin. -->","yoast_head_json":{"title":"Heissger\u00e4ucherter Irischer Bio-Lachs - Ungew\u00fcrzt - Burren Smokehouse","robots":{"index":"index","follow":"follow","max-snippet":"max-snippet:-1","max-image-preview":"max-image-preview:large","max-video-preview":"max-video-preview:-1"},"canonical":"https:\/\/www.burrensmokehouse.com\/de\/produkt\/heissgeraeucherter-irischer-bio-lachs-ungewuerzt\/","og_locale":"de_DE","og_type":"article","og_title":"Heissger\u00e4ucherter Irischer Bio-Lachs - Ungew\u00fcrzt - Burren Smokehouse","og_description":"Dieser hei\u00df ger\u00e4ucherte Bio-Lachs - ungew\u00fcrzt- ist etwas f\u00fcr alle Lachsliebhaber, aber besonders f\u00fcr diejenigen, die den puren Geschmack von hei\u00df ger\u00e4uchertem Lachs m\u00f6gen, ohne jegliche Ablenkung.  Warum sind die Preise auf der Webseite h\u00f6her als im Katalog? F\u00fcr Exporte in EU-L\u00e4nder m\u00fcssen wir leider die in dem Bestimmungsland \u00fcblichen MwSt.-S\u00e4tze f\u00fcr die jeweiligen Produkte berechnen und abf\u00fchren. Dies ist seit einiger Zeit Gesetz auf EU-Basis und gilt f\u00fcr alle L\u00e4nder in der EU. Dieser Mehrwertsteuersatz ist bereits in den Preisen auf der Website enthalten. Aus diesem Grund gibt es einen Unterschied zwischen den Preisen im Katalog und auf der Website. Bis vor kurzem hat die Website die Mehrwertsteuer am Ende des Bestellvorgangs hinzugef\u00fcgt, aber das Ergebnis ist dasselbe. Wir haben es zwar nicht auf dem Bestellformular geschrieben, aber das gleiche gilt nat\u00fcrlich auch f\u00fcr Auftr\u00e4ge, die per Email oder telefonisch bei uns eingehen.","og_url":"https:\/\/www.burrensmokehouse.com\/de\/produkt\/heissgeraeucherter-irischer-bio-lachs-ungewuerzt\/","og_site_name":"Burren Smokehouse","article_modified_time":"2025-12-08T11:36:26+00:00","og_image":[{"width":800,"height":1000,"url":"https:\/\/www.burrensmokehouse.com\/wp-content\/uploads\/2022\/02\/Hot_smoked_Organic_Irish_Salmon_plain_P1.jpeg","type":"image\/jpeg"}],"twitter_card":"summary_large_image","twitter_misc":{"Gesch\u00e4tzte Lesezeit":"1\u00a0Minute"},"schema":{"@context":"https:\/\/schema.org","@graph":[{"@type":"WebPage","@id":"https:\/\/www.burrensmokehouse.com\/de\/produkt\/heissgeraeucherter-irischer-bio-lachs-ungewuerzt\/","url":"https:\/\/www.burrensmokehouse.com\/de\/produkt\/heissgeraeucherter-irischer-bio-lachs-ungewuerzt\/","name":"Heissger\u00e4ucherter Irischer Bio-Lachs - Ungew\u00fcrzt - Burren Smokehouse","isPartOf":{"@id":"https:\/\/www.burrensmokehouse.com\/de\/#website"},"primaryImageOfPage":{"@id":"https:\/\/www.burrensmokehouse.com\/de\/produkt\/heissgeraeucherter-irischer-bio-lachs-ungewuerzt\/#primaryimage"},"image":{"@id":"https:\/\/www.burrensmokehouse.com\/de\/produkt\/heissgeraeucherter-irischer-bio-lachs-ungewuerzt\/#primaryimage"},"thumbnailUrl":"https:\/\/www.burrensmokehouse.com\/wp-content\/uploads\/2022\/02\/Hot_smoked_Organic_Irish_Salmon_plain_P1.jpeg","datePublished":"2022-06-16T10:01:21+00:00","dateModified":"2025-12-08T11:36:26+00:00","breadcrumb":{"@id":"https:\/\/www.burrensmokehouse.com\/de\/produkt\/heissgeraeucherter-irischer-bio-lachs-ungewuerzt\/#breadcrumb"},"inLanguage":"de","potentialAction":[{"@type":"ReadAction","target":["https:\/\/www.burrensmokehouse.com\/de\/produkt\/heissgeraeucherter-irischer-bio-lachs-ungewuerzt\/"]}]},{"@type":"ImageObject","inLanguage":"de","@id":"https:\/\/www.burrensmokehouse.com\/de\/produkt\/heissgeraeucherter-irischer-bio-lachs-ungewuerzt\/#primaryimage","url":"https:\/\/www.burrensmokehouse.com\/wp-content\/uploads\/2022\/02\/Hot_smoked_Organic_Irish_Salmon_plain_P1.jpeg","contentUrl":"https:\/\/www.burrensmokehouse.com\/wp-content\/uploads\/2022\/02\/Hot_smoked_Organic_Irish_Salmon_plain_P1.jpeg","width":800,"height":1000},{"@type":"BreadcrumbList","@id":"https:\/\/www.burrensmokehouse.com\/de\/produkt\/heissgeraeucherter-irischer-bio-lachs-ungewuerzt\/#breadcrumb","itemListElement":[{"@type":"ListItem","position":1,"name":"Home","item":"https:\/\/www.burrensmokehouse.com\/de\/"},{"@type":"ListItem","position":2,"name":"Einkaufen","item":"https:\/\/www.burrensmokehouse.com\/de\/einkaufen\/"},{"@type":"ListItem","position":3,"name":"Heissger\u00e4ucherter Irischer Bio-Lachs &#8211; Ungew\u00fcrzt"}]},{"@type":"WebSite","@id":"https:\/\/www.burrensmokehouse.com\/de\/#website","url":"https:\/\/www.burrensmokehouse.com\/de\/","name":"Burren Smokehouse","description":"","publisher":{"@id":"https:\/\/www.burrensmokehouse.com\/de\/#organization"},"potentialAction":[{"@type":"SearchAction","target":{"@type":"EntryPoint","urlTemplate":"https:\/\/www.burrensmokehouse.com\/de\/?s={search_term_string}"},"query-input":{"@type":"PropertyValueSpecification","valueRequired":true,"valueName":"search_term_string"}}],"inLanguage":"de"},{"@type":"Organization","@id":"https:\/\/www.burrensmokehouse.com\/de\/#organization","name":"Burren Smokehouse","url":"https:\/\/www.burrensmokehouse.com\/de\/","logo":{"@type":"ImageObject","inLanguage":"de","@id":"https:\/\/www.burrensmokehouse.com\/de\/#\/schema\/logo\/image\/","url":"https:\/\/www.burrensmokehouse.com\/wp-content\/uploads\/2021\/07\/logo.png","contentUrl":"https:\/\/www.burrensmokehouse.com\/wp-content\/uploads\/2021\/07\/logo.png","width":432,"height":99,"caption":"Burren Smokehouse"},"image":{"@id":"https:\/\/www.burrensmokehouse.com\/de\/#\/schema\/logo\/image\/"}}]}},"_links":{"self":[{"href":"https:\/\/www.burrensmokehouse.com\/de\/wp-json\/wp\/v2\/product\/12699","targetHints":{"allow":["GET"]}}],"collection":[{"href":"https:\/\/www.burrensmokehouse.com\/de\/wp-json\/wp\/v2\/product"}],"about":[{"href":"https:\/\/www.burrensmokehouse.com\/de\/wp-json\/wp\/v2\/types\/product"}],"replies":[{"embeddable":true,"href":"https:\/\/www.burrensmokehouse.com\/de\/wp-json\/wp\/v2\/comments?post=12699"}],"wp:featuredmedia":[{"embeddable":true,"href":"https:\/\/www.burrensmokehouse.com\/de\/wp-json\/wp\/v2\/media\/6401"}],"wp:attachment":[{"href":"https:\/\/www.burrensmokehouse.com\/de\/wp-json\/wp\/v2\/media?parent=12699"}],"wp:term":[{"taxonomy":"product_brand","embeddable":true,"href":"https:\/\/www.burrensmokehouse.com\/de\/wp-json\/wp\/v2\/product_brand?post=12699"},{"taxonomy":"product_cat","embeddable":true,"href":"https:\/\/www.burrensmokehouse.com\/de\/wp-json\/wp\/v2\/product_cat?post=12699"},{"taxonomy":"product_tag","embeddable":true,"href":"https:\/\/www.burrensmokehouse.com\/de\/wp-json\/wp\/v2\/product_tag?post=12699"}],"curies":[{"name":"wp","href":"https:\/\/api.w.org\/{rel}","templated":true}]}}