{"id":14766,"date":"2022-11-18T14:48:04","date_gmt":"2022-11-18T14:48:04","guid":{"rendered":"https:\/\/www.burrensmokehouse.com\/product\/smoked-irish-eel\/"},"modified":"2026-02-16T17:29:40","modified_gmt":"2026-02-16T17:29:40","slug":"irischer-raeucheraal","status":"publish","type":"product","link":"https:\/\/www.burrensmokehouse.com\/de\/produkt\/irischer-raeucheraal\/","title":{"rendered":"Irischer R\u00e4ucheraal"},"content":{"rendered":"<p><strong>Erfolg bei den Great Taste Awards 2024! <\/strong>Unser ganzer R\u00e4ucheraal gewann eine <strong>3-Sterne-Goldmedaille<\/strong> bei den Oscars der Food-Welt. Eine gro\u00dfartige Leistung, dass es die h\u00f6chste Medaille unter insgesamt 14.000 eingereichten Produkten erhalten hat! <a href=\"https:\/\/www.burrensmokehouse.com\/de\/auszeichnungen-oscars-der-lebensmittelwelt\/\" target=\"_blank\" rel=\"noopener\"><strong>Lesen Sie die Kommentare der Juroren<\/strong><\/a><\/p>\n<p>Ger\u00e4ucherter Aal ist eine wunderbare Delikatesse mit genau der richtigen Menge an Salz und Rauch. Wir r\u00e4uchern ihn kalt in einem aufwendigen Verfahren bei unterschiedlichen Temperaturen.<\/p>\n<p>Wir bieten ganzen Aal (ungeschnittenen) mit Haut an.<\/p>\n<p><strong>Bitte beachten Sie, dass die Gewichtsangaben vom angegebenen Gewicht abweichen k\u00f6nnen. Wir haben den gesamten Aal in folgende Gewichtsklassen eingeteilt:<\/strong><\/p>\n<p>250 g: 248 bis 264 g<br \/>\n280 g: 276 bis 294 g<br \/>\n310 g: 306 bis 322 g<br \/>\n345 g: 332 bis 356 g<br \/>\n380 g: 368 bis 392 g<br \/>\n420 g: 408 bis 436 g<br \/>\n510 g: 500 bis 528 g<br \/>\n560 g: 544 bis 576 g<br \/>\n610 g: 606 bis 638 g<br \/>\n690 g: 680 bis 724 g<\/p>\n","protected":false},"excerpt":{"rendered":"<p><strong>Erfolg bei den Great Taste Awards 2024 &#8211; dieses Produkt wurde mnit einer 3-Sterne Goldmedaille ausgezeichnet!<\/strong><\/p>\n<p>Nur f\u00fcr kurze Zeit haben wir wieder R\u00e4ucheraal im Sortiment.<\/p>\n<p><strong>Warum sind die Preise auf der Webseite h\u00f6her als im Katalog?<\/strong><br \/>\nF\u00fcr Exporte in EU-L\u00e4nder m\u00fcssen wir leider die in dem Bestimmungsland \u00fcblichen MwSt.-S\u00e4tze f\u00fcr die jeweiligen Produkte berechnen und abf\u00fchren. Dies ist seit einiger Zeit Gesetz auf EU-Basis und gilt f\u00fcr alle L\u00e4nder in der EU.<br \/>\nDieser Mehrwertsteuersatz ist bereits in den Preisen auf der Website enthalten. Aus diesem Grund gibt es einen Unterschied zwischen den Preisen im Katalog und auf der Website. Bis vor kurzem hat die Website die Mehrwertsteuer am Ende des Bestellvorgangs hinzugef\u00fcgt, aber das Ergebnis ist dasselbe.<br \/>\nWir haben es zwar nicht auf dem Bestellformular geschrieben, aber das gleiche gilt nat\u00fcrlich auch f\u00fcr Auftr\u00e4ge, die per Email oder telefonisch bei uns eingehen.<\/p>\n","protected":false},"featured_media":24636,"comment_status":"open","ping_status":"closed","template":"","meta":{"_acf_changed":false,"om_disable_all_campaigns":false},"product_brand":[],"product_cat":[322],"product_tag":[389],"class_list":{"0":"post-14766","1":"product","2":"type-product","3":"status-publish","4":"has-post-thumbnail","6":"product_cat-geraucherte-forelle-makrele","7":"product_tag-eel-de","9":"first","10":"instock","11":"taxable","12":"shipping-taxable","13":"purchasable","14":"product-type-variable"},"acf":[],"yoast_head":"<!-- This site is optimized with the Yoast SEO plugin v27.3 - https:\/\/yoast.com\/product\/yoast-seo-wordpress\/ -->\n<title>Irischer R\u00e4ucheraal - Burren Smokehouse<\/title>\n<meta name=\"robots\" content=\"index, follow, max-snippet:-1, max-image-preview:large, max-video-preview:-1\" \/>\n<link rel=\"canonical\" href=\"https:\/\/www.burrensmokehouse.com\/de\/produkt\/irischer-raeucheraal\/\" \/>\n<meta property=\"og:locale\" content=\"de_DE\" \/>\n<meta property=\"og:type\" content=\"article\" \/>\n<meta property=\"og:title\" content=\"Irischer R\u00e4ucheraal - Burren Smokehouse\" \/>\n<meta property=\"og:description\" content=\"Erfolg bei den Great Taste Awards 2024 - dieses Produkt wurde mnit einer 3-Sterne Goldmedaille ausgezeichnet!  Nur f\u00fcr kurze Zeit haben wir wieder R\u00e4ucheraal im Sortiment.  Warum sind die Preise auf der Webseite h\u00f6her als im Katalog? F\u00fcr Exporte in EU-L\u00e4nder m\u00fcssen wir leider die in dem Bestimmungsland \u00fcblichen MwSt.-S\u00e4tze f\u00fcr die jeweiligen Produkte berechnen und abf\u00fchren. Dies ist seit einiger Zeit Gesetz auf EU-Basis und gilt f\u00fcr alle L\u00e4nder in der EU. Dieser Mehrwertsteuersatz ist bereits in den Preisen auf der Website enthalten. Aus diesem Grund gibt es einen Unterschied zwischen den Preisen im Katalog und auf der Website. Bis vor kurzem hat die Website die Mehrwertsteuer am Ende des Bestellvorgangs hinzugef\u00fcgt, aber das Ergebnis ist dasselbe. Wir haben es zwar nicht auf dem Bestellformular geschrieben, aber das gleiche gilt nat\u00fcrlich auch f\u00fcr Auftr\u00e4ge, die per Email oder telefonisch bei uns eingehen.\" \/>\n<meta property=\"og:url\" content=\"https:\/\/www.burrensmokehouse.com\/de\/produkt\/irischer-raeucheraal\/\" \/>\n<meta property=\"og:site_name\" content=\"Burren Smokehouse\" \/>\n<meta property=\"article:modified_time\" content=\"2026-02-16T17:29:40+00:00\" \/>\n<meta property=\"og:image\" content=\"https:\/\/www.burrensmokehouse.com\/wp-content\/uploads\/2022\/11\/3-Eel-\u00a9-Anita-Murphy-2025-landscape-1200px.jpg\" \/>\n\t<meta property=\"og:image:width\" content=\"1200\" \/>\n\t<meta property=\"og:image:height\" content=\"810\" \/>\n\t<meta property=\"og:image:type\" content=\"image\/jpeg\" \/>\n<meta name=\"twitter:card\" content=\"summary_large_image\" \/>\n<meta name=\"twitter:label1\" content=\"Gesch\u00e4tzte Lesezeit\" \/>\n\t<meta name=\"twitter:data1\" content=\"1\u00a0Minute\" \/>\n<script type=\"application\/ld+json\" class=\"yoast-schema-graph\">{\"@context\":\"https:\\\/\\\/schema.org\",\"@graph\":[{\"@type\":\"WebPage\",\"@id\":\"https:\\\/\\\/www.burrensmokehouse.com\\\/de\\\/produkt\\\/irischer-raeucheraal\\\/\",\"url\":\"https:\\\/\\\/www.burrensmokehouse.com\\\/de\\\/produkt\\\/irischer-raeucheraal\\\/\",\"name\":\"Irischer R\u00e4ucheraal - Burren Smokehouse\",\"isPartOf\":{\"@id\":\"https:\\\/\\\/www.burrensmokehouse.com\\\/de\\\/#website\"},\"primaryImageOfPage\":{\"@id\":\"https:\\\/\\\/www.burrensmokehouse.com\\\/de\\\/produkt\\\/irischer-raeucheraal\\\/#primaryimage\"},\"image\":{\"@id\":\"https:\\\/\\\/www.burrensmokehouse.com\\\/de\\\/produkt\\\/irischer-raeucheraal\\\/#primaryimage\"},\"thumbnailUrl\":\"https:\\\/\\\/www.burrensmokehouse.com\\\/wp-content\\\/uploads\\\/2022\\\/11\\\/3-Eel-\u00a9-Anita-Murphy-2025-landscape-1200px.jpg\",\"datePublished\":\"2022-11-18T14:48:04+00:00\",\"dateModified\":\"2026-02-16T17:29:40+00:00\",\"breadcrumb\":{\"@id\":\"https:\\\/\\\/www.burrensmokehouse.com\\\/de\\\/produkt\\\/irischer-raeucheraal\\\/#breadcrumb\"},\"inLanguage\":\"de\",\"potentialAction\":[{\"@type\":\"ReadAction\",\"target\":[\"https:\\\/\\\/www.burrensmokehouse.com\\\/de\\\/produkt\\\/irischer-raeucheraal\\\/\"]}]},{\"@type\":\"ImageObject\",\"inLanguage\":\"de\",\"@id\":\"https:\\\/\\\/www.burrensmokehouse.com\\\/de\\\/produkt\\\/irischer-raeucheraal\\\/#primaryimage\",\"url\":\"https:\\\/\\\/www.burrensmokehouse.com\\\/wp-content\\\/uploads\\\/2022\\\/11\\\/3-Eel-\u00a9-Anita-Murphy-2025-landscape-1200px.jpg\",\"contentUrl\":\"https:\\\/\\\/www.burrensmokehouse.com\\\/wp-content\\\/uploads\\\/2022\\\/11\\\/3-Eel-\u00a9-Anita-Murphy-2025-landscape-1200px.jpg\",\"width\":1200,\"height\":810,\"caption\":\"Burren Smokehouse smoked eel\"},{\"@type\":\"BreadcrumbList\",\"@id\":\"https:\\\/\\\/www.burrensmokehouse.com\\\/de\\\/produkt\\\/irischer-raeucheraal\\\/#breadcrumb\",\"itemListElement\":[{\"@type\":\"ListItem\",\"position\":1,\"name\":\"Home\",\"item\":\"https:\\\/\\\/www.burrensmokehouse.com\\\/de\\\/\"},{\"@type\":\"ListItem\",\"position\":2,\"name\":\"Einkaufen\",\"item\":\"https:\\\/\\\/www.burrensmokehouse.com\\\/de\\\/einkaufen\\\/\"},{\"@type\":\"ListItem\",\"position\":3,\"name\":\"Irischer R\u00e4ucheraal\"}]},{\"@type\":\"WebSite\",\"@id\":\"https:\\\/\\\/www.burrensmokehouse.com\\\/de\\\/#website\",\"url\":\"https:\\\/\\\/www.burrensmokehouse.com\\\/de\\\/\",\"name\":\"Burren Smokehouse\",\"description\":\"\",\"publisher\":{\"@id\":\"https:\\\/\\\/www.burrensmokehouse.com\\\/de\\\/#organization\"},\"potentialAction\":[{\"@type\":\"SearchAction\",\"target\":{\"@type\":\"EntryPoint\",\"urlTemplate\":\"https:\\\/\\\/www.burrensmokehouse.com\\\/de\\\/?s={search_term_string}\"},\"query-input\":{\"@type\":\"PropertyValueSpecification\",\"valueRequired\":true,\"valueName\":\"search_term_string\"}}],\"inLanguage\":\"de\"},{\"@type\":\"Organization\",\"@id\":\"https:\\\/\\\/www.burrensmokehouse.com\\\/de\\\/#organization\",\"name\":\"Burren Smokehouse\",\"url\":\"https:\\\/\\\/www.burrensmokehouse.com\\\/de\\\/\",\"logo\":{\"@type\":\"ImageObject\",\"inLanguage\":\"de\",\"@id\":\"https:\\\/\\\/www.burrensmokehouse.com\\\/de\\\/#\\\/schema\\\/logo\\\/image\\\/\",\"url\":\"https:\\\/\\\/www.burrensmokehouse.com\\\/wp-content\\\/uploads\\\/2021\\\/07\\\/logo.png\",\"contentUrl\":\"https:\\\/\\\/www.burrensmokehouse.com\\\/wp-content\\\/uploads\\\/2021\\\/07\\\/logo.png\",\"width\":432,\"height\":99,\"caption\":\"Burren Smokehouse\"},\"image\":{\"@id\":\"https:\\\/\\\/www.burrensmokehouse.com\\\/de\\\/#\\\/schema\\\/logo\\\/image\\\/\"}}]}<\/script>\n<!-- \/ Yoast SEO plugin. -->","yoast_head_json":{"title":"Irischer R\u00e4ucheraal - Burren Smokehouse","robots":{"index":"index","follow":"follow","max-snippet":"max-snippet:-1","max-image-preview":"max-image-preview:large","max-video-preview":"max-video-preview:-1"},"canonical":"https:\/\/www.burrensmokehouse.com\/de\/produkt\/irischer-raeucheraal\/","og_locale":"de_DE","og_type":"article","og_title":"Irischer R\u00e4ucheraal - Burren Smokehouse","og_description":"Erfolg bei den Great Taste Awards 2024 - dieses Produkt wurde mnit einer 3-Sterne Goldmedaille ausgezeichnet!  Nur f\u00fcr kurze Zeit haben wir wieder R\u00e4ucheraal im Sortiment.  Warum sind die Preise auf der Webseite h\u00f6her als im Katalog? F\u00fcr Exporte in EU-L\u00e4nder m\u00fcssen wir leider die in dem Bestimmungsland \u00fcblichen MwSt.-S\u00e4tze f\u00fcr die jeweiligen Produkte berechnen und abf\u00fchren. Dies ist seit einiger Zeit Gesetz auf EU-Basis und gilt f\u00fcr alle L\u00e4nder in der EU. Dieser Mehrwertsteuersatz ist bereits in den Preisen auf der Website enthalten. Aus diesem Grund gibt es einen Unterschied zwischen den Preisen im Katalog und auf der Website. Bis vor kurzem hat die Website die Mehrwertsteuer am Ende des Bestellvorgangs hinzugef\u00fcgt, aber das Ergebnis ist dasselbe. Wir haben es zwar nicht auf dem Bestellformular geschrieben, aber das gleiche gilt nat\u00fcrlich auch f\u00fcr Auftr\u00e4ge, die per Email oder telefonisch bei uns eingehen.","og_url":"https:\/\/www.burrensmokehouse.com\/de\/produkt\/irischer-raeucheraal\/","og_site_name":"Burren Smokehouse","article_modified_time":"2026-02-16T17:29:40+00:00","og_image":[{"width":1200,"height":810,"url":"https:\/\/www.burrensmokehouse.com\/wp-content\/uploads\/2022\/11\/3-Eel-\u00a9-Anita-Murphy-2025-landscape-1200px.jpg","type":"image\/jpeg"}],"twitter_card":"summary_large_image","twitter_misc":{"Gesch\u00e4tzte Lesezeit":"1\u00a0Minute"},"schema":{"@context":"https:\/\/schema.org","@graph":[{"@type":"WebPage","@id":"https:\/\/www.burrensmokehouse.com\/de\/produkt\/irischer-raeucheraal\/","url":"https:\/\/www.burrensmokehouse.com\/de\/produkt\/irischer-raeucheraal\/","name":"Irischer R\u00e4ucheraal - Burren Smokehouse","isPartOf":{"@id":"https:\/\/www.burrensmokehouse.com\/de\/#website"},"primaryImageOfPage":{"@id":"https:\/\/www.burrensmokehouse.com\/de\/produkt\/irischer-raeucheraal\/#primaryimage"},"image":{"@id":"https:\/\/www.burrensmokehouse.com\/de\/produkt\/irischer-raeucheraal\/#primaryimage"},"thumbnailUrl":"https:\/\/www.burrensmokehouse.com\/wp-content\/uploads\/2022\/11\/3-Eel-\u00a9-Anita-Murphy-2025-landscape-1200px.jpg","datePublished":"2022-11-18T14:48:04+00:00","dateModified":"2026-02-16T17:29:40+00:00","breadcrumb":{"@id":"https:\/\/www.burrensmokehouse.com\/de\/produkt\/irischer-raeucheraal\/#breadcrumb"},"inLanguage":"de","potentialAction":[{"@type":"ReadAction","target":["https:\/\/www.burrensmokehouse.com\/de\/produkt\/irischer-raeucheraal\/"]}]},{"@type":"ImageObject","inLanguage":"de","@id":"https:\/\/www.burrensmokehouse.com\/de\/produkt\/irischer-raeucheraal\/#primaryimage","url":"https:\/\/www.burrensmokehouse.com\/wp-content\/uploads\/2022\/11\/3-Eel-\u00a9-Anita-Murphy-2025-landscape-1200px.jpg","contentUrl":"https:\/\/www.burrensmokehouse.com\/wp-content\/uploads\/2022\/11\/3-Eel-\u00a9-Anita-Murphy-2025-landscape-1200px.jpg","width":1200,"height":810,"caption":"Burren Smokehouse smoked eel"},{"@type":"BreadcrumbList","@id":"https:\/\/www.burrensmokehouse.com\/de\/produkt\/irischer-raeucheraal\/#breadcrumb","itemListElement":[{"@type":"ListItem","position":1,"name":"Home","item":"https:\/\/www.burrensmokehouse.com\/de\/"},{"@type":"ListItem","position":2,"name":"Einkaufen","item":"https:\/\/www.burrensmokehouse.com\/de\/einkaufen\/"},{"@type":"ListItem","position":3,"name":"Irischer R\u00e4ucheraal"}]},{"@type":"WebSite","@id":"https:\/\/www.burrensmokehouse.com\/de\/#website","url":"https:\/\/www.burrensmokehouse.com\/de\/","name":"Burren Smokehouse","description":"","publisher":{"@id":"https:\/\/www.burrensmokehouse.com\/de\/#organization"},"potentialAction":[{"@type":"SearchAction","target":{"@type":"EntryPoint","urlTemplate":"https:\/\/www.burrensmokehouse.com\/de\/?s={search_term_string}"},"query-input":{"@type":"PropertyValueSpecification","valueRequired":true,"valueName":"search_term_string"}}],"inLanguage":"de"},{"@type":"Organization","@id":"https:\/\/www.burrensmokehouse.com\/de\/#organization","name":"Burren Smokehouse","url":"https:\/\/www.burrensmokehouse.com\/de\/","logo":{"@type":"ImageObject","inLanguage":"de","@id":"https:\/\/www.burrensmokehouse.com\/de\/#\/schema\/logo\/image\/","url":"https:\/\/www.burrensmokehouse.com\/wp-content\/uploads\/2021\/07\/logo.png","contentUrl":"https:\/\/www.burrensmokehouse.com\/wp-content\/uploads\/2021\/07\/logo.png","width":432,"height":99,"caption":"Burren Smokehouse"},"image":{"@id":"https:\/\/www.burrensmokehouse.com\/de\/#\/schema\/logo\/image\/"}}]}},"_links":{"self":[{"href":"https:\/\/www.burrensmokehouse.com\/de\/wp-json\/wp\/v2\/product\/14766","targetHints":{"allow":["GET"]}}],"collection":[{"href":"https:\/\/www.burrensmokehouse.com\/de\/wp-json\/wp\/v2\/product"}],"about":[{"href":"https:\/\/www.burrensmokehouse.com\/de\/wp-json\/wp\/v2\/types\/product"}],"replies":[{"embeddable":true,"href":"https:\/\/www.burrensmokehouse.com\/de\/wp-json\/wp\/v2\/comments?post=14766"}],"wp:featuredmedia":[{"embeddable":true,"href":"https:\/\/www.burrensmokehouse.com\/de\/wp-json\/wp\/v2\/media\/24636"}],"wp:attachment":[{"href":"https:\/\/www.burrensmokehouse.com\/de\/wp-json\/wp\/v2\/media?parent=14766"}],"wp:term":[{"taxonomy":"product_brand","embeddable":true,"href":"https:\/\/www.burrensmokehouse.com\/de\/wp-json\/wp\/v2\/product_brand?post=14766"},{"taxonomy":"product_cat","embeddable":true,"href":"https:\/\/www.burrensmokehouse.com\/de\/wp-json\/wp\/v2\/product_cat?post=14766"},{"taxonomy":"product_tag","embeddable":true,"href":"https:\/\/www.burrensmokehouse.com\/de\/wp-json\/wp\/v2\/product_tag?post=14766"}],"curies":[{"name":"wp","href":"https:\/\/api.w.org\/{rel}","templated":true}]}}