{"id":26949,"date":"2026-03-19T12:15:17","date_gmt":"2026-03-19T12:15:17","guid":{"rendered":"https:\/\/www.burrensmokehouse.com\/?post_type=product&#038;p=26949"},"modified":"2026-04-07T09:09:32","modified_gmt":"2026-04-07T08:09:32","slug":"ostergruss-praesentkarton","status":"publish","type":"product","link":"https:\/\/www.burrensmokehouse.com\/de\/produkt\/ostergruss-praesentkarton\/","title":{"rendered":"Ostergruss-Pr\u00e4sentkarton"},"content":{"rendered":"<p><strong>Der Fr\u00fchling ist endlich da und Ostern steht vor der T\u00fcr! Verschenken Sie diesen k\u00f6stlichen Geschenkkorb mit kulinarischen K\u00f6stlichkeiten und stimmen Sie Ihre Lieben auf die sch\u00f6ne Jahreszeit ein.<\/strong><\/p>\n<p>Dieser Korb enth\u00e4lt:<\/p>\n<ul>\n<li>180 g klassischer Irischer Bio-Kaltrauchlachs<\/li>\n<li>140 g Irischer Bio-Kaltrauchlachs mit Algenflocken<\/li>\n<li>140 g Irischer Bio-Heissrauchlachs mit Honig, Zitrone und Dill<\/li>\n<li>ca. 220 g Burren Gold Gouda mit Pfeffer von der Aillwee Cave<\/li>\n<li>150 g St. Tola Ziegenk\u00e4se \u2013 \u201eGriechische Art\u201c<\/li>\n<li>ein 85-g-Glas Goatsbridge Forellenkaviar<\/li>\n<li>Zitronen-Holunderbl\u00fcten-Dressing von Wildwood Balsamics<\/li>\n<li>Anh\u00e4nger aus einer Austernschale mit einer Zeichnung eines Lachses auf einem Fahrrad<\/li>\n<\/ul>\n<p>&#8211; Vorbehaltlich Verf\u00fcgbarkeit aller hier aufgef\u00fchrten Produkte. Sollte ein Artikel nicht verf\u00fcgbar sein, werden wir einen geeigneten und preisgleichen Ersatz liefern &#8211;<\/p>\n","protected":false},"excerpt":{"rendered":"<p>Vielen Dank, dass Sie lokale Lebensmittelproduzenten unterst\u00fctzen, die nachhaltig arbeiten, um authentische Lebensmittel und Kunst in kleinen Mengen herzustellen.<\/p>\n<p><strong>Warum sind die Preise auf der Webseite h\u00f6her als im Katalog?<\/strong><br \/>\nF\u00fcr Exporte in EU-L\u00e4nder m\u00fcssen wir leider die in dem Bestimmungsland \u00fcblichen MwSt.-S\u00e4tze f\u00fcr die jeweiligen Produkte berechnen und abf\u00fchren. Dies ist seit einiger Zeit Gesetz auf EU-Basis und gilt f\u00fcr alle L\u00e4nder in der EU.<br \/>\nDieser Mehrwertsteuersatz ist bereits in den Preisen auf der Website enthalten. Aus diesem Grund gibt es einen Unterschied zwischen den Preisen im Katalog und auf der Website. Bis vor kurzem hat die Website die Mehrwertsteuer am Ende des Bestellvorgangs hinzugef\u00fcgt, aber das Ergebnis ist dasselbe.<br \/>\nWir haben es zwar nicht auf dem Bestellformular geschrieben, aber das gleiche gilt nat\u00fcrlich auch f\u00fcr Auftr\u00e4ge, die per Email oder telefonisch bei uns eingehen.<\/p>\n","protected":false},"featured_media":26970,"comment_status":"open","ping_status":"closed","template":"","meta":{"_acf_changed":false,"om_disable_all_campaigns":false},"product_brand":[],"product_cat":[168],"product_tag":[],"class_list":{"0":"post-26949","1":"product","2":"type-product","3":"status-publish","4":"has-post-thumbnail","6":"product_cat-gift-ideas-hampers-de","7":"pa_weight-g-4000-de","9":"first","10":"instock","11":"taxable","12":"shipping-taxable","13":"purchasable","14":"product-type-simple"},"acf":[],"yoast_head":"<!-- This site is optimized with the Yoast SEO plugin v27.3 - https:\/\/yoast.com\/product\/yoast-seo-wordpress\/ -->\n<title>Ostergruss-Pr\u00e4sentkarton - Burren Smokehouse<\/title>\n<meta name=\"robots\" content=\"index, follow, max-snippet:-1, max-image-preview:large, max-video-preview:-1\" \/>\n<link rel=\"canonical\" href=\"https:\/\/www.burrensmokehouse.com\/de\/produkt\/ostergruss-praesentkarton\/\" \/>\n<meta property=\"og:locale\" content=\"de_DE\" \/>\n<meta property=\"og:type\" content=\"article\" \/>\n<meta property=\"og:title\" content=\"Ostergruss-Pr\u00e4sentkarton - Burren Smokehouse\" \/>\n<meta property=\"og:description\" content=\"Vielen Dank, dass Sie lokale Lebensmittelproduzenten unterst\u00fctzen, die nachhaltig arbeiten, um authentische Lebensmittel und Kunst in kleinen Mengen herzustellen.  Warum sind die Preise auf der Webseite h\u00f6her als im Katalog? F\u00fcr Exporte in EU-L\u00e4nder m\u00fcssen wir leider die in dem Bestimmungsland \u00fcblichen MwSt.-S\u00e4tze f\u00fcr die jeweiligen Produkte berechnen und abf\u00fchren. Dies ist seit einiger Zeit Gesetz auf EU-Basis und gilt f\u00fcr alle L\u00e4nder in der EU. Dieser Mehrwertsteuersatz ist bereits in den Preisen auf der Website enthalten. Aus diesem Grund gibt es einen Unterschied zwischen den Preisen im Katalog und auf der Website. Bis vor kurzem hat die Website die Mehrwertsteuer am Ende des Bestellvorgangs hinzugef\u00fcgt, aber das Ergebnis ist dasselbe. Wir haben es zwar nicht auf dem Bestellformular geschrieben, aber das gleiche gilt nat\u00fcrlich auch f\u00fcr Auftr\u00e4ge, die per Email oder telefonisch bei uns eingehen.\" \/>\n<meta property=\"og:url\" content=\"https:\/\/www.burrensmokehouse.com\/de\/produkt\/ostergruss-praesentkarton\/\" \/>\n<meta property=\"og:site_name\" content=\"Burren Smokehouse\" \/>\n<meta property=\"article:modified_time\" content=\"2026-04-07T08:09:32+00:00\" \/>\n<meta property=\"og:image\" content=\"https:\/\/www.burrensmokehouse.com\/wp-content\/uploads\/2026\/03\/EASTER-4.jpg\" \/>\n\t<meta property=\"og:image:width\" content=\"1122\" \/>\n\t<meta property=\"og:image:height\" content=\"710\" \/>\n\t<meta property=\"og:image:type\" content=\"image\/jpeg\" \/>\n<meta name=\"twitter:card\" content=\"summary_large_image\" \/>\n<meta name=\"twitter:label1\" content=\"Gesch\u00e4tzte Lesezeit\" \/>\n\t<meta name=\"twitter:data1\" content=\"1\u00a0Minute\" \/>\n<script type=\"application\/ld+json\" class=\"yoast-schema-graph\">{\"@context\":\"https:\\\/\\\/schema.org\",\"@graph\":[{\"@type\":\"WebPage\",\"@id\":\"https:\\\/\\\/www.burrensmokehouse.com\\\/de\\\/produkt\\\/ostergruss-praesentkarton\\\/\",\"url\":\"https:\\\/\\\/www.burrensmokehouse.com\\\/de\\\/produkt\\\/ostergruss-praesentkarton\\\/\",\"name\":\"Ostergruss-Pr\u00e4sentkarton - Burren Smokehouse\",\"isPartOf\":{\"@id\":\"https:\\\/\\\/www.burrensmokehouse.com\\\/de\\\/#website\"},\"primaryImageOfPage\":{\"@id\":\"https:\\\/\\\/www.burrensmokehouse.com\\\/de\\\/produkt\\\/ostergruss-praesentkarton\\\/#primaryimage\"},\"image\":{\"@id\":\"https:\\\/\\\/www.burrensmokehouse.com\\\/de\\\/produkt\\\/ostergruss-praesentkarton\\\/#primaryimage\"},\"thumbnailUrl\":\"https:\\\/\\\/www.burrensmokehouse.com\\\/wp-content\\\/uploads\\\/2026\\\/03\\\/EASTER-4.jpg\",\"datePublished\":\"2026-03-19T12:15:17+00:00\",\"dateModified\":\"2026-04-07T08:09:32+00:00\",\"breadcrumb\":{\"@id\":\"https:\\\/\\\/www.burrensmokehouse.com\\\/de\\\/produkt\\\/ostergruss-praesentkarton\\\/#breadcrumb\"},\"inLanguage\":\"de\",\"potentialAction\":[{\"@type\":\"ReadAction\",\"target\":[\"https:\\\/\\\/www.burrensmokehouse.com\\\/de\\\/produkt\\\/ostergruss-praesentkarton\\\/\"]}]},{\"@type\":\"ImageObject\",\"inLanguage\":\"de\",\"@id\":\"https:\\\/\\\/www.burrensmokehouse.com\\\/de\\\/produkt\\\/ostergruss-praesentkarton\\\/#primaryimage\",\"url\":\"https:\\\/\\\/www.burrensmokehouse.com\\\/wp-content\\\/uploads\\\/2026\\\/03\\\/EASTER-4.jpg\",\"contentUrl\":\"https:\\\/\\\/www.burrensmokehouse.com\\\/wp-content\\\/uploads\\\/2026\\\/03\\\/EASTER-4.jpg\",\"width\":1122,\"height\":710,\"caption\":\"Spring into Easter Hamper Burren Smokehouse\"},{\"@type\":\"BreadcrumbList\",\"@id\":\"https:\\\/\\\/www.burrensmokehouse.com\\\/de\\\/produkt\\\/ostergruss-praesentkarton\\\/#breadcrumb\",\"itemListElement\":[{\"@type\":\"ListItem\",\"position\":1,\"name\":\"Home\",\"item\":\"https:\\\/\\\/www.burrensmokehouse.com\\\/de\\\/\"},{\"@type\":\"ListItem\",\"position\":2,\"name\":\"Einkaufen\",\"item\":\"https:\\\/\\\/www.burrensmokehouse.com\\\/de\\\/einkaufen\\\/\"},{\"@type\":\"ListItem\",\"position\":3,\"name\":\"Ostergruss-Pr\u00e4sentkarton\"}]},{\"@type\":\"WebSite\",\"@id\":\"https:\\\/\\\/www.burrensmokehouse.com\\\/de\\\/#website\",\"url\":\"https:\\\/\\\/www.burrensmokehouse.com\\\/de\\\/\",\"name\":\"Burren Smokehouse\",\"description\":\"\",\"publisher\":{\"@id\":\"https:\\\/\\\/www.burrensmokehouse.com\\\/de\\\/#organization\"},\"potentialAction\":[{\"@type\":\"SearchAction\",\"target\":{\"@type\":\"EntryPoint\",\"urlTemplate\":\"https:\\\/\\\/www.burrensmokehouse.com\\\/de\\\/?s={search_term_string}\"},\"query-input\":{\"@type\":\"PropertyValueSpecification\",\"valueRequired\":true,\"valueName\":\"search_term_string\"}}],\"inLanguage\":\"de\"},{\"@type\":\"Organization\",\"@id\":\"https:\\\/\\\/www.burrensmokehouse.com\\\/de\\\/#organization\",\"name\":\"Burren Smokehouse\",\"url\":\"https:\\\/\\\/www.burrensmokehouse.com\\\/de\\\/\",\"logo\":{\"@type\":\"ImageObject\",\"inLanguage\":\"de\",\"@id\":\"https:\\\/\\\/www.burrensmokehouse.com\\\/de\\\/#\\\/schema\\\/logo\\\/image\\\/\",\"url\":\"https:\\\/\\\/www.burrensmokehouse.com\\\/wp-content\\\/uploads\\\/2021\\\/07\\\/logo.png\",\"contentUrl\":\"https:\\\/\\\/www.burrensmokehouse.com\\\/wp-content\\\/uploads\\\/2021\\\/07\\\/logo.png\",\"width\":432,\"height\":99,\"caption\":\"Burren Smokehouse\"},\"image\":{\"@id\":\"https:\\\/\\\/www.burrensmokehouse.com\\\/de\\\/#\\\/schema\\\/logo\\\/image\\\/\"}}]}<\/script>\n<!-- \/ Yoast SEO plugin. -->","yoast_head_json":{"title":"Ostergruss-Pr\u00e4sentkarton - Burren Smokehouse","robots":{"index":"index","follow":"follow","max-snippet":"max-snippet:-1","max-image-preview":"max-image-preview:large","max-video-preview":"max-video-preview:-1"},"canonical":"https:\/\/www.burrensmokehouse.com\/de\/produkt\/ostergruss-praesentkarton\/","og_locale":"de_DE","og_type":"article","og_title":"Ostergruss-Pr\u00e4sentkarton - Burren Smokehouse","og_description":"Vielen Dank, dass Sie lokale Lebensmittelproduzenten unterst\u00fctzen, die nachhaltig arbeiten, um authentische Lebensmittel und Kunst in kleinen Mengen herzustellen.  Warum sind die Preise auf der Webseite h\u00f6her als im Katalog? F\u00fcr Exporte in EU-L\u00e4nder m\u00fcssen wir leider die in dem Bestimmungsland \u00fcblichen MwSt.-S\u00e4tze f\u00fcr die jeweiligen Produkte berechnen und abf\u00fchren. Dies ist seit einiger Zeit Gesetz auf EU-Basis und gilt f\u00fcr alle L\u00e4nder in der EU. Dieser Mehrwertsteuersatz ist bereits in den Preisen auf der Website enthalten. Aus diesem Grund gibt es einen Unterschied zwischen den Preisen im Katalog und auf der Website. Bis vor kurzem hat die Website die Mehrwertsteuer am Ende des Bestellvorgangs hinzugef\u00fcgt, aber das Ergebnis ist dasselbe. Wir haben es zwar nicht auf dem Bestellformular geschrieben, aber das gleiche gilt nat\u00fcrlich auch f\u00fcr Auftr\u00e4ge, die per Email oder telefonisch bei uns eingehen.","og_url":"https:\/\/www.burrensmokehouse.com\/de\/produkt\/ostergruss-praesentkarton\/","og_site_name":"Burren Smokehouse","article_modified_time":"2026-04-07T08:09:32+00:00","og_image":[{"width":1122,"height":710,"url":"https:\/\/www.burrensmokehouse.com\/wp-content\/uploads\/2026\/03\/EASTER-4.jpg","type":"image\/jpeg"}],"twitter_card":"summary_large_image","twitter_misc":{"Gesch\u00e4tzte Lesezeit":"1\u00a0Minute"},"schema":{"@context":"https:\/\/schema.org","@graph":[{"@type":"WebPage","@id":"https:\/\/www.burrensmokehouse.com\/de\/produkt\/ostergruss-praesentkarton\/","url":"https:\/\/www.burrensmokehouse.com\/de\/produkt\/ostergruss-praesentkarton\/","name":"Ostergruss-Pr\u00e4sentkarton - Burren Smokehouse","isPartOf":{"@id":"https:\/\/www.burrensmokehouse.com\/de\/#website"},"primaryImageOfPage":{"@id":"https:\/\/www.burrensmokehouse.com\/de\/produkt\/ostergruss-praesentkarton\/#primaryimage"},"image":{"@id":"https:\/\/www.burrensmokehouse.com\/de\/produkt\/ostergruss-praesentkarton\/#primaryimage"},"thumbnailUrl":"https:\/\/www.burrensmokehouse.com\/wp-content\/uploads\/2026\/03\/EASTER-4.jpg","datePublished":"2026-03-19T12:15:17+00:00","dateModified":"2026-04-07T08:09:32+00:00","breadcrumb":{"@id":"https:\/\/www.burrensmokehouse.com\/de\/produkt\/ostergruss-praesentkarton\/#breadcrumb"},"inLanguage":"de","potentialAction":[{"@type":"ReadAction","target":["https:\/\/www.burrensmokehouse.com\/de\/produkt\/ostergruss-praesentkarton\/"]}]},{"@type":"ImageObject","inLanguage":"de","@id":"https:\/\/www.burrensmokehouse.com\/de\/produkt\/ostergruss-praesentkarton\/#primaryimage","url":"https:\/\/www.burrensmokehouse.com\/wp-content\/uploads\/2026\/03\/EASTER-4.jpg","contentUrl":"https:\/\/www.burrensmokehouse.com\/wp-content\/uploads\/2026\/03\/EASTER-4.jpg","width":1122,"height":710,"caption":"Spring into Easter Hamper Burren Smokehouse"},{"@type":"BreadcrumbList","@id":"https:\/\/www.burrensmokehouse.com\/de\/produkt\/ostergruss-praesentkarton\/#breadcrumb","itemListElement":[{"@type":"ListItem","position":1,"name":"Home","item":"https:\/\/www.burrensmokehouse.com\/de\/"},{"@type":"ListItem","position":2,"name":"Einkaufen","item":"https:\/\/www.burrensmokehouse.com\/de\/einkaufen\/"},{"@type":"ListItem","position":3,"name":"Ostergruss-Pr\u00e4sentkarton"}]},{"@type":"WebSite","@id":"https:\/\/www.burrensmokehouse.com\/de\/#website","url":"https:\/\/www.burrensmokehouse.com\/de\/","name":"Burren Smokehouse","description":"","publisher":{"@id":"https:\/\/www.burrensmokehouse.com\/de\/#organization"},"potentialAction":[{"@type":"SearchAction","target":{"@type":"EntryPoint","urlTemplate":"https:\/\/www.burrensmokehouse.com\/de\/?s={search_term_string}"},"query-input":{"@type":"PropertyValueSpecification","valueRequired":true,"valueName":"search_term_string"}}],"inLanguage":"de"},{"@type":"Organization","@id":"https:\/\/www.burrensmokehouse.com\/de\/#organization","name":"Burren Smokehouse","url":"https:\/\/www.burrensmokehouse.com\/de\/","logo":{"@type":"ImageObject","inLanguage":"de","@id":"https:\/\/www.burrensmokehouse.com\/de\/#\/schema\/logo\/image\/","url":"https:\/\/www.burrensmokehouse.com\/wp-content\/uploads\/2021\/07\/logo.png","contentUrl":"https:\/\/www.burrensmokehouse.com\/wp-content\/uploads\/2021\/07\/logo.png","width":432,"height":99,"caption":"Burren Smokehouse"},"image":{"@id":"https:\/\/www.burrensmokehouse.com\/de\/#\/schema\/logo\/image\/"}}]}},"_links":{"self":[{"href":"https:\/\/www.burrensmokehouse.com\/de\/wp-json\/wp\/v2\/product\/26949","targetHints":{"allow":["GET"]}}],"collection":[{"href":"https:\/\/www.burrensmokehouse.com\/de\/wp-json\/wp\/v2\/product"}],"about":[{"href":"https:\/\/www.burrensmokehouse.com\/de\/wp-json\/wp\/v2\/types\/product"}],"replies":[{"embeddable":true,"href":"https:\/\/www.burrensmokehouse.com\/de\/wp-json\/wp\/v2\/comments?post=26949"}],"wp:featuredmedia":[{"embeddable":true,"href":"https:\/\/www.burrensmokehouse.com\/de\/wp-json\/wp\/v2\/media\/26970"}],"wp:attachment":[{"href":"https:\/\/www.burrensmokehouse.com\/de\/wp-json\/wp\/v2\/media?parent=26949"}],"wp:term":[{"taxonomy":"product_brand","embeddable":true,"href":"https:\/\/www.burrensmokehouse.com\/de\/wp-json\/wp\/v2\/product_brand?post=26949"},{"taxonomy":"product_cat","embeddable":true,"href":"https:\/\/www.burrensmokehouse.com\/de\/wp-json\/wp\/v2\/product_cat?post=26949"},{"taxonomy":"product_tag","embeddable":true,"href":"https:\/\/www.burrensmokehouse.com\/de\/wp-json\/wp\/v2\/product_tag?post=26949"}],"curies":[{"name":"wp","href":"https:\/\/api.w.org\/{rel}","templated":true}]}}