{"id":12191,"date":"2022-06-13T09:59:32","date_gmt":"2022-06-13T08:59:32","guid":{"rendered":"https:\/\/www.burrensmokehouse.com\/notre-club-de-fidelite\/"},"modified":"2026-03-27T14:41:33","modified_gmt":"2026-03-27T14:41:33","slug":"notre-club-de-fidelite","status":"publish","type":"page","link":"https:\/\/www.burrensmokehouse.com\/fr\/notre-club-de-fidelite\/","title":{"rendered":"Notre Club de Fid\u00e9lit\u00e9&#8230;"},"content":{"rendered":"<h1>&#8230; et d&rsquo;autres fa\u00e7ons de faire des \u00e9conomies.<\/h1>\n<p>&nbsp;<\/p>\n<p class=\"heading_accessibility\"><strong><strong>Vous pouvez \u00e9conomiser 15 % instantan\u00e9ment sur une commande d&rsquo;une valeur de 1 200 \u20ac ou plus.<\/strong><\/strong><\/p>\n<p class=\"first_p\">D&rsquo;autres mani\u00e8res de faire des \u00e9conomies est d&rsquo;accumuler automatiquement des points de fid\u00e9lit\u00e9 \u00e0 chaque achat en ligne, et de vous abonner \u00e0 notre newsletter.<\/p>\n<p class=\"second_p\">Ici, au Burren Smokehouse, nous appr\u00e9cions notre client\u00e8le et voulons vous r\u00e9compenser pour votre fid\u00e9lit\u00e9. Voici comment cela fonctionne.<\/p>\n","protected":false},"excerpt":{"rendered":"<p>&#8230; et d&rsquo;autres fa\u00e7ons de faire des \u00e9conomies. &nbsp; Vous pouvez \u00e9conomiser 15 % instantan\u00e9ment sur une commande d&rsquo;une valeur de 1 200 \u20ac ou plus. D&rsquo;autres mani\u00e8res de faire des \u00e9conomies est d&rsquo;accumuler automatiquement des points de fid\u00e9lit\u00e9 \u00e0 chaque achat en ligne, et de vous abonner \u00e0 notre newsletter. Ici, au Burren Smokehouse, [&hellip;]<\/p>\n","protected":false},"author":4603,"featured_media":0,"parent":0,"menu_order":0,"comment_status":"closed","ping_status":"closed","template":"template-parts\/content-general-content.php","meta":{"_acf_changed":false,"om_disable_all_campaigns":false,"footnotes":""},"class_list":["post-12191","page","type-page","status-publish","hentry"],"acf":[],"yoast_head":"<!-- This site is optimized with the Yoast SEO plugin v27.3 - https:\/\/yoast.com\/product\/yoast-seo-wordpress\/ -->\n<title>Notre Club de Fid\u00e9lit\u00e9... - Burren Smokehouse<\/title>\n<meta name=\"robots\" content=\"index, follow, max-snippet:-1, max-image-preview:large, max-video-preview:-1\" \/>\n<link rel=\"canonical\" href=\"https:\/\/www.burrensmokehouse.com\/fr\/notre-club-de-fidelite\/\" \/>\n<meta property=\"og:locale\" content=\"fr_FR\" \/>\n<meta property=\"og:type\" content=\"article\" \/>\n<meta property=\"og:title\" content=\"Notre Club de Fid\u00e9lit\u00e9... - Burren Smokehouse\" \/>\n<meta property=\"og:description\" content=\"&#8230; et d&rsquo;autres fa\u00e7ons de faire des \u00e9conomies. &nbsp; Vous pouvez \u00e9conomiser 15 % instantan\u00e9ment sur une commande d&rsquo;une valeur de 1 200 \u20ac ou plus. D&rsquo;autres mani\u00e8res de faire des \u00e9conomies est d&rsquo;accumuler automatiquement des points de fid\u00e9lit\u00e9 \u00e0 chaque achat en ligne, et de vous abonner \u00e0 notre newsletter. Ici, au Burren Smokehouse, [&hellip;]\" \/>\n<meta property=\"og:url\" content=\"https:\/\/www.burrensmokehouse.com\/fr\/notre-club-de-fidelite\/\" \/>\n<meta property=\"og:site_name\" content=\"Burren Smokehouse\" \/>\n<meta property=\"article:modified_time\" content=\"2026-03-27T14:41:33+00:00\" \/>\n<meta name=\"twitter:card\" content=\"summary_large_image\" \/>\n<meta name=\"twitter:label1\" content=\"Dur\u00e9e de lecture estim\u00e9e\" \/>\n\t<meta name=\"twitter:data1\" content=\"1 minute\" \/>\n<script type=\"application\/ld+json\" class=\"yoast-schema-graph\">{\"@context\":\"https:\\\/\\\/schema.org\",\"@graph\":[{\"@type\":\"WebPage\",\"@id\":\"https:\\\/\\\/www.burrensmokehouse.com\\\/fr\\\/notre-club-de-fidelite\\\/\",\"url\":\"https:\\\/\\\/www.burrensmokehouse.com\\\/fr\\\/notre-club-de-fidelite\\\/\",\"name\":\"Notre Club de Fid\u00e9lit\u00e9... - Burren Smokehouse\",\"isPartOf\":{\"@id\":\"https:\\\/\\\/www.burrensmokehouse.com\\\/fr\\\/#website\"},\"datePublished\":\"2022-06-13T08:59:32+00:00\",\"dateModified\":\"2026-03-27T14:41:33+00:00\",\"breadcrumb\":{\"@id\":\"https:\\\/\\\/www.burrensmokehouse.com\\\/fr\\\/notre-club-de-fidelite\\\/#breadcrumb\"},\"inLanguage\":\"fr-FR\",\"potentialAction\":[{\"@type\":\"ReadAction\",\"target\":[\"https:\\\/\\\/www.burrensmokehouse.com\\\/fr\\\/notre-club-de-fidelite\\\/\"]}]},{\"@type\":\"BreadcrumbList\",\"@id\":\"https:\\\/\\\/www.burrensmokehouse.com\\\/fr\\\/notre-club-de-fidelite\\\/#breadcrumb\",\"itemListElement\":[{\"@type\":\"ListItem\",\"position\":1,\"name\":\"Home\",\"item\":\"https:\\\/\\\/www.burrensmokehouse.com\\\/fr\\\/\"},{\"@type\":\"ListItem\",\"position\":2,\"name\":\"Notre Club de Fid\u00e9lit\u00e9&#8230;\"}]},{\"@type\":\"WebSite\",\"@id\":\"https:\\\/\\\/www.burrensmokehouse.com\\\/fr\\\/#website\",\"url\":\"https:\\\/\\\/www.burrensmokehouse.com\\\/fr\\\/\",\"name\":\"Burren Smokehouse\",\"description\":\"\",\"publisher\":{\"@id\":\"https:\\\/\\\/www.burrensmokehouse.com\\\/fr\\\/#organization\"},\"potentialAction\":[{\"@type\":\"SearchAction\",\"target\":{\"@type\":\"EntryPoint\",\"urlTemplate\":\"https:\\\/\\\/www.burrensmokehouse.com\\\/fr\\\/?s={search_term_string}\"},\"query-input\":{\"@type\":\"PropertyValueSpecification\",\"valueRequired\":true,\"valueName\":\"search_term_string\"}}],\"inLanguage\":\"fr-FR\"},{\"@type\":\"Organization\",\"@id\":\"https:\\\/\\\/www.burrensmokehouse.com\\\/fr\\\/#organization\",\"name\":\"Burren Smokehouse\",\"url\":\"https:\\\/\\\/www.burrensmokehouse.com\\\/fr\\\/\",\"logo\":{\"@type\":\"ImageObject\",\"inLanguage\":\"fr-FR\",\"@id\":\"https:\\\/\\\/www.burrensmokehouse.com\\\/fr\\\/#\\\/schema\\\/logo\\\/image\\\/\",\"url\":\"https:\\\/\\\/www.burrensmokehouse.com\\\/wp-content\\\/uploads\\\/2021\\\/07\\\/logo.png\",\"contentUrl\":\"https:\\\/\\\/www.burrensmokehouse.com\\\/wp-content\\\/uploads\\\/2021\\\/07\\\/logo.png\",\"width\":432,\"height\":99,\"caption\":\"Burren Smokehouse\"},\"image\":{\"@id\":\"https:\\\/\\\/www.burrensmokehouse.com\\\/fr\\\/#\\\/schema\\\/logo\\\/image\\\/\"}}]}<\/script>\n<!-- \/ Yoast SEO plugin. -->","yoast_head_json":{"title":"Notre Club de Fid\u00e9lit\u00e9... - Burren Smokehouse","robots":{"index":"index","follow":"follow","max-snippet":"max-snippet:-1","max-image-preview":"max-image-preview:large","max-video-preview":"max-video-preview:-1"},"canonical":"https:\/\/www.burrensmokehouse.com\/fr\/notre-club-de-fidelite\/","og_locale":"fr_FR","og_type":"article","og_title":"Notre Club de Fid\u00e9lit\u00e9... - Burren Smokehouse","og_description":"&#8230; et d&rsquo;autres fa\u00e7ons de faire des \u00e9conomies. &nbsp; Vous pouvez \u00e9conomiser 15 % instantan\u00e9ment sur une commande d&rsquo;une valeur de 1 200 \u20ac ou plus. D&rsquo;autres mani\u00e8res de faire des \u00e9conomies est d&rsquo;accumuler automatiquement des points de fid\u00e9lit\u00e9 \u00e0 chaque achat en ligne, et de vous abonner \u00e0 notre newsletter. Ici, au Burren Smokehouse, [&hellip;]","og_url":"https:\/\/www.burrensmokehouse.com\/fr\/notre-club-de-fidelite\/","og_site_name":"Burren Smokehouse","article_modified_time":"2026-03-27T14:41:33+00:00","twitter_card":"summary_large_image","twitter_misc":{"Dur\u00e9e de lecture estim\u00e9e":"1 minute"},"schema":{"@context":"https:\/\/schema.org","@graph":[{"@type":"WebPage","@id":"https:\/\/www.burrensmokehouse.com\/fr\/notre-club-de-fidelite\/","url":"https:\/\/www.burrensmokehouse.com\/fr\/notre-club-de-fidelite\/","name":"Notre Club de Fid\u00e9lit\u00e9... - Burren Smokehouse","isPartOf":{"@id":"https:\/\/www.burrensmokehouse.com\/fr\/#website"},"datePublished":"2022-06-13T08:59:32+00:00","dateModified":"2026-03-27T14:41:33+00:00","breadcrumb":{"@id":"https:\/\/www.burrensmokehouse.com\/fr\/notre-club-de-fidelite\/#breadcrumb"},"inLanguage":"fr-FR","potentialAction":[{"@type":"ReadAction","target":["https:\/\/www.burrensmokehouse.com\/fr\/notre-club-de-fidelite\/"]}]},{"@type":"BreadcrumbList","@id":"https:\/\/www.burrensmokehouse.com\/fr\/notre-club-de-fidelite\/#breadcrumb","itemListElement":[{"@type":"ListItem","position":1,"name":"Home","item":"https:\/\/www.burrensmokehouse.com\/fr\/"},{"@type":"ListItem","position":2,"name":"Notre Club de Fid\u00e9lit\u00e9&#8230;"}]},{"@type":"WebSite","@id":"https:\/\/www.burrensmokehouse.com\/fr\/#website","url":"https:\/\/www.burrensmokehouse.com\/fr\/","name":"Burren Smokehouse","description":"","publisher":{"@id":"https:\/\/www.burrensmokehouse.com\/fr\/#organization"},"potentialAction":[{"@type":"SearchAction","target":{"@type":"EntryPoint","urlTemplate":"https:\/\/www.burrensmokehouse.com\/fr\/?s={search_term_string}"},"query-input":{"@type":"PropertyValueSpecification","valueRequired":true,"valueName":"search_term_string"}}],"inLanguage":"fr-FR"},{"@type":"Organization","@id":"https:\/\/www.burrensmokehouse.com\/fr\/#organization","name":"Burren Smokehouse","url":"https:\/\/www.burrensmokehouse.com\/fr\/","logo":{"@type":"ImageObject","inLanguage":"fr-FR","@id":"https:\/\/www.burrensmokehouse.com\/fr\/#\/schema\/logo\/image\/","url":"https:\/\/www.burrensmokehouse.com\/wp-content\/uploads\/2021\/07\/logo.png","contentUrl":"https:\/\/www.burrensmokehouse.com\/wp-content\/uploads\/2021\/07\/logo.png","width":432,"height":99,"caption":"Burren Smokehouse"},"image":{"@id":"https:\/\/www.burrensmokehouse.com\/fr\/#\/schema\/logo\/image\/"}}]}},"_links":{"self":[{"href":"https:\/\/www.burrensmokehouse.com\/fr\/wp-json\/wp\/v2\/pages\/12191","targetHints":{"allow":["GET"]}}],"collection":[{"href":"https:\/\/www.burrensmokehouse.com\/fr\/wp-json\/wp\/v2\/pages"}],"about":[{"href":"https:\/\/www.burrensmokehouse.com\/fr\/wp-json\/wp\/v2\/types\/page"}],"author":[{"embeddable":true,"href":"https:\/\/www.burrensmokehouse.com\/fr\/wp-json\/wp\/v2\/users\/4603"}],"replies":[{"embeddable":true,"href":"https:\/\/www.burrensmokehouse.com\/fr\/wp-json\/wp\/v2\/comments?post=12191"}],"version-history":[{"count":0,"href":"https:\/\/www.burrensmokehouse.com\/fr\/wp-json\/wp\/v2\/pages\/12191\/revisions"}],"wp:attachment":[{"href":"https:\/\/www.burrensmokehouse.com\/fr\/wp-json\/wp\/v2\/media?parent=12191"}],"curies":[{"name":"wp","href":"https:\/\/api.w.org\/{rel}","templated":true}]}}