{"id":12725,"date":"2022-06-16T11:59:16","date_gmt":"2022-06-16T10:59:16","guid":{"rendered":"https:\/\/www.burrensmokehouse.com\/comment-commander-sur-notre-site-web\/"},"modified":"2026-01-02T14:50:34","modified_gmt":"2026-01-02T14:50:34","slug":"comment-commander-sur-notre-site-web","status":"publish","type":"page","link":"https:\/\/www.burrensmokehouse.com\/fr\/comment-commander-sur-notre-site-web\/","title":{"rendered":"Comment commander sur notre site Web"},"content":{"rendered":"<p>&nbsp;<\/p>\n<h2 class=\"generic_page_sec-h5\">Nous vous montrerons ci-dessous comment passer une commande sur ce site. Si vous \u00eates un nouveau client ou un client existant du site Web, le processus est assez simple.<\/h2>\n<p>Veuillez noter qu&rsquo;en juin 2022, nous sommes pass\u00e9s \u00e0 un nouveau syst\u00e8me de site Web. Cela signifie que vous ne pouvez pas vous connecter avec votre ancien mot de passe. Vous devez cliquer sur \u00ab Mot de passe oubli\u00e9 ? \u00bb pour recevoir un lien par email qui vous permettra de vous connecter avec votre adresse email et de cr\u00e9er un nouveau mot de passe. Les d\u00e9tails de votre compte seront toujours l\u00e0, mais pas votre historique de commandes car techniquement, il n&rsquo;\u00e9tait pas possible de le transf\u00e9rer sur le nouveau site Web.<\/p>\n","protected":false},"excerpt":{"rendered":"<p>&nbsp; Nous vous montrerons ci-dessous comment passer une commande sur ce site. Si vous \u00eates un nouveau client ou un client existant du site Web, le processus est assez simple. Veuillez noter qu&rsquo;en juin 2022, nous sommes pass\u00e9s \u00e0 un nouveau syst\u00e8me de site Web. Cela signifie que vous ne pouvez pas vous connecter avec [&hellip;]<\/p>\n","protected":false},"author":4603,"featured_media":0,"parent":0,"menu_order":0,"comment_status":"closed","ping_status":"closed","template":"template-parts\/content-general-content.php","meta":{"_acf_changed":false,"om_disable_all_campaigns":false,"footnotes":""},"class_list":["post-12725","page","type-page","status-publish","hentry"],"acf":[],"yoast_head":"<!-- This site is optimized with the Yoast SEO plugin v27.3 - https:\/\/yoast.com\/product\/yoast-seo-wordpress\/ -->\n<title>Comment commander sur notre site Web - Burren Smokehouse<\/title>\n<meta name=\"robots\" content=\"index, follow, max-snippet:-1, max-image-preview:large, max-video-preview:-1\" \/>\n<link rel=\"canonical\" href=\"https:\/\/www.burrensmokehouse.com\/fr\/comment-commander-sur-notre-site-web\/\" \/>\n<meta property=\"og:locale\" content=\"fr_FR\" \/>\n<meta property=\"og:type\" content=\"article\" \/>\n<meta property=\"og:title\" content=\"Comment commander sur notre site Web - Burren Smokehouse\" \/>\n<meta property=\"og:description\" content=\"&nbsp; Nous vous montrerons ci-dessous comment passer une commande sur ce site. Si vous \u00eates un nouveau client ou un client existant du site Web, le processus est assez simple. Veuillez noter qu&rsquo;en juin 2022, nous sommes pass\u00e9s \u00e0 un nouveau syst\u00e8me de site Web. Cela signifie que vous ne pouvez pas vous connecter avec [&hellip;]\" \/>\n<meta property=\"og:url\" content=\"https:\/\/www.burrensmokehouse.com\/fr\/comment-commander-sur-notre-site-web\/\" \/>\n<meta property=\"og:site_name\" content=\"Burren Smokehouse\" \/>\n<meta property=\"article:modified_time\" content=\"2026-01-02T14:50:34+00:00\" \/>\n<meta name=\"twitter:card\" content=\"summary_large_image\" \/>\n<meta name=\"twitter:label1\" content=\"Dur\u00e9e de lecture estim\u00e9e\" \/>\n\t<meta name=\"twitter:data1\" content=\"1 minute\" \/>\n<script type=\"application\/ld+json\" class=\"yoast-schema-graph\">{\"@context\":\"https:\\\/\\\/schema.org\",\"@graph\":[{\"@type\":\"WebPage\",\"@id\":\"https:\\\/\\\/www.burrensmokehouse.com\\\/fr\\\/comment-commander-sur-notre-site-web\\\/\",\"url\":\"https:\\\/\\\/www.burrensmokehouse.com\\\/fr\\\/comment-commander-sur-notre-site-web\\\/\",\"name\":\"Comment commander sur notre site Web - Burren Smokehouse\",\"isPartOf\":{\"@id\":\"https:\\\/\\\/www.burrensmokehouse.com\\\/fr\\\/#website\"},\"datePublished\":\"2022-06-16T10:59:16+00:00\",\"dateModified\":\"2026-01-02T14:50:34+00:00\",\"breadcrumb\":{\"@id\":\"https:\\\/\\\/www.burrensmokehouse.com\\\/fr\\\/comment-commander-sur-notre-site-web\\\/#breadcrumb\"},\"inLanguage\":\"fr-FR\",\"potentialAction\":[{\"@type\":\"ReadAction\",\"target\":[\"https:\\\/\\\/www.burrensmokehouse.com\\\/fr\\\/comment-commander-sur-notre-site-web\\\/\"]}]},{\"@type\":\"BreadcrumbList\",\"@id\":\"https:\\\/\\\/www.burrensmokehouse.com\\\/fr\\\/comment-commander-sur-notre-site-web\\\/#breadcrumb\",\"itemListElement\":[{\"@type\":\"ListItem\",\"position\":1,\"name\":\"Home\",\"item\":\"https:\\\/\\\/www.burrensmokehouse.com\\\/fr\\\/\"},{\"@type\":\"ListItem\",\"position\":2,\"name\":\"Comment commander sur notre site Web\"}]},{\"@type\":\"WebSite\",\"@id\":\"https:\\\/\\\/www.burrensmokehouse.com\\\/fr\\\/#website\",\"url\":\"https:\\\/\\\/www.burrensmokehouse.com\\\/fr\\\/\",\"name\":\"Burren Smokehouse\",\"description\":\"\",\"publisher\":{\"@id\":\"https:\\\/\\\/www.burrensmokehouse.com\\\/fr\\\/#organization\"},\"potentialAction\":[{\"@type\":\"SearchAction\",\"target\":{\"@type\":\"EntryPoint\",\"urlTemplate\":\"https:\\\/\\\/www.burrensmokehouse.com\\\/fr\\\/?s={search_term_string}\"},\"query-input\":{\"@type\":\"PropertyValueSpecification\",\"valueRequired\":true,\"valueName\":\"search_term_string\"}}],\"inLanguage\":\"fr-FR\"},{\"@type\":\"Organization\",\"@id\":\"https:\\\/\\\/www.burrensmokehouse.com\\\/fr\\\/#organization\",\"name\":\"Burren Smokehouse\",\"url\":\"https:\\\/\\\/www.burrensmokehouse.com\\\/fr\\\/\",\"logo\":{\"@type\":\"ImageObject\",\"inLanguage\":\"fr-FR\",\"@id\":\"https:\\\/\\\/www.burrensmokehouse.com\\\/fr\\\/#\\\/schema\\\/logo\\\/image\\\/\",\"url\":\"https:\\\/\\\/www.burrensmokehouse.com\\\/wp-content\\\/uploads\\\/2021\\\/07\\\/logo.png\",\"contentUrl\":\"https:\\\/\\\/www.burrensmokehouse.com\\\/wp-content\\\/uploads\\\/2021\\\/07\\\/logo.png\",\"width\":432,\"height\":99,\"caption\":\"Burren Smokehouse\"},\"image\":{\"@id\":\"https:\\\/\\\/www.burrensmokehouse.com\\\/fr\\\/#\\\/schema\\\/logo\\\/image\\\/\"}}]}<\/script>\n<!-- \/ Yoast SEO plugin. -->","yoast_head_json":{"title":"Comment commander sur notre site Web - Burren Smokehouse","robots":{"index":"index","follow":"follow","max-snippet":"max-snippet:-1","max-image-preview":"max-image-preview:large","max-video-preview":"max-video-preview:-1"},"canonical":"https:\/\/www.burrensmokehouse.com\/fr\/comment-commander-sur-notre-site-web\/","og_locale":"fr_FR","og_type":"article","og_title":"Comment commander sur notre site Web - Burren Smokehouse","og_description":"&nbsp; Nous vous montrerons ci-dessous comment passer une commande sur ce site. Si vous \u00eates un nouveau client ou un client existant du site Web, le processus est assez simple. Veuillez noter qu&rsquo;en juin 2022, nous sommes pass\u00e9s \u00e0 un nouveau syst\u00e8me de site Web. Cela signifie que vous ne pouvez pas vous connecter avec [&hellip;]","og_url":"https:\/\/www.burrensmokehouse.com\/fr\/comment-commander-sur-notre-site-web\/","og_site_name":"Burren Smokehouse","article_modified_time":"2026-01-02T14:50:34+00:00","twitter_card":"summary_large_image","twitter_misc":{"Dur\u00e9e de lecture estim\u00e9e":"1 minute"},"schema":{"@context":"https:\/\/schema.org","@graph":[{"@type":"WebPage","@id":"https:\/\/www.burrensmokehouse.com\/fr\/comment-commander-sur-notre-site-web\/","url":"https:\/\/www.burrensmokehouse.com\/fr\/comment-commander-sur-notre-site-web\/","name":"Comment commander sur notre site Web - Burren Smokehouse","isPartOf":{"@id":"https:\/\/www.burrensmokehouse.com\/fr\/#website"},"datePublished":"2022-06-16T10:59:16+00:00","dateModified":"2026-01-02T14:50:34+00:00","breadcrumb":{"@id":"https:\/\/www.burrensmokehouse.com\/fr\/comment-commander-sur-notre-site-web\/#breadcrumb"},"inLanguage":"fr-FR","potentialAction":[{"@type":"ReadAction","target":["https:\/\/www.burrensmokehouse.com\/fr\/comment-commander-sur-notre-site-web\/"]}]},{"@type":"BreadcrumbList","@id":"https:\/\/www.burrensmokehouse.com\/fr\/comment-commander-sur-notre-site-web\/#breadcrumb","itemListElement":[{"@type":"ListItem","position":1,"name":"Home","item":"https:\/\/www.burrensmokehouse.com\/fr\/"},{"@type":"ListItem","position":2,"name":"Comment commander sur notre site Web"}]},{"@type":"WebSite","@id":"https:\/\/www.burrensmokehouse.com\/fr\/#website","url":"https:\/\/www.burrensmokehouse.com\/fr\/","name":"Burren Smokehouse","description":"","publisher":{"@id":"https:\/\/www.burrensmokehouse.com\/fr\/#organization"},"potentialAction":[{"@type":"SearchAction","target":{"@type":"EntryPoint","urlTemplate":"https:\/\/www.burrensmokehouse.com\/fr\/?s={search_term_string}"},"query-input":{"@type":"PropertyValueSpecification","valueRequired":true,"valueName":"search_term_string"}}],"inLanguage":"fr-FR"},{"@type":"Organization","@id":"https:\/\/www.burrensmokehouse.com\/fr\/#organization","name":"Burren Smokehouse","url":"https:\/\/www.burrensmokehouse.com\/fr\/","logo":{"@type":"ImageObject","inLanguage":"fr-FR","@id":"https:\/\/www.burrensmokehouse.com\/fr\/#\/schema\/logo\/image\/","url":"https:\/\/www.burrensmokehouse.com\/wp-content\/uploads\/2021\/07\/logo.png","contentUrl":"https:\/\/www.burrensmokehouse.com\/wp-content\/uploads\/2021\/07\/logo.png","width":432,"height":99,"caption":"Burren Smokehouse"},"image":{"@id":"https:\/\/www.burrensmokehouse.com\/fr\/#\/schema\/logo\/image\/"}}]}},"_links":{"self":[{"href":"https:\/\/www.burrensmokehouse.com\/fr\/wp-json\/wp\/v2\/pages\/12725","targetHints":{"allow":["GET"]}}],"collection":[{"href":"https:\/\/www.burrensmokehouse.com\/fr\/wp-json\/wp\/v2\/pages"}],"about":[{"href":"https:\/\/www.burrensmokehouse.com\/fr\/wp-json\/wp\/v2\/types\/page"}],"author":[{"embeddable":true,"href":"https:\/\/www.burrensmokehouse.com\/fr\/wp-json\/wp\/v2\/users\/4603"}],"replies":[{"embeddable":true,"href":"https:\/\/www.burrensmokehouse.com\/fr\/wp-json\/wp\/v2\/comments?post=12725"}],"version-history":[{"count":0,"href":"https:\/\/www.burrensmokehouse.com\/fr\/wp-json\/wp\/v2\/pages\/12725\/revisions"}],"wp:attachment":[{"href":"https:\/\/www.burrensmokehouse.com\/fr\/wp-json\/wp\/v2\/media?parent=12725"}],"curies":[{"name":"wp","href":"https:\/\/api.w.org\/{rel}","templated":true}]}}