{"id":12728,"date":"2022-06-16T12:18:32","date_gmt":"2022-06-16T11:18:32","guid":{"rendered":"https:\/\/www.burrensmokehouse.com\/notre-saumon\/"},"modified":"2026-01-02T13:42:35","modified_gmt":"2026-01-02T13:42:35","slug":"notre-saumon","status":"publish","type":"page","link":"https:\/\/www.burrensmokehouse.com\/fr\/notre-saumon\/","title":{"rendered":"Notre Saumon"},"content":{"rendered":"<p>Le Burren Smokehouse est synonyme de saumon de classe mondiale provenant d&rsquo;eaux de cat\u00e9gorie A, avec tout ce qui est achet\u00e9 le plus localement possible et soigneusement fabriqu\u00e9 \u00e0 la main pour fabriquer des produits uniques et vraiment sp\u00e9ciaux. Nous sommes fiers de nos r\u00e9f\u00e9rences en mati\u00e8re de durabilit\u00e9 et offrons une exp\u00e9rience client incroyable pour accompagner nos incroyables produits.<\/p>\n<h2 class=\"heading-2\">Saumon sup\u00e9rieur, d&rsquo;origine locale<\/h2>\n<p>Tout notre saumon est 100% irlandais et p\u00each\u00e9 de mani\u00e8re durable dans la nature ou issu d&rsquo;un \u00e9levage biologique dans des environnements aussi proches que possible de la nature brute. Les fermes prennent un soin incroyable pour produire des poissons de qualit\u00e9 avec une chair ferme construite en nageant dans de forts courants, les poissons ne repr\u00e9sentant que 1 % de l&rsquo;environnement et 99 % d&rsquo;eau de mer fra\u00eeche. Ils sont \u00e9galement nourris avec une alimentation naturelle, ce qui leur permet d&rsquo;accumuler des niveaux tr\u00e8s \u00e9lev\u00e9s de vitamine A, de vitamine D, d&rsquo;om\u00e9ga-3 et 6, de sorte qu&rsquo;ils constituent le super aliment ultime pour la nutrition et la sant\u00e9.<\/p>\n<h2 class=\"heading-2\">Un produit de notre environnement<\/h2>\n<p>Nous pouvons affirmer avec confiance que notre saumon a un go\u00fbt incomparable. Des fours qui sont construits sp\u00e9cialement pour nous, \u00e0 la salinit\u00e9 naturelle de l&rsquo;air et \u00e0 l&rsquo;humidit\u00e9 de la rivi\u00e8re voisine &#8211; o\u00f9 nous sommes situ\u00e9s et comment nous choisissons de travailler cr\u00e9e un produit vraiment unique.<\/p>\n<h2 class=\"heading-2\">Prendre soin de notre plan\u00e8te<\/h2>\n<p>Nous croyons fermement \u00e0 la minimisation de l&rsquo;impact de tout ce que nous faisons sur l&rsquo;environnement naturel qui nous offre notre beau et d\u00e9licieux saumon. Dans la pratique, cela signifie que nous nous en tenons \u00e0 des normes ind\u00e9pendantes \u00e9lev\u00e9es, telles que la certification Origin Green, le code de pratique de Burren et que nous nous alignons sur les objectifs mondiaux de l&rsquo;ONU.<\/p>\n<h2 class=\"heading-2\">Cr\u00e9\u00e9 et partag\u00e9 avec soin<\/h2>\n<p>Nous consacrons notre c\u0153ur et notre \u00e2me \u00e0 cr\u00e9er le poisson le plus d\u00e9licieux et le plus sain que vous puissiez imaginer, mais l&rsquo;effort ne s&rsquo;arr\u00eate pas lorsque le saumon quitte le four \u00e0 fumer. Nos \u00e9quipes se consacrent \u00e0 fournir un niveau exceptionnel de service \u00e0 la client\u00e8le \u00e0 chaque personne, afin que vous puissiez \u00eatre s\u00fbr que vous vivrez une exp\u00e9rience incroyable du premier coup d&rsquo;\u0153il \u00e0 la premi\u00e8re bouch\u00e9e.<\/p>\n","protected":false},"excerpt":{"rendered":"<p>Le Burren Smokehouse est synonyme de saumon de classe mondiale provenant d&rsquo;eaux de cat\u00e9gorie A, avec tout ce qui est achet\u00e9 le plus localement possible et soigneusement fabriqu\u00e9 \u00e0 la main pour fabriquer des produits uniques et vraiment sp\u00e9ciaux. Nous sommes fiers de nos r\u00e9f\u00e9rences en mati\u00e8re de durabilit\u00e9 et offrons une exp\u00e9rience client incroyable [&hellip;]<\/p>\n","protected":false},"author":1,"featured_media":0,"parent":0,"menu_order":0,"comment_status":"closed","ping_status":"closed","template":"template-parts\/content-general-content.php","meta":{"_acf_changed":false,"om_disable_all_campaigns":false,"footnotes":""},"class_list":["post-12728","page","type-page","status-publish","hentry"],"acf":[],"yoast_head":"<!-- This site is optimized with the Yoast SEO plugin v27.3 - https:\/\/yoast.com\/product\/yoast-seo-wordpress\/ -->\n<title>Notre Saumon | Saumon de source durable | Burren Smokehouse<\/title>\n<meta name=\"description\" content=\"Tout notre saumon est 100% irlandais et p\u00each\u00e9 de mani\u00e8re durable dans la nature ou issu d&#039;un \u00e9levage biologique, nous sommes fiers de nos r\u00e9f\u00e9rences en mati\u00e8re de durabilit\u00e9.\" \/>\n<meta name=\"robots\" content=\"index, follow, max-snippet:-1, max-image-preview:large, max-video-preview:-1\" \/>\n<link rel=\"canonical\" href=\"https:\/\/www.burrensmokehouse.com\/fr\/notre-saumon\/\" \/>\n<meta property=\"og:locale\" content=\"fr_FR\" \/>\n<meta property=\"og:type\" content=\"article\" \/>\n<meta property=\"og:title\" content=\"false\" \/>\n<meta property=\"og:description\" content=\"Tout notre saumon est 100% irlandais et p\u00each\u00e9 de mani\u00e8re durable dans la nature ou issu d&#039;un \u00e9levage biologique, nous sommes fiers de nos r\u00e9f\u00e9rences en mati\u00e8re de durabilit\u00e9.\" \/>\n<meta property=\"og:url\" content=\"https:\/\/www.burrensmokehouse.com\/fr\/notre-saumon\/\" \/>\n<meta property=\"og:site_name\" content=\"Burren Smokehouse\" \/>\n<meta property=\"article:modified_time\" content=\"2026-01-02T13:42:35+00:00\" \/>\n<meta name=\"twitter:card\" content=\"summary_large_image\" \/>\n<meta name=\"twitter:label1\" content=\"Dur\u00e9e de lecture estim\u00e9e\" \/>\n\t<meta name=\"twitter:data1\" content=\"2 minutes\" \/>\n<script type=\"application\/ld+json\" class=\"yoast-schema-graph\">{\"@context\":\"https:\\\/\\\/schema.org\",\"@graph\":[{\"@type\":\"WebPage\",\"@id\":\"https:\\\/\\\/www.burrensmokehouse.com\\\/fr\\\/notre-saumon\\\/\",\"url\":\"https:\\\/\\\/www.burrensmokehouse.com\\\/fr\\\/notre-saumon\\\/\",\"name\":\"Notre Saumon | Saumon de source durable | Burren Smokehouse\",\"isPartOf\":{\"@id\":\"https:\\\/\\\/www.burrensmokehouse.com\\\/fr\\\/#website\"},\"datePublished\":\"2022-06-16T11:18:32+00:00\",\"dateModified\":\"2026-01-02T13:42:35+00:00\",\"description\":\"Tout notre saumon est 100% irlandais et p\u00each\u00e9 de mani\u00e8re durable dans la nature ou issu d'un \u00e9levage biologique, nous sommes fiers de nos r\u00e9f\u00e9rences en mati\u00e8re de durabilit\u00e9.\",\"breadcrumb\":{\"@id\":\"https:\\\/\\\/www.burrensmokehouse.com\\\/fr\\\/notre-saumon\\\/#breadcrumb\"},\"inLanguage\":\"fr-FR\",\"potentialAction\":[{\"@type\":\"ReadAction\",\"target\":[\"https:\\\/\\\/www.burrensmokehouse.com\\\/fr\\\/notre-saumon\\\/\"]}]},{\"@type\":\"BreadcrumbList\",\"@id\":\"https:\\\/\\\/www.burrensmokehouse.com\\\/fr\\\/notre-saumon\\\/#breadcrumb\",\"itemListElement\":[{\"@type\":\"ListItem\",\"position\":1,\"name\":\"Home\",\"item\":\"https:\\\/\\\/www.burrensmokehouse.com\\\/fr\\\/\"},{\"@type\":\"ListItem\",\"position\":2,\"name\":\"Notre Saumon\"}]},{\"@type\":\"WebSite\",\"@id\":\"https:\\\/\\\/www.burrensmokehouse.com\\\/fr\\\/#website\",\"url\":\"https:\\\/\\\/www.burrensmokehouse.com\\\/fr\\\/\",\"name\":\"Burren Smokehouse\",\"description\":\"\",\"publisher\":{\"@id\":\"https:\\\/\\\/www.burrensmokehouse.com\\\/fr\\\/#organization\"},\"potentialAction\":[{\"@type\":\"SearchAction\",\"target\":{\"@type\":\"EntryPoint\",\"urlTemplate\":\"https:\\\/\\\/www.burrensmokehouse.com\\\/fr\\\/?s={search_term_string}\"},\"query-input\":{\"@type\":\"PropertyValueSpecification\",\"valueRequired\":true,\"valueName\":\"search_term_string\"}}],\"inLanguage\":\"fr-FR\"},{\"@type\":\"Organization\",\"@id\":\"https:\\\/\\\/www.burrensmokehouse.com\\\/fr\\\/#organization\",\"name\":\"Burren Smokehouse\",\"url\":\"https:\\\/\\\/www.burrensmokehouse.com\\\/fr\\\/\",\"logo\":{\"@type\":\"ImageObject\",\"inLanguage\":\"fr-FR\",\"@id\":\"https:\\\/\\\/www.burrensmokehouse.com\\\/fr\\\/#\\\/schema\\\/logo\\\/image\\\/\",\"url\":\"https:\\\/\\\/www.burrensmokehouse.com\\\/wp-content\\\/uploads\\\/2021\\\/07\\\/logo.png\",\"contentUrl\":\"https:\\\/\\\/www.burrensmokehouse.com\\\/wp-content\\\/uploads\\\/2021\\\/07\\\/logo.png\",\"width\":432,\"height\":99,\"caption\":\"Burren Smokehouse\"},\"image\":{\"@id\":\"https:\\\/\\\/www.burrensmokehouse.com\\\/fr\\\/#\\\/schema\\\/logo\\\/image\\\/\"}}]}<\/script>\n<!-- \/ Yoast SEO plugin. -->","yoast_head_json":{"title":"Notre Saumon | Saumon de source durable | Burren Smokehouse","description":"Tout notre saumon est 100% irlandais et p\u00each\u00e9 de mani\u00e8re durable dans la nature ou issu d'un \u00e9levage biologique, nous sommes fiers de nos r\u00e9f\u00e9rences en mati\u00e8re de durabilit\u00e9.","robots":{"index":"index","follow":"follow","max-snippet":"max-snippet:-1","max-image-preview":"max-image-preview:large","max-video-preview":"max-video-preview:-1"},"canonical":"https:\/\/www.burrensmokehouse.com\/fr\/notre-saumon\/","og_locale":"fr_FR","og_type":"article","og_title":"false","og_description":"Tout notre saumon est 100% irlandais et p\u00each\u00e9 de mani\u00e8re durable dans la nature ou issu d'un \u00e9levage biologique, nous sommes fiers de nos r\u00e9f\u00e9rences en mati\u00e8re de durabilit\u00e9.","og_url":"https:\/\/www.burrensmokehouse.com\/fr\/notre-saumon\/","og_site_name":"Burren Smokehouse","article_modified_time":"2026-01-02T13:42:35+00:00","twitter_card":"summary_large_image","twitter_misc":{"Dur\u00e9e de lecture estim\u00e9e":"2 minutes"},"schema":{"@context":"https:\/\/schema.org","@graph":[{"@type":"WebPage","@id":"https:\/\/www.burrensmokehouse.com\/fr\/notre-saumon\/","url":"https:\/\/www.burrensmokehouse.com\/fr\/notre-saumon\/","name":"Notre Saumon | Saumon de source durable | Burren Smokehouse","isPartOf":{"@id":"https:\/\/www.burrensmokehouse.com\/fr\/#website"},"datePublished":"2022-06-16T11:18:32+00:00","dateModified":"2026-01-02T13:42:35+00:00","description":"Tout notre saumon est 100% irlandais et p\u00each\u00e9 de mani\u00e8re durable dans la nature ou issu d'un \u00e9levage biologique, nous sommes fiers de nos r\u00e9f\u00e9rences en mati\u00e8re de durabilit\u00e9.","breadcrumb":{"@id":"https:\/\/www.burrensmokehouse.com\/fr\/notre-saumon\/#breadcrumb"},"inLanguage":"fr-FR","potentialAction":[{"@type":"ReadAction","target":["https:\/\/www.burrensmokehouse.com\/fr\/notre-saumon\/"]}]},{"@type":"BreadcrumbList","@id":"https:\/\/www.burrensmokehouse.com\/fr\/notre-saumon\/#breadcrumb","itemListElement":[{"@type":"ListItem","position":1,"name":"Home","item":"https:\/\/www.burrensmokehouse.com\/fr\/"},{"@type":"ListItem","position":2,"name":"Notre Saumon"}]},{"@type":"WebSite","@id":"https:\/\/www.burrensmokehouse.com\/fr\/#website","url":"https:\/\/www.burrensmokehouse.com\/fr\/","name":"Burren Smokehouse","description":"","publisher":{"@id":"https:\/\/www.burrensmokehouse.com\/fr\/#organization"},"potentialAction":[{"@type":"SearchAction","target":{"@type":"EntryPoint","urlTemplate":"https:\/\/www.burrensmokehouse.com\/fr\/?s={search_term_string}"},"query-input":{"@type":"PropertyValueSpecification","valueRequired":true,"valueName":"search_term_string"}}],"inLanguage":"fr-FR"},{"@type":"Organization","@id":"https:\/\/www.burrensmokehouse.com\/fr\/#organization","name":"Burren Smokehouse","url":"https:\/\/www.burrensmokehouse.com\/fr\/","logo":{"@type":"ImageObject","inLanguage":"fr-FR","@id":"https:\/\/www.burrensmokehouse.com\/fr\/#\/schema\/logo\/image\/","url":"https:\/\/www.burrensmokehouse.com\/wp-content\/uploads\/2021\/07\/logo.png","contentUrl":"https:\/\/www.burrensmokehouse.com\/wp-content\/uploads\/2021\/07\/logo.png","width":432,"height":99,"caption":"Burren Smokehouse"},"image":{"@id":"https:\/\/www.burrensmokehouse.com\/fr\/#\/schema\/logo\/image\/"}}]}},"_links":{"self":[{"href":"https:\/\/www.burrensmokehouse.com\/fr\/wp-json\/wp\/v2\/pages\/12728","targetHints":{"allow":["GET"]}}],"collection":[{"href":"https:\/\/www.burrensmokehouse.com\/fr\/wp-json\/wp\/v2\/pages"}],"about":[{"href":"https:\/\/www.burrensmokehouse.com\/fr\/wp-json\/wp\/v2\/types\/page"}],"author":[{"embeddable":true,"href":"https:\/\/www.burrensmokehouse.com\/fr\/wp-json\/wp\/v2\/users\/1"}],"replies":[{"embeddable":true,"href":"https:\/\/www.burrensmokehouse.com\/fr\/wp-json\/wp\/v2\/comments?post=12728"}],"version-history":[{"count":0,"href":"https:\/\/www.burrensmokehouse.com\/fr\/wp-json\/wp\/v2\/pages\/12728\/revisions"}],"wp:attachment":[{"href":"https:\/\/www.burrensmokehouse.com\/fr\/wp-json\/wp\/v2\/media?parent=12728"}],"curies":[{"name":"wp","href":"https:\/\/api.w.org\/{rel}","templated":true}]}}