{"id":12983,"date":"2022-06-16T15:05:09","date_gmt":"2022-06-16T14:05:09","guid":{"rendered":"https:\/\/www.burrensmokehouse.com\/goutez-latlantique-lexperience-du-saumon\/"},"modified":"2023-01-10T11:23:03","modified_gmt":"2023-01-10T11:23:03","slug":"goutez-latlantique-lexperience-du-saumon","status":"publish","type":"page","link":"https:\/\/www.burrensmokehouse.com\/fr\/goutez-latlantique-lexperience-du-saumon\/","title":{"rendered":"Go\u00fbtez l&rsquo;Atlantique &#8211; L&rsquo;exp\u00e9rience du saumon"},"content":{"rendered":"<p><span style=\"font-weight: 400;\">Juste \u00e0 c\u00f4t\u00e9 du Visitor Center du Burren Smokehouse (\u00e0 Lisdoonvarna pr\u00e8s des falaises de Moher), une nouvelle exp\u00e9rience amusante vous attend.<\/span><\/p>\n<p><img loading=\"lazy\" decoding=\"async\" class=\"alignnone wp-image-13684 size-large\" src=\"https:\/\/www.burrensmokehouse.com\/wp-content\/uploads\/2022\/06\/TTA-video-screenshot-2-1024x635.png\" alt=\"Taste the Atlantic Salmon Experience Burren Smokehouse\" width=\"640\" height=\"397\" srcset=\"https:\/\/www.burrensmokehouse.com\/wp-content\/uploads\/2022\/06\/TTA-video-screenshot-2-1024x635.png 1024w, https:\/\/www.burrensmokehouse.com\/wp-content\/uploads\/2022\/06\/TTA-video-screenshot-2-300x186.png 300w, https:\/\/www.burrensmokehouse.com\/wp-content\/uploads\/2022\/06\/TTA-video-screenshot-2-768x476.png 768w, https:\/\/www.burrensmokehouse.com\/wp-content\/uploads\/2022\/06\/TTA-video-screenshot-2-320x200.png 320w, https:\/\/www.burrensmokehouse.com\/wp-content\/uploads\/2022\/06\/TTA-video-screenshot-2-166x103.png 166w, https:\/\/www.burrensmokehouse.com\/wp-content\/uploads\/2022\/06\/TTA-video-screenshot-2-60x37.png 60w, https:\/\/www.burrensmokehouse.com\/wp-content\/uploads\/2022\/06\/TTA-video-screenshot-2-110x68.png 110w, https:\/\/www.burrensmokehouse.com\/wp-content\/uploads\/2022\/06\/TTA-video-screenshot-2-600x372.png 600w, https:\/\/www.burrensmokehouse.com\/wp-content\/uploads\/2022\/06\/TTA-video-screenshot-2.png 1467w\" sizes=\"auto, (max-width: 640px) 100vw, 640px\" \/><\/p>\n<p><span style=\"font-weight: 400;\">Le centre d&rsquo;accueil \u00ab\u00a0Taste the Atlantic &#8211; Irish Salmon Visitor Experience\u00a0\u00bb a \u00e9t\u00e9 lanc\u00e9 \u00e0 Lisdoonvarna, Comt\u00e9 Clare le 25 octobre 2019 par Mme Sabina Higgins, \u00e9pouse du pr\u00e9sident Michael D Higgins.<\/span><\/p>\n<p><span style=\"font-weight: 400;\">C&rsquo;est un espace enti\u00e8rement interactif o\u00f9 l&rsquo;histoire du saumon irlandais est racont\u00e9e de mani\u00e8re captivante et divertissante, de sa place dans la mythologie et l&rsquo;histoire irlandaises jusqu&rsquo;aux temps modernes.<\/span><\/p>\n<p><span style=\"font-weight: 400;\">Dans notre centre d&rsquo;accueil autoguid\u00e9, vous vous plongerez dans l&rsquo;histoire du saumon irlandais. Suivez ce noble poisson \u00e0 travers le temps et regardez la l\u00e9gende du Saumon de la Connaissance se d\u00e9rouler sous vos yeux. D\u00e9couvrez les anciennes m\u00e9thodes de p\u00eache au saumon et d\u00e9couvrez, \u00e0 l&rsquo;aide de ces actualit\u00e9s originales d&rsquo;il y a des d\u00e9cennies, pourquoi et comment l&rsquo;aquaculture moderne a \u00e9volu\u00e9. Soyez comp\u00e9titif et amusez-vous \u00e0 r\u00e9soudre des puzzles et des quiz !<\/span><\/p>\n","protected":false},"excerpt":{"rendered":"<p>Juste \u00e0 c\u00f4t\u00e9 du Visitor Center du Burren Smokehouse (\u00e0 Lisdoonvarna pr\u00e8s des falaises de Moher), une nouvelle exp\u00e9rience amusante vous attend. Le centre d&rsquo;accueil \u00ab\u00a0Taste the Atlantic &#8211; Irish Salmon Visitor Experience\u00a0\u00bb a \u00e9t\u00e9 lanc\u00e9 \u00e0 Lisdoonvarna, Comt\u00e9 Clare le 25 octobre 2019 par Mme Sabina Higgins, \u00e9pouse du pr\u00e9sident Michael D Higgins. C&rsquo;est [&hellip;]<\/p>\n","protected":false},"author":1,"featured_media":0,"parent":0,"menu_order":0,"comment_status":"closed","ping_status":"closed","template":"template-parts\/content-general-content.php","meta":{"_acf_changed":false,"om_disable_all_campaigns":false,"footnotes":""},"class_list":["post-12983","page","type-page","status-publish","hentry"],"acf":[],"yoast_head":"<!-- This site is optimized with the Yoast SEO plugin v27.3 - https:\/\/yoast.com\/product\/yoast-seo-wordpress\/ -->\n<title>Go\u00fbtez l&#039;Atlantique - L&#039;exp\u00e9rience du saumon - Burren Smokehouse<\/title>\n<meta name=\"robots\" content=\"index, follow, max-snippet:-1, max-image-preview:large, max-video-preview:-1\" \/>\n<link rel=\"canonical\" href=\"https:\/\/www.burrensmokehouse.com\/fr\/goutez-latlantique-lexperience-du-saumon\/\" \/>\n<meta property=\"og:locale\" content=\"fr_FR\" \/>\n<meta property=\"og:type\" content=\"article\" \/>\n<meta property=\"og:title\" content=\"Go\u00fbtez l&#039;Atlantique - L&#039;exp\u00e9rience du saumon - Burren Smokehouse\" \/>\n<meta property=\"og:description\" content=\"Juste \u00e0 c\u00f4t\u00e9 du Visitor Center du Burren Smokehouse (\u00e0 Lisdoonvarna pr\u00e8s des falaises de Moher), une nouvelle exp\u00e9rience amusante vous attend. Le centre d&rsquo;accueil \u00ab\u00a0Taste the Atlantic &#8211; Irish Salmon Visitor Experience\u00a0\u00bb a \u00e9t\u00e9 lanc\u00e9 \u00e0 Lisdoonvarna, Comt\u00e9 Clare le 25 octobre 2019 par Mme Sabina Higgins, \u00e9pouse du pr\u00e9sident Michael D Higgins. C&rsquo;est [&hellip;]\" \/>\n<meta property=\"og:url\" content=\"https:\/\/www.burrensmokehouse.com\/fr\/goutez-latlantique-lexperience-du-saumon\/\" \/>\n<meta property=\"og:site_name\" content=\"Burren Smokehouse\" \/>\n<meta property=\"article:modified_time\" content=\"2023-01-10T11:23:03+00:00\" \/>\n<meta property=\"og:image\" content=\"https:\/\/www.burrensmokehouse.com\/wp-content\/uploads\/2022\/06\/TTA-video-screenshot-2-1024x635.png\" \/>\n<meta name=\"twitter:card\" content=\"summary_large_image\" \/>\n<meta name=\"twitter:label1\" content=\"Dur\u00e9e de lecture estim\u00e9e\" \/>\n\t<meta name=\"twitter:data1\" content=\"1 minute\" \/>\n<script type=\"application\/ld+json\" class=\"yoast-schema-graph\">{\"@context\":\"https:\\\/\\\/schema.org\",\"@graph\":[{\"@type\":\"WebPage\",\"@id\":\"https:\\\/\\\/www.burrensmokehouse.com\\\/fr\\\/goutez-latlantique-lexperience-du-saumon\\\/\",\"url\":\"https:\\\/\\\/www.burrensmokehouse.com\\\/fr\\\/goutez-latlantique-lexperience-du-saumon\\\/\",\"name\":\"Go\u00fbtez l'Atlantique - L'exp\u00e9rience du saumon - Burren Smokehouse\",\"isPartOf\":{\"@id\":\"https:\\\/\\\/www.burrensmokehouse.com\\\/fr\\\/#website\"},\"primaryImageOfPage\":{\"@id\":\"https:\\\/\\\/www.burrensmokehouse.com\\\/fr\\\/goutez-latlantique-lexperience-du-saumon\\\/#primaryimage\"},\"image\":{\"@id\":\"https:\\\/\\\/www.burrensmokehouse.com\\\/fr\\\/goutez-latlantique-lexperience-du-saumon\\\/#primaryimage\"},\"thumbnailUrl\":\"https:\\\/\\\/www.burrensmokehouse.com\\\/wp-content\\\/uploads\\\/2022\\\/06\\\/TTA-video-screenshot-2-1024x635.png\",\"datePublished\":\"2022-06-16T14:05:09+00:00\",\"dateModified\":\"2023-01-10T11:23:03+00:00\",\"breadcrumb\":{\"@id\":\"https:\\\/\\\/www.burrensmokehouse.com\\\/fr\\\/goutez-latlantique-lexperience-du-saumon\\\/#breadcrumb\"},\"inLanguage\":\"fr-FR\",\"potentialAction\":[{\"@type\":\"ReadAction\",\"target\":[\"https:\\\/\\\/www.burrensmokehouse.com\\\/fr\\\/goutez-latlantique-lexperience-du-saumon\\\/\"]}]},{\"@type\":\"ImageObject\",\"inLanguage\":\"fr-FR\",\"@id\":\"https:\\\/\\\/www.burrensmokehouse.com\\\/fr\\\/goutez-latlantique-lexperience-du-saumon\\\/#primaryimage\",\"url\":\"https:\\\/\\\/www.burrensmokehouse.com\\\/wp-content\\\/uploads\\\/2022\\\/06\\\/TTA-video-screenshot-2-1024x635.png\",\"contentUrl\":\"https:\\\/\\\/www.burrensmokehouse.com\\\/wp-content\\\/uploads\\\/2022\\\/06\\\/TTA-video-screenshot-2-1024x635.png\"},{\"@type\":\"BreadcrumbList\",\"@id\":\"https:\\\/\\\/www.burrensmokehouse.com\\\/fr\\\/goutez-latlantique-lexperience-du-saumon\\\/#breadcrumb\",\"itemListElement\":[{\"@type\":\"ListItem\",\"position\":1,\"name\":\"Home\",\"item\":\"https:\\\/\\\/www.burrensmokehouse.com\\\/fr\\\/\"},{\"@type\":\"ListItem\",\"position\":2,\"name\":\"Go\u00fbtez l&#8217;Atlantique &#8211; L&#8217;exp\u00e9rience du saumon\"}]},{\"@type\":\"WebSite\",\"@id\":\"https:\\\/\\\/www.burrensmokehouse.com\\\/fr\\\/#website\",\"url\":\"https:\\\/\\\/www.burrensmokehouse.com\\\/fr\\\/\",\"name\":\"Burren Smokehouse\",\"description\":\"\",\"publisher\":{\"@id\":\"https:\\\/\\\/www.burrensmokehouse.com\\\/fr\\\/#organization\"},\"potentialAction\":[{\"@type\":\"SearchAction\",\"target\":{\"@type\":\"EntryPoint\",\"urlTemplate\":\"https:\\\/\\\/www.burrensmokehouse.com\\\/fr\\\/?s={search_term_string}\"},\"query-input\":{\"@type\":\"PropertyValueSpecification\",\"valueRequired\":true,\"valueName\":\"search_term_string\"}}],\"inLanguage\":\"fr-FR\"},{\"@type\":\"Organization\",\"@id\":\"https:\\\/\\\/www.burrensmokehouse.com\\\/fr\\\/#organization\",\"name\":\"Burren Smokehouse\",\"url\":\"https:\\\/\\\/www.burrensmokehouse.com\\\/fr\\\/\",\"logo\":{\"@type\":\"ImageObject\",\"inLanguage\":\"fr-FR\",\"@id\":\"https:\\\/\\\/www.burrensmokehouse.com\\\/fr\\\/#\\\/schema\\\/logo\\\/image\\\/\",\"url\":\"https:\\\/\\\/www.burrensmokehouse.com\\\/wp-content\\\/uploads\\\/2021\\\/07\\\/logo.png\",\"contentUrl\":\"https:\\\/\\\/www.burrensmokehouse.com\\\/wp-content\\\/uploads\\\/2021\\\/07\\\/logo.png\",\"width\":432,\"height\":99,\"caption\":\"Burren Smokehouse\"},\"image\":{\"@id\":\"https:\\\/\\\/www.burrensmokehouse.com\\\/fr\\\/#\\\/schema\\\/logo\\\/image\\\/\"}}]}<\/script>\n<!-- \/ Yoast SEO plugin. -->","yoast_head_json":{"title":"Go\u00fbtez l'Atlantique - L'exp\u00e9rience du saumon - Burren Smokehouse","robots":{"index":"index","follow":"follow","max-snippet":"max-snippet:-1","max-image-preview":"max-image-preview:large","max-video-preview":"max-video-preview:-1"},"canonical":"https:\/\/www.burrensmokehouse.com\/fr\/goutez-latlantique-lexperience-du-saumon\/","og_locale":"fr_FR","og_type":"article","og_title":"Go\u00fbtez l'Atlantique - L'exp\u00e9rience du saumon - Burren Smokehouse","og_description":"Juste \u00e0 c\u00f4t\u00e9 du Visitor Center du Burren Smokehouse (\u00e0 Lisdoonvarna pr\u00e8s des falaises de Moher), une nouvelle exp\u00e9rience amusante vous attend. Le centre d&rsquo;accueil \u00ab\u00a0Taste the Atlantic &#8211; Irish Salmon Visitor Experience\u00a0\u00bb a \u00e9t\u00e9 lanc\u00e9 \u00e0 Lisdoonvarna, Comt\u00e9 Clare le 25 octobre 2019 par Mme Sabina Higgins, \u00e9pouse du pr\u00e9sident Michael D Higgins. C&rsquo;est [&hellip;]","og_url":"https:\/\/www.burrensmokehouse.com\/fr\/goutez-latlantique-lexperience-du-saumon\/","og_site_name":"Burren Smokehouse","article_modified_time":"2023-01-10T11:23:03+00:00","og_image":[{"url":"https:\/\/www.burrensmokehouse.com\/wp-content\/uploads\/2022\/06\/TTA-video-screenshot-2-1024x635.png","type":"","width":"","height":""}],"twitter_card":"summary_large_image","twitter_misc":{"Dur\u00e9e de lecture estim\u00e9e":"1 minute"},"schema":{"@context":"https:\/\/schema.org","@graph":[{"@type":"WebPage","@id":"https:\/\/www.burrensmokehouse.com\/fr\/goutez-latlantique-lexperience-du-saumon\/","url":"https:\/\/www.burrensmokehouse.com\/fr\/goutez-latlantique-lexperience-du-saumon\/","name":"Go\u00fbtez l'Atlantique - L'exp\u00e9rience du saumon - Burren Smokehouse","isPartOf":{"@id":"https:\/\/www.burrensmokehouse.com\/fr\/#website"},"primaryImageOfPage":{"@id":"https:\/\/www.burrensmokehouse.com\/fr\/goutez-latlantique-lexperience-du-saumon\/#primaryimage"},"image":{"@id":"https:\/\/www.burrensmokehouse.com\/fr\/goutez-latlantique-lexperience-du-saumon\/#primaryimage"},"thumbnailUrl":"https:\/\/www.burrensmokehouse.com\/wp-content\/uploads\/2022\/06\/TTA-video-screenshot-2-1024x635.png","datePublished":"2022-06-16T14:05:09+00:00","dateModified":"2023-01-10T11:23:03+00:00","breadcrumb":{"@id":"https:\/\/www.burrensmokehouse.com\/fr\/goutez-latlantique-lexperience-du-saumon\/#breadcrumb"},"inLanguage":"fr-FR","potentialAction":[{"@type":"ReadAction","target":["https:\/\/www.burrensmokehouse.com\/fr\/goutez-latlantique-lexperience-du-saumon\/"]}]},{"@type":"ImageObject","inLanguage":"fr-FR","@id":"https:\/\/www.burrensmokehouse.com\/fr\/goutez-latlantique-lexperience-du-saumon\/#primaryimage","url":"https:\/\/www.burrensmokehouse.com\/wp-content\/uploads\/2022\/06\/TTA-video-screenshot-2-1024x635.png","contentUrl":"https:\/\/www.burrensmokehouse.com\/wp-content\/uploads\/2022\/06\/TTA-video-screenshot-2-1024x635.png"},{"@type":"BreadcrumbList","@id":"https:\/\/www.burrensmokehouse.com\/fr\/goutez-latlantique-lexperience-du-saumon\/#breadcrumb","itemListElement":[{"@type":"ListItem","position":1,"name":"Home","item":"https:\/\/www.burrensmokehouse.com\/fr\/"},{"@type":"ListItem","position":2,"name":"Go\u00fbtez l&#8217;Atlantique &#8211; L&#8217;exp\u00e9rience du saumon"}]},{"@type":"WebSite","@id":"https:\/\/www.burrensmokehouse.com\/fr\/#website","url":"https:\/\/www.burrensmokehouse.com\/fr\/","name":"Burren Smokehouse","description":"","publisher":{"@id":"https:\/\/www.burrensmokehouse.com\/fr\/#organization"},"potentialAction":[{"@type":"SearchAction","target":{"@type":"EntryPoint","urlTemplate":"https:\/\/www.burrensmokehouse.com\/fr\/?s={search_term_string}"},"query-input":{"@type":"PropertyValueSpecification","valueRequired":true,"valueName":"search_term_string"}}],"inLanguage":"fr-FR"},{"@type":"Organization","@id":"https:\/\/www.burrensmokehouse.com\/fr\/#organization","name":"Burren Smokehouse","url":"https:\/\/www.burrensmokehouse.com\/fr\/","logo":{"@type":"ImageObject","inLanguage":"fr-FR","@id":"https:\/\/www.burrensmokehouse.com\/fr\/#\/schema\/logo\/image\/","url":"https:\/\/www.burrensmokehouse.com\/wp-content\/uploads\/2021\/07\/logo.png","contentUrl":"https:\/\/www.burrensmokehouse.com\/wp-content\/uploads\/2021\/07\/logo.png","width":432,"height":99,"caption":"Burren Smokehouse"},"image":{"@id":"https:\/\/www.burrensmokehouse.com\/fr\/#\/schema\/logo\/image\/"}}]}},"_links":{"self":[{"href":"https:\/\/www.burrensmokehouse.com\/fr\/wp-json\/wp\/v2\/pages\/12983","targetHints":{"allow":["GET"]}}],"collection":[{"href":"https:\/\/www.burrensmokehouse.com\/fr\/wp-json\/wp\/v2\/pages"}],"about":[{"href":"https:\/\/www.burrensmokehouse.com\/fr\/wp-json\/wp\/v2\/types\/page"}],"author":[{"embeddable":true,"href":"https:\/\/www.burrensmokehouse.com\/fr\/wp-json\/wp\/v2\/users\/1"}],"replies":[{"embeddable":true,"href":"https:\/\/www.burrensmokehouse.com\/fr\/wp-json\/wp\/v2\/comments?post=12983"}],"version-history":[{"count":0,"href":"https:\/\/www.burrensmokehouse.com\/fr\/wp-json\/wp\/v2\/pages\/12983\/revisions"}],"wp:attachment":[{"href":"https:\/\/www.burrensmokehouse.com\/fr\/wp-json\/wp\/v2\/media?parent=12983"}],"curies":[{"name":"wp","href":"https:\/\/api.w.org\/{rel}","templated":true}]}}