{"id":12987,"date":"2022-06-16T15:32:36","date_gmt":"2022-06-16T14:32:36","guid":{"rendered":"https:\/\/www.burrensmokehouse.com\/visitez-le-fumoir-du-burren\/"},"modified":"2024-02-28T11:58:15","modified_gmt":"2024-02-28T11:58:15","slug":"visitez-le-burren-smokehouse","status":"publish","type":"page","link":"https:\/\/www.burrensmokehouse.com\/fr\/visitez-le-burren-smokehouse\/","title":{"rendered":"Visitez le Burren Smokehouse"},"content":{"rendered":"<p><strong>Promenez-vous devant la magnifique sculpture de saumon en mosa\u00efque bondissant et plongez \u00e0 travers l&rsquo;arche de pierre pittoresque dans le centre d&rsquo;accueil des visiteurs. Sentez les traces faibles mais distinctives de la fum\u00e9e de ch\u00eane dans l&rsquo;air et pr\u00e9parez-vous \u00e0 d\u00e9couvrir un joyau de la couronne de la sc\u00e8ne \u00e9cotouristique locale dans le Burren.<\/strong><\/p>\n","protected":false},"excerpt":{"rendered":"<p>Promenez-vous devant la magnifique sculpture de saumon en mosa\u00efque bondissant et plongez \u00e0 travers l&rsquo;arche de pierre pittoresque dans le centre d&rsquo;accueil des visiteurs. Sentez les traces faibles mais distinctives de la fum\u00e9e de ch\u00eane dans l&rsquo;air et pr\u00e9parez-vous \u00e0 d\u00e9couvrir un joyau de la couronne de la sc\u00e8ne \u00e9cotouristique locale dans le Burren.<\/p>\n","protected":false},"author":1,"featured_media":0,"parent":0,"menu_order":0,"comment_status":"closed","ping_status":"closed","template":"template-parts\/content-special-content.php","meta":{"_acf_changed":false,"om_disable_all_campaigns":false,"footnotes":""},"class_list":["post-12987","page","type-page","status-publish","hentry"],"acf":[],"yoast_head":"<!-- This site is optimized with the Yoast SEO plugin v27.3 - https:\/\/yoast.com\/product\/yoast-seo-wordpress\/ -->\n<title>Visitez-nous | Choses \u00e0 faire sur le Wild Atlantic Way | Falaises de Moher<\/title>\n<meta name=\"description\" content=\"Situ\u00e9 \u00e0 Lisdoonvarna, juste \u00e0 c\u00f4t\u00e9 du Wild Atlantic Way et \u00e0 quelques minutes en voiture des falaises de Moher, notre salle de d\u00e9gustation vous permet de d\u00e9couvrir le myst\u00e8re du fumage du saumon.\" \/>\n<meta name=\"robots\" content=\"index, follow, max-snippet:-1, max-image-preview:large, max-video-preview:-1\" \/>\n<link rel=\"canonical\" href=\"https:\/\/www.burrensmokehouse.com\/fr\/visitez-le-burren-smokehouse\/\" \/>\n<meta property=\"og:locale\" content=\"fr_FR\" \/>\n<meta property=\"og:type\" content=\"article\" \/>\n<meta property=\"og:title\" content=\"Visitez-nous | Choses \u00e0 faire sur le Wild Atlantic Way | Falaises de Moher\" \/>\n<meta property=\"og:description\" content=\"Situ\u00e9 \u00e0 Lisdoonvarna, juste \u00e0 c\u00f4t\u00e9 du Wild Atlantic Way et \u00e0 quelques minutes en voiture des falaises de Moher, notre salle de d\u00e9gustation vous permet de d\u00e9couvrir le myst\u00e8re du fumage du saumon.\" \/>\n<meta property=\"og:url\" content=\"https:\/\/www.burrensmokehouse.com\/fr\/visitez-le-burren-smokehouse\/\" \/>\n<meta property=\"og:site_name\" content=\"Burren Smokehouse\" \/>\n<meta property=\"article:modified_time\" content=\"2024-02-28T11:58:15+00:00\" \/>\n<meta name=\"twitter:card\" content=\"summary_large_image\" \/>\n<meta name=\"twitter:label1\" content=\"Dur\u00e9e de lecture estim\u00e9e\" \/>\n\t<meta name=\"twitter:data1\" content=\"1 minute\" \/>\n<script type=\"application\/ld+json\" class=\"yoast-schema-graph\">{\"@context\":\"https:\\\/\\\/schema.org\",\"@graph\":[{\"@type\":\"WebPage\",\"@id\":\"https:\\\/\\\/www.burrensmokehouse.com\\\/fr\\\/visitez-le-burren-smokehouse\\\/\",\"url\":\"https:\\\/\\\/www.burrensmokehouse.com\\\/fr\\\/visitez-le-burren-smokehouse\\\/\",\"name\":\"Visitez-nous | Choses \u00e0 faire sur le Wild Atlantic Way | Falaises de Moher\",\"isPartOf\":{\"@id\":\"https:\\\/\\\/www.burrensmokehouse.com\\\/fr\\\/#website\"},\"datePublished\":\"2022-06-16T14:32:36+00:00\",\"dateModified\":\"2024-02-28T11:58:15+00:00\",\"description\":\"Situ\u00e9 \u00e0 Lisdoonvarna, juste \u00e0 c\u00f4t\u00e9 du Wild Atlantic Way et \u00e0 quelques minutes en voiture des falaises de Moher, notre salle de d\u00e9gustation vous permet de d\u00e9couvrir le myst\u00e8re du fumage du saumon.\",\"breadcrumb\":{\"@id\":\"https:\\\/\\\/www.burrensmokehouse.com\\\/fr\\\/visitez-le-burren-smokehouse\\\/#breadcrumb\"},\"inLanguage\":\"fr-FR\",\"potentialAction\":[{\"@type\":\"ReadAction\",\"target\":[\"https:\\\/\\\/www.burrensmokehouse.com\\\/fr\\\/visitez-le-burren-smokehouse\\\/\"]}]},{\"@type\":\"BreadcrumbList\",\"@id\":\"https:\\\/\\\/www.burrensmokehouse.com\\\/fr\\\/visitez-le-burren-smokehouse\\\/#breadcrumb\",\"itemListElement\":[{\"@type\":\"ListItem\",\"position\":1,\"name\":\"Home\",\"item\":\"https:\\\/\\\/www.burrensmokehouse.com\\\/fr\\\/\"},{\"@type\":\"ListItem\",\"position\":2,\"name\":\"Visitez le Burren Smokehouse\"}]},{\"@type\":\"WebSite\",\"@id\":\"https:\\\/\\\/www.burrensmokehouse.com\\\/fr\\\/#website\",\"url\":\"https:\\\/\\\/www.burrensmokehouse.com\\\/fr\\\/\",\"name\":\"Burren Smokehouse\",\"description\":\"\",\"publisher\":{\"@id\":\"https:\\\/\\\/www.burrensmokehouse.com\\\/fr\\\/#organization\"},\"potentialAction\":[{\"@type\":\"SearchAction\",\"target\":{\"@type\":\"EntryPoint\",\"urlTemplate\":\"https:\\\/\\\/www.burrensmokehouse.com\\\/fr\\\/?s={search_term_string}\"},\"query-input\":{\"@type\":\"PropertyValueSpecification\",\"valueRequired\":true,\"valueName\":\"search_term_string\"}}],\"inLanguage\":\"fr-FR\"},{\"@type\":\"Organization\",\"@id\":\"https:\\\/\\\/www.burrensmokehouse.com\\\/fr\\\/#organization\",\"name\":\"Burren Smokehouse\",\"url\":\"https:\\\/\\\/www.burrensmokehouse.com\\\/fr\\\/\",\"logo\":{\"@type\":\"ImageObject\",\"inLanguage\":\"fr-FR\",\"@id\":\"https:\\\/\\\/www.burrensmokehouse.com\\\/fr\\\/#\\\/schema\\\/logo\\\/image\\\/\",\"url\":\"https:\\\/\\\/www.burrensmokehouse.com\\\/wp-content\\\/uploads\\\/2021\\\/07\\\/logo.png\",\"contentUrl\":\"https:\\\/\\\/www.burrensmokehouse.com\\\/wp-content\\\/uploads\\\/2021\\\/07\\\/logo.png\",\"width\":432,\"height\":99,\"caption\":\"Burren Smokehouse\"},\"image\":{\"@id\":\"https:\\\/\\\/www.burrensmokehouse.com\\\/fr\\\/#\\\/schema\\\/logo\\\/image\\\/\"}}]}<\/script>\n<!-- \/ Yoast SEO plugin. -->","yoast_head_json":{"title":"Visitez-nous | Choses \u00e0 faire sur le Wild Atlantic Way | Falaises de Moher","description":"Situ\u00e9 \u00e0 Lisdoonvarna, juste \u00e0 c\u00f4t\u00e9 du Wild Atlantic Way et \u00e0 quelques minutes en voiture des falaises de Moher, notre salle de d\u00e9gustation vous permet de d\u00e9couvrir le myst\u00e8re du fumage du saumon.","robots":{"index":"index","follow":"follow","max-snippet":"max-snippet:-1","max-image-preview":"max-image-preview:large","max-video-preview":"max-video-preview:-1"},"canonical":"https:\/\/www.burrensmokehouse.com\/fr\/visitez-le-burren-smokehouse\/","og_locale":"fr_FR","og_type":"article","og_title":"Visitez-nous | Choses \u00e0 faire sur le Wild Atlantic Way | Falaises de Moher","og_description":"Situ\u00e9 \u00e0 Lisdoonvarna, juste \u00e0 c\u00f4t\u00e9 du Wild Atlantic Way et \u00e0 quelques minutes en voiture des falaises de Moher, notre salle de d\u00e9gustation vous permet de d\u00e9couvrir le myst\u00e8re du fumage du saumon.","og_url":"https:\/\/www.burrensmokehouse.com\/fr\/visitez-le-burren-smokehouse\/","og_site_name":"Burren Smokehouse","article_modified_time":"2024-02-28T11:58:15+00:00","twitter_card":"summary_large_image","twitter_misc":{"Dur\u00e9e de lecture estim\u00e9e":"1 minute"},"schema":{"@context":"https:\/\/schema.org","@graph":[{"@type":"WebPage","@id":"https:\/\/www.burrensmokehouse.com\/fr\/visitez-le-burren-smokehouse\/","url":"https:\/\/www.burrensmokehouse.com\/fr\/visitez-le-burren-smokehouse\/","name":"Visitez-nous | Choses \u00e0 faire sur le Wild Atlantic Way | Falaises de Moher","isPartOf":{"@id":"https:\/\/www.burrensmokehouse.com\/fr\/#website"},"datePublished":"2022-06-16T14:32:36+00:00","dateModified":"2024-02-28T11:58:15+00:00","description":"Situ\u00e9 \u00e0 Lisdoonvarna, juste \u00e0 c\u00f4t\u00e9 du Wild Atlantic Way et \u00e0 quelques minutes en voiture des falaises de Moher, notre salle de d\u00e9gustation vous permet de d\u00e9couvrir le myst\u00e8re du fumage du saumon.","breadcrumb":{"@id":"https:\/\/www.burrensmokehouse.com\/fr\/visitez-le-burren-smokehouse\/#breadcrumb"},"inLanguage":"fr-FR","potentialAction":[{"@type":"ReadAction","target":["https:\/\/www.burrensmokehouse.com\/fr\/visitez-le-burren-smokehouse\/"]}]},{"@type":"BreadcrumbList","@id":"https:\/\/www.burrensmokehouse.com\/fr\/visitez-le-burren-smokehouse\/#breadcrumb","itemListElement":[{"@type":"ListItem","position":1,"name":"Home","item":"https:\/\/www.burrensmokehouse.com\/fr\/"},{"@type":"ListItem","position":2,"name":"Visitez le Burren Smokehouse"}]},{"@type":"WebSite","@id":"https:\/\/www.burrensmokehouse.com\/fr\/#website","url":"https:\/\/www.burrensmokehouse.com\/fr\/","name":"Burren Smokehouse","description":"","publisher":{"@id":"https:\/\/www.burrensmokehouse.com\/fr\/#organization"},"potentialAction":[{"@type":"SearchAction","target":{"@type":"EntryPoint","urlTemplate":"https:\/\/www.burrensmokehouse.com\/fr\/?s={search_term_string}"},"query-input":{"@type":"PropertyValueSpecification","valueRequired":true,"valueName":"search_term_string"}}],"inLanguage":"fr-FR"},{"@type":"Organization","@id":"https:\/\/www.burrensmokehouse.com\/fr\/#organization","name":"Burren Smokehouse","url":"https:\/\/www.burrensmokehouse.com\/fr\/","logo":{"@type":"ImageObject","inLanguage":"fr-FR","@id":"https:\/\/www.burrensmokehouse.com\/fr\/#\/schema\/logo\/image\/","url":"https:\/\/www.burrensmokehouse.com\/wp-content\/uploads\/2021\/07\/logo.png","contentUrl":"https:\/\/www.burrensmokehouse.com\/wp-content\/uploads\/2021\/07\/logo.png","width":432,"height":99,"caption":"Burren Smokehouse"},"image":{"@id":"https:\/\/www.burrensmokehouse.com\/fr\/#\/schema\/logo\/image\/"}}]}},"_links":{"self":[{"href":"https:\/\/www.burrensmokehouse.com\/fr\/wp-json\/wp\/v2\/pages\/12987","targetHints":{"allow":["GET"]}}],"collection":[{"href":"https:\/\/www.burrensmokehouse.com\/fr\/wp-json\/wp\/v2\/pages"}],"about":[{"href":"https:\/\/www.burrensmokehouse.com\/fr\/wp-json\/wp\/v2\/types\/page"}],"author":[{"embeddable":true,"href":"https:\/\/www.burrensmokehouse.com\/fr\/wp-json\/wp\/v2\/users\/1"}],"replies":[{"embeddable":true,"href":"https:\/\/www.burrensmokehouse.com\/fr\/wp-json\/wp\/v2\/comments?post=12987"}],"version-history":[{"count":0,"href":"https:\/\/www.burrensmokehouse.com\/fr\/wp-json\/wp\/v2\/pages\/12987\/revisions"}],"wp:attachment":[{"href":"https:\/\/www.burrensmokehouse.com\/fr\/wp-json\/wp\/v2\/media?parent=12987"}],"curies":[{"name":"wp","href":"https:\/\/api.w.org\/{rel}","templated":true}]}}