{"id":13900,"date":"2022-08-23T16:10:10","date_gmt":"2022-08-23T15:10:10","guid":{"rendered":"https:\/\/www.burrensmokehouse.com\/le-burren-et-lisdoonvarna\/"},"modified":"2024-07-02T15:00:01","modified_gmt":"2024-07-02T14:00:01","slug":"le-burren-et-lisdoonvarna","status":"publish","type":"page","link":"https:\/\/www.burrensmokehouse.com\/fr\/le-burren-et-lisdoonvarna\/","title":{"rendered":"Le Burren et Lisdoonvarna"},"content":{"rendered":"<p>Offrez-vous la libert\u00e9 d&rsquo;explorer les plantes et les animaux qui ont \u00e9lu domicile dans les paysages calcaires mystiques, presque lunaires. Respirez l&rsquo;air pur et rafra\u00eechissant et regardez la vue s&rsquo;\u00e9tendre \u00e0 l&rsquo;infini devant vous, la vue s&rsquo;\u00e9tendant sur le Connemara. En arrivant au bord de la falaise, le rocher s&rsquo;effondre de fa\u00e7on spectaculaire, les falaises se d\u00e9tachant de vous pour laisser place \u00e0 la beaut\u00e9 brute de l&rsquo;oc\u00e9an Atlantique, o\u00f9 vivent nos d\u00e9licieux saumons.<\/p>\n","protected":false},"excerpt":{"rendered":"<p>Offrez-vous la libert\u00e9 d&rsquo;explorer les plantes et les animaux qui ont \u00e9lu domicile dans les paysages calcaires mystiques, presque lunaires. Respirez l&rsquo;air pur et rafra\u00eechissant et regardez la vue s&rsquo;\u00e9tendre \u00e0 l&rsquo;infini devant vous, la vue s&rsquo;\u00e9tendant sur le Connemara. En arrivant au bord de la falaise, le rocher s&rsquo;effondre de fa\u00e7on spectaculaire, les falaises [&hellip;]<\/p>\n","protected":false},"author":1,"featured_media":0,"parent":0,"menu_order":0,"comment_status":"closed","ping_status":"closed","template":"template-parts\/content-general-content.php","meta":{"_acf_changed":false,"om_disable_all_campaigns":false,"footnotes":""},"class_list":["post-13900","page","type-page","status-publish","hentry"],"acf":[],"yoast_head":"<!-- This site is optimized with the Yoast SEO plugin v27.3 - https:\/\/yoast.com\/product\/yoast-seo-wordpress\/ -->\n<title>Lisdoonvarna | The Burren | Choses \u00e0 faire dans le County Clare | Burren Smokehouse<\/title>\n<meta name=\"description\" content=\"Lisdoonvarna est une ville pittoresque de la c\u00f4te ouest de l&#039;Irlande. Elle est bien plac\u00e9 entre la c\u00f4te et le Burren, Co. Clare\" \/>\n<meta name=\"robots\" content=\"index, follow, max-snippet:-1, max-image-preview:large, max-video-preview:-1\" \/>\n<link rel=\"canonical\" href=\"https:\/\/www.burrensmokehouse.com\/fr\/le-burren-et-lisdoonvarna\/\" \/>\n<meta property=\"og:locale\" content=\"fr_FR\" \/>\n<meta property=\"og:type\" content=\"article\" \/>\n<meta property=\"og:title\" content=\"false\" \/>\n<meta property=\"og:description\" content=\"Lisdoonvarna est une ville pittoresque de la c\u00f4te ouest de l&#039;Irlande. Elle est bien plac\u00e9 entre la c\u00f4te et le Burren, Co. Clare\" \/>\n<meta property=\"og:url\" content=\"https:\/\/www.burrensmokehouse.com\/fr\/le-burren-et-lisdoonvarna\/\" \/>\n<meta property=\"og:site_name\" content=\"Burren Smokehouse\" \/>\n<meta property=\"article:modified_time\" content=\"2024-07-02T14:00:01+00:00\" \/>\n<meta name=\"twitter:card\" content=\"summary_large_image\" \/>\n<meta name=\"twitter:label1\" content=\"Dur\u00e9e de lecture estim\u00e9e\" \/>\n\t<meta name=\"twitter:data1\" content=\"1 minute\" \/>\n<script type=\"application\/ld+json\" class=\"yoast-schema-graph\">{\"@context\":\"https:\\\/\\\/schema.org\",\"@graph\":[{\"@type\":\"WebPage\",\"@id\":\"https:\\\/\\\/www.burrensmokehouse.com\\\/fr\\\/le-burren-et-lisdoonvarna\\\/\",\"url\":\"https:\\\/\\\/www.burrensmokehouse.com\\\/fr\\\/le-burren-et-lisdoonvarna\\\/\",\"name\":\"Lisdoonvarna | The Burren | Choses \u00e0 faire dans le County Clare | Burren Smokehouse\",\"isPartOf\":{\"@id\":\"https:\\\/\\\/www.burrensmokehouse.com\\\/fr\\\/#website\"},\"datePublished\":\"2022-08-23T15:10:10+00:00\",\"dateModified\":\"2024-07-02T14:00:01+00:00\",\"description\":\"Lisdoonvarna est une ville pittoresque de la c\u00f4te ouest de l'Irlande. Elle est bien plac\u00e9 entre la c\u00f4te et le Burren, Co. Clare\",\"breadcrumb\":{\"@id\":\"https:\\\/\\\/www.burrensmokehouse.com\\\/fr\\\/le-burren-et-lisdoonvarna\\\/#breadcrumb\"},\"inLanguage\":\"fr-FR\",\"potentialAction\":[{\"@type\":\"ReadAction\",\"target\":[\"https:\\\/\\\/www.burrensmokehouse.com\\\/fr\\\/le-burren-et-lisdoonvarna\\\/\"]}]},{\"@type\":\"BreadcrumbList\",\"@id\":\"https:\\\/\\\/www.burrensmokehouse.com\\\/fr\\\/le-burren-et-lisdoonvarna\\\/#breadcrumb\",\"itemListElement\":[{\"@type\":\"ListItem\",\"position\":1,\"name\":\"Home\",\"item\":\"https:\\\/\\\/www.burrensmokehouse.com\\\/fr\\\/\"},{\"@type\":\"ListItem\",\"position\":2,\"name\":\"Le Burren et Lisdoonvarna\"}]},{\"@type\":\"WebSite\",\"@id\":\"https:\\\/\\\/www.burrensmokehouse.com\\\/fr\\\/#website\",\"url\":\"https:\\\/\\\/www.burrensmokehouse.com\\\/fr\\\/\",\"name\":\"Burren Smokehouse\",\"description\":\"\",\"publisher\":{\"@id\":\"https:\\\/\\\/www.burrensmokehouse.com\\\/fr\\\/#organization\"},\"potentialAction\":[{\"@type\":\"SearchAction\",\"target\":{\"@type\":\"EntryPoint\",\"urlTemplate\":\"https:\\\/\\\/www.burrensmokehouse.com\\\/fr\\\/?s={search_term_string}\"},\"query-input\":{\"@type\":\"PropertyValueSpecification\",\"valueRequired\":true,\"valueName\":\"search_term_string\"}}],\"inLanguage\":\"fr-FR\"},{\"@type\":\"Organization\",\"@id\":\"https:\\\/\\\/www.burrensmokehouse.com\\\/fr\\\/#organization\",\"name\":\"Burren Smokehouse\",\"url\":\"https:\\\/\\\/www.burrensmokehouse.com\\\/fr\\\/\",\"logo\":{\"@type\":\"ImageObject\",\"inLanguage\":\"fr-FR\",\"@id\":\"https:\\\/\\\/www.burrensmokehouse.com\\\/fr\\\/#\\\/schema\\\/logo\\\/image\\\/\",\"url\":\"https:\\\/\\\/www.burrensmokehouse.com\\\/wp-content\\\/uploads\\\/2021\\\/07\\\/logo.png\",\"contentUrl\":\"https:\\\/\\\/www.burrensmokehouse.com\\\/wp-content\\\/uploads\\\/2021\\\/07\\\/logo.png\",\"width\":432,\"height\":99,\"caption\":\"Burren Smokehouse\"},\"image\":{\"@id\":\"https:\\\/\\\/www.burrensmokehouse.com\\\/fr\\\/#\\\/schema\\\/logo\\\/image\\\/\"}}]}<\/script>\n<!-- \/ Yoast SEO plugin. -->","yoast_head_json":{"title":"Lisdoonvarna | The Burren | Choses \u00e0 faire dans le County Clare | Burren Smokehouse","description":"Lisdoonvarna est une ville pittoresque de la c\u00f4te ouest de l'Irlande. Elle est bien plac\u00e9 entre la c\u00f4te et le Burren, Co. Clare","robots":{"index":"index","follow":"follow","max-snippet":"max-snippet:-1","max-image-preview":"max-image-preview:large","max-video-preview":"max-video-preview:-1"},"canonical":"https:\/\/www.burrensmokehouse.com\/fr\/le-burren-et-lisdoonvarna\/","og_locale":"fr_FR","og_type":"article","og_title":"false","og_description":"Lisdoonvarna est une ville pittoresque de la c\u00f4te ouest de l'Irlande. Elle est bien plac\u00e9 entre la c\u00f4te et le Burren, Co. Clare","og_url":"https:\/\/www.burrensmokehouse.com\/fr\/le-burren-et-lisdoonvarna\/","og_site_name":"Burren Smokehouse","article_modified_time":"2024-07-02T14:00:01+00:00","twitter_card":"summary_large_image","twitter_misc":{"Dur\u00e9e de lecture estim\u00e9e":"1 minute"},"schema":{"@context":"https:\/\/schema.org","@graph":[{"@type":"WebPage","@id":"https:\/\/www.burrensmokehouse.com\/fr\/le-burren-et-lisdoonvarna\/","url":"https:\/\/www.burrensmokehouse.com\/fr\/le-burren-et-lisdoonvarna\/","name":"Lisdoonvarna | The Burren | Choses \u00e0 faire dans le County Clare | Burren Smokehouse","isPartOf":{"@id":"https:\/\/www.burrensmokehouse.com\/fr\/#website"},"datePublished":"2022-08-23T15:10:10+00:00","dateModified":"2024-07-02T14:00:01+00:00","description":"Lisdoonvarna est une ville pittoresque de la c\u00f4te ouest de l'Irlande. Elle est bien plac\u00e9 entre la c\u00f4te et le Burren, Co. Clare","breadcrumb":{"@id":"https:\/\/www.burrensmokehouse.com\/fr\/le-burren-et-lisdoonvarna\/#breadcrumb"},"inLanguage":"fr-FR","potentialAction":[{"@type":"ReadAction","target":["https:\/\/www.burrensmokehouse.com\/fr\/le-burren-et-lisdoonvarna\/"]}]},{"@type":"BreadcrumbList","@id":"https:\/\/www.burrensmokehouse.com\/fr\/le-burren-et-lisdoonvarna\/#breadcrumb","itemListElement":[{"@type":"ListItem","position":1,"name":"Home","item":"https:\/\/www.burrensmokehouse.com\/fr\/"},{"@type":"ListItem","position":2,"name":"Le Burren et Lisdoonvarna"}]},{"@type":"WebSite","@id":"https:\/\/www.burrensmokehouse.com\/fr\/#website","url":"https:\/\/www.burrensmokehouse.com\/fr\/","name":"Burren Smokehouse","description":"","publisher":{"@id":"https:\/\/www.burrensmokehouse.com\/fr\/#organization"},"potentialAction":[{"@type":"SearchAction","target":{"@type":"EntryPoint","urlTemplate":"https:\/\/www.burrensmokehouse.com\/fr\/?s={search_term_string}"},"query-input":{"@type":"PropertyValueSpecification","valueRequired":true,"valueName":"search_term_string"}}],"inLanguage":"fr-FR"},{"@type":"Organization","@id":"https:\/\/www.burrensmokehouse.com\/fr\/#organization","name":"Burren Smokehouse","url":"https:\/\/www.burrensmokehouse.com\/fr\/","logo":{"@type":"ImageObject","inLanguage":"fr-FR","@id":"https:\/\/www.burrensmokehouse.com\/fr\/#\/schema\/logo\/image\/","url":"https:\/\/www.burrensmokehouse.com\/wp-content\/uploads\/2021\/07\/logo.png","contentUrl":"https:\/\/www.burrensmokehouse.com\/wp-content\/uploads\/2021\/07\/logo.png","width":432,"height":99,"caption":"Burren Smokehouse"},"image":{"@id":"https:\/\/www.burrensmokehouse.com\/fr\/#\/schema\/logo\/image\/"}}]}},"_links":{"self":[{"href":"https:\/\/www.burrensmokehouse.com\/fr\/wp-json\/wp\/v2\/pages\/13900","targetHints":{"allow":["GET"]}}],"collection":[{"href":"https:\/\/www.burrensmokehouse.com\/fr\/wp-json\/wp\/v2\/pages"}],"about":[{"href":"https:\/\/www.burrensmokehouse.com\/fr\/wp-json\/wp\/v2\/types\/page"}],"author":[{"embeddable":true,"href":"https:\/\/www.burrensmokehouse.com\/fr\/wp-json\/wp\/v2\/users\/1"}],"replies":[{"embeddable":true,"href":"https:\/\/www.burrensmokehouse.com\/fr\/wp-json\/wp\/v2\/comments?post=13900"}],"version-history":[{"count":0,"href":"https:\/\/www.burrensmokehouse.com\/fr\/wp-json\/wp\/v2\/pages\/13900\/revisions"}],"wp:attachment":[{"href":"https:\/\/www.burrensmokehouse.com\/fr\/wp-json\/wp\/v2\/media?parent=13900"}],"curies":[{"name":"wp","href":"https:\/\/api.w.org\/{rel}","templated":true}]}}