{"id":14021,"date":"2022-09-02T16:21:37","date_gmt":"2022-09-02T15:21:37","guid":{"rendered":"https:\/\/www.burrensmokehouse.com\/nouveau-notre-engagement-en-faveur-du-developpement-durable\/"},"modified":"2024-05-24T14:55:19","modified_gmt":"2024-05-24T13:55:19","slug":"notre-engagement-en-faveur-du-developpement-durable","status":"publish","type":"page","link":"https:\/\/www.burrensmokehouse.com\/fr\/notre-engagement-en-faveur-du-developpement-durable\/","title":{"rendered":"Notre engagement en faveur du d\u00e9veloppement durable"},"content":{"rendered":"<p>Le d\u00e9veloppement durable et l&rsquo;environnement sont deux valeurs qui nous tiennent \u00e0 c\u0153ur. Nous avons d\u00e9cid\u00e9 en 2009 de devenir membre du Burren Ecotourism Network (BEN), qui a \u00e9t\u00e9 lanc\u00e9 en 2011 avec la remise des dipl\u00f4mes des membres fondateurs.<\/p>\n<p>La m\u00eame ann\u00e9e, le g\u00e9oparc de Burren et des falaises de Moher a \u00e9t\u00e9 cr\u00e9\u00e9. Tous les membres de BEN sont contr\u00f4l\u00e9s par le Geopark au moyen d&rsquo;un code de pratique afin de garantir les normes les plus \u00e9lev\u00e9es possibles en mati\u00e8re d&rsquo;\u00e9cotourisme.<\/p>\n<p>Vous trouverez ci-dessous toutes les initiatives et adh\u00e9sions dont nous sommes fiers de faire partie.<\/p>\n","protected":false},"excerpt":{"rendered":"<p>Le d\u00e9veloppement durable et l&rsquo;environnement sont deux valeurs qui nous tiennent \u00e0 c\u0153ur. Nous avons d\u00e9cid\u00e9 en 2009 de devenir membre du Burren Ecotourism Network (BEN), qui a \u00e9t\u00e9 lanc\u00e9 en 2011 avec la remise des dipl\u00f4mes des membres fondateurs. La m\u00eame ann\u00e9e, le g\u00e9oparc de Burren et des falaises de Moher a \u00e9t\u00e9 cr\u00e9\u00e9. [&hellip;]<\/p>\n","protected":false},"author":1,"featured_media":0,"parent":0,"menu_order":0,"comment_status":"closed","ping_status":"closed","template":"template-parts\/content-general-content.php","meta":{"_acf_changed":false,"om_disable_all_campaigns":false,"footnotes":""},"class_list":["post-14021","page","type-page","status-publish","hentry"],"acf":[],"yoast_head":"<!-- This site is optimized with the Yoast SEO plugin v27.3 - https:\/\/yoast.com\/product\/yoast-seo-wordpress\/ -->\n<title>Notre engagement en faveur du d\u00e9veloppement durable - Burren Smokehouse<\/title>\n<meta name=\"robots\" content=\"index, follow, max-snippet:-1, max-image-preview:large, max-video-preview:-1\" \/>\n<link rel=\"canonical\" href=\"https:\/\/www.burrensmokehouse.com\/fr\/notre-engagement-en-faveur-du-developpement-durable\/\" \/>\n<meta property=\"og:locale\" content=\"fr_FR\" \/>\n<meta property=\"og:type\" content=\"article\" \/>\n<meta property=\"og:title\" content=\"Notre engagement en faveur du d\u00e9veloppement durable - Burren Smokehouse\" \/>\n<meta property=\"og:description\" content=\"Le d\u00e9veloppement durable et l&rsquo;environnement sont deux valeurs qui nous tiennent \u00e0 c\u0153ur. Nous avons d\u00e9cid\u00e9 en 2009 de devenir membre du Burren Ecotourism Network (BEN), qui a \u00e9t\u00e9 lanc\u00e9 en 2011 avec la remise des dipl\u00f4mes des membres fondateurs. La m\u00eame ann\u00e9e, le g\u00e9oparc de Burren et des falaises de Moher a \u00e9t\u00e9 cr\u00e9\u00e9. [&hellip;]\" \/>\n<meta property=\"og:url\" content=\"https:\/\/www.burrensmokehouse.com\/fr\/notre-engagement-en-faveur-du-developpement-durable\/\" \/>\n<meta property=\"og:site_name\" content=\"Burren Smokehouse\" \/>\n<meta property=\"article:modified_time\" content=\"2024-05-24T13:55:19+00:00\" \/>\n<meta name=\"twitter:card\" content=\"summary_large_image\" \/>\n<meta name=\"twitter:label1\" content=\"Dur\u00e9e de lecture estim\u00e9e\" \/>\n\t<meta name=\"twitter:data1\" content=\"1 minute\" \/>\n<script type=\"application\/ld+json\" class=\"yoast-schema-graph\">{\"@context\":\"https:\\\/\\\/schema.org\",\"@graph\":[{\"@type\":\"WebPage\",\"@id\":\"https:\\\/\\\/www.burrensmokehouse.com\\\/fr\\\/notre-engagement-en-faveur-du-developpement-durable\\\/\",\"url\":\"https:\\\/\\\/www.burrensmokehouse.com\\\/fr\\\/notre-engagement-en-faveur-du-developpement-durable\\\/\",\"name\":\"Notre engagement en faveur du d\u00e9veloppement durable - Burren Smokehouse\",\"isPartOf\":{\"@id\":\"https:\\\/\\\/www.burrensmokehouse.com\\\/fr\\\/#website\"},\"datePublished\":\"2022-09-02T15:21:37+00:00\",\"dateModified\":\"2024-05-24T13:55:19+00:00\",\"breadcrumb\":{\"@id\":\"https:\\\/\\\/www.burrensmokehouse.com\\\/fr\\\/notre-engagement-en-faveur-du-developpement-durable\\\/#breadcrumb\"},\"inLanguage\":\"fr-FR\",\"potentialAction\":[{\"@type\":\"ReadAction\",\"target\":[\"https:\\\/\\\/www.burrensmokehouse.com\\\/fr\\\/notre-engagement-en-faveur-du-developpement-durable\\\/\"]}]},{\"@type\":\"BreadcrumbList\",\"@id\":\"https:\\\/\\\/www.burrensmokehouse.com\\\/fr\\\/notre-engagement-en-faveur-du-developpement-durable\\\/#breadcrumb\",\"itemListElement\":[{\"@type\":\"ListItem\",\"position\":1,\"name\":\"Home\",\"item\":\"https:\\\/\\\/www.burrensmokehouse.com\\\/fr\\\/\"},{\"@type\":\"ListItem\",\"position\":2,\"name\":\"Notre engagement en faveur du d\u00e9veloppement durable\"}]},{\"@type\":\"WebSite\",\"@id\":\"https:\\\/\\\/www.burrensmokehouse.com\\\/fr\\\/#website\",\"url\":\"https:\\\/\\\/www.burrensmokehouse.com\\\/fr\\\/\",\"name\":\"Burren Smokehouse\",\"description\":\"\",\"publisher\":{\"@id\":\"https:\\\/\\\/www.burrensmokehouse.com\\\/fr\\\/#organization\"},\"potentialAction\":[{\"@type\":\"SearchAction\",\"target\":{\"@type\":\"EntryPoint\",\"urlTemplate\":\"https:\\\/\\\/www.burrensmokehouse.com\\\/fr\\\/?s={search_term_string}\"},\"query-input\":{\"@type\":\"PropertyValueSpecification\",\"valueRequired\":true,\"valueName\":\"search_term_string\"}}],\"inLanguage\":\"fr-FR\"},{\"@type\":\"Organization\",\"@id\":\"https:\\\/\\\/www.burrensmokehouse.com\\\/fr\\\/#organization\",\"name\":\"Burren Smokehouse\",\"url\":\"https:\\\/\\\/www.burrensmokehouse.com\\\/fr\\\/\",\"logo\":{\"@type\":\"ImageObject\",\"inLanguage\":\"fr-FR\",\"@id\":\"https:\\\/\\\/www.burrensmokehouse.com\\\/fr\\\/#\\\/schema\\\/logo\\\/image\\\/\",\"url\":\"https:\\\/\\\/www.burrensmokehouse.com\\\/wp-content\\\/uploads\\\/2021\\\/07\\\/logo.png\",\"contentUrl\":\"https:\\\/\\\/www.burrensmokehouse.com\\\/wp-content\\\/uploads\\\/2021\\\/07\\\/logo.png\",\"width\":432,\"height\":99,\"caption\":\"Burren Smokehouse\"},\"image\":{\"@id\":\"https:\\\/\\\/www.burrensmokehouse.com\\\/fr\\\/#\\\/schema\\\/logo\\\/image\\\/\"}}]}<\/script>\n<!-- \/ Yoast SEO plugin. -->","yoast_head_json":{"title":"Notre engagement en faveur du d\u00e9veloppement durable - Burren Smokehouse","robots":{"index":"index","follow":"follow","max-snippet":"max-snippet:-1","max-image-preview":"max-image-preview:large","max-video-preview":"max-video-preview:-1"},"canonical":"https:\/\/www.burrensmokehouse.com\/fr\/notre-engagement-en-faveur-du-developpement-durable\/","og_locale":"fr_FR","og_type":"article","og_title":"Notre engagement en faveur du d\u00e9veloppement durable - Burren Smokehouse","og_description":"Le d\u00e9veloppement durable et l&rsquo;environnement sont deux valeurs qui nous tiennent \u00e0 c\u0153ur. Nous avons d\u00e9cid\u00e9 en 2009 de devenir membre du Burren Ecotourism Network (BEN), qui a \u00e9t\u00e9 lanc\u00e9 en 2011 avec la remise des dipl\u00f4mes des membres fondateurs. La m\u00eame ann\u00e9e, le g\u00e9oparc de Burren et des falaises de Moher a \u00e9t\u00e9 cr\u00e9\u00e9. [&hellip;]","og_url":"https:\/\/www.burrensmokehouse.com\/fr\/notre-engagement-en-faveur-du-developpement-durable\/","og_site_name":"Burren Smokehouse","article_modified_time":"2024-05-24T13:55:19+00:00","twitter_card":"summary_large_image","twitter_misc":{"Dur\u00e9e de lecture estim\u00e9e":"1 minute"},"schema":{"@context":"https:\/\/schema.org","@graph":[{"@type":"WebPage","@id":"https:\/\/www.burrensmokehouse.com\/fr\/notre-engagement-en-faveur-du-developpement-durable\/","url":"https:\/\/www.burrensmokehouse.com\/fr\/notre-engagement-en-faveur-du-developpement-durable\/","name":"Notre engagement en faveur du d\u00e9veloppement durable - Burren Smokehouse","isPartOf":{"@id":"https:\/\/www.burrensmokehouse.com\/fr\/#website"},"datePublished":"2022-09-02T15:21:37+00:00","dateModified":"2024-05-24T13:55:19+00:00","breadcrumb":{"@id":"https:\/\/www.burrensmokehouse.com\/fr\/notre-engagement-en-faveur-du-developpement-durable\/#breadcrumb"},"inLanguage":"fr-FR","potentialAction":[{"@type":"ReadAction","target":["https:\/\/www.burrensmokehouse.com\/fr\/notre-engagement-en-faveur-du-developpement-durable\/"]}]},{"@type":"BreadcrumbList","@id":"https:\/\/www.burrensmokehouse.com\/fr\/notre-engagement-en-faveur-du-developpement-durable\/#breadcrumb","itemListElement":[{"@type":"ListItem","position":1,"name":"Home","item":"https:\/\/www.burrensmokehouse.com\/fr\/"},{"@type":"ListItem","position":2,"name":"Notre engagement en faveur du d\u00e9veloppement durable"}]},{"@type":"WebSite","@id":"https:\/\/www.burrensmokehouse.com\/fr\/#website","url":"https:\/\/www.burrensmokehouse.com\/fr\/","name":"Burren Smokehouse","description":"","publisher":{"@id":"https:\/\/www.burrensmokehouse.com\/fr\/#organization"},"potentialAction":[{"@type":"SearchAction","target":{"@type":"EntryPoint","urlTemplate":"https:\/\/www.burrensmokehouse.com\/fr\/?s={search_term_string}"},"query-input":{"@type":"PropertyValueSpecification","valueRequired":true,"valueName":"search_term_string"}}],"inLanguage":"fr-FR"},{"@type":"Organization","@id":"https:\/\/www.burrensmokehouse.com\/fr\/#organization","name":"Burren Smokehouse","url":"https:\/\/www.burrensmokehouse.com\/fr\/","logo":{"@type":"ImageObject","inLanguage":"fr-FR","@id":"https:\/\/www.burrensmokehouse.com\/fr\/#\/schema\/logo\/image\/","url":"https:\/\/www.burrensmokehouse.com\/wp-content\/uploads\/2021\/07\/logo.png","contentUrl":"https:\/\/www.burrensmokehouse.com\/wp-content\/uploads\/2021\/07\/logo.png","width":432,"height":99,"caption":"Burren Smokehouse"},"image":{"@id":"https:\/\/www.burrensmokehouse.com\/fr\/#\/schema\/logo\/image\/"}}]}},"_links":{"self":[{"href":"https:\/\/www.burrensmokehouse.com\/fr\/wp-json\/wp\/v2\/pages\/14021","targetHints":{"allow":["GET"]}}],"collection":[{"href":"https:\/\/www.burrensmokehouse.com\/fr\/wp-json\/wp\/v2\/pages"}],"about":[{"href":"https:\/\/www.burrensmokehouse.com\/fr\/wp-json\/wp\/v2\/types\/page"}],"author":[{"embeddable":true,"href":"https:\/\/www.burrensmokehouse.com\/fr\/wp-json\/wp\/v2\/users\/1"}],"replies":[{"embeddable":true,"href":"https:\/\/www.burrensmokehouse.com\/fr\/wp-json\/wp\/v2\/comments?post=14021"}],"version-history":[{"count":0,"href":"https:\/\/www.burrensmokehouse.com\/fr\/wp-json\/wp\/v2\/pages\/14021\/revisions"}],"wp:attachment":[{"href":"https:\/\/www.burrensmokehouse.com\/fr\/wp-json\/wp\/v2\/media?parent=14021"}],"curies":[{"name":"wp","href":"https:\/\/api.w.org\/{rel}","templated":true}]}}