{"id":11380,"date":"2022-05-27T15:29:40","date_gmt":"2022-05-27T14:29:40","guid":{"rendered":"https:\/\/www.burrensmokehouse.com\/?post_type=product&#038;p=11380"},"modified":"2025-08-07T11:58:30","modified_gmt":"2025-08-07T10:58:30","slug":"saumon-fume-a-chaud-biologique-irlandais-miel-citron-aneth","status":"publish","type":"product","link":"https:\/\/www.burrensmokehouse.com\/fr\/produit\/saumon-fume-a-chaud-biologique-irlandais-miel-citron-aneth\/","title":{"rendered":"Saumon Bio Irlandais Fum\u00e9 \u00e0 Chaud du Burren &#8211; Miel, Citron &amp; Aneth"},"content":{"rendered":"<p>Cette marinade de miel, citron et aneth sur saumon fum\u00e9 \u00e0 chaud est unique au Burren Smokehouse, et elle a remport\u00e9 de nombreux prix depuis sa cr\u00e9ation en 2008.<\/p>\n<p>D\u00e9gustez ce saumon bio fum\u00e9 \u00e0 chaud recouvert d&rsquo;une couche de miel, de citron et d&rsquo;aneth frais. L&rsquo;aneth et le saumon sont un accord parfait, et le miel ajoute une touche de douceur qui est \u00e9quilibr\u00e9e par la saveur fra\u00eeche du citron.<\/p>\n<p>Le fumage \u00e0 chaud est la m\u00e9thode scandinave de fumage \u00e0 une temp\u00e9rature plus \u00e9lev\u00e9e qui donne au saumon une texture feuillet\u00e9e et plus s\u00e8che que le fumage \u00e0 froid. Un favori m\u00eame pour ceux qui normalement ne mangeraient pas de saumon fum\u00e9 (froid).<\/p>\n<p>Ce produit est tranch\u00e9.<\/p>\n","protected":false},"excerpt":{"rendered":"<p>Cette marinade de miel, citron et aneth sur saumon fum\u00e9 \u00e0 chaud est unique au Burren Smokehouse, et elle a remport\u00e9 de nombreux prix depuis sa cr\u00e9ation en 2008.<\/p>\n<p>&nbsp;<strong>Pourquoi les prix sur notre site sont-ils diff\u00e9rents de ceux du catalogue ?<\/strong><br \/>\nLes prix plus \u00e9lev\u00e9s sont d\u00fbs \u00e0 la TVA appliqu\u00e9e aux prix. Pour les exportations vers les pays de l&rsquo;UE, nous devons malheureusement facturer les taux de TVA habituels pour les produits respectifs dans le pays de destination. Il s&rsquo;agit d&rsquo;une l\u00e9gislation europ\u00e9enne.<br \/>\nCe taux de TVA est d\u00e9j\u00e0 calcul\u00e9 dans les prix affich\u00e9s sur le site, c&rsquo;est pourquoi il existe une diff\u00e9rence entre les prix du catalogue et ceux affich\u00e9s sur le site. Jusqu&rsquo;\u00e0 r\u00e9cemment, le site ajoutait la TVA \u00e0 la fin du processus de paiement, mais le r\u00e9sultat est le m\u00eame.<br \/>\nBien s\u00fbr il en va de m\u00eame pour les commandes que nous recevons par mail ou par t\u00e9l\u00e9phone.<\/p>\n","protected":false},"featured_media":8407,"comment_status":"open","ping_status":"closed","template":"","meta":{"_acf_changed":false,"om_disable_all_campaigns":false},"product_brand":[],"product_cat":[234,161],"product_tag":[280,264,265,266,267,269,270],"class_list":{"0":"post-11380","1":"product","2":"type-product","3":"status-publish","4":"has-post-thumbnail","6":"product_cat-hot-fr","7":"product_cat-saumon-fume-irlandais","8":"product_tag-dill-fr","9":"product_tag-honey-fr","10":"product_tag-hot-fr","11":"product_tag-hotsmoked-fr","12":"product_tag-lemon-fr","13":"product_tag-salmon-fr","14":"product_tag-smoked-fr","15":"pa_weight-g-140-fr","16":"pa_weight-g-500-fr","18":"first","19":"instock","20":"taxable","21":"shipping-taxable","22":"purchasable","23":"product-type-variable"},"acf":[],"yoast_head":"<!-- This site is optimized with the Yoast SEO plugin v27.3 - https:\/\/yoast.com\/product\/yoast-seo-wordpress\/ -->\n<title>Saumon Bio Irlandais Fum\u00e9 \u00e0 Chaud du Burren - Miel, Citron &amp; Aneth - Burren Smokehouse<\/title>\n<meta name=\"robots\" content=\"index, follow, max-snippet:-1, max-image-preview:large, max-video-preview:-1\" \/>\n<link rel=\"canonical\" href=\"https:\/\/www.burrensmokehouse.com\/fr\/produit\/saumon-fume-a-chaud-biologique-irlandais-miel-citron-aneth\/\" \/>\n<meta property=\"og:locale\" content=\"fr_FR\" \/>\n<meta property=\"og:type\" content=\"article\" \/>\n<meta property=\"og:title\" content=\"Saumon Bio Irlandais Fum\u00e9 \u00e0 Chaud du Burren - Miel, Citron &amp; Aneth - Burren Smokehouse\" \/>\n<meta property=\"og:description\" content=\"Cette marinade de miel, citron et aneth sur saumon fum\u00e9 \u00e0 chaud est unique au Burren Smokehouse, et elle a remport\u00e9 de nombreux prix depuis sa cr\u00e9ation en 2008.  &nbsp;Pourquoi les prix sur notre site sont-ils diff\u00e9rents de ceux du catalogue ? Les prix plus \u00e9lev\u00e9s sont d\u00fbs \u00e0 la TVA appliqu\u00e9e aux prix. Pour les exportations vers les pays de l&#039;UE, nous devons malheureusement facturer les taux de TVA habituels pour les produits respectifs dans le pays de destination. Il s&#039;agit d&#039;une l\u00e9gislation europ\u00e9enne.  Ce taux de TVA est d\u00e9j\u00e0 calcul\u00e9 dans les prix affich\u00e9s sur le site, c&#039;est pourquoi il existe une diff\u00e9rence entre les prix du catalogue et ceux affich\u00e9s sur le site. Jusqu&#039;\u00e0 r\u00e9cemment, le site ajoutait la TVA \u00e0 la fin du processus de paiement, mais le r\u00e9sultat est le m\u00eame. Bien s\u00fbr il en va de m\u00eame pour les commandes que nous recevons par mail ou par t\u00e9l\u00e9phone.\" \/>\n<meta property=\"og:url\" content=\"https:\/\/www.burrensmokehouse.com\/fr\/produit\/saumon-fume-a-chaud-biologique-irlandais-miel-citron-aneth\/\" \/>\n<meta property=\"og:site_name\" content=\"Burren Smokehouse\" \/>\n<meta property=\"article:modified_time\" content=\"2025-08-07T10:58:30+00:00\" \/>\n<meta property=\"og:image\" content=\"https:\/\/www.burrensmokehouse.com\/wp-content\/uploads\/2022\/02\/Hot_sm_Organic_Salmon_Honey_Lemon___Dill_P2.jpeg\" \/>\n\t<meta property=\"og:image:width\" content=\"800\" \/>\n\t<meta property=\"og:image:height\" content=\"1000\" \/>\n\t<meta property=\"og:image:type\" content=\"image\/jpeg\" \/>\n<meta name=\"twitter:card\" content=\"summary_large_image\" \/>\n<meta name=\"twitter:label1\" content=\"Dur\u00e9e de lecture estim\u00e9e\" \/>\n\t<meta name=\"twitter:data1\" content=\"1 minute\" \/>\n<script type=\"application\/ld+json\" class=\"yoast-schema-graph\">{\"@context\":\"https:\\\/\\\/schema.org\",\"@graph\":[{\"@type\":\"WebPage\",\"@id\":\"https:\\\/\\\/www.burrensmokehouse.com\\\/fr\\\/produit\\\/saumon-fume-a-chaud-biologique-irlandais-miel-citron-aneth\\\/\",\"url\":\"https:\\\/\\\/www.burrensmokehouse.com\\\/fr\\\/produit\\\/saumon-fume-a-chaud-biologique-irlandais-miel-citron-aneth\\\/\",\"name\":\"Saumon Bio Irlandais Fum\u00e9 \u00e0 Chaud du Burren - Miel, Citron &amp; Aneth - Burren Smokehouse\",\"isPartOf\":{\"@id\":\"https:\\\/\\\/www.burrensmokehouse.com\\\/fr\\\/#website\"},\"primaryImageOfPage\":{\"@id\":\"https:\\\/\\\/www.burrensmokehouse.com\\\/fr\\\/produit\\\/saumon-fume-a-chaud-biologique-irlandais-miel-citron-aneth\\\/#primaryimage\"},\"image\":{\"@id\":\"https:\\\/\\\/www.burrensmokehouse.com\\\/fr\\\/produit\\\/saumon-fume-a-chaud-biologique-irlandais-miel-citron-aneth\\\/#primaryimage\"},\"thumbnailUrl\":\"https:\\\/\\\/www.burrensmokehouse.com\\\/wp-content\\\/uploads\\\/2022\\\/02\\\/Hot_sm_Organic_Salmon_Honey_Lemon___Dill_P2.jpeg\",\"datePublished\":\"2022-05-27T14:29:40+00:00\",\"dateModified\":\"2025-08-07T10:58:30+00:00\",\"breadcrumb\":{\"@id\":\"https:\\\/\\\/www.burrensmokehouse.com\\\/fr\\\/produit\\\/saumon-fume-a-chaud-biologique-irlandais-miel-citron-aneth\\\/#breadcrumb\"},\"inLanguage\":\"fr-FR\",\"potentialAction\":[{\"@type\":\"ReadAction\",\"target\":[\"https:\\\/\\\/www.burrensmokehouse.com\\\/fr\\\/produit\\\/saumon-fume-a-chaud-biologique-irlandais-miel-citron-aneth\\\/\"]}]},{\"@type\":\"ImageObject\",\"inLanguage\":\"fr-FR\",\"@id\":\"https:\\\/\\\/www.burrensmokehouse.com\\\/fr\\\/produit\\\/saumon-fume-a-chaud-biologique-irlandais-miel-citron-aneth\\\/#primaryimage\",\"url\":\"https:\\\/\\\/www.burrensmokehouse.com\\\/wp-content\\\/uploads\\\/2022\\\/02\\\/Hot_sm_Organic_Salmon_Honey_Lemon___Dill_P2.jpeg\",\"contentUrl\":\"https:\\\/\\\/www.burrensmokehouse.com\\\/wp-content\\\/uploads\\\/2022\\\/02\\\/Hot_sm_Organic_Salmon_Honey_Lemon___Dill_P2.jpeg\",\"width\":800,\"height\":1000,\"caption\":\"Burren Smokehouse Saumon irlandais bio fum\u00e9 \u00e0 chaud miel citron poivre\"},{\"@type\":\"BreadcrumbList\",\"@id\":\"https:\\\/\\\/www.burrensmokehouse.com\\\/fr\\\/produit\\\/saumon-fume-a-chaud-biologique-irlandais-miel-citron-aneth\\\/#breadcrumb\",\"itemListElement\":[{\"@type\":\"ListItem\",\"position\":1,\"name\":\"Home\",\"item\":\"https:\\\/\\\/www.burrensmokehouse.com\\\/fr\\\/\"},{\"@type\":\"ListItem\",\"position\":2,\"name\":\"Boutique\",\"item\":\"https:\\\/\\\/www.burrensmokehouse.com\\\/fr\\\/boutique\\\/\"},{\"@type\":\"ListItem\",\"position\":3,\"name\":\"Saumon Bio Irlandais Fum\u00e9 \u00e0 Chaud du Burren &#8211; Miel, Citron &amp; Aneth\"}]},{\"@type\":\"WebSite\",\"@id\":\"https:\\\/\\\/www.burrensmokehouse.com\\\/fr\\\/#website\",\"url\":\"https:\\\/\\\/www.burrensmokehouse.com\\\/fr\\\/\",\"name\":\"Burren Smokehouse\",\"description\":\"\",\"publisher\":{\"@id\":\"https:\\\/\\\/www.burrensmokehouse.com\\\/fr\\\/#organization\"},\"potentialAction\":[{\"@type\":\"SearchAction\",\"target\":{\"@type\":\"EntryPoint\",\"urlTemplate\":\"https:\\\/\\\/www.burrensmokehouse.com\\\/fr\\\/?s={search_term_string}\"},\"query-input\":{\"@type\":\"PropertyValueSpecification\",\"valueRequired\":true,\"valueName\":\"search_term_string\"}}],\"inLanguage\":\"fr-FR\"},{\"@type\":\"Organization\",\"@id\":\"https:\\\/\\\/www.burrensmokehouse.com\\\/fr\\\/#organization\",\"name\":\"Burren Smokehouse\",\"url\":\"https:\\\/\\\/www.burrensmokehouse.com\\\/fr\\\/\",\"logo\":{\"@type\":\"ImageObject\",\"inLanguage\":\"fr-FR\",\"@id\":\"https:\\\/\\\/www.burrensmokehouse.com\\\/fr\\\/#\\\/schema\\\/logo\\\/image\\\/\",\"url\":\"https:\\\/\\\/www.burrensmokehouse.com\\\/wp-content\\\/uploads\\\/2021\\\/07\\\/logo.png\",\"contentUrl\":\"https:\\\/\\\/www.burrensmokehouse.com\\\/wp-content\\\/uploads\\\/2021\\\/07\\\/logo.png\",\"width\":432,\"height\":99,\"caption\":\"Burren Smokehouse\"},\"image\":{\"@id\":\"https:\\\/\\\/www.burrensmokehouse.com\\\/fr\\\/#\\\/schema\\\/logo\\\/image\\\/\"}}]}<\/script>\n<!-- \/ Yoast SEO plugin. -->","yoast_head_json":{"title":"Saumon Bio Irlandais Fum\u00e9 \u00e0 Chaud du Burren - Miel, Citron &amp; Aneth - Burren Smokehouse","robots":{"index":"index","follow":"follow","max-snippet":"max-snippet:-1","max-image-preview":"max-image-preview:large","max-video-preview":"max-video-preview:-1"},"canonical":"https:\/\/www.burrensmokehouse.com\/fr\/produit\/saumon-fume-a-chaud-biologique-irlandais-miel-citron-aneth\/","og_locale":"fr_FR","og_type":"article","og_title":"Saumon Bio Irlandais Fum\u00e9 \u00e0 Chaud du Burren - Miel, Citron &amp; Aneth - Burren Smokehouse","og_description":"Cette marinade de miel, citron et aneth sur saumon fum\u00e9 \u00e0 chaud est unique au Burren Smokehouse, et elle a remport\u00e9 de nombreux prix depuis sa cr\u00e9ation en 2008.  &nbsp;Pourquoi les prix sur notre site sont-ils diff\u00e9rents de ceux du catalogue ? Les prix plus \u00e9lev\u00e9s sont d\u00fbs \u00e0 la TVA appliqu\u00e9e aux prix. Pour les exportations vers les pays de l'UE, nous devons malheureusement facturer les taux de TVA habituels pour les produits respectifs dans le pays de destination. Il s'agit d'une l\u00e9gislation europ\u00e9enne.  Ce taux de TVA est d\u00e9j\u00e0 calcul\u00e9 dans les prix affich\u00e9s sur le site, c'est pourquoi il existe une diff\u00e9rence entre les prix du catalogue et ceux affich\u00e9s sur le site. Jusqu'\u00e0 r\u00e9cemment, le site ajoutait la TVA \u00e0 la fin du processus de paiement, mais le r\u00e9sultat est le m\u00eame. Bien s\u00fbr il en va de m\u00eame pour les commandes que nous recevons par mail ou par t\u00e9l\u00e9phone.","og_url":"https:\/\/www.burrensmokehouse.com\/fr\/produit\/saumon-fume-a-chaud-biologique-irlandais-miel-citron-aneth\/","og_site_name":"Burren Smokehouse","article_modified_time":"2025-08-07T10:58:30+00:00","og_image":[{"width":800,"height":1000,"url":"https:\/\/www.burrensmokehouse.com\/wp-content\/uploads\/2022\/02\/Hot_sm_Organic_Salmon_Honey_Lemon___Dill_P2.jpeg","type":"image\/jpeg"}],"twitter_card":"summary_large_image","twitter_misc":{"Dur\u00e9e de lecture estim\u00e9e":"1 minute"},"schema":{"@context":"https:\/\/schema.org","@graph":[{"@type":"WebPage","@id":"https:\/\/www.burrensmokehouse.com\/fr\/produit\/saumon-fume-a-chaud-biologique-irlandais-miel-citron-aneth\/","url":"https:\/\/www.burrensmokehouse.com\/fr\/produit\/saumon-fume-a-chaud-biologique-irlandais-miel-citron-aneth\/","name":"Saumon Bio Irlandais Fum\u00e9 \u00e0 Chaud du Burren - Miel, Citron &amp; Aneth - Burren Smokehouse","isPartOf":{"@id":"https:\/\/www.burrensmokehouse.com\/fr\/#website"},"primaryImageOfPage":{"@id":"https:\/\/www.burrensmokehouse.com\/fr\/produit\/saumon-fume-a-chaud-biologique-irlandais-miel-citron-aneth\/#primaryimage"},"image":{"@id":"https:\/\/www.burrensmokehouse.com\/fr\/produit\/saumon-fume-a-chaud-biologique-irlandais-miel-citron-aneth\/#primaryimage"},"thumbnailUrl":"https:\/\/www.burrensmokehouse.com\/wp-content\/uploads\/2022\/02\/Hot_sm_Organic_Salmon_Honey_Lemon___Dill_P2.jpeg","datePublished":"2022-05-27T14:29:40+00:00","dateModified":"2025-08-07T10:58:30+00:00","breadcrumb":{"@id":"https:\/\/www.burrensmokehouse.com\/fr\/produit\/saumon-fume-a-chaud-biologique-irlandais-miel-citron-aneth\/#breadcrumb"},"inLanguage":"fr-FR","potentialAction":[{"@type":"ReadAction","target":["https:\/\/www.burrensmokehouse.com\/fr\/produit\/saumon-fume-a-chaud-biologique-irlandais-miel-citron-aneth\/"]}]},{"@type":"ImageObject","inLanguage":"fr-FR","@id":"https:\/\/www.burrensmokehouse.com\/fr\/produit\/saumon-fume-a-chaud-biologique-irlandais-miel-citron-aneth\/#primaryimage","url":"https:\/\/www.burrensmokehouse.com\/wp-content\/uploads\/2022\/02\/Hot_sm_Organic_Salmon_Honey_Lemon___Dill_P2.jpeg","contentUrl":"https:\/\/www.burrensmokehouse.com\/wp-content\/uploads\/2022\/02\/Hot_sm_Organic_Salmon_Honey_Lemon___Dill_P2.jpeg","width":800,"height":1000,"caption":"Burren Smokehouse Saumon irlandais bio fum\u00e9 \u00e0 chaud miel citron poivre"},{"@type":"BreadcrumbList","@id":"https:\/\/www.burrensmokehouse.com\/fr\/produit\/saumon-fume-a-chaud-biologique-irlandais-miel-citron-aneth\/#breadcrumb","itemListElement":[{"@type":"ListItem","position":1,"name":"Home","item":"https:\/\/www.burrensmokehouse.com\/fr\/"},{"@type":"ListItem","position":2,"name":"Boutique","item":"https:\/\/www.burrensmokehouse.com\/fr\/boutique\/"},{"@type":"ListItem","position":3,"name":"Saumon Bio Irlandais Fum\u00e9 \u00e0 Chaud du Burren &#8211; Miel, Citron &amp; Aneth"}]},{"@type":"WebSite","@id":"https:\/\/www.burrensmokehouse.com\/fr\/#website","url":"https:\/\/www.burrensmokehouse.com\/fr\/","name":"Burren Smokehouse","description":"","publisher":{"@id":"https:\/\/www.burrensmokehouse.com\/fr\/#organization"},"potentialAction":[{"@type":"SearchAction","target":{"@type":"EntryPoint","urlTemplate":"https:\/\/www.burrensmokehouse.com\/fr\/?s={search_term_string}"},"query-input":{"@type":"PropertyValueSpecification","valueRequired":true,"valueName":"search_term_string"}}],"inLanguage":"fr-FR"},{"@type":"Organization","@id":"https:\/\/www.burrensmokehouse.com\/fr\/#organization","name":"Burren Smokehouse","url":"https:\/\/www.burrensmokehouse.com\/fr\/","logo":{"@type":"ImageObject","inLanguage":"fr-FR","@id":"https:\/\/www.burrensmokehouse.com\/fr\/#\/schema\/logo\/image\/","url":"https:\/\/www.burrensmokehouse.com\/wp-content\/uploads\/2021\/07\/logo.png","contentUrl":"https:\/\/www.burrensmokehouse.com\/wp-content\/uploads\/2021\/07\/logo.png","width":432,"height":99,"caption":"Burren Smokehouse"},"image":{"@id":"https:\/\/www.burrensmokehouse.com\/fr\/#\/schema\/logo\/image\/"}}]}},"_links":{"self":[{"href":"https:\/\/www.burrensmokehouse.com\/fr\/wp-json\/wp\/v2\/product\/11380","targetHints":{"allow":["GET"]}}],"collection":[{"href":"https:\/\/www.burrensmokehouse.com\/fr\/wp-json\/wp\/v2\/product"}],"about":[{"href":"https:\/\/www.burrensmokehouse.com\/fr\/wp-json\/wp\/v2\/types\/product"}],"replies":[{"embeddable":true,"href":"https:\/\/www.burrensmokehouse.com\/fr\/wp-json\/wp\/v2\/comments?post=11380"}],"wp:featuredmedia":[{"embeddable":true,"href":"https:\/\/www.burrensmokehouse.com\/fr\/wp-json\/wp\/v2\/media\/8407"}],"wp:attachment":[{"href":"https:\/\/www.burrensmokehouse.com\/fr\/wp-json\/wp\/v2\/media?parent=11380"}],"wp:term":[{"taxonomy":"product_brand","embeddable":true,"href":"https:\/\/www.burrensmokehouse.com\/fr\/wp-json\/wp\/v2\/product_brand?post=11380"},{"taxonomy":"product_cat","embeddable":true,"href":"https:\/\/www.burrensmokehouse.com\/fr\/wp-json\/wp\/v2\/product_cat?post=11380"},{"taxonomy":"product_tag","embeddable":true,"href":"https:\/\/www.burrensmokehouse.com\/fr\/wp-json\/wp\/v2\/product_tag?post=11380"}],"curies":[{"name":"wp","href":"https:\/\/api.w.org\/{rel}","templated":true}]}}