{"id":12558,"date":"2022-02-11T12:09:20","date_gmt":"2022-02-11T12:09:20","guid":{"rendered":"https:\/\/www.burrensmokehouse.com\/product\/37-picnic-for-one-avec-jus\/"},"modified":"2025-07-09T11:39:39","modified_gmt":"2025-07-09T10:39:39","slug":"burren-pique-nique-pour-un-avec-jus","status":"publish","type":"product","link":"https:\/\/www.burrensmokehouse.com\/fr\/produit\/burren-pique-nique-pour-un-avec-jus\/","title":{"rendered":"Pique-nique pour un &#8211; avec jus"},"content":{"rendered":"<p>Faites-vous plaisir, ainsi qu&rsquo;\u00e0 vos proches, avec un pique-nique au bord de l&rsquo;Atlantique, sur la plage ou dans le magnifique paysage du Burren !<\/p>\n<p>Ce pique-nique contient un d\u00e9licieux repas facile pour une personne :<\/p>\n<ul>\n<li>un paquet de 80 g de saumon biologique irlandais fum\u00e9 \u00e0 froid du Burren avec une marinade de miel et d&rsquo;aneth<\/li>\n<li>2 tranches de pain brun avec beurre (option de ramassage) ou m\u00e9lange de pain brun soda (option de vente par correspondance)<\/li>\n<li>un 80g de fromage de ch\u00e8vre Cooleeney Gortnamona<\/li>\n<li>une bouteille de 250 ml de jus de pomme Attyflin<\/li>\n<li>ainsi que des couverts en bois, une serviette et un gobelet jetable.<\/li>\n<\/ul>\n<p>Ramassage au Burren Smokehouse ou par correspondance &#8211; livr\u00e9 \u00e0 votre porte. Si vous souhaitez \u00eatre livr\u00e9, veuillez ajouter ce produit \u00e0 votre panier.<\/p>\n<p>Si vous souhaitez le r\u00e9cup\u00e9rer \u00e0 notre centre d&rsquo;accueil \u00e0 Lisdoonvarna, veuillez vous rendre sur notre <a href=\"https:\/\/www.burrenexperiences.ie\/experiences\/burren-picnic\/\" target=\"_blank\" rel=\"noopener\">site Web Burrenexperiences.ie<\/a> o\u00f9 vous pouvez s\u00e9lectionner l&rsquo;option de pique-nique que vous souhaitez et choisir une date et une heure de ramassage.<\/p>\n","protected":false},"excerpt":{"rendered":"<p>Faites-vous plaisir, ainsi qu&rsquo;\u00e0 vos proches, avec un pique-nique au bord de l&rsquo;Atlantique, sur la plage ou dans le magnifique paysage du Burren ! Ce pique-nique est accompagn\u00e9 d&rsquo;une bouteille de jus.<\/p>\n","protected":false},"featured_media":6741,"comment_status":"open","ping_status":"closed","template":"","meta":{"_acf_changed":false,"om_disable_all_campaigns":false},"product_brand":[],"product_cat":[401],"product_tag":[352],"class_list":{"0":"post-12558","1":"product","2":"type-product","3":"status-publish","4":"has-post-thumbnail","6":"product_cat-piqueniques","7":"product_tag-piquenique","8":"pa_weight-g-1000-fr","10":"first","11":"instock","12":"taxable","13":"shipping-taxable","14":"purchasable","15":"product-type-simple"},"acf":[],"yoast_head":"<!-- This site is optimized with the Yoast SEO plugin v27.3 - https:\/\/yoast.com\/product\/yoast-seo-wordpress\/ -->\n<title>Pique-nique pour un - avec jus - Burren Smokehouse<\/title>\n<meta name=\"robots\" content=\"index, follow, max-snippet:-1, max-image-preview:large, max-video-preview:-1\" \/>\n<link rel=\"canonical\" href=\"https:\/\/www.burrensmokehouse.com\/fr\/produit\/burren-pique-nique-pour-un-avec-jus\/\" \/>\n<meta property=\"og:locale\" content=\"fr_FR\" \/>\n<meta property=\"og:type\" content=\"article\" \/>\n<meta property=\"og:title\" content=\"Pique-nique pour un - avec jus - Burren Smokehouse\" \/>\n<meta property=\"og:description\" content=\"Faites-vous plaisir, ainsi qu&#039;\u00e0 vos proches, avec un pique-nique au bord de l&#039;Atlantique, sur la plage ou dans le magnifique paysage du Burren ! Ce pique-nique est accompagn\u00e9 d&#039;une bouteille de jus.\" \/>\n<meta property=\"og:url\" content=\"https:\/\/www.burrensmokehouse.com\/fr\/produit\/burren-pique-nique-pour-un-avec-jus\/\" \/>\n<meta property=\"og:site_name\" content=\"Burren Smokehouse\" \/>\n<meta property=\"article:modified_time\" content=\"2025-07-09T10:39:39+00:00\" \/>\n<meta property=\"og:image\" content=\"https:\/\/www.burrensmokehouse.com\/wp-content\/uploads\/2022\/02\/Burren_Picnic_for_One_with_juice_P1.jpeg\" \/>\n\t<meta property=\"og:image:width\" content=\"800\" \/>\n\t<meta property=\"og:image:height\" content=\"1000\" \/>\n\t<meta property=\"og:image:type\" content=\"image\/jpeg\" \/>\n<meta name=\"twitter:card\" content=\"summary_large_image\" \/>\n<meta name=\"twitter:label1\" content=\"Dur\u00e9e de lecture estim\u00e9e\" \/>\n\t<meta name=\"twitter:data1\" content=\"1 minute\" \/>\n<script type=\"application\/ld+json\" class=\"yoast-schema-graph\">{\"@context\":\"https:\\\/\\\/schema.org\",\"@graph\":[{\"@type\":\"WebPage\",\"@id\":\"https:\\\/\\\/www.burrensmokehouse.com\\\/fr\\\/produit\\\/burren-pique-nique-pour-un-avec-jus\\\/\",\"url\":\"https:\\\/\\\/www.burrensmokehouse.com\\\/fr\\\/produit\\\/burren-pique-nique-pour-un-avec-jus\\\/\",\"name\":\"Pique-nique pour un - avec jus - Burren Smokehouse\",\"isPartOf\":{\"@id\":\"https:\\\/\\\/www.burrensmokehouse.com\\\/fr\\\/#website\"},\"primaryImageOfPage\":{\"@id\":\"https:\\\/\\\/www.burrensmokehouse.com\\\/fr\\\/produit\\\/burren-pique-nique-pour-un-avec-jus\\\/#primaryimage\"},\"image\":{\"@id\":\"https:\\\/\\\/www.burrensmokehouse.com\\\/fr\\\/produit\\\/burren-pique-nique-pour-un-avec-jus\\\/#primaryimage\"},\"thumbnailUrl\":\"https:\\\/\\\/www.burrensmokehouse.com\\\/wp-content\\\/uploads\\\/2022\\\/02\\\/Burren_Picnic_for_One_with_juice_P1.jpeg\",\"datePublished\":\"2022-02-11T12:09:20+00:00\",\"dateModified\":\"2025-07-09T10:39:39+00:00\",\"breadcrumb\":{\"@id\":\"https:\\\/\\\/www.burrensmokehouse.com\\\/fr\\\/produit\\\/burren-pique-nique-pour-un-avec-jus\\\/#breadcrumb\"},\"inLanguage\":\"fr-FR\",\"potentialAction\":[{\"@type\":\"ReadAction\",\"target\":[\"https:\\\/\\\/www.burrensmokehouse.com\\\/fr\\\/produit\\\/burren-pique-nique-pour-un-avec-jus\\\/\"]}]},{\"@type\":\"ImageObject\",\"inLanguage\":\"fr-FR\",\"@id\":\"https:\\\/\\\/www.burrensmokehouse.com\\\/fr\\\/produit\\\/burren-pique-nique-pour-un-avec-jus\\\/#primaryimage\",\"url\":\"https:\\\/\\\/www.burrensmokehouse.com\\\/wp-content\\\/uploads\\\/2022\\\/02\\\/Burren_Picnic_for_One_with_juice_P1.jpeg\",\"contentUrl\":\"https:\\\/\\\/www.burrensmokehouse.com\\\/wp-content\\\/uploads\\\/2022\\\/02\\\/Burren_Picnic_for_One_with_juice_P1.jpeg\",\"width\":800,\"height\":1000},{\"@type\":\"BreadcrumbList\",\"@id\":\"https:\\\/\\\/www.burrensmokehouse.com\\\/fr\\\/produit\\\/burren-pique-nique-pour-un-avec-jus\\\/#breadcrumb\",\"itemListElement\":[{\"@type\":\"ListItem\",\"position\":1,\"name\":\"Home\",\"item\":\"https:\\\/\\\/www.burrensmokehouse.com\\\/fr\\\/\"},{\"@type\":\"ListItem\",\"position\":2,\"name\":\"Boutique\",\"item\":\"https:\\\/\\\/www.burrensmokehouse.com\\\/fr\\\/boutique\\\/\"},{\"@type\":\"ListItem\",\"position\":3,\"name\":\"Pique-nique pour un &#8211; avec jus\"}]},{\"@type\":\"WebSite\",\"@id\":\"https:\\\/\\\/www.burrensmokehouse.com\\\/fr\\\/#website\",\"url\":\"https:\\\/\\\/www.burrensmokehouse.com\\\/fr\\\/\",\"name\":\"Burren Smokehouse\",\"description\":\"\",\"publisher\":{\"@id\":\"https:\\\/\\\/www.burrensmokehouse.com\\\/fr\\\/#organization\"},\"potentialAction\":[{\"@type\":\"SearchAction\",\"target\":{\"@type\":\"EntryPoint\",\"urlTemplate\":\"https:\\\/\\\/www.burrensmokehouse.com\\\/fr\\\/?s={search_term_string}\"},\"query-input\":{\"@type\":\"PropertyValueSpecification\",\"valueRequired\":true,\"valueName\":\"search_term_string\"}}],\"inLanguage\":\"fr-FR\"},{\"@type\":\"Organization\",\"@id\":\"https:\\\/\\\/www.burrensmokehouse.com\\\/fr\\\/#organization\",\"name\":\"Burren Smokehouse\",\"url\":\"https:\\\/\\\/www.burrensmokehouse.com\\\/fr\\\/\",\"logo\":{\"@type\":\"ImageObject\",\"inLanguage\":\"fr-FR\",\"@id\":\"https:\\\/\\\/www.burrensmokehouse.com\\\/fr\\\/#\\\/schema\\\/logo\\\/image\\\/\",\"url\":\"https:\\\/\\\/www.burrensmokehouse.com\\\/wp-content\\\/uploads\\\/2021\\\/07\\\/logo.png\",\"contentUrl\":\"https:\\\/\\\/www.burrensmokehouse.com\\\/wp-content\\\/uploads\\\/2021\\\/07\\\/logo.png\",\"width\":432,\"height\":99,\"caption\":\"Burren Smokehouse\"},\"image\":{\"@id\":\"https:\\\/\\\/www.burrensmokehouse.com\\\/fr\\\/#\\\/schema\\\/logo\\\/image\\\/\"}}]}<\/script>\n<!-- \/ Yoast SEO plugin. -->","yoast_head_json":{"title":"Pique-nique pour un - avec jus - Burren Smokehouse","robots":{"index":"index","follow":"follow","max-snippet":"max-snippet:-1","max-image-preview":"max-image-preview:large","max-video-preview":"max-video-preview:-1"},"canonical":"https:\/\/www.burrensmokehouse.com\/fr\/produit\/burren-pique-nique-pour-un-avec-jus\/","og_locale":"fr_FR","og_type":"article","og_title":"Pique-nique pour un - avec jus - Burren Smokehouse","og_description":"Faites-vous plaisir, ainsi qu'\u00e0 vos proches, avec un pique-nique au bord de l'Atlantique, sur la plage ou dans le magnifique paysage du Burren ! Ce pique-nique est accompagn\u00e9 d'une bouteille de jus.","og_url":"https:\/\/www.burrensmokehouse.com\/fr\/produit\/burren-pique-nique-pour-un-avec-jus\/","og_site_name":"Burren Smokehouse","article_modified_time":"2025-07-09T10:39:39+00:00","og_image":[{"width":800,"height":1000,"url":"https:\/\/www.burrensmokehouse.com\/wp-content\/uploads\/2022\/02\/Burren_Picnic_for_One_with_juice_P1.jpeg","type":"image\/jpeg"}],"twitter_card":"summary_large_image","twitter_misc":{"Dur\u00e9e de lecture estim\u00e9e":"1 minute"},"schema":{"@context":"https:\/\/schema.org","@graph":[{"@type":"WebPage","@id":"https:\/\/www.burrensmokehouse.com\/fr\/produit\/burren-pique-nique-pour-un-avec-jus\/","url":"https:\/\/www.burrensmokehouse.com\/fr\/produit\/burren-pique-nique-pour-un-avec-jus\/","name":"Pique-nique pour un - avec jus - Burren Smokehouse","isPartOf":{"@id":"https:\/\/www.burrensmokehouse.com\/fr\/#website"},"primaryImageOfPage":{"@id":"https:\/\/www.burrensmokehouse.com\/fr\/produit\/burren-pique-nique-pour-un-avec-jus\/#primaryimage"},"image":{"@id":"https:\/\/www.burrensmokehouse.com\/fr\/produit\/burren-pique-nique-pour-un-avec-jus\/#primaryimage"},"thumbnailUrl":"https:\/\/www.burrensmokehouse.com\/wp-content\/uploads\/2022\/02\/Burren_Picnic_for_One_with_juice_P1.jpeg","datePublished":"2022-02-11T12:09:20+00:00","dateModified":"2025-07-09T10:39:39+00:00","breadcrumb":{"@id":"https:\/\/www.burrensmokehouse.com\/fr\/produit\/burren-pique-nique-pour-un-avec-jus\/#breadcrumb"},"inLanguage":"fr-FR","potentialAction":[{"@type":"ReadAction","target":["https:\/\/www.burrensmokehouse.com\/fr\/produit\/burren-pique-nique-pour-un-avec-jus\/"]}]},{"@type":"ImageObject","inLanguage":"fr-FR","@id":"https:\/\/www.burrensmokehouse.com\/fr\/produit\/burren-pique-nique-pour-un-avec-jus\/#primaryimage","url":"https:\/\/www.burrensmokehouse.com\/wp-content\/uploads\/2022\/02\/Burren_Picnic_for_One_with_juice_P1.jpeg","contentUrl":"https:\/\/www.burrensmokehouse.com\/wp-content\/uploads\/2022\/02\/Burren_Picnic_for_One_with_juice_P1.jpeg","width":800,"height":1000},{"@type":"BreadcrumbList","@id":"https:\/\/www.burrensmokehouse.com\/fr\/produit\/burren-pique-nique-pour-un-avec-jus\/#breadcrumb","itemListElement":[{"@type":"ListItem","position":1,"name":"Home","item":"https:\/\/www.burrensmokehouse.com\/fr\/"},{"@type":"ListItem","position":2,"name":"Boutique","item":"https:\/\/www.burrensmokehouse.com\/fr\/boutique\/"},{"@type":"ListItem","position":3,"name":"Pique-nique pour un &#8211; avec jus"}]},{"@type":"WebSite","@id":"https:\/\/www.burrensmokehouse.com\/fr\/#website","url":"https:\/\/www.burrensmokehouse.com\/fr\/","name":"Burren Smokehouse","description":"","publisher":{"@id":"https:\/\/www.burrensmokehouse.com\/fr\/#organization"},"potentialAction":[{"@type":"SearchAction","target":{"@type":"EntryPoint","urlTemplate":"https:\/\/www.burrensmokehouse.com\/fr\/?s={search_term_string}"},"query-input":{"@type":"PropertyValueSpecification","valueRequired":true,"valueName":"search_term_string"}}],"inLanguage":"fr-FR"},{"@type":"Organization","@id":"https:\/\/www.burrensmokehouse.com\/fr\/#organization","name":"Burren Smokehouse","url":"https:\/\/www.burrensmokehouse.com\/fr\/","logo":{"@type":"ImageObject","inLanguage":"fr-FR","@id":"https:\/\/www.burrensmokehouse.com\/fr\/#\/schema\/logo\/image\/","url":"https:\/\/www.burrensmokehouse.com\/wp-content\/uploads\/2021\/07\/logo.png","contentUrl":"https:\/\/www.burrensmokehouse.com\/wp-content\/uploads\/2021\/07\/logo.png","width":432,"height":99,"caption":"Burren Smokehouse"},"image":{"@id":"https:\/\/www.burrensmokehouse.com\/fr\/#\/schema\/logo\/image\/"}}]}},"_links":{"self":[{"href":"https:\/\/www.burrensmokehouse.com\/fr\/wp-json\/wp\/v2\/product\/12558","targetHints":{"allow":["GET"]}}],"collection":[{"href":"https:\/\/www.burrensmokehouse.com\/fr\/wp-json\/wp\/v2\/product"}],"about":[{"href":"https:\/\/www.burrensmokehouse.com\/fr\/wp-json\/wp\/v2\/types\/product"}],"replies":[{"embeddable":true,"href":"https:\/\/www.burrensmokehouse.com\/fr\/wp-json\/wp\/v2\/comments?post=12558"}],"wp:featuredmedia":[{"embeddable":true,"href":"https:\/\/www.burrensmokehouse.com\/fr\/wp-json\/wp\/v2\/media\/6741"}],"wp:attachment":[{"href":"https:\/\/www.burrensmokehouse.com\/fr\/wp-json\/wp\/v2\/media?parent=12558"}],"wp:term":[{"taxonomy":"product_brand","embeddable":true,"href":"https:\/\/www.burrensmokehouse.com\/fr\/wp-json\/wp\/v2\/product_brand?post=12558"},{"taxonomy":"product_cat","embeddable":true,"href":"https:\/\/www.burrensmokehouse.com\/fr\/wp-json\/wp\/v2\/product_cat?post=12558"},{"taxonomy":"product_tag","embeddable":true,"href":"https:\/\/www.burrensmokehouse.com\/fr\/wp-json\/wp\/v2\/product_tag?post=12558"}],"curies":[{"name":"wp","href":"https:\/\/api.w.org\/{rel}","templated":true}]}}