{"id":12565,"date":"2022-02-11T12:09:20","date_gmt":"2022-02-11T12:09:20","guid":{"rendered":"https:\/\/www.burrensmokehouse.com\/product\/41-pique-nique-pique-nique-de-luxe-pour-deux-avec-champagne\/"},"modified":"2025-07-09T11:38:55","modified_gmt":"2025-07-09T10:38:55","slug":"burren-pique-nique-de-luxe-pour-deux-avec-champagne","status":"publish","type":"product","link":"https:\/\/www.burrensmokehouse.com\/fr\/produit\/burren-pique-nique-de-luxe-pour-deux-avec-champagne\/","title":{"rendered":"Pique-nique de Luxe pour Deux avec Champagne"},"content":{"rendered":"<p>C&rsquo;est le pique-nique de luxe ultime &#8211; pour des occasions sp\u00e9ciales comme des anniversaires, des demandes en mariage aux falaises de Moher, ou tout simplement pour profiter d&rsquo;une merveilleuse journ\u00e9e dans le Burren ! Faites-vous plaisir, ainsi qu&rsquo;\u00e0 vos proches, avec un pique-nique sur la c\u00f4te atlantique, sur la plage ou dans le magnifique paysage du Burren.<\/p>\n<p>Ce pique-nique contient un d\u00e9licieux repas facile pour deux personnes :<\/p>\n<ul>\n<li>Un paquet de 180 g de saumon bio irlandais fum\u00e9 \u00e0 froid Burren<\/li>\n<li>un paquet de 180 g de saumon bio irlandais fum\u00e9 \u00e0 chaud Burren, nature<\/li>\n<li>6 tranches de pain brun avec beurre (option de ramassage) ou m\u00e9lange de pain brun soda (option de vente par correspondance)<\/li>\n<li>un pot de 120 g de fromage de ch\u00e8vre frais St. Tola \u00ab\u00a0Divine\u00a0\u00bb<\/li>\n<li>80 g de fromage de ch\u00e8vre Cooleeney Gortnamona<\/li>\n<li>une grande bouteille de 750 ml de champagne Mo\u00ebt &amp; Chandon<\/li>\n<li>une paire de fl\u00fbtes \u00e0 champagne de Galway Crystal<\/li>\n<li>ainsi que des couverts et des serviettes en bois<\/li>\n<\/ul>\n<p>Ramassage au Burren Smokehouse ou par correspondance &#8211; livr\u00e9 \u00e0 votre porte. Si vous souhaitez \u00eatre livr\u00e9, veuillez ajouter ce produit \u00e0 votre panier.<\/p>\n<p>Aucune livraison vers le reste des \u00c9tats-Unis, au Canada, au Japon, \u00e0 Hong Kong, etc.<\/p>\n<p>Si vous souhaitez le r\u00e9cup\u00e9rer \u00e0 notre centre d&rsquo;accueil \u00e0 Lisdoonvarna, veuillez vous rendre sur notre <a href=\"https:\/\/www.burrenexperiences.ie\/experiences\/burren-picnic\/\" target=\"_blank\" rel=\"noopener\">site Web Burrenexperiences.ie<\/a> o\u00f9 vous pouvez s\u00e9lectionner l&rsquo;option de pique-nique que vous souhaitez et choisir une date et une heure de ramassage.<\/p>\n","protected":false},"excerpt":{"rendered":"<p>C&rsquo;est le pique-nique de luxe ultime &#8211; pour des occasions sp\u00e9ciales comme des anniversaires, une demande en mariage aux falaises de Moher, ou tout simplement pour profiter d&rsquo;une merveilleuse journ\u00e9e dans le Burren !<\/p>\n<p>Nous ne pouvons exp\u00e9dier ce produit que vers des destinations sur l&rsquo;\u00eele d&rsquo;Irlande, en Europe centrale et \u00e0 New York, o\u00f9 l&rsquo;exp\u00e9dition ne prend qu&rsquo;une journ\u00e9e pour atteindre le destinataire.<br \/>\nAucune livraison vers le reste des \u00c9tats-Unis, du Canada, du Japon, de Hong Kong, etc.<\/p>\n","protected":false},"featured_media":11242,"comment_status":"open","ping_status":"closed","template":"","meta":{"_acf_changed":false,"om_disable_all_campaigns":false},"product_brand":[],"product_cat":[401],"product_tag":[351],"class_list":{"0":"post-12565","1":"product","2":"type-product","3":"status-publish","4":"has-post-thumbnail","6":"product_cat-piqueniques","7":"product_tag-pique-nique","8":"pa_weight-g-4000-fr","10":"first","11":"instock","12":"taxable","13":"shipping-taxable","14":"purchasable","15":"product-type-simple"},"acf":[],"yoast_head":"<!-- This site is optimized with the Yoast SEO plugin v27.3 - https:\/\/yoast.com\/product\/yoast-seo-wordpress\/ -->\n<title>Pique-nique de Luxe pour Deux avec Champagne - Burren Smokehouse<\/title>\n<meta name=\"robots\" content=\"index, follow, max-snippet:-1, max-image-preview:large, max-video-preview:-1\" \/>\n<link rel=\"canonical\" href=\"https:\/\/www.burrensmokehouse.com\/fr\/produit\/burren-pique-nique-de-luxe-pour-deux-avec-champagne\/\" \/>\n<meta property=\"og:locale\" content=\"fr_FR\" \/>\n<meta property=\"og:type\" content=\"article\" \/>\n<meta property=\"og:title\" content=\"Pique-nique de Luxe pour Deux avec Champagne - Burren Smokehouse\" \/>\n<meta property=\"og:description\" content=\"C&#039;est le pique-nique de luxe ultime - pour des occasions sp\u00e9ciales comme des anniversaires, une demande en mariage aux falaises de Moher, ou tout simplement pour profiter d&#039;une merveilleuse journ\u00e9e dans le Burren !  Nous ne pouvons exp\u00e9dier ce produit que vers des destinations sur l&#039;\u00eele d&#039;Irlande, en Europe centrale et \u00e0 New York, o\u00f9 l&#039;exp\u00e9dition ne prend qu&#039;une journ\u00e9e pour atteindre le destinataire. Aucune livraison vers le reste des \u00c9tats-Unis, du Canada, du Japon, de Hong Kong, etc.\" \/>\n<meta property=\"og:url\" content=\"https:\/\/www.burrensmokehouse.com\/fr\/produit\/burren-pique-nique-de-luxe-pour-deux-avec-champagne\/\" \/>\n<meta property=\"og:site_name\" content=\"Burren Smokehouse\" \/>\n<meta property=\"article:modified_time\" content=\"2025-07-09T10:38:55+00:00\" \/>\n<meta property=\"og:image\" content=\"https:\/\/www.burrensmokehouse.com\/wp-content\/uploads\/2022\/05\/Burren-Smokehouse-Picnics00107-1000px.jpg\" \/>\n\t<meta property=\"og:image:width\" content=\"1000\" \/>\n\t<meta property=\"og:image:height\" content=\"667\" \/>\n\t<meta property=\"og:image:type\" content=\"image\/jpeg\" \/>\n<meta name=\"twitter:card\" content=\"summary_large_image\" \/>\n<meta name=\"twitter:label1\" content=\"Dur\u00e9e de lecture estim\u00e9e\" \/>\n\t<meta name=\"twitter:data1\" content=\"2 minutes\" \/>\n<script type=\"application\/ld+json\" class=\"yoast-schema-graph\">{\"@context\":\"https:\\\/\\\/schema.org\",\"@graph\":[{\"@type\":\"WebPage\",\"@id\":\"https:\\\/\\\/www.burrensmokehouse.com\\\/fr\\\/produit\\\/burren-pique-nique-de-luxe-pour-deux-avec-champagne\\\/\",\"url\":\"https:\\\/\\\/www.burrensmokehouse.com\\\/fr\\\/produit\\\/burren-pique-nique-de-luxe-pour-deux-avec-champagne\\\/\",\"name\":\"Pique-nique de Luxe pour Deux avec Champagne - Burren Smokehouse\",\"isPartOf\":{\"@id\":\"https:\\\/\\\/www.burrensmokehouse.com\\\/fr\\\/#website\"},\"primaryImageOfPage\":{\"@id\":\"https:\\\/\\\/www.burrensmokehouse.com\\\/fr\\\/produit\\\/burren-pique-nique-de-luxe-pour-deux-avec-champagne\\\/#primaryimage\"},\"image\":{\"@id\":\"https:\\\/\\\/www.burrensmokehouse.com\\\/fr\\\/produit\\\/burren-pique-nique-de-luxe-pour-deux-avec-champagne\\\/#primaryimage\"},\"thumbnailUrl\":\"https:\\\/\\\/www.burrensmokehouse.com\\\/wp-content\\\/uploads\\\/2022\\\/05\\\/Burren-Smokehouse-Picnics00107-1000px.jpg\",\"datePublished\":\"2022-02-11T12:09:20+00:00\",\"dateModified\":\"2025-07-09T10:38:55+00:00\",\"breadcrumb\":{\"@id\":\"https:\\\/\\\/www.burrensmokehouse.com\\\/fr\\\/produit\\\/burren-pique-nique-de-luxe-pour-deux-avec-champagne\\\/#breadcrumb\"},\"inLanguage\":\"fr-FR\",\"potentialAction\":[{\"@type\":\"ReadAction\",\"target\":[\"https:\\\/\\\/www.burrensmokehouse.com\\\/fr\\\/produit\\\/burren-pique-nique-de-luxe-pour-deux-avec-champagne\\\/\"]}]},{\"@type\":\"ImageObject\",\"inLanguage\":\"fr-FR\",\"@id\":\"https:\\\/\\\/www.burrensmokehouse.com\\\/fr\\\/produit\\\/burren-pique-nique-de-luxe-pour-deux-avec-champagne\\\/#primaryimage\",\"url\":\"https:\\\/\\\/www.burrensmokehouse.com\\\/wp-content\\\/uploads\\\/2022\\\/05\\\/Burren-Smokehouse-Picnics00107-1000px.jpg\",\"contentUrl\":\"https:\\\/\\\/www.burrensmokehouse.com\\\/wp-content\\\/uploads\\\/2022\\\/05\\\/Burren-Smokehouse-Picnics00107-1000px.jpg\",\"width\":1000,\"height\":667,\"caption\":\"Pique-niques avec le Burren Smokehouse\"},{\"@type\":\"BreadcrumbList\",\"@id\":\"https:\\\/\\\/www.burrensmokehouse.com\\\/fr\\\/produit\\\/burren-pique-nique-de-luxe-pour-deux-avec-champagne\\\/#breadcrumb\",\"itemListElement\":[{\"@type\":\"ListItem\",\"position\":1,\"name\":\"Home\",\"item\":\"https:\\\/\\\/www.burrensmokehouse.com\\\/fr\\\/\"},{\"@type\":\"ListItem\",\"position\":2,\"name\":\"Boutique\",\"item\":\"https:\\\/\\\/www.burrensmokehouse.com\\\/fr\\\/boutique\\\/\"},{\"@type\":\"ListItem\",\"position\":3,\"name\":\"Pique-nique de Luxe pour Deux avec Champagne\"}]},{\"@type\":\"WebSite\",\"@id\":\"https:\\\/\\\/www.burrensmokehouse.com\\\/fr\\\/#website\",\"url\":\"https:\\\/\\\/www.burrensmokehouse.com\\\/fr\\\/\",\"name\":\"Burren Smokehouse\",\"description\":\"\",\"publisher\":{\"@id\":\"https:\\\/\\\/www.burrensmokehouse.com\\\/fr\\\/#organization\"},\"potentialAction\":[{\"@type\":\"SearchAction\",\"target\":{\"@type\":\"EntryPoint\",\"urlTemplate\":\"https:\\\/\\\/www.burrensmokehouse.com\\\/fr\\\/?s={search_term_string}\"},\"query-input\":{\"@type\":\"PropertyValueSpecification\",\"valueRequired\":true,\"valueName\":\"search_term_string\"}}],\"inLanguage\":\"fr-FR\"},{\"@type\":\"Organization\",\"@id\":\"https:\\\/\\\/www.burrensmokehouse.com\\\/fr\\\/#organization\",\"name\":\"Burren Smokehouse\",\"url\":\"https:\\\/\\\/www.burrensmokehouse.com\\\/fr\\\/\",\"logo\":{\"@type\":\"ImageObject\",\"inLanguage\":\"fr-FR\",\"@id\":\"https:\\\/\\\/www.burrensmokehouse.com\\\/fr\\\/#\\\/schema\\\/logo\\\/image\\\/\",\"url\":\"https:\\\/\\\/www.burrensmokehouse.com\\\/wp-content\\\/uploads\\\/2021\\\/07\\\/logo.png\",\"contentUrl\":\"https:\\\/\\\/www.burrensmokehouse.com\\\/wp-content\\\/uploads\\\/2021\\\/07\\\/logo.png\",\"width\":432,\"height\":99,\"caption\":\"Burren Smokehouse\"},\"image\":{\"@id\":\"https:\\\/\\\/www.burrensmokehouse.com\\\/fr\\\/#\\\/schema\\\/logo\\\/image\\\/\"}}]}<\/script>\n<!-- \/ Yoast SEO plugin. -->","yoast_head_json":{"title":"Pique-nique de Luxe pour Deux avec Champagne - Burren Smokehouse","robots":{"index":"index","follow":"follow","max-snippet":"max-snippet:-1","max-image-preview":"max-image-preview:large","max-video-preview":"max-video-preview:-1"},"canonical":"https:\/\/www.burrensmokehouse.com\/fr\/produit\/burren-pique-nique-de-luxe-pour-deux-avec-champagne\/","og_locale":"fr_FR","og_type":"article","og_title":"Pique-nique de Luxe pour Deux avec Champagne - Burren Smokehouse","og_description":"C'est le pique-nique de luxe ultime - pour des occasions sp\u00e9ciales comme des anniversaires, une demande en mariage aux falaises de Moher, ou tout simplement pour profiter d'une merveilleuse journ\u00e9e dans le Burren !  Nous ne pouvons exp\u00e9dier ce produit que vers des destinations sur l'\u00eele d'Irlande, en Europe centrale et \u00e0 New York, o\u00f9 l'exp\u00e9dition ne prend qu'une journ\u00e9e pour atteindre le destinataire. Aucune livraison vers le reste des \u00c9tats-Unis, du Canada, du Japon, de Hong Kong, etc.","og_url":"https:\/\/www.burrensmokehouse.com\/fr\/produit\/burren-pique-nique-de-luxe-pour-deux-avec-champagne\/","og_site_name":"Burren Smokehouse","article_modified_time":"2025-07-09T10:38:55+00:00","og_image":[{"width":1000,"height":667,"url":"https:\/\/www.burrensmokehouse.com\/wp-content\/uploads\/2022\/05\/Burren-Smokehouse-Picnics00107-1000px.jpg","type":"image\/jpeg"}],"twitter_card":"summary_large_image","twitter_misc":{"Dur\u00e9e de lecture estim\u00e9e":"2 minutes"},"schema":{"@context":"https:\/\/schema.org","@graph":[{"@type":"WebPage","@id":"https:\/\/www.burrensmokehouse.com\/fr\/produit\/burren-pique-nique-de-luxe-pour-deux-avec-champagne\/","url":"https:\/\/www.burrensmokehouse.com\/fr\/produit\/burren-pique-nique-de-luxe-pour-deux-avec-champagne\/","name":"Pique-nique de Luxe pour Deux avec Champagne - Burren Smokehouse","isPartOf":{"@id":"https:\/\/www.burrensmokehouse.com\/fr\/#website"},"primaryImageOfPage":{"@id":"https:\/\/www.burrensmokehouse.com\/fr\/produit\/burren-pique-nique-de-luxe-pour-deux-avec-champagne\/#primaryimage"},"image":{"@id":"https:\/\/www.burrensmokehouse.com\/fr\/produit\/burren-pique-nique-de-luxe-pour-deux-avec-champagne\/#primaryimage"},"thumbnailUrl":"https:\/\/www.burrensmokehouse.com\/wp-content\/uploads\/2022\/05\/Burren-Smokehouse-Picnics00107-1000px.jpg","datePublished":"2022-02-11T12:09:20+00:00","dateModified":"2025-07-09T10:38:55+00:00","breadcrumb":{"@id":"https:\/\/www.burrensmokehouse.com\/fr\/produit\/burren-pique-nique-de-luxe-pour-deux-avec-champagne\/#breadcrumb"},"inLanguage":"fr-FR","potentialAction":[{"@type":"ReadAction","target":["https:\/\/www.burrensmokehouse.com\/fr\/produit\/burren-pique-nique-de-luxe-pour-deux-avec-champagne\/"]}]},{"@type":"ImageObject","inLanguage":"fr-FR","@id":"https:\/\/www.burrensmokehouse.com\/fr\/produit\/burren-pique-nique-de-luxe-pour-deux-avec-champagne\/#primaryimage","url":"https:\/\/www.burrensmokehouse.com\/wp-content\/uploads\/2022\/05\/Burren-Smokehouse-Picnics00107-1000px.jpg","contentUrl":"https:\/\/www.burrensmokehouse.com\/wp-content\/uploads\/2022\/05\/Burren-Smokehouse-Picnics00107-1000px.jpg","width":1000,"height":667,"caption":"Pique-niques avec le Burren Smokehouse"},{"@type":"BreadcrumbList","@id":"https:\/\/www.burrensmokehouse.com\/fr\/produit\/burren-pique-nique-de-luxe-pour-deux-avec-champagne\/#breadcrumb","itemListElement":[{"@type":"ListItem","position":1,"name":"Home","item":"https:\/\/www.burrensmokehouse.com\/fr\/"},{"@type":"ListItem","position":2,"name":"Boutique","item":"https:\/\/www.burrensmokehouse.com\/fr\/boutique\/"},{"@type":"ListItem","position":3,"name":"Pique-nique de Luxe pour Deux avec Champagne"}]},{"@type":"WebSite","@id":"https:\/\/www.burrensmokehouse.com\/fr\/#website","url":"https:\/\/www.burrensmokehouse.com\/fr\/","name":"Burren Smokehouse","description":"","publisher":{"@id":"https:\/\/www.burrensmokehouse.com\/fr\/#organization"},"potentialAction":[{"@type":"SearchAction","target":{"@type":"EntryPoint","urlTemplate":"https:\/\/www.burrensmokehouse.com\/fr\/?s={search_term_string}"},"query-input":{"@type":"PropertyValueSpecification","valueRequired":true,"valueName":"search_term_string"}}],"inLanguage":"fr-FR"},{"@type":"Organization","@id":"https:\/\/www.burrensmokehouse.com\/fr\/#organization","name":"Burren Smokehouse","url":"https:\/\/www.burrensmokehouse.com\/fr\/","logo":{"@type":"ImageObject","inLanguage":"fr-FR","@id":"https:\/\/www.burrensmokehouse.com\/fr\/#\/schema\/logo\/image\/","url":"https:\/\/www.burrensmokehouse.com\/wp-content\/uploads\/2021\/07\/logo.png","contentUrl":"https:\/\/www.burrensmokehouse.com\/wp-content\/uploads\/2021\/07\/logo.png","width":432,"height":99,"caption":"Burren Smokehouse"},"image":{"@id":"https:\/\/www.burrensmokehouse.com\/fr\/#\/schema\/logo\/image\/"}}]}},"_links":{"self":[{"href":"https:\/\/www.burrensmokehouse.com\/fr\/wp-json\/wp\/v2\/product\/12565","targetHints":{"allow":["GET"]}}],"collection":[{"href":"https:\/\/www.burrensmokehouse.com\/fr\/wp-json\/wp\/v2\/product"}],"about":[{"href":"https:\/\/www.burrensmokehouse.com\/fr\/wp-json\/wp\/v2\/types\/product"}],"replies":[{"embeddable":true,"href":"https:\/\/www.burrensmokehouse.com\/fr\/wp-json\/wp\/v2\/comments?post=12565"}],"wp:featuredmedia":[{"embeddable":true,"href":"https:\/\/www.burrensmokehouse.com\/fr\/wp-json\/wp\/v2\/media\/11242"}],"wp:attachment":[{"href":"https:\/\/www.burrensmokehouse.com\/fr\/wp-json\/wp\/v2\/media?parent=12565"}],"wp:term":[{"taxonomy":"product_brand","embeddable":true,"href":"https:\/\/www.burrensmokehouse.com\/fr\/wp-json\/wp\/v2\/product_brand?post=12565"},{"taxonomy":"product_cat","embeddable":true,"href":"https:\/\/www.burrensmokehouse.com\/fr\/wp-json\/wp\/v2\/product_cat?post=12565"},{"taxonomy":"product_tag","embeddable":true,"href":"https:\/\/www.burrensmokehouse.com\/fr\/wp-json\/wp\/v2\/product_tag?post=12565"}],"curies":[{"name":"wp","href":"https:\/\/api.w.org\/{rel}","templated":true}]}}