{"id":12575,"date":"2022-02-11T12:09:20","date_gmt":"2022-09-26T16:19:19","guid":{"rendered":"https:\/\/www.burrensmokehouse.com\/?post_type=product&#038;p=12575"},"modified":"2025-07-09T11:40:54","modified_gmt":"2025-07-09T10:40:54","slug":"burren-gold-gouda-a-l-ail-orties","status":"publish","type":"product","link":"https:\/\/www.burrensmokehouse.com\/fr\/produit\/burren-gold-gouda-a-l-ail-orties\/","title":{"rendered":"Gouda Burren Gold \u00e0 l&rsquo;ail et aux orties"},"content":{"rendered":"<p>Ce fromage de type gouda aromatis\u00e9 \u00e0 l&rsquo;ail et aux feuilles d&rsquo;ortie est fabriqu\u00e9 par le fromager des grottes d&rsquo;Aillwee \u00e0 Ballyvaughan, Co. Clare. C&rsquo;est un beau Gouda doux avec une saveur distincte et un grand favori de nos clients.<\/p>\n<p>L&rsquo;Aillwee Cave fait partie du Burren Food Trail et du Burren Ecotourism Network.<\/p>\n<p>Environ 220g par pi\u00e8ce. Le poids peut varier l\u00e9g\u00e8rement.<\/p>\n","protected":false},"excerpt":{"rendered":"<p>Ce fromage de type gouda aromatis\u00e9 \u00e0 l&rsquo;ail et aux feuilles d&rsquo;ortie (non piquantes) est fabriqu\u00e9 par Aillwee Caves \u00e0 Ballyvaughan, Co. Clare. C&rsquo;est un beau Gouda doux avec une saveur distincte. (220g)<\/p>\n<p>Veuillez noter que nous pouvons exp\u00e9dier ce produit en Irlande du Nord, mais pas au Royaume-Uni continental.<\/p>\n","protected":false},"featured_media":14958,"comment_status":"open","ping_status":"closed","template":"","meta":{"_acf_changed":false,"om_disable_all_campaigns":false},"product_brand":[],"product_cat":[158],"product_tag":[],"class_list":{"0":"post-12575","1":"product","2":"type-product","3":"status-publish","4":"has-post-thumbnail","6":"product_cat-gift-ideas-hampers-fr","7":"pa_weight-g-220-fr","9":"first","10":"instock","11":"taxable","12":"shipping-taxable","13":"purchasable","14":"product-type-simple"},"acf":[],"yoast_head":"<!-- This site is optimized with the Yoast SEO plugin v27.3 - https:\/\/yoast.com\/product\/yoast-seo-wordpress\/ -->\n<title>Gouda Burren Gold \u00e0 l&#039;ail et aux orties - Burren Smokehouse<\/title>\n<meta name=\"robots\" content=\"index, follow, max-snippet:-1, max-image-preview:large, max-video-preview:-1\" \/>\n<link rel=\"canonical\" href=\"https:\/\/www.burrensmokehouse.com\/fr\/produit\/burren-gold-gouda-a-l-ail-orties\/\" \/>\n<meta property=\"og:locale\" content=\"fr_FR\" \/>\n<meta property=\"og:type\" content=\"article\" \/>\n<meta property=\"og:title\" content=\"Gouda Burren Gold \u00e0 l&#039;ail et aux orties - Burren Smokehouse\" \/>\n<meta property=\"og:description\" content=\"Ce fromage de type gouda aromatis\u00e9 \u00e0 l&#039;ail et aux feuilles d&#039;ortie (non piquantes) est fabriqu\u00e9 par Aillwee Caves \u00e0 Ballyvaughan, Co. Clare. C&#039;est un beau Gouda doux avec une saveur distincte. (220g)  Veuillez noter que nous pouvons exp\u00e9dier ce produit en Irlande du Nord, mais pas au Royaume-Uni continental.\" \/>\n<meta property=\"og:url\" content=\"https:\/\/www.burrensmokehouse.com\/fr\/produit\/burren-gold-gouda-a-l-ail-orties\/\" \/>\n<meta property=\"og:site_name\" content=\"Burren Smokehouse\" \/>\n<meta property=\"article:modified_time\" content=\"2025-07-09T10:40:54+00:00\" \/>\n<meta property=\"og:image\" content=\"https:\/\/www.burrensmokehouse.com\/wp-content\/uploads\/2022\/11\/Burren-Gold-Nettle-_-Garlic-\u00a9-Anita-Murphy-2022-scaled.jpg\" \/>\n\t<meta property=\"og:image:width\" content=\"2560\" \/>\n\t<meta property=\"og:image:height\" content=\"1707\" \/>\n\t<meta property=\"og:image:type\" content=\"image\/jpeg\" \/>\n<meta name=\"twitter:card\" content=\"summary_large_image\" \/>\n<meta name=\"twitter:label1\" content=\"Dur\u00e9e de lecture estim\u00e9e\" \/>\n\t<meta name=\"twitter:data1\" content=\"1 minute\" \/>\n<script type=\"application\/ld+json\" class=\"yoast-schema-graph\">{\"@context\":\"https:\\\/\\\/schema.org\",\"@graph\":[{\"@type\":\"WebPage\",\"@id\":\"https:\\\/\\\/www.burrensmokehouse.com\\\/fr\\\/produit\\\/burren-gold-gouda-a-l-ail-orties\\\/\",\"url\":\"https:\\\/\\\/www.burrensmokehouse.com\\\/fr\\\/produit\\\/burren-gold-gouda-a-l-ail-orties\\\/\",\"name\":\"Gouda Burren Gold \u00e0 l'ail et aux orties - Burren Smokehouse\",\"isPartOf\":{\"@id\":\"https:\\\/\\\/www.burrensmokehouse.com\\\/fr\\\/#website\"},\"primaryImageOfPage\":{\"@id\":\"https:\\\/\\\/www.burrensmokehouse.com\\\/fr\\\/produit\\\/burren-gold-gouda-a-l-ail-orties\\\/#primaryimage\"},\"image\":{\"@id\":\"https:\\\/\\\/www.burrensmokehouse.com\\\/fr\\\/produit\\\/burren-gold-gouda-a-l-ail-orties\\\/#primaryimage\"},\"thumbnailUrl\":\"https:\\\/\\\/www.burrensmokehouse.com\\\/wp-content\\\/uploads\\\/2022\\\/11\\\/Burren-Gold-Nettle-_-Garlic-\u00a9-Anita-Murphy-2022-scaled.jpg\",\"datePublished\":\"2022-09-26T16:19:19+00:00\",\"dateModified\":\"2025-07-09T10:40:54+00:00\",\"breadcrumb\":{\"@id\":\"https:\\\/\\\/www.burrensmokehouse.com\\\/fr\\\/produit\\\/burren-gold-gouda-a-l-ail-orties\\\/#breadcrumb\"},\"inLanguage\":\"fr-FR\",\"potentialAction\":[{\"@type\":\"ReadAction\",\"target\":[\"https:\\\/\\\/www.burrensmokehouse.com\\\/fr\\\/produit\\\/burren-gold-gouda-a-l-ail-orties\\\/\"]}]},{\"@type\":\"ImageObject\",\"inLanguage\":\"fr-FR\",\"@id\":\"https:\\\/\\\/www.burrensmokehouse.com\\\/fr\\\/produit\\\/burren-gold-gouda-a-l-ail-orties\\\/#primaryimage\",\"url\":\"https:\\\/\\\/www.burrensmokehouse.com\\\/wp-content\\\/uploads\\\/2022\\\/11\\\/Burren-Gold-Nettle-_-Garlic-\u00a9-Anita-Murphy-2022-scaled.jpg\",\"contentUrl\":\"https:\\\/\\\/www.burrensmokehouse.com\\\/wp-content\\\/uploads\\\/2022\\\/11\\\/Burren-Gold-Nettle-_-Garlic-\u00a9-Anita-Murphy-2022-scaled.jpg\",\"width\":2560,\"height\":1707,\"caption\":\"Burren Gold Gouda with Garlic Nettle at Burren Smokehouse\"},{\"@type\":\"BreadcrumbList\",\"@id\":\"https:\\\/\\\/www.burrensmokehouse.com\\\/fr\\\/produit\\\/burren-gold-gouda-a-l-ail-orties\\\/#breadcrumb\",\"itemListElement\":[{\"@type\":\"ListItem\",\"position\":1,\"name\":\"Home\",\"item\":\"https:\\\/\\\/www.burrensmokehouse.com\\\/fr\\\/\"},{\"@type\":\"ListItem\",\"position\":2,\"name\":\"Boutique\",\"item\":\"https:\\\/\\\/www.burrensmokehouse.com\\\/fr\\\/boutique\\\/\"},{\"@type\":\"ListItem\",\"position\":3,\"name\":\"Gouda Burren Gold \u00e0 l&#8217;ail et aux orties\"}]},{\"@type\":\"WebSite\",\"@id\":\"https:\\\/\\\/www.burrensmokehouse.com\\\/fr\\\/#website\",\"url\":\"https:\\\/\\\/www.burrensmokehouse.com\\\/fr\\\/\",\"name\":\"Burren Smokehouse\",\"description\":\"\",\"publisher\":{\"@id\":\"https:\\\/\\\/www.burrensmokehouse.com\\\/fr\\\/#organization\"},\"potentialAction\":[{\"@type\":\"SearchAction\",\"target\":{\"@type\":\"EntryPoint\",\"urlTemplate\":\"https:\\\/\\\/www.burrensmokehouse.com\\\/fr\\\/?s={search_term_string}\"},\"query-input\":{\"@type\":\"PropertyValueSpecification\",\"valueRequired\":true,\"valueName\":\"search_term_string\"}}],\"inLanguage\":\"fr-FR\"},{\"@type\":\"Organization\",\"@id\":\"https:\\\/\\\/www.burrensmokehouse.com\\\/fr\\\/#organization\",\"name\":\"Burren Smokehouse\",\"url\":\"https:\\\/\\\/www.burrensmokehouse.com\\\/fr\\\/\",\"logo\":{\"@type\":\"ImageObject\",\"inLanguage\":\"fr-FR\",\"@id\":\"https:\\\/\\\/www.burrensmokehouse.com\\\/fr\\\/#\\\/schema\\\/logo\\\/image\\\/\",\"url\":\"https:\\\/\\\/www.burrensmokehouse.com\\\/wp-content\\\/uploads\\\/2021\\\/07\\\/logo.png\",\"contentUrl\":\"https:\\\/\\\/www.burrensmokehouse.com\\\/wp-content\\\/uploads\\\/2021\\\/07\\\/logo.png\",\"width\":432,\"height\":99,\"caption\":\"Burren Smokehouse\"},\"image\":{\"@id\":\"https:\\\/\\\/www.burrensmokehouse.com\\\/fr\\\/#\\\/schema\\\/logo\\\/image\\\/\"}}]}<\/script>\n<!-- \/ Yoast SEO plugin. -->","yoast_head_json":{"title":"Gouda Burren Gold \u00e0 l'ail et aux orties - Burren Smokehouse","robots":{"index":"index","follow":"follow","max-snippet":"max-snippet:-1","max-image-preview":"max-image-preview:large","max-video-preview":"max-video-preview:-1"},"canonical":"https:\/\/www.burrensmokehouse.com\/fr\/produit\/burren-gold-gouda-a-l-ail-orties\/","og_locale":"fr_FR","og_type":"article","og_title":"Gouda Burren Gold \u00e0 l'ail et aux orties - Burren Smokehouse","og_description":"Ce fromage de type gouda aromatis\u00e9 \u00e0 l'ail et aux feuilles d'ortie (non piquantes) est fabriqu\u00e9 par Aillwee Caves \u00e0 Ballyvaughan, Co. Clare. C'est un beau Gouda doux avec une saveur distincte. (220g)  Veuillez noter que nous pouvons exp\u00e9dier ce produit en Irlande du Nord, mais pas au Royaume-Uni continental.","og_url":"https:\/\/www.burrensmokehouse.com\/fr\/produit\/burren-gold-gouda-a-l-ail-orties\/","og_site_name":"Burren Smokehouse","article_modified_time":"2025-07-09T10:40:54+00:00","og_image":[{"width":2560,"height":1707,"url":"https:\/\/www.burrensmokehouse.com\/wp-content\/uploads\/2022\/11\/Burren-Gold-Nettle-_-Garlic-\u00a9-Anita-Murphy-2022-scaled.jpg","type":"image\/jpeg"}],"twitter_card":"summary_large_image","twitter_misc":{"Dur\u00e9e de lecture estim\u00e9e":"1 minute"},"schema":{"@context":"https:\/\/schema.org","@graph":[{"@type":"WebPage","@id":"https:\/\/www.burrensmokehouse.com\/fr\/produit\/burren-gold-gouda-a-l-ail-orties\/","url":"https:\/\/www.burrensmokehouse.com\/fr\/produit\/burren-gold-gouda-a-l-ail-orties\/","name":"Gouda Burren Gold \u00e0 l'ail et aux orties - Burren Smokehouse","isPartOf":{"@id":"https:\/\/www.burrensmokehouse.com\/fr\/#website"},"primaryImageOfPage":{"@id":"https:\/\/www.burrensmokehouse.com\/fr\/produit\/burren-gold-gouda-a-l-ail-orties\/#primaryimage"},"image":{"@id":"https:\/\/www.burrensmokehouse.com\/fr\/produit\/burren-gold-gouda-a-l-ail-orties\/#primaryimage"},"thumbnailUrl":"https:\/\/www.burrensmokehouse.com\/wp-content\/uploads\/2022\/11\/Burren-Gold-Nettle-_-Garlic-\u00a9-Anita-Murphy-2022-scaled.jpg","datePublished":"2022-09-26T16:19:19+00:00","dateModified":"2025-07-09T10:40:54+00:00","breadcrumb":{"@id":"https:\/\/www.burrensmokehouse.com\/fr\/produit\/burren-gold-gouda-a-l-ail-orties\/#breadcrumb"},"inLanguage":"fr-FR","potentialAction":[{"@type":"ReadAction","target":["https:\/\/www.burrensmokehouse.com\/fr\/produit\/burren-gold-gouda-a-l-ail-orties\/"]}]},{"@type":"ImageObject","inLanguage":"fr-FR","@id":"https:\/\/www.burrensmokehouse.com\/fr\/produit\/burren-gold-gouda-a-l-ail-orties\/#primaryimage","url":"https:\/\/www.burrensmokehouse.com\/wp-content\/uploads\/2022\/11\/Burren-Gold-Nettle-_-Garlic-\u00a9-Anita-Murphy-2022-scaled.jpg","contentUrl":"https:\/\/www.burrensmokehouse.com\/wp-content\/uploads\/2022\/11\/Burren-Gold-Nettle-_-Garlic-\u00a9-Anita-Murphy-2022-scaled.jpg","width":2560,"height":1707,"caption":"Burren Gold Gouda with Garlic Nettle at Burren Smokehouse"},{"@type":"BreadcrumbList","@id":"https:\/\/www.burrensmokehouse.com\/fr\/produit\/burren-gold-gouda-a-l-ail-orties\/#breadcrumb","itemListElement":[{"@type":"ListItem","position":1,"name":"Home","item":"https:\/\/www.burrensmokehouse.com\/fr\/"},{"@type":"ListItem","position":2,"name":"Boutique","item":"https:\/\/www.burrensmokehouse.com\/fr\/boutique\/"},{"@type":"ListItem","position":3,"name":"Gouda Burren Gold \u00e0 l&#8217;ail et aux orties"}]},{"@type":"WebSite","@id":"https:\/\/www.burrensmokehouse.com\/fr\/#website","url":"https:\/\/www.burrensmokehouse.com\/fr\/","name":"Burren Smokehouse","description":"","publisher":{"@id":"https:\/\/www.burrensmokehouse.com\/fr\/#organization"},"potentialAction":[{"@type":"SearchAction","target":{"@type":"EntryPoint","urlTemplate":"https:\/\/www.burrensmokehouse.com\/fr\/?s={search_term_string}"},"query-input":{"@type":"PropertyValueSpecification","valueRequired":true,"valueName":"search_term_string"}}],"inLanguage":"fr-FR"},{"@type":"Organization","@id":"https:\/\/www.burrensmokehouse.com\/fr\/#organization","name":"Burren Smokehouse","url":"https:\/\/www.burrensmokehouse.com\/fr\/","logo":{"@type":"ImageObject","inLanguage":"fr-FR","@id":"https:\/\/www.burrensmokehouse.com\/fr\/#\/schema\/logo\/image\/","url":"https:\/\/www.burrensmokehouse.com\/wp-content\/uploads\/2021\/07\/logo.png","contentUrl":"https:\/\/www.burrensmokehouse.com\/wp-content\/uploads\/2021\/07\/logo.png","width":432,"height":99,"caption":"Burren Smokehouse"},"image":{"@id":"https:\/\/www.burrensmokehouse.com\/fr\/#\/schema\/logo\/image\/"}}]}},"_links":{"self":[{"href":"https:\/\/www.burrensmokehouse.com\/fr\/wp-json\/wp\/v2\/product\/12575","targetHints":{"allow":["GET"]}}],"collection":[{"href":"https:\/\/www.burrensmokehouse.com\/fr\/wp-json\/wp\/v2\/product"}],"about":[{"href":"https:\/\/www.burrensmokehouse.com\/fr\/wp-json\/wp\/v2\/types\/product"}],"replies":[{"embeddable":true,"href":"https:\/\/www.burrensmokehouse.com\/fr\/wp-json\/wp\/v2\/comments?post=12575"}],"wp:featuredmedia":[{"embeddable":true,"href":"https:\/\/www.burrensmokehouse.com\/fr\/wp-json\/wp\/v2\/media\/14958"}],"wp:attachment":[{"href":"https:\/\/www.burrensmokehouse.com\/fr\/wp-json\/wp\/v2\/media?parent=12575"}],"wp:term":[{"taxonomy":"product_brand","embeddable":true,"href":"https:\/\/www.burrensmokehouse.com\/fr\/wp-json\/wp\/v2\/product_brand?post=12575"},{"taxonomy":"product_cat","embeddable":true,"href":"https:\/\/www.burrensmokehouse.com\/fr\/wp-json\/wp\/v2\/product_cat?post=12575"},{"taxonomy":"product_tag","embeddable":true,"href":"https:\/\/www.burrensmokehouse.com\/fr\/wp-json\/wp\/v2\/product_tag?post=12575"}],"curies":[{"name":"wp","href":"https:\/\/api.w.org\/{rel}","templated":true}]}}