{"id":12593,"date":"2022-02-11T12:08:49","date_gmt":"2022-06-16T09:09:14","guid":{"rendered":"https:\/\/www.burrensmokehouse.com\/product\/26-abonnement-6-mois-pour-lamour-du-saumon-fume-a-froid-pour-1-2-personnes\/"},"modified":"2025-07-09T11:32:44","modified_gmt":"2025-07-09T10:32:44","slug":"pour-lamour-du-saumon-froide-fume-6-livraisons-mensuelles-pour-1-2-personnes","status":"publish","type":"product","link":"https:\/\/www.burrensmokehouse.com\/fr\/produit\/pour-lamour-du-saumon-froide-fume-6-livraisons-mensuelles-pour-1-2-personnes\/","title":{"rendered":"Abonnement 6 mois &#8211; \u00ab\u00a0Pour l&rsquo;Amour du Saumon Fum\u00e9 \u00e0 Froid\u00a0\u00bb &#8211; pour 1-2 personnes"},"content":{"rendered":"<p>Cette option convient pour une ou deux personnes et contient toutes nos marinades de saumon fum\u00e9 \u00e0 froid !<strong>\u00a0<\/strong><\/p>\n<p>Nous savons tous combien il est facile d&rsquo;oublier de commander les produits que nous voulons ou dont nous avons besoin r\u00e9guli\u00e8rement. Nous pouvons vous aider \u00e0 effectuer des livraisons r\u00e9guli\u00e8res de saumon biologique irlandais fum\u00e9 Burren \u00e0 votre porte ! Vous pouvez \u00e9galement utiliser notre service d&rsquo;abonnement pour envoyer cette option alimentaire saine \u00e0 votre prog\u00e9niture \u00e0 l&rsquo;universit\u00e9, ou comme cadeau \u00e0 offrir \u00e0 vos amis.<\/p>\n<p>Cette option contient<\/p>\n<ul>\n<li>180 g de saumon bio irlandais fum\u00e9 \u00e0 froid classique<\/li>\n<li>140 g de\u00a0Saumon bio irlandais fum\u00e9 \u00e0 froid au miel, au whiskey et au fenouil<\/li>\n<li>140 g de saumon bio irlandais fum\u00e9 \u00e0 froid avec algues<\/li>\n<\/ul>\n<p><strong>Voici comment cela fonctionne :<\/strong><\/p>\n<p>&#8211; S\u00e9lectionnez une date de livraison pour le premier envoi.<\/p>\n<p>&#8211; Nous enverrons les prochaines livraisons le m\u00eame jour de la semaine. Vous pouvez changer cela si vous le souhaitez, il suffit de nous appeler ou de nous envoyer un e-mail.<\/p>\n<p>En raison du cadre technique du site web, les prix sont calcul\u00e9s de telle sorte que les frais de livraison pour tous les mois sont inclus dans le prix du produit moins 1 kg qui sera ajout\u00e9 comme 1 kg de fret dans le processus de paiement.<\/p>\n<p>Le frais de port refl\u00e8te le prix pour des livraisons vers des destinations situ\u00e9es en R\u00e9publique d&rsquo;Irlande et en Irlande du Nord uniquement.<\/p>\n<p><strong>Les livraisons vers d&rsquo;autres destinations sont possibles ! Veuillez nous contacter, et nous mettrons en place l&rsquo;abonnement hors ligne pour vous.<\/strong><\/p>\n","protected":false},"excerpt":{"rendered":"<p>3 mois de saumon fum\u00e9 pour une ou deux personnes. Il contient toutes nos marinades de saumon fum\u00e9 \u00e0 froid.<\/p>\n","protected":false},"featured_media":11413,"comment_status":"open","ping_status":"closed","template":"","meta":{"_acf_changed":false,"om_disable_all_campaigns":false},"product_brand":[],"product_cat":[311],"product_tag":[],"class_list":{"0":"post-12593","1":"product","2":"type-product","3":"status-publish","4":"has-post-thumbnail","6":"product_cat-abonnement-de-saumon","7":"pa_weight-g-1000-fr","9":"first","10":"instock","11":"taxable","12":"shipping-taxable","13":"purchasable","14":"product-type-simple"},"acf":[],"yoast_head":"<!-- This site is optimized with the Yoast SEO plugin v27.3 - https:\/\/yoast.com\/product\/yoast-seo-wordpress\/ -->\n<title>Abonnement 6 mois - &quot;Pour l&#039;Amour du Saumon Fum\u00e9 \u00e0 Froid&quot; - pour 1-2 personnes - Burren Smokehouse<\/title>\n<meta name=\"robots\" content=\"index, follow, max-snippet:-1, max-image-preview:large, max-video-preview:-1\" \/>\n<link rel=\"canonical\" href=\"https:\/\/www.burrensmokehouse.com\/fr\/produit\/pour-lamour-du-saumon-froide-fume-6-livraisons-mensuelles-pour-1-2-personnes\/\" \/>\n<meta property=\"og:locale\" content=\"fr_FR\" \/>\n<meta property=\"og:type\" content=\"article\" \/>\n<meta property=\"og:title\" content=\"Abonnement 6 mois - &quot;Pour l&#039;Amour du Saumon Fum\u00e9 \u00e0 Froid&quot; - pour 1-2 personnes - Burren Smokehouse\" \/>\n<meta property=\"og:description\" content=\"3 mois de saumon fum\u00e9 pour une ou deux personnes. Il contient toutes nos marinades de saumon fum\u00e9 \u00e0 froid.\" \/>\n<meta property=\"og:url\" content=\"https:\/\/www.burrensmokehouse.com\/fr\/produit\/pour-lamour-du-saumon-froide-fume-6-livraisons-mensuelles-pour-1-2-personnes\/\" \/>\n<meta property=\"og:site_name\" content=\"Burren Smokehouse\" \/>\n<meta property=\"article:modified_time\" content=\"2025-07-09T10:32:44+00:00\" \/>\n<meta property=\"og:image\" content=\"https:\/\/www.burrensmokehouse.com\/wp-content\/uploads\/2022\/02\/Subscription-For-the-Love-of-cold-sm.s.-1-2-p.-950px.png\" \/>\n\t<meta property=\"og:image:width\" content=\"950\" \/>\n\t<meta property=\"og:image:height\" content=\"761\" \/>\n\t<meta property=\"og:image:type\" content=\"image\/png\" \/>\n<meta name=\"twitter:card\" content=\"summary_large_image\" \/>\n<meta name=\"twitter:label1\" content=\"Dur\u00e9e de lecture estim\u00e9e\" \/>\n\t<meta name=\"twitter:data1\" content=\"2 minutes\" \/>\n<script type=\"application\/ld+json\" class=\"yoast-schema-graph\">{\"@context\":\"https:\\\/\\\/schema.org\",\"@graph\":[{\"@type\":\"WebPage\",\"@id\":\"https:\\\/\\\/www.burrensmokehouse.com\\\/fr\\\/produit\\\/pour-lamour-du-saumon-froide-fume-6-livraisons-mensuelles-pour-1-2-personnes\\\/\",\"url\":\"https:\\\/\\\/www.burrensmokehouse.com\\\/fr\\\/produit\\\/pour-lamour-du-saumon-froide-fume-6-livraisons-mensuelles-pour-1-2-personnes\\\/\",\"name\":\"Abonnement 6 mois - \\\"Pour l'Amour du Saumon Fum\u00e9 \u00e0 Froid\\\" - pour 1-2 personnes - Burren Smokehouse\",\"isPartOf\":{\"@id\":\"https:\\\/\\\/www.burrensmokehouse.com\\\/fr\\\/#website\"},\"primaryImageOfPage\":{\"@id\":\"https:\\\/\\\/www.burrensmokehouse.com\\\/fr\\\/produit\\\/pour-lamour-du-saumon-froide-fume-6-livraisons-mensuelles-pour-1-2-personnes\\\/#primaryimage\"},\"image\":{\"@id\":\"https:\\\/\\\/www.burrensmokehouse.com\\\/fr\\\/produit\\\/pour-lamour-du-saumon-froide-fume-6-livraisons-mensuelles-pour-1-2-personnes\\\/#primaryimage\"},\"thumbnailUrl\":\"https:\\\/\\\/www.burrensmokehouse.com\\\/wp-content\\\/uploads\\\/2022\\\/02\\\/Subscription-For-the-Love-of-cold-sm.s.-1-2-p.-950px.png\",\"datePublished\":\"2022-06-16T09:09:14+00:00\",\"dateModified\":\"2025-07-09T10:32:44+00:00\",\"breadcrumb\":{\"@id\":\"https:\\\/\\\/www.burrensmokehouse.com\\\/fr\\\/produit\\\/pour-lamour-du-saumon-froide-fume-6-livraisons-mensuelles-pour-1-2-personnes\\\/#breadcrumb\"},\"inLanguage\":\"fr-FR\",\"potentialAction\":[{\"@type\":\"ReadAction\",\"target\":[\"https:\\\/\\\/www.burrensmokehouse.com\\\/fr\\\/produit\\\/pour-lamour-du-saumon-froide-fume-6-livraisons-mensuelles-pour-1-2-personnes\\\/\"]}]},{\"@type\":\"ImageObject\",\"inLanguage\":\"fr-FR\",\"@id\":\"https:\\\/\\\/www.burrensmokehouse.com\\\/fr\\\/produit\\\/pour-lamour-du-saumon-froide-fume-6-livraisons-mensuelles-pour-1-2-personnes\\\/#primaryimage\",\"url\":\"https:\\\/\\\/www.burrensmokehouse.com\\\/wp-content\\\/uploads\\\/2022\\\/02\\\/Subscription-For-the-Love-of-cold-sm.s.-1-2-p.-950px.png\",\"contentUrl\":\"https:\\\/\\\/www.burrensmokehouse.com\\\/wp-content\\\/uploads\\\/2022\\\/02\\\/Subscription-For-the-Love-of-cold-sm.s.-1-2-p.-950px.png\",\"width\":950,\"height\":761,\"caption\":\"Abonnement Pour l'amour du saumon fum\u00e9 froid Burren Smokehouse\"},{\"@type\":\"BreadcrumbList\",\"@id\":\"https:\\\/\\\/www.burrensmokehouse.com\\\/fr\\\/produit\\\/pour-lamour-du-saumon-froide-fume-6-livraisons-mensuelles-pour-1-2-personnes\\\/#breadcrumb\",\"itemListElement\":[{\"@type\":\"ListItem\",\"position\":1,\"name\":\"Home\",\"item\":\"https:\\\/\\\/www.burrensmokehouse.com\\\/fr\\\/\"},{\"@type\":\"ListItem\",\"position\":2,\"name\":\"Boutique\",\"item\":\"https:\\\/\\\/www.burrensmokehouse.com\\\/fr\\\/boutique\\\/\"},{\"@type\":\"ListItem\",\"position\":3,\"name\":\"Abonnement 6 mois &#8211; &#8220;Pour l&#8217;Amour du Saumon Fum\u00e9 \u00e0 Froid&#8221; &#8211; pour 1-2 personnes\"}]},{\"@type\":\"WebSite\",\"@id\":\"https:\\\/\\\/www.burrensmokehouse.com\\\/fr\\\/#website\",\"url\":\"https:\\\/\\\/www.burrensmokehouse.com\\\/fr\\\/\",\"name\":\"Burren Smokehouse\",\"description\":\"\",\"publisher\":{\"@id\":\"https:\\\/\\\/www.burrensmokehouse.com\\\/fr\\\/#organization\"},\"potentialAction\":[{\"@type\":\"SearchAction\",\"target\":{\"@type\":\"EntryPoint\",\"urlTemplate\":\"https:\\\/\\\/www.burrensmokehouse.com\\\/fr\\\/?s={search_term_string}\"},\"query-input\":{\"@type\":\"PropertyValueSpecification\",\"valueRequired\":true,\"valueName\":\"search_term_string\"}}],\"inLanguage\":\"fr-FR\"},{\"@type\":\"Organization\",\"@id\":\"https:\\\/\\\/www.burrensmokehouse.com\\\/fr\\\/#organization\",\"name\":\"Burren Smokehouse\",\"url\":\"https:\\\/\\\/www.burrensmokehouse.com\\\/fr\\\/\",\"logo\":{\"@type\":\"ImageObject\",\"inLanguage\":\"fr-FR\",\"@id\":\"https:\\\/\\\/www.burrensmokehouse.com\\\/fr\\\/#\\\/schema\\\/logo\\\/image\\\/\",\"url\":\"https:\\\/\\\/www.burrensmokehouse.com\\\/wp-content\\\/uploads\\\/2021\\\/07\\\/logo.png\",\"contentUrl\":\"https:\\\/\\\/www.burrensmokehouse.com\\\/wp-content\\\/uploads\\\/2021\\\/07\\\/logo.png\",\"width\":432,\"height\":99,\"caption\":\"Burren Smokehouse\"},\"image\":{\"@id\":\"https:\\\/\\\/www.burrensmokehouse.com\\\/fr\\\/#\\\/schema\\\/logo\\\/image\\\/\"}}]}<\/script>\n<!-- \/ Yoast SEO plugin. -->","yoast_head_json":{"title":"Abonnement 6 mois - \"Pour l'Amour du Saumon Fum\u00e9 \u00e0 Froid\" - pour 1-2 personnes - Burren Smokehouse","robots":{"index":"index","follow":"follow","max-snippet":"max-snippet:-1","max-image-preview":"max-image-preview:large","max-video-preview":"max-video-preview:-1"},"canonical":"https:\/\/www.burrensmokehouse.com\/fr\/produit\/pour-lamour-du-saumon-froide-fume-6-livraisons-mensuelles-pour-1-2-personnes\/","og_locale":"fr_FR","og_type":"article","og_title":"Abonnement 6 mois - \"Pour l'Amour du Saumon Fum\u00e9 \u00e0 Froid\" - pour 1-2 personnes - Burren Smokehouse","og_description":"3 mois de saumon fum\u00e9 pour une ou deux personnes. Il contient toutes nos marinades de saumon fum\u00e9 \u00e0 froid.","og_url":"https:\/\/www.burrensmokehouse.com\/fr\/produit\/pour-lamour-du-saumon-froide-fume-6-livraisons-mensuelles-pour-1-2-personnes\/","og_site_name":"Burren Smokehouse","article_modified_time":"2025-07-09T10:32:44+00:00","og_image":[{"width":950,"height":761,"url":"https:\/\/www.burrensmokehouse.com\/wp-content\/uploads\/2022\/02\/Subscription-For-the-Love-of-cold-sm.s.-1-2-p.-950px.png","type":"image\/png"}],"twitter_card":"summary_large_image","twitter_misc":{"Dur\u00e9e de lecture estim\u00e9e":"2 minutes"},"schema":{"@context":"https:\/\/schema.org","@graph":[{"@type":"WebPage","@id":"https:\/\/www.burrensmokehouse.com\/fr\/produit\/pour-lamour-du-saumon-froide-fume-6-livraisons-mensuelles-pour-1-2-personnes\/","url":"https:\/\/www.burrensmokehouse.com\/fr\/produit\/pour-lamour-du-saumon-froide-fume-6-livraisons-mensuelles-pour-1-2-personnes\/","name":"Abonnement 6 mois - \"Pour l'Amour du Saumon Fum\u00e9 \u00e0 Froid\" - pour 1-2 personnes - Burren Smokehouse","isPartOf":{"@id":"https:\/\/www.burrensmokehouse.com\/fr\/#website"},"primaryImageOfPage":{"@id":"https:\/\/www.burrensmokehouse.com\/fr\/produit\/pour-lamour-du-saumon-froide-fume-6-livraisons-mensuelles-pour-1-2-personnes\/#primaryimage"},"image":{"@id":"https:\/\/www.burrensmokehouse.com\/fr\/produit\/pour-lamour-du-saumon-froide-fume-6-livraisons-mensuelles-pour-1-2-personnes\/#primaryimage"},"thumbnailUrl":"https:\/\/www.burrensmokehouse.com\/wp-content\/uploads\/2022\/02\/Subscription-For-the-Love-of-cold-sm.s.-1-2-p.-950px.png","datePublished":"2022-06-16T09:09:14+00:00","dateModified":"2025-07-09T10:32:44+00:00","breadcrumb":{"@id":"https:\/\/www.burrensmokehouse.com\/fr\/produit\/pour-lamour-du-saumon-froide-fume-6-livraisons-mensuelles-pour-1-2-personnes\/#breadcrumb"},"inLanguage":"fr-FR","potentialAction":[{"@type":"ReadAction","target":["https:\/\/www.burrensmokehouse.com\/fr\/produit\/pour-lamour-du-saumon-froide-fume-6-livraisons-mensuelles-pour-1-2-personnes\/"]}]},{"@type":"ImageObject","inLanguage":"fr-FR","@id":"https:\/\/www.burrensmokehouse.com\/fr\/produit\/pour-lamour-du-saumon-froide-fume-6-livraisons-mensuelles-pour-1-2-personnes\/#primaryimage","url":"https:\/\/www.burrensmokehouse.com\/wp-content\/uploads\/2022\/02\/Subscription-For-the-Love-of-cold-sm.s.-1-2-p.-950px.png","contentUrl":"https:\/\/www.burrensmokehouse.com\/wp-content\/uploads\/2022\/02\/Subscription-For-the-Love-of-cold-sm.s.-1-2-p.-950px.png","width":950,"height":761,"caption":"Abonnement Pour l'amour du saumon fum\u00e9 froid Burren Smokehouse"},{"@type":"BreadcrumbList","@id":"https:\/\/www.burrensmokehouse.com\/fr\/produit\/pour-lamour-du-saumon-froide-fume-6-livraisons-mensuelles-pour-1-2-personnes\/#breadcrumb","itemListElement":[{"@type":"ListItem","position":1,"name":"Home","item":"https:\/\/www.burrensmokehouse.com\/fr\/"},{"@type":"ListItem","position":2,"name":"Boutique","item":"https:\/\/www.burrensmokehouse.com\/fr\/boutique\/"},{"@type":"ListItem","position":3,"name":"Abonnement 6 mois &#8211; &#8220;Pour l&#8217;Amour du Saumon Fum\u00e9 \u00e0 Froid&#8221; &#8211; pour 1-2 personnes"}]},{"@type":"WebSite","@id":"https:\/\/www.burrensmokehouse.com\/fr\/#website","url":"https:\/\/www.burrensmokehouse.com\/fr\/","name":"Burren Smokehouse","description":"","publisher":{"@id":"https:\/\/www.burrensmokehouse.com\/fr\/#organization"},"potentialAction":[{"@type":"SearchAction","target":{"@type":"EntryPoint","urlTemplate":"https:\/\/www.burrensmokehouse.com\/fr\/?s={search_term_string}"},"query-input":{"@type":"PropertyValueSpecification","valueRequired":true,"valueName":"search_term_string"}}],"inLanguage":"fr-FR"},{"@type":"Organization","@id":"https:\/\/www.burrensmokehouse.com\/fr\/#organization","name":"Burren Smokehouse","url":"https:\/\/www.burrensmokehouse.com\/fr\/","logo":{"@type":"ImageObject","inLanguage":"fr-FR","@id":"https:\/\/www.burrensmokehouse.com\/fr\/#\/schema\/logo\/image\/","url":"https:\/\/www.burrensmokehouse.com\/wp-content\/uploads\/2021\/07\/logo.png","contentUrl":"https:\/\/www.burrensmokehouse.com\/wp-content\/uploads\/2021\/07\/logo.png","width":432,"height":99,"caption":"Burren Smokehouse"},"image":{"@id":"https:\/\/www.burrensmokehouse.com\/fr\/#\/schema\/logo\/image\/"}}]}},"_links":{"self":[{"href":"https:\/\/www.burrensmokehouse.com\/fr\/wp-json\/wp\/v2\/product\/12593","targetHints":{"allow":["GET"]}}],"collection":[{"href":"https:\/\/www.burrensmokehouse.com\/fr\/wp-json\/wp\/v2\/product"}],"about":[{"href":"https:\/\/www.burrensmokehouse.com\/fr\/wp-json\/wp\/v2\/types\/product"}],"replies":[{"embeddable":true,"href":"https:\/\/www.burrensmokehouse.com\/fr\/wp-json\/wp\/v2\/comments?post=12593"}],"wp:featuredmedia":[{"embeddable":true,"href":"https:\/\/www.burrensmokehouse.com\/fr\/wp-json\/wp\/v2\/media\/11413"}],"wp:attachment":[{"href":"https:\/\/www.burrensmokehouse.com\/fr\/wp-json\/wp\/v2\/media?parent=12593"}],"wp:term":[{"taxonomy":"product_brand","embeddable":true,"href":"https:\/\/www.burrensmokehouse.com\/fr\/wp-json\/wp\/v2\/product_brand?post=12593"},{"taxonomy":"product_cat","embeddable":true,"href":"https:\/\/www.burrensmokehouse.com\/fr\/wp-json\/wp\/v2\/product_cat?post=12593"},{"taxonomy":"product_tag","embeddable":true,"href":"https:\/\/www.burrensmokehouse.com\/fr\/wp-json\/wp\/v2\/product_tag?post=12593"}],"curies":[{"name":"wp","href":"https:\/\/api.w.org\/{rel}","templated":true}]}}