{"id":12614,"date":"2022-02-11T12:08:49","date_gmt":"2022-06-16T09:22:50","guid":{"rendered":"https:\/\/www.burrensmokehouse.com\/product\/34-abonnement-3-mois-plain-simple-pour-une-famille\/"},"modified":"2025-07-09T11:34:00","modified_gmt":"2025-07-09T10:34:00","slug":"simple-simple-livraisons-trimestrielles-pour-une-famille","status":"publish","type":"product","link":"https:\/\/www.burrensmokehouse.com\/fr\/produit\/simple-simple-livraisons-trimestrielles-pour-une-famille\/","title":{"rendered":"Abonnement 3 mois &#8211; \u00ab\u00a0D\u00e9lices Classiques\u00a0\u00bb &#8211; pour une Famille"},"content":{"rendered":"<p>Qui n&rsquo;aimerait pas que de d\u00e9licieux plats soient livr\u00e9s automatiquement tous les mois? Nous savons tous \u00e0 quel point il est facile d&rsquo;oublier de commander r\u00e9guli\u00e8rement les produits que nous voulons ou dont nous avons besoin. Nous pouvons vous aider avec des livraisons r\u00e9guli\u00e8res de saumon fum\u00e9 bio apport\u00e9es \u00e0 votre porte! Vous pouvez \u00e9galement utiliser notre service d&rsquo;abonnement pour envoyer cette option d&rsquo;aliments sains \u00e0 votre prog\u00e9niture \u00e0 l&rsquo;universit\u00e9, ou comme cadeau \u00e0 offrir \u00e0 vos amis.<\/p>\n<p>Cette option est id\u00e9ale pour une famille et contient<\/p>\n<ul>\n<li>500 g de saumon bio irlandais fum\u00e9 \u00e0 froid classique<\/li>\n<li>500 g de saumon bio irlandais fum\u00e9 \u00e0 chaud, nature<\/li>\n<\/ul>\n<p><strong>Voici comment cela fonctionne :<\/strong><\/p>\n<p>&#8211; S\u00e9lectionnez une date de livraison pour le premier envoi.<\/p>\n<p>&#8211; Nous enverrons les prochaines livraisons le m\u00eame jour de la semaine. Vous pouvez changer cela si vous le souhaitez, il suffit de nous appeler ou de nous envoyer un e-mail.<\/p>\n<p>En raison du cadre technique du site web, les prix sont calcul\u00e9s de telle sorte que les frais de livraison pour tous les mois sont inclus dans le prix du produit moins 1 kg qui sera ajout\u00e9 comme 1 kg de fret dans le processus de paiement.<\/p>\n<p>Le frais de port refl\u00e8te le prix pour des livraisons vers des destinations situ\u00e9es en R\u00e9publique d&rsquo;Irlande et en Irlande du Nord uniquement.<\/p>\n<p><strong>Les livraisons vers d&rsquo;autres destinations sont possibles ! Veuillez nous contacter, et nous mettrons en place l&rsquo;abonnement hors ligne pour vous.<\/strong><\/p>\n","protected":false},"excerpt":{"rendered":"<p>Qui n&rsquo;aimerait pas que de d\u00e9licieux plats soient livr\u00e9s automatiquement tous les mois? Cette option convient \u00e0 une famille et contient 1 paquet de 500 g de notre saumon fum\u00e9 \u00e0 chaud et \u00e0 froid non aromatis\u00e9 pour une exp\u00e9rience gustative pure.<\/p>\n","protected":false},"featured_media":6696,"comment_status":"open","ping_status":"closed","template":"","meta":{"_acf_changed":false,"om_disable_all_campaigns":false},"product_brand":[],"product_cat":[311],"product_tag":[],"class_list":{"0":"post-12614","1":"product","2":"type-product","3":"status-publish","4":"has-post-thumbnail","6":"product_cat-abonnement-de-saumon","7":"pa_weight-g-1000-fr","9":"first","10":"instock","11":"taxable","12":"shipping-taxable","13":"purchasable","14":"product-type-simple"},"acf":[],"yoast_head":"<!-- This site is optimized with the Yoast SEO plugin v27.3 - https:\/\/yoast.com\/product\/yoast-seo-wordpress\/ -->\n<title>Abonnement 3 mois - &quot;D\u00e9lices Classiques&quot; - pour une Famille - Burren Smokehouse<\/title>\n<meta name=\"robots\" content=\"index, follow, max-snippet:-1, max-image-preview:large, max-video-preview:-1\" \/>\n<link rel=\"canonical\" href=\"https:\/\/www.burrensmokehouse.com\/fr\/produit\/simple-simple-livraisons-trimestrielles-pour-une-famille\/\" \/>\n<meta property=\"og:locale\" content=\"fr_FR\" \/>\n<meta property=\"og:type\" content=\"article\" \/>\n<meta property=\"og:title\" content=\"Abonnement 3 mois - &quot;D\u00e9lices Classiques&quot; - pour une Famille - Burren Smokehouse\" \/>\n<meta property=\"og:description\" content=\"Qui n&#039;aimerait pas que de d\u00e9licieux plats soient livr\u00e9s automatiquement tous les mois? Cette option convient \u00e0 une famille et contient 1 paquet de 500 g de notre saumon fum\u00e9 \u00e0 chaud et \u00e0 froid non aromatis\u00e9 pour une exp\u00e9rience gustative pure.\" \/>\n<meta property=\"og:url\" content=\"https:\/\/www.burrensmokehouse.com\/fr\/produit\/simple-simple-livraisons-trimestrielles-pour-une-famille\/\" \/>\n<meta property=\"og:site_name\" content=\"Burren Smokehouse\" \/>\n<meta property=\"article:modified_time\" content=\"2025-07-09T10:34:00+00:00\" \/>\n<meta property=\"og:image\" content=\"https:\/\/www.burrensmokehouse.com\/wp-content\/uploads\/2022\/02\/Plain___Simple_Monthly_delivery_for_a_Family_P1.jpeg\" \/>\n\t<meta property=\"og:image:width\" content=\"800\" \/>\n\t<meta property=\"og:image:height\" content=\"1000\" \/>\n\t<meta property=\"og:image:type\" content=\"image\/jpeg\" \/>\n<meta name=\"twitter:card\" content=\"summary_large_image\" \/>\n<meta name=\"twitter:label1\" content=\"Dur\u00e9e de lecture estim\u00e9e\" \/>\n\t<meta name=\"twitter:data1\" content=\"2 minutes\" \/>\n<script type=\"application\/ld+json\" class=\"yoast-schema-graph\">{\"@context\":\"https:\\\/\\\/schema.org\",\"@graph\":[{\"@type\":\"WebPage\",\"@id\":\"https:\\\/\\\/www.burrensmokehouse.com\\\/fr\\\/produit\\\/simple-simple-livraisons-trimestrielles-pour-une-famille\\\/\",\"url\":\"https:\\\/\\\/www.burrensmokehouse.com\\\/fr\\\/produit\\\/simple-simple-livraisons-trimestrielles-pour-une-famille\\\/\",\"name\":\"Abonnement 3 mois - \\\"D\u00e9lices Classiques\\\" - pour une Famille - Burren Smokehouse\",\"isPartOf\":{\"@id\":\"https:\\\/\\\/www.burrensmokehouse.com\\\/fr\\\/#website\"},\"primaryImageOfPage\":{\"@id\":\"https:\\\/\\\/www.burrensmokehouse.com\\\/fr\\\/produit\\\/simple-simple-livraisons-trimestrielles-pour-une-famille\\\/#primaryimage\"},\"image\":{\"@id\":\"https:\\\/\\\/www.burrensmokehouse.com\\\/fr\\\/produit\\\/simple-simple-livraisons-trimestrielles-pour-une-famille\\\/#primaryimage\"},\"thumbnailUrl\":\"https:\\\/\\\/www.burrensmokehouse.com\\\/wp-content\\\/uploads\\\/2022\\\/02\\\/Plain___Simple_Monthly_delivery_for_a_Family_P1.jpeg\",\"datePublished\":\"2022-06-16T09:22:50+00:00\",\"dateModified\":\"2025-07-09T10:34:00+00:00\",\"breadcrumb\":{\"@id\":\"https:\\\/\\\/www.burrensmokehouse.com\\\/fr\\\/produit\\\/simple-simple-livraisons-trimestrielles-pour-une-famille\\\/#breadcrumb\"},\"inLanguage\":\"fr-FR\",\"potentialAction\":[{\"@type\":\"ReadAction\",\"target\":[\"https:\\\/\\\/www.burrensmokehouse.com\\\/fr\\\/produit\\\/simple-simple-livraisons-trimestrielles-pour-une-famille\\\/\"]}]},{\"@type\":\"ImageObject\",\"inLanguage\":\"fr-FR\",\"@id\":\"https:\\\/\\\/www.burrensmokehouse.com\\\/fr\\\/produit\\\/simple-simple-livraisons-trimestrielles-pour-une-famille\\\/#primaryimage\",\"url\":\"https:\\\/\\\/www.burrensmokehouse.com\\\/wp-content\\\/uploads\\\/2022\\\/02\\\/Plain___Simple_Monthly_delivery_for_a_Family_P1.jpeg\",\"contentUrl\":\"https:\\\/\\\/www.burrensmokehouse.com\\\/wp-content\\\/uploads\\\/2022\\\/02\\\/Plain___Simple_Monthly_delivery_for_a_Family_P1.jpeg\",\"width\":800,\"height\":1000},{\"@type\":\"BreadcrumbList\",\"@id\":\"https:\\\/\\\/www.burrensmokehouse.com\\\/fr\\\/produit\\\/simple-simple-livraisons-trimestrielles-pour-une-famille\\\/#breadcrumb\",\"itemListElement\":[{\"@type\":\"ListItem\",\"position\":1,\"name\":\"Home\",\"item\":\"https:\\\/\\\/www.burrensmokehouse.com\\\/fr\\\/\"},{\"@type\":\"ListItem\",\"position\":2,\"name\":\"Boutique\",\"item\":\"https:\\\/\\\/www.burrensmokehouse.com\\\/fr\\\/boutique\\\/\"},{\"@type\":\"ListItem\",\"position\":3,\"name\":\"Abonnement 3 mois &#8211; &#8220;D\u00e9lices Classiques&#8221; &#8211; pour une Famille\"}]},{\"@type\":\"WebSite\",\"@id\":\"https:\\\/\\\/www.burrensmokehouse.com\\\/fr\\\/#website\",\"url\":\"https:\\\/\\\/www.burrensmokehouse.com\\\/fr\\\/\",\"name\":\"Burren Smokehouse\",\"description\":\"\",\"publisher\":{\"@id\":\"https:\\\/\\\/www.burrensmokehouse.com\\\/fr\\\/#organization\"},\"potentialAction\":[{\"@type\":\"SearchAction\",\"target\":{\"@type\":\"EntryPoint\",\"urlTemplate\":\"https:\\\/\\\/www.burrensmokehouse.com\\\/fr\\\/?s={search_term_string}\"},\"query-input\":{\"@type\":\"PropertyValueSpecification\",\"valueRequired\":true,\"valueName\":\"search_term_string\"}}],\"inLanguage\":\"fr-FR\"},{\"@type\":\"Organization\",\"@id\":\"https:\\\/\\\/www.burrensmokehouse.com\\\/fr\\\/#organization\",\"name\":\"Burren Smokehouse\",\"url\":\"https:\\\/\\\/www.burrensmokehouse.com\\\/fr\\\/\",\"logo\":{\"@type\":\"ImageObject\",\"inLanguage\":\"fr-FR\",\"@id\":\"https:\\\/\\\/www.burrensmokehouse.com\\\/fr\\\/#\\\/schema\\\/logo\\\/image\\\/\",\"url\":\"https:\\\/\\\/www.burrensmokehouse.com\\\/wp-content\\\/uploads\\\/2021\\\/07\\\/logo.png\",\"contentUrl\":\"https:\\\/\\\/www.burrensmokehouse.com\\\/wp-content\\\/uploads\\\/2021\\\/07\\\/logo.png\",\"width\":432,\"height\":99,\"caption\":\"Burren Smokehouse\"},\"image\":{\"@id\":\"https:\\\/\\\/www.burrensmokehouse.com\\\/fr\\\/#\\\/schema\\\/logo\\\/image\\\/\"}}]}<\/script>\n<!-- \/ Yoast SEO plugin. -->","yoast_head_json":{"title":"Abonnement 3 mois - \"D\u00e9lices Classiques\" - pour une Famille - Burren Smokehouse","robots":{"index":"index","follow":"follow","max-snippet":"max-snippet:-1","max-image-preview":"max-image-preview:large","max-video-preview":"max-video-preview:-1"},"canonical":"https:\/\/www.burrensmokehouse.com\/fr\/produit\/simple-simple-livraisons-trimestrielles-pour-une-famille\/","og_locale":"fr_FR","og_type":"article","og_title":"Abonnement 3 mois - \"D\u00e9lices Classiques\" - pour une Famille - Burren Smokehouse","og_description":"Qui n'aimerait pas que de d\u00e9licieux plats soient livr\u00e9s automatiquement tous les mois? Cette option convient \u00e0 une famille et contient 1 paquet de 500 g de notre saumon fum\u00e9 \u00e0 chaud et \u00e0 froid non aromatis\u00e9 pour une exp\u00e9rience gustative pure.","og_url":"https:\/\/www.burrensmokehouse.com\/fr\/produit\/simple-simple-livraisons-trimestrielles-pour-une-famille\/","og_site_name":"Burren Smokehouse","article_modified_time":"2025-07-09T10:34:00+00:00","og_image":[{"width":800,"height":1000,"url":"https:\/\/www.burrensmokehouse.com\/wp-content\/uploads\/2022\/02\/Plain___Simple_Monthly_delivery_for_a_Family_P1.jpeg","type":"image\/jpeg"}],"twitter_card":"summary_large_image","twitter_misc":{"Dur\u00e9e de lecture estim\u00e9e":"2 minutes"},"schema":{"@context":"https:\/\/schema.org","@graph":[{"@type":"WebPage","@id":"https:\/\/www.burrensmokehouse.com\/fr\/produit\/simple-simple-livraisons-trimestrielles-pour-une-famille\/","url":"https:\/\/www.burrensmokehouse.com\/fr\/produit\/simple-simple-livraisons-trimestrielles-pour-une-famille\/","name":"Abonnement 3 mois - \"D\u00e9lices Classiques\" - pour une Famille - Burren Smokehouse","isPartOf":{"@id":"https:\/\/www.burrensmokehouse.com\/fr\/#website"},"primaryImageOfPage":{"@id":"https:\/\/www.burrensmokehouse.com\/fr\/produit\/simple-simple-livraisons-trimestrielles-pour-une-famille\/#primaryimage"},"image":{"@id":"https:\/\/www.burrensmokehouse.com\/fr\/produit\/simple-simple-livraisons-trimestrielles-pour-une-famille\/#primaryimage"},"thumbnailUrl":"https:\/\/www.burrensmokehouse.com\/wp-content\/uploads\/2022\/02\/Plain___Simple_Monthly_delivery_for_a_Family_P1.jpeg","datePublished":"2022-06-16T09:22:50+00:00","dateModified":"2025-07-09T10:34:00+00:00","breadcrumb":{"@id":"https:\/\/www.burrensmokehouse.com\/fr\/produit\/simple-simple-livraisons-trimestrielles-pour-une-famille\/#breadcrumb"},"inLanguage":"fr-FR","potentialAction":[{"@type":"ReadAction","target":["https:\/\/www.burrensmokehouse.com\/fr\/produit\/simple-simple-livraisons-trimestrielles-pour-une-famille\/"]}]},{"@type":"ImageObject","inLanguage":"fr-FR","@id":"https:\/\/www.burrensmokehouse.com\/fr\/produit\/simple-simple-livraisons-trimestrielles-pour-une-famille\/#primaryimage","url":"https:\/\/www.burrensmokehouse.com\/wp-content\/uploads\/2022\/02\/Plain___Simple_Monthly_delivery_for_a_Family_P1.jpeg","contentUrl":"https:\/\/www.burrensmokehouse.com\/wp-content\/uploads\/2022\/02\/Plain___Simple_Monthly_delivery_for_a_Family_P1.jpeg","width":800,"height":1000},{"@type":"BreadcrumbList","@id":"https:\/\/www.burrensmokehouse.com\/fr\/produit\/simple-simple-livraisons-trimestrielles-pour-une-famille\/#breadcrumb","itemListElement":[{"@type":"ListItem","position":1,"name":"Home","item":"https:\/\/www.burrensmokehouse.com\/fr\/"},{"@type":"ListItem","position":2,"name":"Boutique","item":"https:\/\/www.burrensmokehouse.com\/fr\/boutique\/"},{"@type":"ListItem","position":3,"name":"Abonnement 3 mois &#8211; &#8220;D\u00e9lices Classiques&#8221; &#8211; pour une Famille"}]},{"@type":"WebSite","@id":"https:\/\/www.burrensmokehouse.com\/fr\/#website","url":"https:\/\/www.burrensmokehouse.com\/fr\/","name":"Burren Smokehouse","description":"","publisher":{"@id":"https:\/\/www.burrensmokehouse.com\/fr\/#organization"},"potentialAction":[{"@type":"SearchAction","target":{"@type":"EntryPoint","urlTemplate":"https:\/\/www.burrensmokehouse.com\/fr\/?s={search_term_string}"},"query-input":{"@type":"PropertyValueSpecification","valueRequired":true,"valueName":"search_term_string"}}],"inLanguage":"fr-FR"},{"@type":"Organization","@id":"https:\/\/www.burrensmokehouse.com\/fr\/#organization","name":"Burren Smokehouse","url":"https:\/\/www.burrensmokehouse.com\/fr\/","logo":{"@type":"ImageObject","inLanguage":"fr-FR","@id":"https:\/\/www.burrensmokehouse.com\/fr\/#\/schema\/logo\/image\/","url":"https:\/\/www.burrensmokehouse.com\/wp-content\/uploads\/2021\/07\/logo.png","contentUrl":"https:\/\/www.burrensmokehouse.com\/wp-content\/uploads\/2021\/07\/logo.png","width":432,"height":99,"caption":"Burren Smokehouse"},"image":{"@id":"https:\/\/www.burrensmokehouse.com\/fr\/#\/schema\/logo\/image\/"}}]}},"_links":{"self":[{"href":"https:\/\/www.burrensmokehouse.com\/fr\/wp-json\/wp\/v2\/product\/12614","targetHints":{"allow":["GET"]}}],"collection":[{"href":"https:\/\/www.burrensmokehouse.com\/fr\/wp-json\/wp\/v2\/product"}],"about":[{"href":"https:\/\/www.burrensmokehouse.com\/fr\/wp-json\/wp\/v2\/types\/product"}],"replies":[{"embeddable":true,"href":"https:\/\/www.burrensmokehouse.com\/fr\/wp-json\/wp\/v2\/comments?post=12614"}],"wp:featuredmedia":[{"embeddable":true,"href":"https:\/\/www.burrensmokehouse.com\/fr\/wp-json\/wp\/v2\/media\/6696"}],"wp:attachment":[{"href":"https:\/\/www.burrensmokehouse.com\/fr\/wp-json\/wp\/v2\/media?parent=12614"}],"wp:term":[{"taxonomy":"product_brand","embeddable":true,"href":"https:\/\/www.burrensmokehouse.com\/fr\/wp-json\/wp\/v2\/product_brand?post=12614"},{"taxonomy":"product_cat","embeddable":true,"href":"https:\/\/www.burrensmokehouse.com\/fr\/wp-json\/wp\/v2\/product_cat?post=12614"},{"taxonomy":"product_tag","embeddable":true,"href":"https:\/\/www.burrensmokehouse.com\/fr\/wp-json\/wp\/v2\/product_tag?post=12614"}],"curies":[{"name":"wp","href":"https:\/\/api.w.org\/{rel}","templated":true}]}}