{"id":12630,"date":"2022-02-11T12:08:49","date_gmt":"2022-06-16T09:36:38","guid":{"rendered":"https:\/\/www.burrensmokehouse.com\/product\/19-le-panier-du-burren-grand\/"},"modified":"2025-09-22T17:08:19","modified_gmt":"2025-09-22T16:08:19","slug":"burren-panier-large","status":"publish","type":"product","link":"https:\/\/www.burrensmokehouse.com\/fr\/produit\/burren-panier-large\/","title":{"rendered":"Le panier du Burren &#8211; Grand"},"content":{"rendered":"<p>Si vous ne pouvez pas vous rendre au Burren, laissez le Burren venir \u00e0 vous !<\/p>\n<p>Dans ce panier-cadeau, une variante du <a href=\"https:\/\/www.burrensmokehouse.com\/burren-food-trail-basket-medium\" target=\"_blank\" rel=\"noopener\">Burren Basket &#8211; Medium<\/a> , nous avons rassembl\u00e9 des produits fabriqu\u00e9s dans le Burren &#8211; par les membres du Burren Food Trail.<\/p>\n<p>Le Burren Food Trail fait partie du Burren Ecotourism Network.<\/p>\n<p>Ce panier contient :<\/p>\n<ul>\n<li>180g de Saumon Biologique Irlandais Classique Fum\u00e9 \u00e0 Froid<\/li>\n<li>140g de Saumon Bio Irlandais Fum\u00e9 \u00e0 Chaud au Miel, Citron &amp; Poivre<\/li>\n<li>500 g de fromage de ch\u00e8vre b\u00fbche de fr\u00eane St. Tola, recouvert de cendre comestible<\/li>\n<li>220g Burren Gold Gouda \u00e0 l&rsquo;ail et \u00e0 l&rsquo;ortie de la grotte d&rsquo;Aillwee<\/li>\n<li>Paquet de 450 g de boudin noir et blanc de Market House (contient du gluten)<\/li>\n<li>Pot de 220g de Chutney de Betterave<\/li>\n<li>Pot de 225 g de marmelade de whisky Burren, tous deux de Burren Fine Wine &amp; Food<\/li>\n<li>280g de m\u00e9lange de pain au soda brun de Doolin Pantry, Falaises de Moher<\/li>\n<li>285g de Granola de Slieve Elva B&amp;B<\/li>\n<li>Livre photo \u201cThis is the Burren\u201d par Carsten Krieger<\/li>\n<\/ul>\n<p>Nous ne pouvons exp\u00e9dier ce produit que vers des destinations sur l&rsquo;\u00eele d&rsquo;Irlande, au Royaume-Uni, en Europe centrale et \u00e0 New York, o\u00f9 l&rsquo;exp\u00e9dition ne prend qu&rsquo;une journ\u00e9e pour atteindre le destinataire.<\/p>\n<p>Aucune livraison vers le reste des \u00c9tats-Unis, du Canada, du Japon, de Hong Kong, etc.<\/p>\n<p>Veuillez noter que le contenu des coffrets cadeaux est soumis \u00e0 disponibilit\u00e9. Nous pouvons remplacer les articles en rupture de stock par des produits de m\u00eame qualit\u00e9 et prix pour assurer une livraison rapide.<\/p>\n","protected":false},"excerpt":{"rendered":"<p>Si vous ne pouvez pas vous rendre au Burren, laissez le Burren venir \u00e0 vous ! D\u00e9lices artisanaux fabriqu\u00e9s dans le Burren dans un panier-cadeau.<\/p>\n<p>Merci de soutenir les producteurs alimentaires locaux qui travaillent de mani\u00e8re durable pour produire des aliments authentiques en petites quantit\u00e9s.<\/p>\n<p>Nous ne pouvons exp\u00e9dier ce panier-cadeau que vers des destinations sur l&rsquo;\u00eele d&rsquo;Irlande (y compris l&rsquo;Irlande du Nord), l&rsquo;Europe centrale et la ville de New York, o\u00f9 l&rsquo;exp\u00e9dition ne prend qu&rsquo;une journ\u00e9e pour atteindre le destinataire. Aucune livraison possible vers le reste des \u00c9tats-Unis, le Canada, le Japon, Hong Kong et d&rsquo;autres destinations en deux jours.<\/p>\n<p><strong>Pourquoi les prix sur notre site sont-ils diff\u00e9rents de ceux du catalogue ?<\/strong><br \/>\nLes prix plus \u00e9lev\u00e9s sont d\u00fbs \u00e0 la TVA appliqu\u00e9e aux prix. Pour les exportations vers les pays de l&rsquo;UE, nous devons malheureusement facturer les taux de TVA habituels pour les produits respectifs dans le pays de destination. Il s&rsquo;agit d&rsquo;une l\u00e9gislation europ\u00e9enne.<br \/>\nCe taux de TVA est d\u00e9j\u00e0 calcul\u00e9 dans les prix affich\u00e9s sur le site, c&rsquo;est pourquoi il existe une diff\u00e9rence entre les prix du catalogue et ceux affich\u00e9s sur le site. Jusqu&rsquo;\u00e0 r\u00e9cemment, le site ajoutait la TVA \u00e0 la fin du processus de paiement, mais le r\u00e9sultat est le m\u00eame.<br \/>\nBien s\u00fbr il en va de m\u00eame pour les commandes que nous recevons par mail ou par t\u00e9l\u00e9phone.<\/p>\n","protected":false},"featured_media":24639,"comment_status":"open","ping_status":"closed","template":"","meta":{"_acf_changed":false,"om_disable_all_campaigns":false},"product_brand":[],"product_cat":[158],"product_tag":[],"class_list":{"0":"post-12630","1":"product","2":"type-product","3":"status-publish","4":"has-post-thumbnail","6":"product_cat-gift-ideas-hampers-fr","8":"first","9":"instock","10":"taxable","11":"shipping-taxable","12":"purchasable","13":"product-type-simple"},"acf":[],"yoast_head":"<!-- This site is optimized with the Yoast SEO plugin v27.3 - https:\/\/yoast.com\/product\/yoast-seo-wordpress\/ -->\n<title>Le panier du Burren - Grand - Burren Smokehouse<\/title>\n<meta name=\"robots\" content=\"index, follow, max-snippet:-1, max-image-preview:large, max-video-preview:-1\" \/>\n<link rel=\"canonical\" href=\"https:\/\/www.burrensmokehouse.com\/fr\/produit\/burren-panier-large\/\" \/>\n<meta property=\"og:locale\" content=\"fr_FR\" \/>\n<meta property=\"og:type\" content=\"article\" \/>\n<meta property=\"og:title\" content=\"Le panier du Burren - Grand - Burren Smokehouse\" \/>\n<meta property=\"og:description\" content=\"Si vous ne pouvez pas vous rendre au Burren, laissez le Burren venir \u00e0 vous ! D\u00e9lices artisanaux fabriqu\u00e9s dans le Burren dans un panier-cadeau.  Merci de soutenir les producteurs alimentaires locaux qui travaillent de mani\u00e8re durable pour produire des aliments authentiques en petites quantit\u00e9s.  Nous ne pouvons exp\u00e9dier ce panier-cadeau que vers des destinations sur l&#039;\u00eele d&#039;Irlande (y compris l&#039;Irlande du Nord), l&#039;Europe centrale et la ville de New York, o\u00f9 l&#039;exp\u00e9dition ne prend qu&#039;une journ\u00e9e pour atteindre le destinataire. Aucune livraison possible vers le reste des \u00c9tats-Unis, le Canada, le Japon, Hong Kong et d&#039;autres destinations en deux jours.  Pourquoi les prix sur notre site sont-ils diff\u00e9rents de ceux du catalogue ? Les prix plus \u00e9lev\u00e9s sont d\u00fbs \u00e0 la TVA appliqu\u00e9e aux prix. Pour les exportations vers les pays de l&#039;UE, nous devons malheureusement facturer les taux de TVA habituels pour les produits respectifs dans le pays de destination. Il s&#039;agit d&#039;une l\u00e9gislation europ\u00e9enne. Ce taux de TVA est d\u00e9j\u00e0 calcul\u00e9 dans les prix affich\u00e9s sur le site, c&#039;est pourquoi il existe une diff\u00e9rence entre les prix du catalogue et ceux affich\u00e9s sur le site. Jusqu&#039;\u00e0 r\u00e9cemment, le site ajoutait la TVA \u00e0 la fin du processus de paiement, mais le r\u00e9sultat est le m\u00eame. Bien s\u00fbr il en va de m\u00eame pour les commandes que nous recevons par mail ou par t\u00e9l\u00e9phone.\" \/>\n<meta property=\"og:url\" content=\"https:\/\/www.burrensmokehouse.com\/fr\/produit\/burren-panier-large\/\" \/>\n<meta property=\"og:site_name\" content=\"Burren Smokehouse\" \/>\n<meta property=\"article:modified_time\" content=\"2025-09-22T16:08:19+00:00\" \/>\n<meta property=\"og:image\" content=\"https:\/\/www.burrensmokehouse.com\/wp-content\/uploads\/2022\/02\/15-Burren-Basket-Large-BBASKETLARGE-\u00a9-Anita-Murphy-2025-1200px.jpg\" \/>\n\t<meta property=\"og:image:width\" content=\"1200\" \/>\n\t<meta property=\"og:image:height\" content=\"798\" \/>\n\t<meta property=\"og:image:type\" content=\"image\/jpeg\" \/>\n<meta name=\"twitter:card\" content=\"summary_large_image\" \/>\n<meta name=\"twitter:label1\" content=\"Dur\u00e9e de lecture estim\u00e9e\" \/>\n\t<meta name=\"twitter:data1\" content=\"2 minutes\" \/>\n<script type=\"application\/ld+json\" class=\"yoast-schema-graph\">{\"@context\":\"https:\\\/\\\/schema.org\",\"@graph\":[{\"@type\":\"WebPage\",\"@id\":\"https:\\\/\\\/www.burrensmokehouse.com\\\/fr\\\/produit\\\/burren-panier-large\\\/\",\"url\":\"https:\\\/\\\/www.burrensmokehouse.com\\\/fr\\\/produit\\\/burren-panier-large\\\/\",\"name\":\"Le panier du Burren - Grand - Burren Smokehouse\",\"isPartOf\":{\"@id\":\"https:\\\/\\\/www.burrensmokehouse.com\\\/fr\\\/#website\"},\"primaryImageOfPage\":{\"@id\":\"https:\\\/\\\/www.burrensmokehouse.com\\\/fr\\\/produit\\\/burren-panier-large\\\/#primaryimage\"},\"image\":{\"@id\":\"https:\\\/\\\/www.burrensmokehouse.com\\\/fr\\\/produit\\\/burren-panier-large\\\/#primaryimage\"},\"thumbnailUrl\":\"https:\\\/\\\/www.burrensmokehouse.com\\\/wp-content\\\/uploads\\\/2022\\\/02\\\/15-Burren-Basket-Large-BBASKETLARGE-\u00a9-Anita-Murphy-2025-1200px.jpg\",\"datePublished\":\"2022-06-16T09:36:38+00:00\",\"dateModified\":\"2025-09-22T16:08:19+00:00\",\"breadcrumb\":{\"@id\":\"https:\\\/\\\/www.burrensmokehouse.com\\\/fr\\\/produit\\\/burren-panier-large\\\/#breadcrumb\"},\"inLanguage\":\"fr-FR\",\"potentialAction\":[{\"@type\":\"ReadAction\",\"target\":[\"https:\\\/\\\/www.burrensmokehouse.com\\\/fr\\\/produit\\\/burren-panier-large\\\/\"]}]},{\"@type\":\"ImageObject\",\"inLanguage\":\"fr-FR\",\"@id\":\"https:\\\/\\\/www.burrensmokehouse.com\\\/fr\\\/produit\\\/burren-panier-large\\\/#primaryimage\",\"url\":\"https:\\\/\\\/www.burrensmokehouse.com\\\/wp-content\\\/uploads\\\/2022\\\/02\\\/15-Burren-Basket-Large-BBASKETLARGE-\u00a9-Anita-Murphy-2025-1200px.jpg\",\"contentUrl\":\"https:\\\/\\\/www.burrensmokehouse.com\\\/wp-content\\\/uploads\\\/2022\\\/02\\\/15-Burren-Basket-Large-BBASKETLARGE-\u00a9-Anita-Murphy-2025-1200px.jpg\",\"width\":1200,\"height\":798,\"caption\":\"Burren Basket Large Burren Smokehouse gift hamper BBASKETLARGE\"},{\"@type\":\"BreadcrumbList\",\"@id\":\"https:\\\/\\\/www.burrensmokehouse.com\\\/fr\\\/produit\\\/burren-panier-large\\\/#breadcrumb\",\"itemListElement\":[{\"@type\":\"ListItem\",\"position\":1,\"name\":\"Home\",\"item\":\"https:\\\/\\\/www.burrensmokehouse.com\\\/fr\\\/\"},{\"@type\":\"ListItem\",\"position\":2,\"name\":\"Boutique\",\"item\":\"https:\\\/\\\/www.burrensmokehouse.com\\\/fr\\\/boutique\\\/\"},{\"@type\":\"ListItem\",\"position\":3,\"name\":\"Le panier du Burren &#8211; Grand\"}]},{\"@type\":\"WebSite\",\"@id\":\"https:\\\/\\\/www.burrensmokehouse.com\\\/fr\\\/#website\",\"url\":\"https:\\\/\\\/www.burrensmokehouse.com\\\/fr\\\/\",\"name\":\"Burren Smokehouse\",\"description\":\"\",\"publisher\":{\"@id\":\"https:\\\/\\\/www.burrensmokehouse.com\\\/fr\\\/#organization\"},\"potentialAction\":[{\"@type\":\"SearchAction\",\"target\":{\"@type\":\"EntryPoint\",\"urlTemplate\":\"https:\\\/\\\/www.burrensmokehouse.com\\\/fr\\\/?s={search_term_string}\"},\"query-input\":{\"@type\":\"PropertyValueSpecification\",\"valueRequired\":true,\"valueName\":\"search_term_string\"}}],\"inLanguage\":\"fr-FR\"},{\"@type\":\"Organization\",\"@id\":\"https:\\\/\\\/www.burrensmokehouse.com\\\/fr\\\/#organization\",\"name\":\"Burren Smokehouse\",\"url\":\"https:\\\/\\\/www.burrensmokehouse.com\\\/fr\\\/\",\"logo\":{\"@type\":\"ImageObject\",\"inLanguage\":\"fr-FR\",\"@id\":\"https:\\\/\\\/www.burrensmokehouse.com\\\/fr\\\/#\\\/schema\\\/logo\\\/image\\\/\",\"url\":\"https:\\\/\\\/www.burrensmokehouse.com\\\/wp-content\\\/uploads\\\/2021\\\/07\\\/logo.png\",\"contentUrl\":\"https:\\\/\\\/www.burrensmokehouse.com\\\/wp-content\\\/uploads\\\/2021\\\/07\\\/logo.png\",\"width\":432,\"height\":99,\"caption\":\"Burren Smokehouse\"},\"image\":{\"@id\":\"https:\\\/\\\/www.burrensmokehouse.com\\\/fr\\\/#\\\/schema\\\/logo\\\/image\\\/\"}}]}<\/script>\n<!-- \/ Yoast SEO plugin. -->","yoast_head_json":{"title":"Le panier du Burren - Grand - Burren Smokehouse","robots":{"index":"index","follow":"follow","max-snippet":"max-snippet:-1","max-image-preview":"max-image-preview:large","max-video-preview":"max-video-preview:-1"},"canonical":"https:\/\/www.burrensmokehouse.com\/fr\/produit\/burren-panier-large\/","og_locale":"fr_FR","og_type":"article","og_title":"Le panier du Burren - Grand - Burren Smokehouse","og_description":"Si vous ne pouvez pas vous rendre au Burren, laissez le Burren venir \u00e0 vous ! D\u00e9lices artisanaux fabriqu\u00e9s dans le Burren dans un panier-cadeau.  Merci de soutenir les producteurs alimentaires locaux qui travaillent de mani\u00e8re durable pour produire des aliments authentiques en petites quantit\u00e9s.  Nous ne pouvons exp\u00e9dier ce panier-cadeau que vers des destinations sur l'\u00eele d'Irlande (y compris l'Irlande du Nord), l'Europe centrale et la ville de New York, o\u00f9 l'exp\u00e9dition ne prend qu'une journ\u00e9e pour atteindre le destinataire. Aucune livraison possible vers le reste des \u00c9tats-Unis, le Canada, le Japon, Hong Kong et d'autres destinations en deux jours.  Pourquoi les prix sur notre site sont-ils diff\u00e9rents de ceux du catalogue ? Les prix plus \u00e9lev\u00e9s sont d\u00fbs \u00e0 la TVA appliqu\u00e9e aux prix. Pour les exportations vers les pays de l'UE, nous devons malheureusement facturer les taux de TVA habituels pour les produits respectifs dans le pays de destination. Il s'agit d'une l\u00e9gislation europ\u00e9enne. Ce taux de TVA est d\u00e9j\u00e0 calcul\u00e9 dans les prix affich\u00e9s sur le site, c'est pourquoi il existe une diff\u00e9rence entre les prix du catalogue et ceux affich\u00e9s sur le site. Jusqu'\u00e0 r\u00e9cemment, le site ajoutait la TVA \u00e0 la fin du processus de paiement, mais le r\u00e9sultat est le m\u00eame. Bien s\u00fbr il en va de m\u00eame pour les commandes que nous recevons par mail ou par t\u00e9l\u00e9phone.","og_url":"https:\/\/www.burrensmokehouse.com\/fr\/produit\/burren-panier-large\/","og_site_name":"Burren Smokehouse","article_modified_time":"2025-09-22T16:08:19+00:00","og_image":[{"width":1200,"height":798,"url":"https:\/\/www.burrensmokehouse.com\/wp-content\/uploads\/2022\/02\/15-Burren-Basket-Large-BBASKETLARGE-\u00a9-Anita-Murphy-2025-1200px.jpg","type":"image\/jpeg"}],"twitter_card":"summary_large_image","twitter_misc":{"Dur\u00e9e de lecture estim\u00e9e":"2 minutes"},"schema":{"@context":"https:\/\/schema.org","@graph":[{"@type":"WebPage","@id":"https:\/\/www.burrensmokehouse.com\/fr\/produit\/burren-panier-large\/","url":"https:\/\/www.burrensmokehouse.com\/fr\/produit\/burren-panier-large\/","name":"Le panier du Burren - Grand - Burren Smokehouse","isPartOf":{"@id":"https:\/\/www.burrensmokehouse.com\/fr\/#website"},"primaryImageOfPage":{"@id":"https:\/\/www.burrensmokehouse.com\/fr\/produit\/burren-panier-large\/#primaryimage"},"image":{"@id":"https:\/\/www.burrensmokehouse.com\/fr\/produit\/burren-panier-large\/#primaryimage"},"thumbnailUrl":"https:\/\/www.burrensmokehouse.com\/wp-content\/uploads\/2022\/02\/15-Burren-Basket-Large-BBASKETLARGE-\u00a9-Anita-Murphy-2025-1200px.jpg","datePublished":"2022-06-16T09:36:38+00:00","dateModified":"2025-09-22T16:08:19+00:00","breadcrumb":{"@id":"https:\/\/www.burrensmokehouse.com\/fr\/produit\/burren-panier-large\/#breadcrumb"},"inLanguage":"fr-FR","potentialAction":[{"@type":"ReadAction","target":["https:\/\/www.burrensmokehouse.com\/fr\/produit\/burren-panier-large\/"]}]},{"@type":"ImageObject","inLanguage":"fr-FR","@id":"https:\/\/www.burrensmokehouse.com\/fr\/produit\/burren-panier-large\/#primaryimage","url":"https:\/\/www.burrensmokehouse.com\/wp-content\/uploads\/2022\/02\/15-Burren-Basket-Large-BBASKETLARGE-\u00a9-Anita-Murphy-2025-1200px.jpg","contentUrl":"https:\/\/www.burrensmokehouse.com\/wp-content\/uploads\/2022\/02\/15-Burren-Basket-Large-BBASKETLARGE-\u00a9-Anita-Murphy-2025-1200px.jpg","width":1200,"height":798,"caption":"Burren Basket Large Burren Smokehouse gift hamper BBASKETLARGE"},{"@type":"BreadcrumbList","@id":"https:\/\/www.burrensmokehouse.com\/fr\/produit\/burren-panier-large\/#breadcrumb","itemListElement":[{"@type":"ListItem","position":1,"name":"Home","item":"https:\/\/www.burrensmokehouse.com\/fr\/"},{"@type":"ListItem","position":2,"name":"Boutique","item":"https:\/\/www.burrensmokehouse.com\/fr\/boutique\/"},{"@type":"ListItem","position":3,"name":"Le panier du Burren &#8211; Grand"}]},{"@type":"WebSite","@id":"https:\/\/www.burrensmokehouse.com\/fr\/#website","url":"https:\/\/www.burrensmokehouse.com\/fr\/","name":"Burren Smokehouse","description":"","publisher":{"@id":"https:\/\/www.burrensmokehouse.com\/fr\/#organization"},"potentialAction":[{"@type":"SearchAction","target":{"@type":"EntryPoint","urlTemplate":"https:\/\/www.burrensmokehouse.com\/fr\/?s={search_term_string}"},"query-input":{"@type":"PropertyValueSpecification","valueRequired":true,"valueName":"search_term_string"}}],"inLanguage":"fr-FR"},{"@type":"Organization","@id":"https:\/\/www.burrensmokehouse.com\/fr\/#organization","name":"Burren Smokehouse","url":"https:\/\/www.burrensmokehouse.com\/fr\/","logo":{"@type":"ImageObject","inLanguage":"fr-FR","@id":"https:\/\/www.burrensmokehouse.com\/fr\/#\/schema\/logo\/image\/","url":"https:\/\/www.burrensmokehouse.com\/wp-content\/uploads\/2021\/07\/logo.png","contentUrl":"https:\/\/www.burrensmokehouse.com\/wp-content\/uploads\/2021\/07\/logo.png","width":432,"height":99,"caption":"Burren Smokehouse"},"image":{"@id":"https:\/\/www.burrensmokehouse.com\/fr\/#\/schema\/logo\/image\/"}}]}},"_links":{"self":[{"href":"https:\/\/www.burrensmokehouse.com\/fr\/wp-json\/wp\/v2\/product\/12630","targetHints":{"allow":["GET"]}}],"collection":[{"href":"https:\/\/www.burrensmokehouse.com\/fr\/wp-json\/wp\/v2\/product"}],"about":[{"href":"https:\/\/www.burrensmokehouse.com\/fr\/wp-json\/wp\/v2\/types\/product"}],"replies":[{"embeddable":true,"href":"https:\/\/www.burrensmokehouse.com\/fr\/wp-json\/wp\/v2\/comments?post=12630"}],"wp:featuredmedia":[{"embeddable":true,"href":"https:\/\/www.burrensmokehouse.com\/fr\/wp-json\/wp\/v2\/media\/24639"}],"wp:attachment":[{"href":"https:\/\/www.burrensmokehouse.com\/fr\/wp-json\/wp\/v2\/media?parent=12630"}],"wp:term":[{"taxonomy":"product_brand","embeddable":true,"href":"https:\/\/www.burrensmokehouse.com\/fr\/wp-json\/wp\/v2\/product_brand?post=12630"},{"taxonomy":"product_cat","embeddable":true,"href":"https:\/\/www.burrensmokehouse.com\/fr\/wp-json\/wp\/v2\/product_cat?post=12630"},{"taxonomy":"product_tag","embeddable":true,"href":"https:\/\/www.burrensmokehouse.com\/fr\/wp-json\/wp\/v2\/product_tag?post=12630"}],"curies":[{"name":"wp","href":"https:\/\/api.w.org\/{rel}","templated":true}]}}