{"id":12694,"date":"2022-02-11T12:07:52","date_gmt":"2022-06-16T10:00:21","guid":{"rendered":"https:\/\/www.burrensmokehouse.com\/product\/05-saumon-bio-irlandais-fume-a-chaud-du-burren-nature\/"},"modified":"2025-10-21T11:23:23","modified_gmt":"2025-10-21T10:23:23","slug":"saumon-fume-a-chaud-irlandais-biologique-nature","status":"publish","type":"product","link":"https:\/\/www.burrensmokehouse.com\/fr\/produit\/saumon-fume-a-chaud-irlandais-biologique-nature\/","title":{"rendered":"Saumon Bio Irlandais Fum\u00e9 \u00e0 Chaud du Burren &#8211; nature"},"content":{"rendered":"<p>Ce saumon biologique fum\u00e9 \u00e0 chaud &#8211; nature &#8211; s&rsquo;adresse \u00e0 tous les amateurs de saumon, mais surtout \u00e0 ceux qui aiment le go\u00fbt pur du saumon fum\u00e9 \u00e0 chaud, sans aucune distraction.<\/p>\n<p>Le fumage \u00e0 chaud est la m\u00e9thode scandinave de fumage \u00e0 une temp\u00e9rature plus \u00e9lev\u00e9e qui donne au saumon une texture feuillet\u00e9e et plus s\u00e8che que le fumage \u00e0 froid. Un favori m\u00eame pour ceux qui normalement ne mangeraient pas de saumon fum\u00e9 (froid).<\/p>\n<p><strong>L\u2019option de \u00ab 1300 g \u00bb sera un filet entier non tranch\u00e9e. <\/strong>Veuillez noter que le poids des filets non tranch\u00e9s (entiers) varie, avec un poids minimum de 1,2 kg par filet.<\/p>\n<p>Seul le filet entier sera disponible en version non tranch\u00e9e, mais aucun des autres poids.<\/p>\n<p><strong>De combien auriez-vous besoin ?<\/strong><\/p>\n<p>Cela d\u00e9pend toujours de la fa\u00e7on dont vous servez le saumon &#8211; sur du pain ou des craquelins \u00e0 l&rsquo;ap\u00e9ritif, en plat chaud, au d\u00e9jeuner&#8230; Voici une ligne directrice.<\/p>\n<ul>\n<li>1 kg : file non-tranch\u00e9 d&rsquo;env. 1 kg, non-tranch\u00e9. Portion suffisante pour une f\u00eate.<\/li>\n<li>500 g : Une bonne portion pour une famille ou un petit d\u00eener. D\u00e9coup\u00e9 en tranches.<\/li>\n<li>180 g : Assez pour deux personnes. D\u00e9coup\u00e9 en tranches.<\/li>\n<\/ul>\n","protected":false},"excerpt":{"rendered":"<p>Ce saumon biologique fum\u00e9 \u00e0 chaud &#8211; nature &#8211; s&rsquo;adresse \u00e0 tous les amateurs de saumon, mais surtout \u00e0 ceux qui aiment le go\u00fbt pur du saumon fum\u00e9 \u00e0 chaud, sans aucune distraction.<\/p>\n<p><strong>L\u2019option de \u00ab 1300 g \u00bb sera un filet entier non tranch\u00e9e. <\/strong>Veuillez noter que le poids des filets non tranch\u00e9s (entiers) varie, avec un poids minimum de 1,2 kg par filet.<br \/>\nSeul le filet entier sera disponible en version non tranch\u00e9e, mais aucun des autres poids.<\/p>\n<p><strong>Pourquoi les prix sur notre site sont-ils diff\u00e9rents de ceux du catalogue ?<\/strong><br \/>\nLes prix plus \u00e9lev\u00e9s sont d\u00fbs \u00e0 la TVA appliqu\u00e9e aux prix. Pour les exportations vers les pays de l&rsquo;UE, nous devons malheureusement facturer les taux de TVA habituels pour les produits respectifs dans le pays de destination. Il s&rsquo;agit d&rsquo;une l\u00e9gislation europ\u00e9enne.<br \/>\nCe taux de TVA est d\u00e9j\u00e0 calcul\u00e9 dans les prix affich\u00e9s sur le site, c&rsquo;est pourquoi il existe une diff\u00e9rence entre les prix du catalogue et ceux affich\u00e9s sur le site. Jusqu&rsquo;\u00e0 r\u00e9cemment, le site ajoutait la TVA \u00e0 la fin du processus de paiement, mais le r\u00e9sultat est le m\u00eame.<br \/>\nBien s\u00fbr il en va de m\u00eame pour les commandes que nous recevons par mail ou par t\u00e9l\u00e9phone.<\/p>\n","protected":false},"featured_media":6400,"comment_status":"open","ping_status":"closed","template":"","meta":{"_acf_changed":false,"om_disable_all_campaigns":false},"product_brand":[],"product_cat":[234,161],"product_tag":[],"class_list":{"0":"post-12694","1":"product","2":"type-product","3":"status-publish","4":"has-post-thumbnail","6":"product_cat-hot-fr","7":"product_cat-saumon-fume-irlandais","8":"pa_weight-g-1000-fr","9":"pa_weight-g-180-fr","10":"pa_weight-g-500-fr","11":"pa_weight-g-90-fr","13":"first","14":"instock","15":"taxable","16":"shipping-taxable","17":"purchasable","18":"product-type-variable"},"acf":[],"yoast_head":"<!-- This site is optimized with the Yoast SEO plugin v27.3 - https:\/\/yoast.com\/product\/yoast-seo-wordpress\/ -->\n<title>Saumon Bio Irlandais Fum\u00e9 \u00e0 Chaud du Burren - nature - Burren Smokehouse<\/title>\n<meta name=\"robots\" content=\"index, follow, max-snippet:-1, max-image-preview:large, max-video-preview:-1\" \/>\n<link rel=\"canonical\" href=\"https:\/\/www.burrensmokehouse.com\/fr\/produit\/saumon-fume-a-chaud-irlandais-biologique-nature\/\" \/>\n<meta property=\"og:locale\" content=\"fr_FR\" \/>\n<meta property=\"og:type\" content=\"article\" \/>\n<meta property=\"og:title\" content=\"Saumon Bio Irlandais Fum\u00e9 \u00e0 Chaud du Burren - nature - Burren Smokehouse\" \/>\n<meta property=\"og:description\" content=\"Ce saumon biologique fum\u00e9 \u00e0 chaud - nature - s&#039;adresse \u00e0 tous les amateurs de saumon, mais surtout \u00e0 ceux qui aiment le go\u00fbt pur du saumon fum\u00e9 \u00e0 chaud, sans aucune distraction.  L\u2019option de \u00ab 1300 g \u00bb sera un filet entier non tranch\u00e9e. Veuillez noter que le poids des filets non tranch\u00e9s (entiers) varie, avec un poids minimum de 1,2 kg par filet. Seul le filet entier sera disponible en version non tranch\u00e9e, mais aucun des autres poids.  Pourquoi les prix sur notre site sont-ils diff\u00e9rents de ceux du catalogue ? Les prix plus \u00e9lev\u00e9s sont d\u00fbs \u00e0 la TVA appliqu\u00e9e aux prix. Pour les exportations vers les pays de l&#039;UE, nous devons malheureusement facturer les taux de TVA habituels pour les produits respectifs dans le pays de destination. Il s&#039;agit d&#039;une l\u00e9gislation europ\u00e9enne. Ce taux de TVA est d\u00e9j\u00e0 calcul\u00e9 dans les prix affich\u00e9s sur le site, c&#039;est pourquoi il existe une diff\u00e9rence entre les prix du catalogue et ceux affich\u00e9s sur le site. Jusqu&#039;\u00e0 r\u00e9cemment, le site ajoutait la TVA \u00e0 la fin du processus de paiement, mais le r\u00e9sultat est le m\u00eame. Bien s\u00fbr il en va de m\u00eame pour les commandes que nous recevons par mail ou par t\u00e9l\u00e9phone.\" \/>\n<meta property=\"og:url\" content=\"https:\/\/www.burrensmokehouse.com\/fr\/produit\/saumon-fume-a-chaud-irlandais-biologique-nature\/\" \/>\n<meta property=\"og:site_name\" content=\"Burren Smokehouse\" \/>\n<meta property=\"article:modified_time\" content=\"2025-10-21T10:23:23+00:00\" \/>\n<meta property=\"og:image\" content=\"https:\/\/www.burrensmokehouse.com\/wp-content\/uploads\/2022\/02\/Hot_smoked_Organic_Irish_Salmon_plain_P1.jpeg\" \/>\n\t<meta property=\"og:image:width\" content=\"800\" \/>\n\t<meta property=\"og:image:height\" content=\"1000\" \/>\n\t<meta property=\"og:image:type\" content=\"image\/jpeg\" \/>\n<meta name=\"twitter:card\" content=\"summary_large_image\" \/>\n<meta name=\"twitter:label1\" content=\"Dur\u00e9e de lecture estim\u00e9e\" \/>\n\t<meta name=\"twitter:data1\" content=\"2 minutes\" \/>\n<script type=\"application\/ld+json\" class=\"yoast-schema-graph\">{\"@context\":\"https:\\\/\\\/schema.org\",\"@graph\":[{\"@type\":\"WebPage\",\"@id\":\"https:\\\/\\\/www.burrensmokehouse.com\\\/fr\\\/produit\\\/saumon-fume-a-chaud-irlandais-biologique-nature\\\/\",\"url\":\"https:\\\/\\\/www.burrensmokehouse.com\\\/fr\\\/produit\\\/saumon-fume-a-chaud-irlandais-biologique-nature\\\/\",\"name\":\"Saumon Bio Irlandais Fum\u00e9 \u00e0 Chaud du Burren - nature - Burren Smokehouse\",\"isPartOf\":{\"@id\":\"https:\\\/\\\/www.burrensmokehouse.com\\\/fr\\\/#website\"},\"primaryImageOfPage\":{\"@id\":\"https:\\\/\\\/www.burrensmokehouse.com\\\/fr\\\/produit\\\/saumon-fume-a-chaud-irlandais-biologique-nature\\\/#primaryimage\"},\"image\":{\"@id\":\"https:\\\/\\\/www.burrensmokehouse.com\\\/fr\\\/produit\\\/saumon-fume-a-chaud-irlandais-biologique-nature\\\/#primaryimage\"},\"thumbnailUrl\":\"https:\\\/\\\/www.burrensmokehouse.com\\\/wp-content\\\/uploads\\\/2022\\\/02\\\/Hot_smoked_Organic_Irish_Salmon_plain_P1.jpeg\",\"datePublished\":\"2022-06-16T10:00:21+00:00\",\"dateModified\":\"2025-10-21T10:23:23+00:00\",\"breadcrumb\":{\"@id\":\"https:\\\/\\\/www.burrensmokehouse.com\\\/fr\\\/produit\\\/saumon-fume-a-chaud-irlandais-biologique-nature\\\/#breadcrumb\"},\"inLanguage\":\"fr-FR\",\"potentialAction\":[{\"@type\":\"ReadAction\",\"target\":[\"https:\\\/\\\/www.burrensmokehouse.com\\\/fr\\\/produit\\\/saumon-fume-a-chaud-irlandais-biologique-nature\\\/\"]}]},{\"@type\":\"ImageObject\",\"inLanguage\":\"fr-FR\",\"@id\":\"https:\\\/\\\/www.burrensmokehouse.com\\\/fr\\\/produit\\\/saumon-fume-a-chaud-irlandais-biologique-nature\\\/#primaryimage\",\"url\":\"https:\\\/\\\/www.burrensmokehouse.com\\\/wp-content\\\/uploads\\\/2022\\\/02\\\/Hot_smoked_Organic_Irish_Salmon_plain_P1.jpeg\",\"contentUrl\":\"https:\\\/\\\/www.burrensmokehouse.com\\\/wp-content\\\/uploads\\\/2022\\\/02\\\/Hot_smoked_Organic_Irish_Salmon_plain_P1.jpeg\",\"width\":800,\"height\":1000},{\"@type\":\"BreadcrumbList\",\"@id\":\"https:\\\/\\\/www.burrensmokehouse.com\\\/fr\\\/produit\\\/saumon-fume-a-chaud-irlandais-biologique-nature\\\/#breadcrumb\",\"itemListElement\":[{\"@type\":\"ListItem\",\"position\":1,\"name\":\"Home\",\"item\":\"https:\\\/\\\/www.burrensmokehouse.com\\\/fr\\\/\"},{\"@type\":\"ListItem\",\"position\":2,\"name\":\"Boutique\",\"item\":\"https:\\\/\\\/www.burrensmokehouse.com\\\/fr\\\/boutique\\\/\"},{\"@type\":\"ListItem\",\"position\":3,\"name\":\"Saumon Bio Irlandais Fum\u00e9 \u00e0 Chaud du Burren &#8211; nature\"}]},{\"@type\":\"WebSite\",\"@id\":\"https:\\\/\\\/www.burrensmokehouse.com\\\/fr\\\/#website\",\"url\":\"https:\\\/\\\/www.burrensmokehouse.com\\\/fr\\\/\",\"name\":\"Burren Smokehouse\",\"description\":\"\",\"publisher\":{\"@id\":\"https:\\\/\\\/www.burrensmokehouse.com\\\/fr\\\/#organization\"},\"potentialAction\":[{\"@type\":\"SearchAction\",\"target\":{\"@type\":\"EntryPoint\",\"urlTemplate\":\"https:\\\/\\\/www.burrensmokehouse.com\\\/fr\\\/?s={search_term_string}\"},\"query-input\":{\"@type\":\"PropertyValueSpecification\",\"valueRequired\":true,\"valueName\":\"search_term_string\"}}],\"inLanguage\":\"fr-FR\"},{\"@type\":\"Organization\",\"@id\":\"https:\\\/\\\/www.burrensmokehouse.com\\\/fr\\\/#organization\",\"name\":\"Burren Smokehouse\",\"url\":\"https:\\\/\\\/www.burrensmokehouse.com\\\/fr\\\/\",\"logo\":{\"@type\":\"ImageObject\",\"inLanguage\":\"fr-FR\",\"@id\":\"https:\\\/\\\/www.burrensmokehouse.com\\\/fr\\\/#\\\/schema\\\/logo\\\/image\\\/\",\"url\":\"https:\\\/\\\/www.burrensmokehouse.com\\\/wp-content\\\/uploads\\\/2021\\\/07\\\/logo.png\",\"contentUrl\":\"https:\\\/\\\/www.burrensmokehouse.com\\\/wp-content\\\/uploads\\\/2021\\\/07\\\/logo.png\",\"width\":432,\"height\":99,\"caption\":\"Burren Smokehouse\"},\"image\":{\"@id\":\"https:\\\/\\\/www.burrensmokehouse.com\\\/fr\\\/#\\\/schema\\\/logo\\\/image\\\/\"}}]}<\/script>\n<!-- \/ Yoast SEO plugin. -->","yoast_head_json":{"title":"Saumon Bio Irlandais Fum\u00e9 \u00e0 Chaud du Burren - nature - Burren Smokehouse","robots":{"index":"index","follow":"follow","max-snippet":"max-snippet:-1","max-image-preview":"max-image-preview:large","max-video-preview":"max-video-preview:-1"},"canonical":"https:\/\/www.burrensmokehouse.com\/fr\/produit\/saumon-fume-a-chaud-irlandais-biologique-nature\/","og_locale":"fr_FR","og_type":"article","og_title":"Saumon Bio Irlandais Fum\u00e9 \u00e0 Chaud du Burren - nature - Burren Smokehouse","og_description":"Ce saumon biologique fum\u00e9 \u00e0 chaud - nature - s'adresse \u00e0 tous les amateurs de saumon, mais surtout \u00e0 ceux qui aiment le go\u00fbt pur du saumon fum\u00e9 \u00e0 chaud, sans aucune distraction.  L\u2019option de \u00ab 1300 g \u00bb sera un filet entier non tranch\u00e9e. Veuillez noter que le poids des filets non tranch\u00e9s (entiers) varie, avec un poids minimum de 1,2 kg par filet. Seul le filet entier sera disponible en version non tranch\u00e9e, mais aucun des autres poids.  Pourquoi les prix sur notre site sont-ils diff\u00e9rents de ceux du catalogue ? Les prix plus \u00e9lev\u00e9s sont d\u00fbs \u00e0 la TVA appliqu\u00e9e aux prix. Pour les exportations vers les pays de l'UE, nous devons malheureusement facturer les taux de TVA habituels pour les produits respectifs dans le pays de destination. Il s'agit d'une l\u00e9gislation europ\u00e9enne. Ce taux de TVA est d\u00e9j\u00e0 calcul\u00e9 dans les prix affich\u00e9s sur le site, c'est pourquoi il existe une diff\u00e9rence entre les prix du catalogue et ceux affich\u00e9s sur le site. Jusqu'\u00e0 r\u00e9cemment, le site ajoutait la TVA \u00e0 la fin du processus de paiement, mais le r\u00e9sultat est le m\u00eame. Bien s\u00fbr il en va de m\u00eame pour les commandes que nous recevons par mail ou par t\u00e9l\u00e9phone.","og_url":"https:\/\/www.burrensmokehouse.com\/fr\/produit\/saumon-fume-a-chaud-irlandais-biologique-nature\/","og_site_name":"Burren Smokehouse","article_modified_time":"2025-10-21T10:23:23+00:00","og_image":[{"width":800,"height":1000,"url":"https:\/\/www.burrensmokehouse.com\/wp-content\/uploads\/2022\/02\/Hot_smoked_Organic_Irish_Salmon_plain_P1.jpeg","type":"image\/jpeg"}],"twitter_card":"summary_large_image","twitter_misc":{"Dur\u00e9e de lecture estim\u00e9e":"2 minutes"},"schema":{"@context":"https:\/\/schema.org","@graph":[{"@type":"WebPage","@id":"https:\/\/www.burrensmokehouse.com\/fr\/produit\/saumon-fume-a-chaud-irlandais-biologique-nature\/","url":"https:\/\/www.burrensmokehouse.com\/fr\/produit\/saumon-fume-a-chaud-irlandais-biologique-nature\/","name":"Saumon Bio Irlandais Fum\u00e9 \u00e0 Chaud du Burren - nature - Burren Smokehouse","isPartOf":{"@id":"https:\/\/www.burrensmokehouse.com\/fr\/#website"},"primaryImageOfPage":{"@id":"https:\/\/www.burrensmokehouse.com\/fr\/produit\/saumon-fume-a-chaud-irlandais-biologique-nature\/#primaryimage"},"image":{"@id":"https:\/\/www.burrensmokehouse.com\/fr\/produit\/saumon-fume-a-chaud-irlandais-biologique-nature\/#primaryimage"},"thumbnailUrl":"https:\/\/www.burrensmokehouse.com\/wp-content\/uploads\/2022\/02\/Hot_smoked_Organic_Irish_Salmon_plain_P1.jpeg","datePublished":"2022-06-16T10:00:21+00:00","dateModified":"2025-10-21T10:23:23+00:00","breadcrumb":{"@id":"https:\/\/www.burrensmokehouse.com\/fr\/produit\/saumon-fume-a-chaud-irlandais-biologique-nature\/#breadcrumb"},"inLanguage":"fr-FR","potentialAction":[{"@type":"ReadAction","target":["https:\/\/www.burrensmokehouse.com\/fr\/produit\/saumon-fume-a-chaud-irlandais-biologique-nature\/"]}]},{"@type":"ImageObject","inLanguage":"fr-FR","@id":"https:\/\/www.burrensmokehouse.com\/fr\/produit\/saumon-fume-a-chaud-irlandais-biologique-nature\/#primaryimage","url":"https:\/\/www.burrensmokehouse.com\/wp-content\/uploads\/2022\/02\/Hot_smoked_Organic_Irish_Salmon_plain_P1.jpeg","contentUrl":"https:\/\/www.burrensmokehouse.com\/wp-content\/uploads\/2022\/02\/Hot_smoked_Organic_Irish_Salmon_plain_P1.jpeg","width":800,"height":1000},{"@type":"BreadcrumbList","@id":"https:\/\/www.burrensmokehouse.com\/fr\/produit\/saumon-fume-a-chaud-irlandais-biologique-nature\/#breadcrumb","itemListElement":[{"@type":"ListItem","position":1,"name":"Home","item":"https:\/\/www.burrensmokehouse.com\/fr\/"},{"@type":"ListItem","position":2,"name":"Boutique","item":"https:\/\/www.burrensmokehouse.com\/fr\/boutique\/"},{"@type":"ListItem","position":3,"name":"Saumon Bio Irlandais Fum\u00e9 \u00e0 Chaud du Burren &#8211; nature"}]},{"@type":"WebSite","@id":"https:\/\/www.burrensmokehouse.com\/fr\/#website","url":"https:\/\/www.burrensmokehouse.com\/fr\/","name":"Burren Smokehouse","description":"","publisher":{"@id":"https:\/\/www.burrensmokehouse.com\/fr\/#organization"},"potentialAction":[{"@type":"SearchAction","target":{"@type":"EntryPoint","urlTemplate":"https:\/\/www.burrensmokehouse.com\/fr\/?s={search_term_string}"},"query-input":{"@type":"PropertyValueSpecification","valueRequired":true,"valueName":"search_term_string"}}],"inLanguage":"fr-FR"},{"@type":"Organization","@id":"https:\/\/www.burrensmokehouse.com\/fr\/#organization","name":"Burren Smokehouse","url":"https:\/\/www.burrensmokehouse.com\/fr\/","logo":{"@type":"ImageObject","inLanguage":"fr-FR","@id":"https:\/\/www.burrensmokehouse.com\/fr\/#\/schema\/logo\/image\/","url":"https:\/\/www.burrensmokehouse.com\/wp-content\/uploads\/2021\/07\/logo.png","contentUrl":"https:\/\/www.burrensmokehouse.com\/wp-content\/uploads\/2021\/07\/logo.png","width":432,"height":99,"caption":"Burren Smokehouse"},"image":{"@id":"https:\/\/www.burrensmokehouse.com\/fr\/#\/schema\/logo\/image\/"}}]}},"_links":{"self":[{"href":"https:\/\/www.burrensmokehouse.com\/fr\/wp-json\/wp\/v2\/product\/12694","targetHints":{"allow":["GET"]}}],"collection":[{"href":"https:\/\/www.burrensmokehouse.com\/fr\/wp-json\/wp\/v2\/product"}],"about":[{"href":"https:\/\/www.burrensmokehouse.com\/fr\/wp-json\/wp\/v2\/types\/product"}],"replies":[{"embeddable":true,"href":"https:\/\/www.burrensmokehouse.com\/fr\/wp-json\/wp\/v2\/comments?post=12694"}],"wp:featuredmedia":[{"embeddable":true,"href":"https:\/\/www.burrensmokehouse.com\/fr\/wp-json\/wp\/v2\/media\/6400"}],"wp:attachment":[{"href":"https:\/\/www.burrensmokehouse.com\/fr\/wp-json\/wp\/v2\/media?parent=12694"}],"wp:term":[{"taxonomy":"product_brand","embeddable":true,"href":"https:\/\/www.burrensmokehouse.com\/fr\/wp-json\/wp\/v2\/product_brand?post=12694"},{"taxonomy":"product_cat","embeddable":true,"href":"https:\/\/www.burrensmokehouse.com\/fr\/wp-json\/wp\/v2\/product_cat?post=12694"},{"taxonomy":"product_tag","embeddable":true,"href":"https:\/\/www.burrensmokehouse.com\/fr\/wp-json\/wp\/v2\/product_tag?post=12694"}],"curies":[{"name":"wp","href":"https:\/\/api.w.org\/{rel}","templated":true}]}}