{"id":14762,"date":"2022-11-18T14:48:04","date_gmt":"2022-11-18T14:48:04","guid":{"rendered":"https:\/\/www.burrensmokehouse.com\/product\/smoked-irish-eel\/"},"modified":"2026-04-21T14:33:16","modified_gmt":"2026-04-21T13:33:16","slug":"anguille-fumee-irlandaise","status":"publish","type":"product","link":"https:\/\/www.burrensmokehouse.com\/fr\/produit\/anguille-fumee-irlandaise\/","title":{"rendered":"Anguille Fum\u00e9e"},"content":{"rendered":"<p>Succ\u00e8s aux <strong>Great Taste Awards 2024<\/strong> ! Notre anguille fum\u00e9e enti\u00e8re a remport\u00e9 une <strong>M\u00e9daille d&rsquo;or 3 \u00e9toiles<\/strong> aux \u00ab\u00a0Oscars du monde de l&rsquo;alimentation\u00a0\u00bb. Une belle r\u00e9ussite que de recevoir la plus haute m\u00e9daille parmi un total de 14 000 produits soumis ! <a href=\"https:\/\/www.burrensmokehouse.com\/fr\/recompenses-oscars-du-monde-de-lalimentation\/\" target=\"_blank\" rel=\"noopener\"><strong>Lisez les commentaires des juges<\/strong><\/a><\/p>\n<p>L&rsquo;anguille fum\u00e9e est un d\u00e9lice merveilleux avec juste ce qu&rsquo;il faut de sel et de fum\u00e9e. Nous le fumons \u00e0 froid \u00e0 diff\u00e9rentes temp\u00e9ratures dans un processus de fumage compliqu\u00e9.<\/p>\n<p>Nous offrons des anguilles enti\u00e8res (non tranch\u00e9es), avec la peau.<\/p>\n<p><strong>Veuillez noter que les poids varieront. Nous avons regroup\u00e9 l&rsquo;anguille enti\u00e8re dans ces tranches de poids :<\/strong><\/p>\n<p>250 g:\u00a0 de 248 \u00e0 264 g<br \/>\n280 g:\u00a0 de 276 \u00e0 294 g<br \/>\n310 g:\u00a0 de 306 \u00e0 322 g<br \/>\n345 g:\u00a0 de 332 \u00e0 356 g<br \/>\n380 g:\u00a0 de 368 \u00e0 392 g<br \/>\n420 g:\u00a0 de 408 \u00e0 436 g<br \/>\n450 g:\u00a0 de 446 \u00e0 454 g<br \/>\n510 g:\u00a0 de 500 \u00e0 528 g<br \/>\n560 g:\u00a0 de 544 \u00e0 576 g<br \/>\n610 g:\u00a0 de 606 \u00e0 638 g<br \/>\n690 g:\u00a0 de 680 \u00e0 724 g<\/p>\n","protected":false},"excerpt":{"rendered":"<p><strong>Succ\u00e8s aux Great Taste Awards 2024 &#8211; ce produit a obtenu une M\u00e9daille d&rsquo;or 3 \u00e9toiles !<\/strong><\/p>\n<p>Pour un temps limit\u00e9 seulement, nous avons de nouveau de l&rsquo;anguille fum\u00e9e en stock.<\/p>\n<p>C&rsquo;est un mets tr\u00e8s appr\u00e9ci\u00e9 en Allemagne et en Scandinavie.<\/p>\n<p><strong>Pourquoi les prix sur notre site sont-ils diff\u00e9rents de ceux du catalogue ?<\/strong><br \/>\nLes prix plus \u00e9lev\u00e9s sont d\u00fbs \u00e0 la TVA appliqu\u00e9e aux prix. Pour les exportations vers les pays de l&rsquo;UE, nous devons malheureusement facturer les taux de TVA habituels pour les produits respectifs dans le pays de destination. Il s&rsquo;agit d&rsquo;une l\u00e9gislation europ\u00e9enne.<br \/>\nCe taux de TVA est d\u00e9j\u00e0 calcul\u00e9 dans les prix affich\u00e9s sur le site, c&rsquo;est pourquoi il existe une diff\u00e9rence entre les prix du catalogue et ceux affich\u00e9s sur le site. Jusqu&rsquo;\u00e0 r\u00e9cemment, le site ajoutait la TVA \u00e0 la fin du processus de paiement, mais le r\u00e9sultat est le m\u00eame.<br \/>\nBien s\u00fbr il en va de m\u00eame pour les commandes que nous recevons par mail ou par t\u00e9l\u00e9phone.<\/p>\n","protected":false},"featured_media":24635,"comment_status":"open","ping_status":"closed","template":"","meta":{"_acf_changed":false,"om_disable_all_campaigns":false},"product_brand":[],"product_cat":[320],"product_tag":[388],"class_list":{"0":"post-14762","1":"product","2":"type-product","3":"status-publish","4":"has-post-thumbnail","6":"product_cat-truite-fumee-maquereau","7":"product_tag-eel-fr","9":"first","10":"instock","11":"taxable","12":"shipping-taxable","13":"purchasable","14":"product-type-variable"},"acf":[],"yoast_head":"<!-- This site is optimized with the Yoast SEO plugin v27.3 - https:\/\/yoast.com\/product\/yoast-seo-wordpress\/ -->\n<title>Anguille Fum\u00e9e - Burren Smokehouse<\/title>\n<meta name=\"robots\" content=\"index, follow, max-snippet:-1, max-image-preview:large, max-video-preview:-1\" \/>\n<link rel=\"canonical\" href=\"https:\/\/www.burrensmokehouse.com\/fr\/produit\/anguille-fumee-irlandaise\/\" \/>\n<meta property=\"og:locale\" content=\"fr_FR\" \/>\n<meta property=\"og:type\" content=\"article\" \/>\n<meta property=\"og:title\" content=\"Anguille Fum\u00e9e - Burren Smokehouse\" \/>\n<meta property=\"og:description\" content=\"Succ\u00e8s aux Great Taste Awards 2024 - ce produit a obtenu une M\u00e9daille d&#039;or 3 \u00e9toiles !  Pour un temps limit\u00e9 seulement, nous avons de nouveau de l&#039;anguille fum\u00e9e en stock.  C&#039;est un mets tr\u00e8s appr\u00e9ci\u00e9 en Allemagne et en Scandinavie.  Pourquoi les prix sur notre site sont-ils diff\u00e9rents de ceux du catalogue ? Les prix plus \u00e9lev\u00e9s sont d\u00fbs \u00e0 la TVA appliqu\u00e9e aux prix. Pour les exportations vers les pays de l&#039;UE, nous devons malheureusement facturer les taux de TVA habituels pour les produits respectifs dans le pays de destination. Il s&#039;agit d&#039;une l\u00e9gislation europ\u00e9enne. Ce taux de TVA est d\u00e9j\u00e0 calcul\u00e9 dans les prix affich\u00e9s sur le site, c&#039;est pourquoi il existe une diff\u00e9rence entre les prix du catalogue et ceux affich\u00e9s sur le site. Jusqu&#039;\u00e0 r\u00e9cemment, le site ajoutait la TVA \u00e0 la fin du processus de paiement, mais le r\u00e9sultat est le m\u00eame. Bien s\u00fbr il en va de m\u00eame pour les commandes que nous recevons par mail ou par t\u00e9l\u00e9phone.\" \/>\n<meta property=\"og:url\" content=\"https:\/\/www.burrensmokehouse.com\/fr\/produit\/anguille-fumee-irlandaise\/\" \/>\n<meta property=\"og:site_name\" content=\"Burren Smokehouse\" \/>\n<meta property=\"article:modified_time\" content=\"2026-04-21T13:33:16+00:00\" \/>\n<meta property=\"og:image\" content=\"https:\/\/www.burrensmokehouse.com\/wp-content\/uploads\/2022\/11\/3-Eel-\u00a9-Anita-Murphy-2025-landscape-1200px.jpg\" \/>\n\t<meta property=\"og:image:width\" content=\"1200\" \/>\n\t<meta property=\"og:image:height\" content=\"810\" \/>\n\t<meta property=\"og:image:type\" content=\"image\/jpeg\" \/>\n<meta name=\"twitter:card\" content=\"summary_large_image\" \/>\n<meta name=\"twitter:label1\" content=\"Dur\u00e9e de lecture estim\u00e9e\" \/>\n\t<meta name=\"twitter:data1\" content=\"1 minute\" \/>\n<script type=\"application\/ld+json\" class=\"yoast-schema-graph\">{\"@context\":\"https:\\\/\\\/schema.org\",\"@graph\":[{\"@type\":\"WebPage\",\"@id\":\"https:\\\/\\\/www.burrensmokehouse.com\\\/fr\\\/produit\\\/anguille-fumee-irlandaise\\\/\",\"url\":\"https:\\\/\\\/www.burrensmokehouse.com\\\/fr\\\/produit\\\/anguille-fumee-irlandaise\\\/\",\"name\":\"Anguille Fum\u00e9e - Burren Smokehouse\",\"isPartOf\":{\"@id\":\"https:\\\/\\\/www.burrensmokehouse.com\\\/fr\\\/#website\"},\"primaryImageOfPage\":{\"@id\":\"https:\\\/\\\/www.burrensmokehouse.com\\\/fr\\\/produit\\\/anguille-fumee-irlandaise\\\/#primaryimage\"},\"image\":{\"@id\":\"https:\\\/\\\/www.burrensmokehouse.com\\\/fr\\\/produit\\\/anguille-fumee-irlandaise\\\/#primaryimage\"},\"thumbnailUrl\":\"https:\\\/\\\/www.burrensmokehouse.com\\\/wp-content\\\/uploads\\\/2022\\\/11\\\/3-Eel-\u00a9-Anita-Murphy-2025-landscape-1200px.jpg\",\"datePublished\":\"2022-11-18T14:48:04+00:00\",\"dateModified\":\"2026-04-21T13:33:16+00:00\",\"breadcrumb\":{\"@id\":\"https:\\\/\\\/www.burrensmokehouse.com\\\/fr\\\/produit\\\/anguille-fumee-irlandaise\\\/#breadcrumb\"},\"inLanguage\":\"fr-FR\",\"potentialAction\":[{\"@type\":\"ReadAction\",\"target\":[\"https:\\\/\\\/www.burrensmokehouse.com\\\/fr\\\/produit\\\/anguille-fumee-irlandaise\\\/\"]}]},{\"@type\":\"ImageObject\",\"inLanguage\":\"fr-FR\",\"@id\":\"https:\\\/\\\/www.burrensmokehouse.com\\\/fr\\\/produit\\\/anguille-fumee-irlandaise\\\/#primaryimage\",\"url\":\"https:\\\/\\\/www.burrensmokehouse.com\\\/wp-content\\\/uploads\\\/2022\\\/11\\\/3-Eel-\u00a9-Anita-Murphy-2025-landscape-1200px.jpg\",\"contentUrl\":\"https:\\\/\\\/www.burrensmokehouse.com\\\/wp-content\\\/uploads\\\/2022\\\/11\\\/3-Eel-\u00a9-Anita-Murphy-2025-landscape-1200px.jpg\",\"width\":1200,\"height\":810,\"caption\":\"Burren Smokehouse smoked eel\"},{\"@type\":\"BreadcrumbList\",\"@id\":\"https:\\\/\\\/www.burrensmokehouse.com\\\/fr\\\/produit\\\/anguille-fumee-irlandaise\\\/#breadcrumb\",\"itemListElement\":[{\"@type\":\"ListItem\",\"position\":1,\"name\":\"Home\",\"item\":\"https:\\\/\\\/www.burrensmokehouse.com\\\/fr\\\/\"},{\"@type\":\"ListItem\",\"position\":2,\"name\":\"Boutique\",\"item\":\"https:\\\/\\\/www.burrensmokehouse.com\\\/fr\\\/boutique\\\/\"},{\"@type\":\"ListItem\",\"position\":3,\"name\":\"Anguille Fum\u00e9e\"}]},{\"@type\":\"WebSite\",\"@id\":\"https:\\\/\\\/www.burrensmokehouse.com\\\/fr\\\/#website\",\"url\":\"https:\\\/\\\/www.burrensmokehouse.com\\\/fr\\\/\",\"name\":\"Burren Smokehouse\",\"description\":\"\",\"publisher\":{\"@id\":\"https:\\\/\\\/www.burrensmokehouse.com\\\/fr\\\/#organization\"},\"potentialAction\":[{\"@type\":\"SearchAction\",\"target\":{\"@type\":\"EntryPoint\",\"urlTemplate\":\"https:\\\/\\\/www.burrensmokehouse.com\\\/fr\\\/?s={search_term_string}\"},\"query-input\":{\"@type\":\"PropertyValueSpecification\",\"valueRequired\":true,\"valueName\":\"search_term_string\"}}],\"inLanguage\":\"fr-FR\"},{\"@type\":\"Organization\",\"@id\":\"https:\\\/\\\/www.burrensmokehouse.com\\\/fr\\\/#organization\",\"name\":\"Burren Smokehouse\",\"url\":\"https:\\\/\\\/www.burrensmokehouse.com\\\/fr\\\/\",\"logo\":{\"@type\":\"ImageObject\",\"inLanguage\":\"fr-FR\",\"@id\":\"https:\\\/\\\/www.burrensmokehouse.com\\\/fr\\\/#\\\/schema\\\/logo\\\/image\\\/\",\"url\":\"https:\\\/\\\/www.burrensmokehouse.com\\\/wp-content\\\/uploads\\\/2021\\\/07\\\/logo.png\",\"contentUrl\":\"https:\\\/\\\/www.burrensmokehouse.com\\\/wp-content\\\/uploads\\\/2021\\\/07\\\/logo.png\",\"width\":432,\"height\":99,\"caption\":\"Burren Smokehouse\"},\"image\":{\"@id\":\"https:\\\/\\\/www.burrensmokehouse.com\\\/fr\\\/#\\\/schema\\\/logo\\\/image\\\/\"}}]}<\/script>\n<!-- \/ Yoast SEO plugin. -->","yoast_head_json":{"title":"Anguille Fum\u00e9e - Burren Smokehouse","robots":{"index":"index","follow":"follow","max-snippet":"max-snippet:-1","max-image-preview":"max-image-preview:large","max-video-preview":"max-video-preview:-1"},"canonical":"https:\/\/www.burrensmokehouse.com\/fr\/produit\/anguille-fumee-irlandaise\/","og_locale":"fr_FR","og_type":"article","og_title":"Anguille Fum\u00e9e - Burren Smokehouse","og_description":"Succ\u00e8s aux Great Taste Awards 2024 - ce produit a obtenu une M\u00e9daille d'or 3 \u00e9toiles !  Pour un temps limit\u00e9 seulement, nous avons de nouveau de l'anguille fum\u00e9e en stock.  C'est un mets tr\u00e8s appr\u00e9ci\u00e9 en Allemagne et en Scandinavie.  Pourquoi les prix sur notre site sont-ils diff\u00e9rents de ceux du catalogue ? Les prix plus \u00e9lev\u00e9s sont d\u00fbs \u00e0 la TVA appliqu\u00e9e aux prix. Pour les exportations vers les pays de l'UE, nous devons malheureusement facturer les taux de TVA habituels pour les produits respectifs dans le pays de destination. Il s'agit d'une l\u00e9gislation europ\u00e9enne. Ce taux de TVA est d\u00e9j\u00e0 calcul\u00e9 dans les prix affich\u00e9s sur le site, c'est pourquoi il existe une diff\u00e9rence entre les prix du catalogue et ceux affich\u00e9s sur le site. Jusqu'\u00e0 r\u00e9cemment, le site ajoutait la TVA \u00e0 la fin du processus de paiement, mais le r\u00e9sultat est le m\u00eame. Bien s\u00fbr il en va de m\u00eame pour les commandes que nous recevons par mail ou par t\u00e9l\u00e9phone.","og_url":"https:\/\/www.burrensmokehouse.com\/fr\/produit\/anguille-fumee-irlandaise\/","og_site_name":"Burren Smokehouse","article_modified_time":"2026-04-21T13:33:16+00:00","og_image":[{"width":1200,"height":810,"url":"https:\/\/www.burrensmokehouse.com\/wp-content\/uploads\/2022\/11\/3-Eel-\u00a9-Anita-Murphy-2025-landscape-1200px.jpg","type":"image\/jpeg"}],"twitter_card":"summary_large_image","twitter_misc":{"Dur\u00e9e de lecture estim\u00e9e":"1 minute"},"schema":{"@context":"https:\/\/schema.org","@graph":[{"@type":"WebPage","@id":"https:\/\/www.burrensmokehouse.com\/fr\/produit\/anguille-fumee-irlandaise\/","url":"https:\/\/www.burrensmokehouse.com\/fr\/produit\/anguille-fumee-irlandaise\/","name":"Anguille Fum\u00e9e - Burren Smokehouse","isPartOf":{"@id":"https:\/\/www.burrensmokehouse.com\/fr\/#website"},"primaryImageOfPage":{"@id":"https:\/\/www.burrensmokehouse.com\/fr\/produit\/anguille-fumee-irlandaise\/#primaryimage"},"image":{"@id":"https:\/\/www.burrensmokehouse.com\/fr\/produit\/anguille-fumee-irlandaise\/#primaryimage"},"thumbnailUrl":"https:\/\/www.burrensmokehouse.com\/wp-content\/uploads\/2022\/11\/3-Eel-\u00a9-Anita-Murphy-2025-landscape-1200px.jpg","datePublished":"2022-11-18T14:48:04+00:00","dateModified":"2026-04-21T13:33:16+00:00","breadcrumb":{"@id":"https:\/\/www.burrensmokehouse.com\/fr\/produit\/anguille-fumee-irlandaise\/#breadcrumb"},"inLanguage":"fr-FR","potentialAction":[{"@type":"ReadAction","target":["https:\/\/www.burrensmokehouse.com\/fr\/produit\/anguille-fumee-irlandaise\/"]}]},{"@type":"ImageObject","inLanguage":"fr-FR","@id":"https:\/\/www.burrensmokehouse.com\/fr\/produit\/anguille-fumee-irlandaise\/#primaryimage","url":"https:\/\/www.burrensmokehouse.com\/wp-content\/uploads\/2022\/11\/3-Eel-\u00a9-Anita-Murphy-2025-landscape-1200px.jpg","contentUrl":"https:\/\/www.burrensmokehouse.com\/wp-content\/uploads\/2022\/11\/3-Eel-\u00a9-Anita-Murphy-2025-landscape-1200px.jpg","width":1200,"height":810,"caption":"Burren Smokehouse smoked eel"},{"@type":"BreadcrumbList","@id":"https:\/\/www.burrensmokehouse.com\/fr\/produit\/anguille-fumee-irlandaise\/#breadcrumb","itemListElement":[{"@type":"ListItem","position":1,"name":"Home","item":"https:\/\/www.burrensmokehouse.com\/fr\/"},{"@type":"ListItem","position":2,"name":"Boutique","item":"https:\/\/www.burrensmokehouse.com\/fr\/boutique\/"},{"@type":"ListItem","position":3,"name":"Anguille Fum\u00e9e"}]},{"@type":"WebSite","@id":"https:\/\/www.burrensmokehouse.com\/fr\/#website","url":"https:\/\/www.burrensmokehouse.com\/fr\/","name":"Burren Smokehouse","description":"","publisher":{"@id":"https:\/\/www.burrensmokehouse.com\/fr\/#organization"},"potentialAction":[{"@type":"SearchAction","target":{"@type":"EntryPoint","urlTemplate":"https:\/\/www.burrensmokehouse.com\/fr\/?s={search_term_string}"},"query-input":{"@type":"PropertyValueSpecification","valueRequired":true,"valueName":"search_term_string"}}],"inLanguage":"fr-FR"},{"@type":"Organization","@id":"https:\/\/www.burrensmokehouse.com\/fr\/#organization","name":"Burren Smokehouse","url":"https:\/\/www.burrensmokehouse.com\/fr\/","logo":{"@type":"ImageObject","inLanguage":"fr-FR","@id":"https:\/\/www.burrensmokehouse.com\/fr\/#\/schema\/logo\/image\/","url":"https:\/\/www.burrensmokehouse.com\/wp-content\/uploads\/2021\/07\/logo.png","contentUrl":"https:\/\/www.burrensmokehouse.com\/wp-content\/uploads\/2021\/07\/logo.png","width":432,"height":99,"caption":"Burren Smokehouse"},"image":{"@id":"https:\/\/www.burrensmokehouse.com\/fr\/#\/schema\/logo\/image\/"}}]}},"_links":{"self":[{"href":"https:\/\/www.burrensmokehouse.com\/fr\/wp-json\/wp\/v2\/product\/14762","targetHints":{"allow":["GET"]}}],"collection":[{"href":"https:\/\/www.burrensmokehouse.com\/fr\/wp-json\/wp\/v2\/product"}],"about":[{"href":"https:\/\/www.burrensmokehouse.com\/fr\/wp-json\/wp\/v2\/types\/product"}],"replies":[{"embeddable":true,"href":"https:\/\/www.burrensmokehouse.com\/fr\/wp-json\/wp\/v2\/comments?post=14762"}],"wp:featuredmedia":[{"embeddable":true,"href":"https:\/\/www.burrensmokehouse.com\/fr\/wp-json\/wp\/v2\/media\/24635"}],"wp:attachment":[{"href":"https:\/\/www.burrensmokehouse.com\/fr\/wp-json\/wp\/v2\/media?parent=14762"}],"wp:term":[{"taxonomy":"product_brand","embeddable":true,"href":"https:\/\/www.burrensmokehouse.com\/fr\/wp-json\/wp\/v2\/product_brand?post=14762"},{"taxonomy":"product_cat","embeddable":true,"href":"https:\/\/www.burrensmokehouse.com\/fr\/wp-json\/wp\/v2\/product_cat?post=14762"},{"taxonomy":"product_tag","embeddable":true,"href":"https:\/\/www.burrensmokehouse.com\/fr\/wp-json\/wp\/v2\/product_tag?post=14762"}],"curies":[{"name":"wp","href":"https:\/\/api.w.org\/{rel}","templated":true}]}}