{"id":17738,"date":"2023-07-31T08:39:35","date_gmt":"2023-07-31T07:50:54","guid":{"rendered":"https:\/\/www.burrensmokehouse.com\/?post_type=product&#038;p=17738"},"modified":"2025-09-23T09:45:53","modified_gmt":"2025-09-23T08:45:53","slug":"panier-meilleur-de-l-ouest-coffret-cadeau","status":"publish","type":"product","link":"https:\/\/www.burrensmokehouse.com\/fr\/produit\/panier-meilleur-de-l-ouest-coffret-cadeau\/","title":{"rendered":"Panier \u00ab\u00a0Le meilleur de l&rsquo;Ouest\u00a0\u00bb"},"content":{"rendered":"<p>Une merveilleuse s\u00e9lection des meilleurs produits du comt\u00e9 de Clare. Tous les ingr\u00e9dients de ce panier sont cultiv\u00e9s ou produits artisanalement en petites quantit\u00e9s dans notre propre comt\u00e9.<\/p>\n<p>Voici les produits de ce panier cadeau\u00a0:<\/p>\n<ul>\n<li>180 g de Saumon bio Irlandais Fum\u00e9 \u00e0 Froid classique<\/li>\n<li>180 g de Saumon bio Fum\u00e9 \u00e0 Chaud, nature<\/li>\n<li>120 g de crottin de ch\u00e8vre de St. Tola<\/li>\n<li>220 g de chutney de betterave de Burren Fine Wine<\/li>\n<li>135 g de moutarde au whisky et \u00e0 la confiture de Clare<\/li>\n<li>220 g de gouda Burren Gold<\/li>\n<li>280 g de pr\u00e9paration pour pain complet au soda de Doolin Pantry<\/li>\n<li>50 ml de whiskey Taster de JJ Corry<\/li>\n<\/ul>\n<p>Veuillez noter que le contenu des coffrets cadeaux est soumis \u00e0 disponibilit\u00e9. Il se peut que nous remplacions les articles en rupture de stock par des produits de m\u00eame qualit\u00e9 et de m\u00eame valeur afin d&rsquo;assurer une livraison dans les d\u00e9lais.<\/p>\n","protected":false},"excerpt":{"rendered":"<p><strong>Difficile de trouver plus local que ce panier cadeau et coffret-cadeau gourmand ! Tous les ingr\u00e9dients proviennent de notre comt\u00e9 de Clare et sont pr\u00e9par\u00e9s avec amour en petites quantit\u00e9s avec les meilleurs ingr\u00e9dients !<\/strong><\/p>\n<p><strong>Pourquoi les prix sur notre site sont-ils diff\u00e9rents de ceux du catalogue ?<\/strong><br \/>\nLes prix plus \u00e9lev\u00e9s sont d\u00fbs \u00e0 la TVA appliqu\u00e9e aux prix. Pour les exportations vers les pays de l&rsquo;UE, nous devons malheureusement facturer les taux de TVA habituels pour les produits respectifs dans le pays de destination. Il s&rsquo;agit d&rsquo;une l\u00e9gislation europ\u00e9enne.<br \/>\nCe taux de TVA est d\u00e9j\u00e0 calcul\u00e9 dans les prix affich\u00e9s sur le site, c&rsquo;est pourquoi il existe une diff\u00e9rence entre les prix du catalogue et ceux affich\u00e9s sur le site. Jusqu&rsquo;\u00e0 r\u00e9cemment, le site ajoutait la TVA \u00e0 la fin du processus de paiement, mais le r\u00e9sultat est le m\u00eame.<br \/>\nBien s\u00fbr il en va de m\u00eame pour les commandes que nous recevons par mail ou par t\u00e9l\u00e9phone.<\/p>\n","protected":false},"featured_media":24643,"comment_status":"open","ping_status":"closed","template":"","meta":{"_acf_changed":false,"om_disable_all_campaigns":false},"product_brand":[],"product_cat":[158],"product_tag":[],"class_list":{"0":"post-17738","1":"product","2":"type-product","3":"status-publish","4":"has-post-thumbnail","6":"product_cat-gift-ideas-hampers-fr","8":"first","9":"instock","10":"taxable","11":"shipping-taxable","12":"purchasable","13":"product-type-simple"},"acf":[],"yoast_head":"<!-- This site is optimized with the Yoast SEO plugin v27.3 - https:\/\/yoast.com\/product\/yoast-seo-wordpress\/ -->\n<title>Panier \u00ab\u00a0Le meilleur de l&#039;Ouest\u00a0\u00bb - Burren Smokehouse<\/title>\n<meta name=\"robots\" content=\"index, follow, max-snippet:-1, max-image-preview:large, max-video-preview:-1\" \/>\n<link rel=\"canonical\" href=\"https:\/\/www.burrensmokehouse.com\/fr\/produit\/panier-meilleur-de-l-ouest-coffret-cadeau\/\" \/>\n<meta property=\"og:locale\" content=\"fr_FR\" \/>\n<meta property=\"og:type\" content=\"article\" \/>\n<meta property=\"og:title\" content=\"Panier \u00ab\u00a0Le meilleur de l&#039;Ouest\u00a0\u00bb - Burren Smokehouse\" \/>\n<meta property=\"og:description\" content=\"Difficile de trouver plus local que ce panier cadeau et coffret-cadeau gourmand ! Tous les ingr\u00e9dients proviennent de notre comt\u00e9 de Clare et sont pr\u00e9par\u00e9s avec amour en petites quantit\u00e9s avec les meilleurs ingr\u00e9dients !  Pourquoi les prix sur notre site sont-ils diff\u00e9rents de ceux du catalogue ? Les prix plus \u00e9lev\u00e9s sont d\u00fbs \u00e0 la TVA appliqu\u00e9e aux prix. Pour les exportations vers les pays de l&#039;UE, nous devons malheureusement facturer les taux de TVA habituels pour les produits respectifs dans le pays de destination. Il s&#039;agit d&#039;une l\u00e9gislation europ\u00e9enne. Ce taux de TVA est d\u00e9j\u00e0 calcul\u00e9 dans les prix affich\u00e9s sur le site, c&#039;est pourquoi il existe une diff\u00e9rence entre les prix du catalogue et ceux affich\u00e9s sur le site. Jusqu&#039;\u00e0 r\u00e9cemment, le site ajoutait la TVA \u00e0 la fin du processus de paiement, mais le r\u00e9sultat est le m\u00eame. Bien s\u00fbr il en va de m\u00eame pour les commandes que nous recevons par mail ou par t\u00e9l\u00e9phone.\" \/>\n<meta property=\"og:url\" content=\"https:\/\/www.burrensmokehouse.com\/fr\/produit\/panier-meilleur-de-l-ouest-coffret-cadeau\/\" \/>\n<meta property=\"og:site_name\" content=\"Burren Smokehouse\" \/>\n<meta property=\"article:modified_time\" content=\"2025-09-23T08:45:53+00:00\" \/>\n<meta property=\"og:image\" content=\"https:\/\/www.burrensmokehouse.com\/wp-content\/uploads\/2023\/07\/17-The-Best-of-the-West-\u00a9-Anita-Murphy-2025-1200px.jpg\" \/>\n\t<meta property=\"og:image:width\" content=\"1200\" \/>\n\t<meta property=\"og:image:height\" content=\"804\" \/>\n\t<meta property=\"og:image:type\" content=\"image\/jpeg\" \/>\n<meta name=\"twitter:card\" content=\"summary_large_image\" \/>\n<meta name=\"twitter:label1\" content=\"Dur\u00e9e de lecture estim\u00e9e\" \/>\n\t<meta name=\"twitter:data1\" content=\"1 minute\" \/>\n<script type=\"application\/ld+json\" class=\"yoast-schema-graph\">{\"@context\":\"https:\\\/\\\/schema.org\",\"@graph\":[{\"@type\":\"WebPage\",\"@id\":\"https:\\\/\\\/www.burrensmokehouse.com\\\/fr\\\/produit\\\/panier-meilleur-de-l-ouest-coffret-cadeau\\\/\",\"url\":\"https:\\\/\\\/www.burrensmokehouse.com\\\/fr\\\/produit\\\/panier-meilleur-de-l-ouest-coffret-cadeau\\\/\",\"name\":\"Panier \u00ab\u00a0Le meilleur de l'Ouest\u00a0\u00bb - Burren Smokehouse\",\"isPartOf\":{\"@id\":\"https:\\\/\\\/www.burrensmokehouse.com\\\/fr\\\/#website\"},\"primaryImageOfPage\":{\"@id\":\"https:\\\/\\\/www.burrensmokehouse.com\\\/fr\\\/produit\\\/panier-meilleur-de-l-ouest-coffret-cadeau\\\/#primaryimage\"},\"image\":{\"@id\":\"https:\\\/\\\/www.burrensmokehouse.com\\\/fr\\\/produit\\\/panier-meilleur-de-l-ouest-coffret-cadeau\\\/#primaryimage\"},\"thumbnailUrl\":\"https:\\\/\\\/www.burrensmokehouse.com\\\/wp-content\\\/uploads\\\/2023\\\/07\\\/17-The-Best-of-the-West-\u00a9-Anita-Murphy-2025-1200px.jpg\",\"datePublished\":\"2023-07-31T07:50:54+00:00\",\"dateModified\":\"2025-09-23T08:45:53+00:00\",\"breadcrumb\":{\"@id\":\"https:\\\/\\\/www.burrensmokehouse.com\\\/fr\\\/produit\\\/panier-meilleur-de-l-ouest-coffret-cadeau\\\/#breadcrumb\"},\"inLanguage\":\"fr-FR\",\"potentialAction\":[{\"@type\":\"ReadAction\",\"target\":[\"https:\\\/\\\/www.burrensmokehouse.com\\\/fr\\\/produit\\\/panier-meilleur-de-l-ouest-coffret-cadeau\\\/\"]}]},{\"@type\":\"ImageObject\",\"inLanguage\":\"fr-FR\",\"@id\":\"https:\\\/\\\/www.burrensmokehouse.com\\\/fr\\\/produit\\\/panier-meilleur-de-l-ouest-coffret-cadeau\\\/#primaryimage\",\"url\":\"https:\\\/\\\/www.burrensmokehouse.com\\\/wp-content\\\/uploads\\\/2023\\\/07\\\/17-The-Best-of-the-West-\u00a9-Anita-Murphy-2025-1200px.jpg\",\"contentUrl\":\"https:\\\/\\\/www.burrensmokehouse.com\\\/wp-content\\\/uploads\\\/2023\\\/07\\\/17-The-Best-of-the-West-\u00a9-Anita-Murphy-2025-1200px.jpg\",\"width\":1200,\"height\":804,\"caption\":\"The Best of the West Hamper basket from Burren Smokehouse\"},{\"@type\":\"BreadcrumbList\",\"@id\":\"https:\\\/\\\/www.burrensmokehouse.com\\\/fr\\\/produit\\\/panier-meilleur-de-l-ouest-coffret-cadeau\\\/#breadcrumb\",\"itemListElement\":[{\"@type\":\"ListItem\",\"position\":1,\"name\":\"Home\",\"item\":\"https:\\\/\\\/www.burrensmokehouse.com\\\/fr\\\/\"},{\"@type\":\"ListItem\",\"position\":2,\"name\":\"Boutique\",\"item\":\"https:\\\/\\\/www.burrensmokehouse.com\\\/fr\\\/boutique\\\/\"},{\"@type\":\"ListItem\",\"position\":3,\"name\":\"Panier \u00ab\u00a0Le meilleur de l&#8217;Ouest\u00a0\u00bb\"}]},{\"@type\":\"WebSite\",\"@id\":\"https:\\\/\\\/www.burrensmokehouse.com\\\/fr\\\/#website\",\"url\":\"https:\\\/\\\/www.burrensmokehouse.com\\\/fr\\\/\",\"name\":\"Burren Smokehouse\",\"description\":\"\",\"publisher\":{\"@id\":\"https:\\\/\\\/www.burrensmokehouse.com\\\/fr\\\/#organization\"},\"potentialAction\":[{\"@type\":\"SearchAction\",\"target\":{\"@type\":\"EntryPoint\",\"urlTemplate\":\"https:\\\/\\\/www.burrensmokehouse.com\\\/fr\\\/?s={search_term_string}\"},\"query-input\":{\"@type\":\"PropertyValueSpecification\",\"valueRequired\":true,\"valueName\":\"search_term_string\"}}],\"inLanguage\":\"fr-FR\"},{\"@type\":\"Organization\",\"@id\":\"https:\\\/\\\/www.burrensmokehouse.com\\\/fr\\\/#organization\",\"name\":\"Burren Smokehouse\",\"url\":\"https:\\\/\\\/www.burrensmokehouse.com\\\/fr\\\/\",\"logo\":{\"@type\":\"ImageObject\",\"inLanguage\":\"fr-FR\",\"@id\":\"https:\\\/\\\/www.burrensmokehouse.com\\\/fr\\\/#\\\/schema\\\/logo\\\/image\\\/\",\"url\":\"https:\\\/\\\/www.burrensmokehouse.com\\\/wp-content\\\/uploads\\\/2021\\\/07\\\/logo.png\",\"contentUrl\":\"https:\\\/\\\/www.burrensmokehouse.com\\\/wp-content\\\/uploads\\\/2021\\\/07\\\/logo.png\",\"width\":432,\"height\":99,\"caption\":\"Burren Smokehouse\"},\"image\":{\"@id\":\"https:\\\/\\\/www.burrensmokehouse.com\\\/fr\\\/#\\\/schema\\\/logo\\\/image\\\/\"}}]}<\/script>\n<!-- \/ Yoast SEO plugin. -->","yoast_head_json":{"title":"Panier \u00ab\u00a0Le meilleur de l'Ouest\u00a0\u00bb - Burren Smokehouse","robots":{"index":"index","follow":"follow","max-snippet":"max-snippet:-1","max-image-preview":"max-image-preview:large","max-video-preview":"max-video-preview:-1"},"canonical":"https:\/\/www.burrensmokehouse.com\/fr\/produit\/panier-meilleur-de-l-ouest-coffret-cadeau\/","og_locale":"fr_FR","og_type":"article","og_title":"Panier \u00ab\u00a0Le meilleur de l'Ouest\u00a0\u00bb - Burren Smokehouse","og_description":"Difficile de trouver plus local que ce panier cadeau et coffret-cadeau gourmand ! Tous les ingr\u00e9dients proviennent de notre comt\u00e9 de Clare et sont pr\u00e9par\u00e9s avec amour en petites quantit\u00e9s avec les meilleurs ingr\u00e9dients !  Pourquoi les prix sur notre site sont-ils diff\u00e9rents de ceux du catalogue ? Les prix plus \u00e9lev\u00e9s sont d\u00fbs \u00e0 la TVA appliqu\u00e9e aux prix. Pour les exportations vers les pays de l'UE, nous devons malheureusement facturer les taux de TVA habituels pour les produits respectifs dans le pays de destination. Il s'agit d'une l\u00e9gislation europ\u00e9enne. Ce taux de TVA est d\u00e9j\u00e0 calcul\u00e9 dans les prix affich\u00e9s sur le site, c'est pourquoi il existe une diff\u00e9rence entre les prix du catalogue et ceux affich\u00e9s sur le site. Jusqu'\u00e0 r\u00e9cemment, le site ajoutait la TVA \u00e0 la fin du processus de paiement, mais le r\u00e9sultat est le m\u00eame. Bien s\u00fbr il en va de m\u00eame pour les commandes que nous recevons par mail ou par t\u00e9l\u00e9phone.","og_url":"https:\/\/www.burrensmokehouse.com\/fr\/produit\/panier-meilleur-de-l-ouest-coffret-cadeau\/","og_site_name":"Burren Smokehouse","article_modified_time":"2025-09-23T08:45:53+00:00","og_image":[{"width":1200,"height":804,"url":"https:\/\/www.burrensmokehouse.com\/wp-content\/uploads\/2023\/07\/17-The-Best-of-the-West-\u00a9-Anita-Murphy-2025-1200px.jpg","type":"image\/jpeg"}],"twitter_card":"summary_large_image","twitter_misc":{"Dur\u00e9e de lecture estim\u00e9e":"1 minute"},"schema":{"@context":"https:\/\/schema.org","@graph":[{"@type":"WebPage","@id":"https:\/\/www.burrensmokehouse.com\/fr\/produit\/panier-meilleur-de-l-ouest-coffret-cadeau\/","url":"https:\/\/www.burrensmokehouse.com\/fr\/produit\/panier-meilleur-de-l-ouest-coffret-cadeau\/","name":"Panier \u00ab\u00a0Le meilleur de l'Ouest\u00a0\u00bb - Burren Smokehouse","isPartOf":{"@id":"https:\/\/www.burrensmokehouse.com\/fr\/#website"},"primaryImageOfPage":{"@id":"https:\/\/www.burrensmokehouse.com\/fr\/produit\/panier-meilleur-de-l-ouest-coffret-cadeau\/#primaryimage"},"image":{"@id":"https:\/\/www.burrensmokehouse.com\/fr\/produit\/panier-meilleur-de-l-ouest-coffret-cadeau\/#primaryimage"},"thumbnailUrl":"https:\/\/www.burrensmokehouse.com\/wp-content\/uploads\/2023\/07\/17-The-Best-of-the-West-\u00a9-Anita-Murphy-2025-1200px.jpg","datePublished":"2023-07-31T07:50:54+00:00","dateModified":"2025-09-23T08:45:53+00:00","breadcrumb":{"@id":"https:\/\/www.burrensmokehouse.com\/fr\/produit\/panier-meilleur-de-l-ouest-coffret-cadeau\/#breadcrumb"},"inLanguage":"fr-FR","potentialAction":[{"@type":"ReadAction","target":["https:\/\/www.burrensmokehouse.com\/fr\/produit\/panier-meilleur-de-l-ouest-coffret-cadeau\/"]}]},{"@type":"ImageObject","inLanguage":"fr-FR","@id":"https:\/\/www.burrensmokehouse.com\/fr\/produit\/panier-meilleur-de-l-ouest-coffret-cadeau\/#primaryimage","url":"https:\/\/www.burrensmokehouse.com\/wp-content\/uploads\/2023\/07\/17-The-Best-of-the-West-\u00a9-Anita-Murphy-2025-1200px.jpg","contentUrl":"https:\/\/www.burrensmokehouse.com\/wp-content\/uploads\/2023\/07\/17-The-Best-of-the-West-\u00a9-Anita-Murphy-2025-1200px.jpg","width":1200,"height":804,"caption":"The Best of the West Hamper basket from Burren Smokehouse"},{"@type":"BreadcrumbList","@id":"https:\/\/www.burrensmokehouse.com\/fr\/produit\/panier-meilleur-de-l-ouest-coffret-cadeau\/#breadcrumb","itemListElement":[{"@type":"ListItem","position":1,"name":"Home","item":"https:\/\/www.burrensmokehouse.com\/fr\/"},{"@type":"ListItem","position":2,"name":"Boutique","item":"https:\/\/www.burrensmokehouse.com\/fr\/boutique\/"},{"@type":"ListItem","position":3,"name":"Panier \u00ab\u00a0Le meilleur de l&#8217;Ouest\u00a0\u00bb"}]},{"@type":"WebSite","@id":"https:\/\/www.burrensmokehouse.com\/fr\/#website","url":"https:\/\/www.burrensmokehouse.com\/fr\/","name":"Burren Smokehouse","description":"","publisher":{"@id":"https:\/\/www.burrensmokehouse.com\/fr\/#organization"},"potentialAction":[{"@type":"SearchAction","target":{"@type":"EntryPoint","urlTemplate":"https:\/\/www.burrensmokehouse.com\/fr\/?s={search_term_string}"},"query-input":{"@type":"PropertyValueSpecification","valueRequired":true,"valueName":"search_term_string"}}],"inLanguage":"fr-FR"},{"@type":"Organization","@id":"https:\/\/www.burrensmokehouse.com\/fr\/#organization","name":"Burren Smokehouse","url":"https:\/\/www.burrensmokehouse.com\/fr\/","logo":{"@type":"ImageObject","inLanguage":"fr-FR","@id":"https:\/\/www.burrensmokehouse.com\/fr\/#\/schema\/logo\/image\/","url":"https:\/\/www.burrensmokehouse.com\/wp-content\/uploads\/2021\/07\/logo.png","contentUrl":"https:\/\/www.burrensmokehouse.com\/wp-content\/uploads\/2021\/07\/logo.png","width":432,"height":99,"caption":"Burren Smokehouse"},"image":{"@id":"https:\/\/www.burrensmokehouse.com\/fr\/#\/schema\/logo\/image\/"}}]}},"_links":{"self":[{"href":"https:\/\/www.burrensmokehouse.com\/fr\/wp-json\/wp\/v2\/product\/17738","targetHints":{"allow":["GET"]}}],"collection":[{"href":"https:\/\/www.burrensmokehouse.com\/fr\/wp-json\/wp\/v2\/product"}],"about":[{"href":"https:\/\/www.burrensmokehouse.com\/fr\/wp-json\/wp\/v2\/types\/product"}],"replies":[{"embeddable":true,"href":"https:\/\/www.burrensmokehouse.com\/fr\/wp-json\/wp\/v2\/comments?post=17738"}],"wp:featuredmedia":[{"embeddable":true,"href":"https:\/\/www.burrensmokehouse.com\/fr\/wp-json\/wp\/v2\/media\/24643"}],"wp:attachment":[{"href":"https:\/\/www.burrensmokehouse.com\/fr\/wp-json\/wp\/v2\/media?parent=17738"}],"wp:term":[{"taxonomy":"product_brand","embeddable":true,"href":"https:\/\/www.burrensmokehouse.com\/fr\/wp-json\/wp\/v2\/product_brand?post=17738"},{"taxonomy":"product_cat","embeddable":true,"href":"https:\/\/www.burrensmokehouse.com\/fr\/wp-json\/wp\/v2\/product_cat?post=17738"},{"taxonomy":"product_tag","embeddable":true,"href":"https:\/\/www.burrensmokehouse.com\/fr\/wp-json\/wp\/v2\/product_tag?post=17738"}],"curies":[{"name":"wp","href":"https:\/\/api.w.org\/{rel}","templated":true}]}}