{"id":24652,"date":"2025-09-23T14:49:46","date_gmt":"2025-09-23T13:49:47","guid":{"rendered":"https:\/\/www.burrensmokehouse.com\/?post_type=product&#038;p=24652"},"modified":"2025-12-04T21:03:49","modified_gmt":"2025-12-04T21:03:49","slug":"gravlax-au-vermouth","status":"publish","type":"product","link":"https:\/\/www.burrensmokehouse.com\/fr\/produit\/gravlax-au-vermouth\/","title":{"rendered":"Gravlax au Vermouth, orange &#038; aneth 300 gr"},"content":{"rendered":"<p>Le gravlax est la variante scandinave du saumon non fum\u00e9, marin\u00e9 avec du sel, du sucre et du poivre noir.<\/p>\n<p>Cette unique gravlax bio est marin\u00e9 avec du Vermouth du sud-ouest d&rsquo;Irlande, d&rsquo;une \u00eele qui s&rsquo;appelle Valentia Island, ainsi que de l&rsquo;orange et de l&rsquo;aneth.<\/p>\n<p>Le vermouth Valentia Island est le premier vermouth produit en Irlande. Il est compos\u00e9 de 21 herbes et plantes collect\u00e9es localement le long du Wild Atlantic Way. Ces herbes sont m\u00e9lang\u00e9es \u00e0 du vin blanc espagnol et \u00e0 un caramel artisanal onctueux pour cr\u00e9er un vermouth exceptionnel et absolument d\u00e9licieux.<\/p>\n<p>Dur\u00e9e de conservation :<br \/>\nGravadlax a une dur\u00e9e de conservation de 14 jours.<\/p>\n<p>Disponible en paquets de 300 g, tranch\u00e9.<\/p>\n<p>Nous ne pouvons pas livrer ce produit aux \u00c9tats-Unis, au Canada, ou aux \u00c9mirats Arabes Unis en raison du d\u00e9lai d&rsquo;acheminement de deux jours.<\/p>\n","protected":false},"excerpt":{"rendered":"<p>Le gravadlax est un mets d\u00e9licat \u00e0 base de saumon non fum\u00e9, traditionnellement consomm\u00e9 en Scandinavie. Cette marinade sp\u00e9ciale cr\u00e9\u00e9 par du saumon bio irlandais est infus\u00e9e d&rsquo;ar\u00f4mes de vermouth de Valentia Island ainsi que de l&rsquo;orange et de l&rsquo;aneth. Disponible en plaques de 300 g, tranch\u00e9.<\/p>\n","protected":false},"featured_media":24654,"comment_status":"open","ping_status":"closed","template":"","meta":{"_acf_changed":false,"om_disable_all_campaigns":false},"product_brand":[],"product_cat":[320],"product_tag":[432,431,429,430],"class_list":{"0":"post-24652","1":"product","2":"type-product","3":"status-publish","4":"has-post-thumbnail","6":"product_cat-truite-fumee-maquereau","7":"product_tag-baies-de-genievre","8":"product_tag-gin-fr","9":"product_tag-gravadlax-fr","10":"product_tag-saumon-non-fume","12":"first","13":"outofstock","14":"taxable","15":"shipping-taxable","16":"purchasable","17":"product-type-simple"},"acf":[],"yoast_head":"<!-- This site is optimized with the Yoast SEO plugin v27.3 - https:\/\/yoast.com\/product\/yoast-seo-wordpress\/ -->\n<title>Gravlax au Vermouth, orange &amp; aneth 300 gr - Burren Smokehouse<\/title>\n<meta name=\"robots\" content=\"index, follow, max-snippet:-1, max-image-preview:large, max-video-preview:-1\" \/>\n<link rel=\"canonical\" href=\"https:\/\/www.burrensmokehouse.com\/fr\/produit\/gravlax-au-vermouth\/\" \/>\n<meta property=\"og:locale\" content=\"fr_FR\" \/>\n<meta property=\"og:type\" content=\"article\" \/>\n<meta property=\"og:title\" content=\"Gravlax au Vermouth, orange &amp; aneth 300 gr - Burren Smokehouse\" \/>\n<meta property=\"og:description\" content=\"Le gravadlax est un mets d\u00e9licat \u00e0 base de saumon non fum\u00e9, traditionnellement consomm\u00e9 en Scandinavie. Cette marinade sp\u00e9ciale cr\u00e9\u00e9 par du saumon bio irlandais est infus\u00e9e d&#039;ar\u00f4mes de vermouth de Valentia Island ainsi que de l&#039;orange et de l&#039;aneth. Disponible en plaques de 300 g, tranch\u00e9.\" \/>\n<meta property=\"og:url\" content=\"https:\/\/www.burrensmokehouse.com\/fr\/produit\/gravlax-au-vermouth\/\" \/>\n<meta property=\"og:site_name\" content=\"Burren Smokehouse\" \/>\n<meta property=\"article:modified_time\" content=\"2025-12-04T21:03:49+00:00\" \/>\n<meta property=\"og:image\" content=\"https:\/\/www.burrensmokehouse.com\/wp-content\/uploads\/2025\/09\/4-Gravallax-\u00a9-Anita-Murphy-2025-landscape-1200px.jpg\" \/>\n\t<meta property=\"og:image:width\" content=\"1200\" \/>\n\t<meta property=\"og:image:height\" content=\"738\" \/>\n\t<meta property=\"og:image:type\" content=\"image\/jpeg\" \/>\n<meta name=\"twitter:card\" content=\"summary_large_image\" \/>\n<meta name=\"twitter:label1\" content=\"Dur\u00e9e de lecture estim\u00e9e\" \/>\n\t<meta name=\"twitter:data1\" content=\"1 minute\" \/>\n<script type=\"application\/ld+json\" class=\"yoast-schema-graph\">{\"@context\":\"https:\\\/\\\/schema.org\",\"@graph\":[{\"@type\":\"WebPage\",\"@id\":\"https:\\\/\\\/www.burrensmokehouse.com\\\/fr\\\/produit\\\/gravlax-au-vermouth\\\/\",\"url\":\"https:\\\/\\\/www.burrensmokehouse.com\\\/fr\\\/produit\\\/gravlax-au-vermouth\\\/\",\"name\":\"Gravlax au Vermouth, orange & aneth 300 gr - Burren Smokehouse\",\"isPartOf\":{\"@id\":\"https:\\\/\\\/www.burrensmokehouse.com\\\/fr\\\/#website\"},\"primaryImageOfPage\":{\"@id\":\"https:\\\/\\\/www.burrensmokehouse.com\\\/fr\\\/produit\\\/gravlax-au-vermouth\\\/#primaryimage\"},\"image\":{\"@id\":\"https:\\\/\\\/www.burrensmokehouse.com\\\/fr\\\/produit\\\/gravlax-au-vermouth\\\/#primaryimage\"},\"thumbnailUrl\":\"https:\\\/\\\/www.burrensmokehouse.com\\\/wp-content\\\/uploads\\\/2025\\\/09\\\/4-Gravallax-\u00a9-Anita-Murphy-2025-landscape-1200px.jpg\",\"datePublished\":\"2025-09-23T13:49:47+00:00\",\"dateModified\":\"2025-12-04T21:03:49+00:00\",\"breadcrumb\":{\"@id\":\"https:\\\/\\\/www.burrensmokehouse.com\\\/fr\\\/produit\\\/gravlax-au-vermouth\\\/#breadcrumb\"},\"inLanguage\":\"fr-FR\",\"potentialAction\":[{\"@type\":\"ReadAction\",\"target\":[\"https:\\\/\\\/www.burrensmokehouse.com\\\/fr\\\/produit\\\/gravlax-au-vermouth\\\/\"]}]},{\"@type\":\"ImageObject\",\"inLanguage\":\"fr-FR\",\"@id\":\"https:\\\/\\\/www.burrensmokehouse.com\\\/fr\\\/produit\\\/gravlax-au-vermouth\\\/#primaryimage\",\"url\":\"https:\\\/\\\/www.burrensmokehouse.com\\\/wp-content\\\/uploads\\\/2025\\\/09\\\/4-Gravallax-\u00a9-Anita-Murphy-2025-landscape-1200px.jpg\",\"contentUrl\":\"https:\\\/\\\/www.burrensmokehouse.com\\\/wp-content\\\/uploads\\\/2025\\\/09\\\/4-Gravallax-\u00a9-Anita-Murphy-2025-landscape-1200px.jpg\",\"width\":1200,\"height\":738,\"caption\":\"Burren Smokehouse Gravadlax with Valentia Island Vermouth\"},{\"@type\":\"BreadcrumbList\",\"@id\":\"https:\\\/\\\/www.burrensmokehouse.com\\\/fr\\\/produit\\\/gravlax-au-vermouth\\\/#breadcrumb\",\"itemListElement\":[{\"@type\":\"ListItem\",\"position\":1,\"name\":\"Home\",\"item\":\"https:\\\/\\\/www.burrensmokehouse.com\\\/fr\\\/\"},{\"@type\":\"ListItem\",\"position\":2,\"name\":\"Boutique\",\"item\":\"https:\\\/\\\/www.burrensmokehouse.com\\\/fr\\\/boutique\\\/\"},{\"@type\":\"ListItem\",\"position\":3,\"name\":\"Gravlax au Vermouth, orange &#038; aneth 300 gr\"}]},{\"@type\":\"WebSite\",\"@id\":\"https:\\\/\\\/www.burrensmokehouse.com\\\/fr\\\/#website\",\"url\":\"https:\\\/\\\/www.burrensmokehouse.com\\\/fr\\\/\",\"name\":\"Burren Smokehouse\",\"description\":\"\",\"publisher\":{\"@id\":\"https:\\\/\\\/www.burrensmokehouse.com\\\/fr\\\/#organization\"},\"potentialAction\":[{\"@type\":\"SearchAction\",\"target\":{\"@type\":\"EntryPoint\",\"urlTemplate\":\"https:\\\/\\\/www.burrensmokehouse.com\\\/fr\\\/?s={search_term_string}\"},\"query-input\":{\"@type\":\"PropertyValueSpecification\",\"valueRequired\":true,\"valueName\":\"search_term_string\"}}],\"inLanguage\":\"fr-FR\"},{\"@type\":\"Organization\",\"@id\":\"https:\\\/\\\/www.burrensmokehouse.com\\\/fr\\\/#organization\",\"name\":\"Burren Smokehouse\",\"url\":\"https:\\\/\\\/www.burrensmokehouse.com\\\/fr\\\/\",\"logo\":{\"@type\":\"ImageObject\",\"inLanguage\":\"fr-FR\",\"@id\":\"https:\\\/\\\/www.burrensmokehouse.com\\\/fr\\\/#\\\/schema\\\/logo\\\/image\\\/\",\"url\":\"https:\\\/\\\/www.burrensmokehouse.com\\\/wp-content\\\/uploads\\\/2021\\\/07\\\/logo.png\",\"contentUrl\":\"https:\\\/\\\/www.burrensmokehouse.com\\\/wp-content\\\/uploads\\\/2021\\\/07\\\/logo.png\",\"width\":432,\"height\":99,\"caption\":\"Burren Smokehouse\"},\"image\":{\"@id\":\"https:\\\/\\\/www.burrensmokehouse.com\\\/fr\\\/#\\\/schema\\\/logo\\\/image\\\/\"}}]}<\/script>\n<!-- \/ Yoast SEO plugin. -->","yoast_head_json":{"title":"Gravlax au Vermouth, orange & aneth 300 gr - Burren Smokehouse","robots":{"index":"index","follow":"follow","max-snippet":"max-snippet:-1","max-image-preview":"max-image-preview:large","max-video-preview":"max-video-preview:-1"},"canonical":"https:\/\/www.burrensmokehouse.com\/fr\/produit\/gravlax-au-vermouth\/","og_locale":"fr_FR","og_type":"article","og_title":"Gravlax au Vermouth, orange & aneth 300 gr - Burren Smokehouse","og_description":"Le gravadlax est un mets d\u00e9licat \u00e0 base de saumon non fum\u00e9, traditionnellement consomm\u00e9 en Scandinavie. Cette marinade sp\u00e9ciale cr\u00e9\u00e9 par du saumon bio irlandais est infus\u00e9e d'ar\u00f4mes de vermouth de Valentia Island ainsi que de l'orange et de l'aneth. Disponible en plaques de 300 g, tranch\u00e9.","og_url":"https:\/\/www.burrensmokehouse.com\/fr\/produit\/gravlax-au-vermouth\/","og_site_name":"Burren Smokehouse","article_modified_time":"2025-12-04T21:03:49+00:00","og_image":[{"width":1200,"height":738,"url":"https:\/\/www.burrensmokehouse.com\/wp-content\/uploads\/2025\/09\/4-Gravallax-\u00a9-Anita-Murphy-2025-landscape-1200px.jpg","type":"image\/jpeg"}],"twitter_card":"summary_large_image","twitter_misc":{"Dur\u00e9e de lecture estim\u00e9e":"1 minute"},"schema":{"@context":"https:\/\/schema.org","@graph":[{"@type":"WebPage","@id":"https:\/\/www.burrensmokehouse.com\/fr\/produit\/gravlax-au-vermouth\/","url":"https:\/\/www.burrensmokehouse.com\/fr\/produit\/gravlax-au-vermouth\/","name":"Gravlax au Vermouth, orange & aneth 300 gr - Burren Smokehouse","isPartOf":{"@id":"https:\/\/www.burrensmokehouse.com\/fr\/#website"},"primaryImageOfPage":{"@id":"https:\/\/www.burrensmokehouse.com\/fr\/produit\/gravlax-au-vermouth\/#primaryimage"},"image":{"@id":"https:\/\/www.burrensmokehouse.com\/fr\/produit\/gravlax-au-vermouth\/#primaryimage"},"thumbnailUrl":"https:\/\/www.burrensmokehouse.com\/wp-content\/uploads\/2025\/09\/4-Gravallax-\u00a9-Anita-Murphy-2025-landscape-1200px.jpg","datePublished":"2025-09-23T13:49:47+00:00","dateModified":"2025-12-04T21:03:49+00:00","breadcrumb":{"@id":"https:\/\/www.burrensmokehouse.com\/fr\/produit\/gravlax-au-vermouth\/#breadcrumb"},"inLanguage":"fr-FR","potentialAction":[{"@type":"ReadAction","target":["https:\/\/www.burrensmokehouse.com\/fr\/produit\/gravlax-au-vermouth\/"]}]},{"@type":"ImageObject","inLanguage":"fr-FR","@id":"https:\/\/www.burrensmokehouse.com\/fr\/produit\/gravlax-au-vermouth\/#primaryimage","url":"https:\/\/www.burrensmokehouse.com\/wp-content\/uploads\/2025\/09\/4-Gravallax-\u00a9-Anita-Murphy-2025-landscape-1200px.jpg","contentUrl":"https:\/\/www.burrensmokehouse.com\/wp-content\/uploads\/2025\/09\/4-Gravallax-\u00a9-Anita-Murphy-2025-landscape-1200px.jpg","width":1200,"height":738,"caption":"Burren Smokehouse Gravadlax with Valentia Island Vermouth"},{"@type":"BreadcrumbList","@id":"https:\/\/www.burrensmokehouse.com\/fr\/produit\/gravlax-au-vermouth\/#breadcrumb","itemListElement":[{"@type":"ListItem","position":1,"name":"Home","item":"https:\/\/www.burrensmokehouse.com\/fr\/"},{"@type":"ListItem","position":2,"name":"Boutique","item":"https:\/\/www.burrensmokehouse.com\/fr\/boutique\/"},{"@type":"ListItem","position":3,"name":"Gravlax au Vermouth, orange &#038; aneth 300 gr"}]},{"@type":"WebSite","@id":"https:\/\/www.burrensmokehouse.com\/fr\/#website","url":"https:\/\/www.burrensmokehouse.com\/fr\/","name":"Burren Smokehouse","description":"","publisher":{"@id":"https:\/\/www.burrensmokehouse.com\/fr\/#organization"},"potentialAction":[{"@type":"SearchAction","target":{"@type":"EntryPoint","urlTemplate":"https:\/\/www.burrensmokehouse.com\/fr\/?s={search_term_string}"},"query-input":{"@type":"PropertyValueSpecification","valueRequired":true,"valueName":"search_term_string"}}],"inLanguage":"fr-FR"},{"@type":"Organization","@id":"https:\/\/www.burrensmokehouse.com\/fr\/#organization","name":"Burren Smokehouse","url":"https:\/\/www.burrensmokehouse.com\/fr\/","logo":{"@type":"ImageObject","inLanguage":"fr-FR","@id":"https:\/\/www.burrensmokehouse.com\/fr\/#\/schema\/logo\/image\/","url":"https:\/\/www.burrensmokehouse.com\/wp-content\/uploads\/2021\/07\/logo.png","contentUrl":"https:\/\/www.burrensmokehouse.com\/wp-content\/uploads\/2021\/07\/logo.png","width":432,"height":99,"caption":"Burren Smokehouse"},"image":{"@id":"https:\/\/www.burrensmokehouse.com\/fr\/#\/schema\/logo\/image\/"}}]}},"_links":{"self":[{"href":"https:\/\/www.burrensmokehouse.com\/fr\/wp-json\/wp\/v2\/product\/24652","targetHints":{"allow":["GET"]}}],"collection":[{"href":"https:\/\/www.burrensmokehouse.com\/fr\/wp-json\/wp\/v2\/product"}],"about":[{"href":"https:\/\/www.burrensmokehouse.com\/fr\/wp-json\/wp\/v2\/types\/product"}],"replies":[{"embeddable":true,"href":"https:\/\/www.burrensmokehouse.com\/fr\/wp-json\/wp\/v2\/comments?post=24652"}],"wp:featuredmedia":[{"embeddable":true,"href":"https:\/\/www.burrensmokehouse.com\/fr\/wp-json\/wp\/v2\/media\/24654"}],"wp:attachment":[{"href":"https:\/\/www.burrensmokehouse.com\/fr\/wp-json\/wp\/v2\/media?parent=24652"}],"wp:term":[{"taxonomy":"product_brand","embeddable":true,"href":"https:\/\/www.burrensmokehouse.com\/fr\/wp-json\/wp\/v2\/product_brand?post=24652"},{"taxonomy":"product_cat","embeddable":true,"href":"https:\/\/www.burrensmokehouse.com\/fr\/wp-json\/wp\/v2\/product_cat?post=24652"},{"taxonomy":"product_tag","embeddable":true,"href":"https:\/\/www.burrensmokehouse.com\/fr\/wp-json\/wp\/v2\/product_tag?post=24652"}],"curies":[{"name":"wp","href":"https:\/\/api.w.org\/{rel}","templated":true}]}}