{"id":9502,"date":"2022-02-11T12:08:22","date_gmt":"2022-02-11T12:08:22","guid":{"rendered":"https:\/\/www.burrensmokehouse.com\/product\/hot-smoked-irish-organic-salmon-honey-lemon-pepper\/"},"modified":"2025-11-06T13:44:03","modified_gmt":"2025-11-06T13:44:03","slug":"saumon-fume-a-chaud-biologique-irlandais-miel-poivre-citron","status":"publish","type":"product","link":"https:\/\/www.burrensmokehouse.com\/fr\/produit\/saumon-fume-a-chaud-biologique-irlandais-miel-poivre-citron\/","title":{"rendered":"Saumon Bio Irlandais Fum\u00e9 \u00e0 Chaud du Burren &#8211; Miel, Citron &amp; Poivre"},"content":{"rendered":"<p>Une autre cr\u00e9ation innovante du Burren Smokehouse &#8211; les grains de poivre doux ajoutent un peu de croquant \u00e0 la saveur subtile du miel et du citron. Un m\u00e9lange \u00e9tonnant qui se marie tr\u00e8s bien avec du saumon fum\u00e9 \u00e0 chaud.<\/p>\n<p>Le fumage \u00e0 chaud est la m\u00e9thode scandinave de fumage \u00e0 une temp\u00e9rature plus \u00e9lev\u00e9e qui donne au saumon une texture feuillet\u00e9e et plus s\u00e8che que le fumage \u00e0 froid. Un favori m\u00eame pour ceux qui normalement ne mangeraient pas de saumon fum\u00e9 (froid).<\/p>\n<p>Ce produit est tranch\u00e9.<\/p>\n","protected":false},"excerpt":{"rendered":"<p>Nous avons combin\u00e9 les saveurs subtiles du miel et du citron sur le saumon fum\u00e9 \u00e0 chaud avec le punch croquant des grains de poivre doux. Insolite et tr\u00e8s d\u00e9licieux.<\/p>\n<p>&nbsp;<strong>Pourquoi les prix sur notre site sont-ils diff\u00e9rents de ceux du catalogue ?<\/strong><br \/>\nLes prix plus \u00e9lev\u00e9s sont d\u00fbs \u00e0 la TVA appliqu\u00e9e aux prix. Pour les exportations vers les pays de l&rsquo;UE, nous devons malheureusement facturer les taux de TVA habituels pour les produits respectifs dans le pays de destination. Il s&rsquo;agit d&rsquo;une l\u00e9gislation europ\u00e9enne.<br \/>\nCe taux de TVA est d\u00e9j\u00e0 calcul\u00e9 dans les prix affich\u00e9s sur le site, c&rsquo;est pourquoi il existe une diff\u00e9rence entre les prix du catalogue et ceux affich\u00e9s sur le site. Jusqu&rsquo;\u00e0 r\u00e9cemment, le site ajoutait la TVA \u00e0 la fin du processus de paiement, mais le r\u00e9sultat est le m\u00eame.<br \/>\nBien s\u00fbr il en va de m\u00eame pour les commandes que nous recevons par mail ou par t\u00e9l\u00e9phone.<\/p>\n","protected":false},"featured_media":8413,"comment_status":"open","ping_status":"closed","template":"","meta":{"_acf_changed":false,"om_disable_all_campaigns":false},"product_brand":[],"product_cat":[234,161],"product_tag":[264,265,266,267,268,269,270],"class_list":{"0":"post-9502","1":"product","2":"type-product","3":"status-publish","4":"has-post-thumbnail","6":"product_cat-hot-fr","7":"product_cat-saumon-fume-irlandais","8":"product_tag-honey-fr","9":"product_tag-hot-fr","10":"product_tag-hotsmoked-fr","11":"product_tag-lemon-fr","12":"product_tag-pepper-fr","13":"product_tag-salmon-fr","14":"product_tag-smoked-fr","15":"pa_weight-g-140-fr","16":"pa_weight-g-500-fr","18":"first","19":"instock","20":"featured","21":"taxable","22":"shipping-taxable","23":"purchasable","24":"product-type-variable"},"acf":[],"yoast_head":"<!-- This site is optimized with the Yoast SEO plugin v27.3 - https:\/\/yoast.com\/product\/yoast-seo-wordpress\/ -->\n<title>Saumon Bio Irlandais Fum\u00e9 \u00e0 Chaud du Burren - Miel, Citron &amp; Poivre - Burren Smokehouse<\/title>\n<meta name=\"robots\" content=\"index, follow, max-snippet:-1, max-image-preview:large, max-video-preview:-1\" \/>\n<link rel=\"canonical\" href=\"https:\/\/www.burrensmokehouse.com\/fr\/produit\/saumon-fume-a-chaud-biologique-irlandais-miel-poivre-citron\/\" \/>\n<meta property=\"og:locale\" content=\"fr_FR\" \/>\n<meta property=\"og:type\" content=\"article\" \/>\n<meta property=\"og:title\" content=\"Saumon Bio Irlandais Fum\u00e9 \u00e0 Chaud du Burren - Miel, Citron &amp; Poivre - Burren Smokehouse\" \/>\n<meta property=\"og:description\" content=\"Nous avons combin\u00e9 les saveurs subtiles du miel et du citron sur le saumon fum\u00e9 \u00e0 chaud avec le punch croquant des grains de poivre doux. Insolite et tr\u00e8s d\u00e9licieux.  &nbsp;Pourquoi les prix sur notre site sont-ils diff\u00e9rents de ceux du catalogue ? Les prix plus \u00e9lev\u00e9s sont d\u00fbs \u00e0 la TVA appliqu\u00e9e aux prix. Pour les exportations vers les pays de l&#039;UE, nous devons malheureusement facturer les taux de TVA habituels pour les produits respectifs dans le pays de destination. Il s&#039;agit d&#039;une l\u00e9gislation europ\u00e9enne.  Ce taux de TVA est d\u00e9j\u00e0 calcul\u00e9 dans les prix affich\u00e9s sur le site, c&#039;est pourquoi il existe une diff\u00e9rence entre les prix du catalogue et ceux affich\u00e9s sur le site. Jusqu&#039;\u00e0 r\u00e9cemment, le site ajoutait la TVA \u00e0 la fin du processus de paiement, mais le r\u00e9sultat est le m\u00eame. Bien s\u00fbr il en va de m\u00eame pour les commandes que nous recevons par mail ou par t\u00e9l\u00e9phone.\" \/>\n<meta property=\"og:url\" content=\"https:\/\/www.burrensmokehouse.com\/fr\/produit\/saumon-fume-a-chaud-biologique-irlandais-miel-poivre-citron\/\" \/>\n<meta property=\"og:site_name\" content=\"Burren Smokehouse\" \/>\n<meta property=\"article:modified_time\" content=\"2025-11-06T13:44:03+00:00\" \/>\n<meta property=\"og:image\" content=\"https:\/\/www.burrensmokehouse.com\/wp-content\/uploads\/2022\/02\/Hot_sm_Organic_Salmon_Honey_Lemon___Pepper_P1.jpeg\" \/>\n\t<meta property=\"og:image:width\" content=\"800\" \/>\n\t<meta property=\"og:image:height\" content=\"1000\" \/>\n\t<meta property=\"og:image:type\" content=\"image\/jpeg\" \/>\n<meta name=\"twitter:card\" content=\"summary_large_image\" \/>\n<meta name=\"twitter:label1\" content=\"Dur\u00e9e de lecture estim\u00e9e\" \/>\n\t<meta name=\"twitter:data1\" content=\"1 minute\" \/>\n<script type=\"application\/ld+json\" class=\"yoast-schema-graph\">{\"@context\":\"https:\\\/\\\/schema.org\",\"@graph\":[{\"@type\":\"WebPage\",\"@id\":\"https:\\\/\\\/www.burrensmokehouse.com\\\/fr\\\/produit\\\/saumon-fume-a-chaud-biologique-irlandais-miel-poivre-citron\\\/\",\"url\":\"https:\\\/\\\/www.burrensmokehouse.com\\\/fr\\\/produit\\\/saumon-fume-a-chaud-biologique-irlandais-miel-poivre-citron\\\/\",\"name\":\"Saumon Bio Irlandais Fum\u00e9 \u00e0 Chaud du Burren - Miel, Citron &amp; Poivre - Burren Smokehouse\",\"isPartOf\":{\"@id\":\"https:\\\/\\\/www.burrensmokehouse.com\\\/fr\\\/#website\"},\"primaryImageOfPage\":{\"@id\":\"https:\\\/\\\/www.burrensmokehouse.com\\\/fr\\\/produit\\\/saumon-fume-a-chaud-biologique-irlandais-miel-poivre-citron\\\/#primaryimage\"},\"image\":{\"@id\":\"https:\\\/\\\/www.burrensmokehouse.com\\\/fr\\\/produit\\\/saumon-fume-a-chaud-biologique-irlandais-miel-poivre-citron\\\/#primaryimage\"},\"thumbnailUrl\":\"https:\\\/\\\/www.burrensmokehouse.com\\\/wp-content\\\/uploads\\\/2022\\\/02\\\/Hot_sm_Organic_Salmon_Honey_Lemon___Pepper_P1.jpeg\",\"datePublished\":\"2022-02-11T12:08:22+00:00\",\"dateModified\":\"2025-11-06T13:44:03+00:00\",\"breadcrumb\":{\"@id\":\"https:\\\/\\\/www.burrensmokehouse.com\\\/fr\\\/produit\\\/saumon-fume-a-chaud-biologique-irlandais-miel-poivre-citron\\\/#breadcrumb\"},\"inLanguage\":\"fr-FR\",\"potentialAction\":[{\"@type\":\"ReadAction\",\"target\":[\"https:\\\/\\\/www.burrensmokehouse.com\\\/fr\\\/produit\\\/saumon-fume-a-chaud-biologique-irlandais-miel-poivre-citron\\\/\"]}]},{\"@type\":\"ImageObject\",\"inLanguage\":\"fr-FR\",\"@id\":\"https:\\\/\\\/www.burrensmokehouse.com\\\/fr\\\/produit\\\/saumon-fume-a-chaud-biologique-irlandais-miel-poivre-citron\\\/#primaryimage\",\"url\":\"https:\\\/\\\/www.burrensmokehouse.com\\\/wp-content\\\/uploads\\\/2022\\\/02\\\/Hot_sm_Organic_Salmon_Honey_Lemon___Pepper_P1.jpeg\",\"contentUrl\":\"https:\\\/\\\/www.burrensmokehouse.com\\\/wp-content\\\/uploads\\\/2022\\\/02\\\/Hot_sm_Organic_Salmon_Honey_Lemon___Pepper_P1.jpeg\",\"width\":800,\"height\":1000,\"caption\":\"Burren Smokehouse Saumon irlandais bio fum\u00e9 \u00e0 chaud miel citron poivre\"},{\"@type\":\"BreadcrumbList\",\"@id\":\"https:\\\/\\\/www.burrensmokehouse.com\\\/fr\\\/produit\\\/saumon-fume-a-chaud-biologique-irlandais-miel-poivre-citron\\\/#breadcrumb\",\"itemListElement\":[{\"@type\":\"ListItem\",\"position\":1,\"name\":\"Home\",\"item\":\"https:\\\/\\\/www.burrensmokehouse.com\\\/fr\\\/\"},{\"@type\":\"ListItem\",\"position\":2,\"name\":\"Boutique\",\"item\":\"https:\\\/\\\/www.burrensmokehouse.com\\\/fr\\\/boutique\\\/\"},{\"@type\":\"ListItem\",\"position\":3,\"name\":\"Saumon Bio Irlandais Fum\u00e9 \u00e0 Chaud du Burren &#8211; Miel, Citron &amp; Poivre\"}]},{\"@type\":\"WebSite\",\"@id\":\"https:\\\/\\\/www.burrensmokehouse.com\\\/fr\\\/#website\",\"url\":\"https:\\\/\\\/www.burrensmokehouse.com\\\/fr\\\/\",\"name\":\"Burren Smokehouse\",\"description\":\"\",\"publisher\":{\"@id\":\"https:\\\/\\\/www.burrensmokehouse.com\\\/fr\\\/#organization\"},\"potentialAction\":[{\"@type\":\"SearchAction\",\"target\":{\"@type\":\"EntryPoint\",\"urlTemplate\":\"https:\\\/\\\/www.burrensmokehouse.com\\\/fr\\\/?s={search_term_string}\"},\"query-input\":{\"@type\":\"PropertyValueSpecification\",\"valueRequired\":true,\"valueName\":\"search_term_string\"}}],\"inLanguage\":\"fr-FR\"},{\"@type\":\"Organization\",\"@id\":\"https:\\\/\\\/www.burrensmokehouse.com\\\/fr\\\/#organization\",\"name\":\"Burren Smokehouse\",\"url\":\"https:\\\/\\\/www.burrensmokehouse.com\\\/fr\\\/\",\"logo\":{\"@type\":\"ImageObject\",\"inLanguage\":\"fr-FR\",\"@id\":\"https:\\\/\\\/www.burrensmokehouse.com\\\/fr\\\/#\\\/schema\\\/logo\\\/image\\\/\",\"url\":\"https:\\\/\\\/www.burrensmokehouse.com\\\/wp-content\\\/uploads\\\/2021\\\/07\\\/logo.png\",\"contentUrl\":\"https:\\\/\\\/www.burrensmokehouse.com\\\/wp-content\\\/uploads\\\/2021\\\/07\\\/logo.png\",\"width\":432,\"height\":99,\"caption\":\"Burren Smokehouse\"},\"image\":{\"@id\":\"https:\\\/\\\/www.burrensmokehouse.com\\\/fr\\\/#\\\/schema\\\/logo\\\/image\\\/\"}}]}<\/script>\n<!-- \/ Yoast SEO plugin. -->","yoast_head_json":{"title":"Saumon Bio Irlandais Fum\u00e9 \u00e0 Chaud du Burren - Miel, Citron &amp; Poivre - Burren Smokehouse","robots":{"index":"index","follow":"follow","max-snippet":"max-snippet:-1","max-image-preview":"max-image-preview:large","max-video-preview":"max-video-preview:-1"},"canonical":"https:\/\/www.burrensmokehouse.com\/fr\/produit\/saumon-fume-a-chaud-biologique-irlandais-miel-poivre-citron\/","og_locale":"fr_FR","og_type":"article","og_title":"Saumon Bio Irlandais Fum\u00e9 \u00e0 Chaud du Burren - Miel, Citron &amp; Poivre - Burren Smokehouse","og_description":"Nous avons combin\u00e9 les saveurs subtiles du miel et du citron sur le saumon fum\u00e9 \u00e0 chaud avec le punch croquant des grains de poivre doux. Insolite et tr\u00e8s d\u00e9licieux.  &nbsp;Pourquoi les prix sur notre site sont-ils diff\u00e9rents de ceux du catalogue ? Les prix plus \u00e9lev\u00e9s sont d\u00fbs \u00e0 la TVA appliqu\u00e9e aux prix. Pour les exportations vers les pays de l'UE, nous devons malheureusement facturer les taux de TVA habituels pour les produits respectifs dans le pays de destination. Il s'agit d'une l\u00e9gislation europ\u00e9enne.  Ce taux de TVA est d\u00e9j\u00e0 calcul\u00e9 dans les prix affich\u00e9s sur le site, c'est pourquoi il existe une diff\u00e9rence entre les prix du catalogue et ceux affich\u00e9s sur le site. Jusqu'\u00e0 r\u00e9cemment, le site ajoutait la TVA \u00e0 la fin du processus de paiement, mais le r\u00e9sultat est le m\u00eame. Bien s\u00fbr il en va de m\u00eame pour les commandes que nous recevons par mail ou par t\u00e9l\u00e9phone.","og_url":"https:\/\/www.burrensmokehouse.com\/fr\/produit\/saumon-fume-a-chaud-biologique-irlandais-miel-poivre-citron\/","og_site_name":"Burren Smokehouse","article_modified_time":"2025-11-06T13:44:03+00:00","og_image":[{"width":800,"height":1000,"url":"https:\/\/www.burrensmokehouse.com\/wp-content\/uploads\/2022\/02\/Hot_sm_Organic_Salmon_Honey_Lemon___Pepper_P1.jpeg","type":"image\/jpeg"}],"twitter_card":"summary_large_image","twitter_misc":{"Dur\u00e9e de lecture estim\u00e9e":"1 minute"},"schema":{"@context":"https:\/\/schema.org","@graph":[{"@type":"WebPage","@id":"https:\/\/www.burrensmokehouse.com\/fr\/produit\/saumon-fume-a-chaud-biologique-irlandais-miel-poivre-citron\/","url":"https:\/\/www.burrensmokehouse.com\/fr\/produit\/saumon-fume-a-chaud-biologique-irlandais-miel-poivre-citron\/","name":"Saumon Bio Irlandais Fum\u00e9 \u00e0 Chaud du Burren - Miel, Citron &amp; Poivre - Burren Smokehouse","isPartOf":{"@id":"https:\/\/www.burrensmokehouse.com\/fr\/#website"},"primaryImageOfPage":{"@id":"https:\/\/www.burrensmokehouse.com\/fr\/produit\/saumon-fume-a-chaud-biologique-irlandais-miel-poivre-citron\/#primaryimage"},"image":{"@id":"https:\/\/www.burrensmokehouse.com\/fr\/produit\/saumon-fume-a-chaud-biologique-irlandais-miel-poivre-citron\/#primaryimage"},"thumbnailUrl":"https:\/\/www.burrensmokehouse.com\/wp-content\/uploads\/2022\/02\/Hot_sm_Organic_Salmon_Honey_Lemon___Pepper_P1.jpeg","datePublished":"2022-02-11T12:08:22+00:00","dateModified":"2025-11-06T13:44:03+00:00","breadcrumb":{"@id":"https:\/\/www.burrensmokehouse.com\/fr\/produit\/saumon-fume-a-chaud-biologique-irlandais-miel-poivre-citron\/#breadcrumb"},"inLanguage":"fr-FR","potentialAction":[{"@type":"ReadAction","target":["https:\/\/www.burrensmokehouse.com\/fr\/produit\/saumon-fume-a-chaud-biologique-irlandais-miel-poivre-citron\/"]}]},{"@type":"ImageObject","inLanguage":"fr-FR","@id":"https:\/\/www.burrensmokehouse.com\/fr\/produit\/saumon-fume-a-chaud-biologique-irlandais-miel-poivre-citron\/#primaryimage","url":"https:\/\/www.burrensmokehouse.com\/wp-content\/uploads\/2022\/02\/Hot_sm_Organic_Salmon_Honey_Lemon___Pepper_P1.jpeg","contentUrl":"https:\/\/www.burrensmokehouse.com\/wp-content\/uploads\/2022\/02\/Hot_sm_Organic_Salmon_Honey_Lemon___Pepper_P1.jpeg","width":800,"height":1000,"caption":"Burren Smokehouse Saumon irlandais bio fum\u00e9 \u00e0 chaud miel citron poivre"},{"@type":"BreadcrumbList","@id":"https:\/\/www.burrensmokehouse.com\/fr\/produit\/saumon-fume-a-chaud-biologique-irlandais-miel-poivre-citron\/#breadcrumb","itemListElement":[{"@type":"ListItem","position":1,"name":"Home","item":"https:\/\/www.burrensmokehouse.com\/fr\/"},{"@type":"ListItem","position":2,"name":"Boutique","item":"https:\/\/www.burrensmokehouse.com\/fr\/boutique\/"},{"@type":"ListItem","position":3,"name":"Saumon Bio Irlandais Fum\u00e9 \u00e0 Chaud du Burren &#8211; Miel, Citron &amp; Poivre"}]},{"@type":"WebSite","@id":"https:\/\/www.burrensmokehouse.com\/fr\/#website","url":"https:\/\/www.burrensmokehouse.com\/fr\/","name":"Burren Smokehouse","description":"","publisher":{"@id":"https:\/\/www.burrensmokehouse.com\/fr\/#organization"},"potentialAction":[{"@type":"SearchAction","target":{"@type":"EntryPoint","urlTemplate":"https:\/\/www.burrensmokehouse.com\/fr\/?s={search_term_string}"},"query-input":{"@type":"PropertyValueSpecification","valueRequired":true,"valueName":"search_term_string"}}],"inLanguage":"fr-FR"},{"@type":"Organization","@id":"https:\/\/www.burrensmokehouse.com\/fr\/#organization","name":"Burren Smokehouse","url":"https:\/\/www.burrensmokehouse.com\/fr\/","logo":{"@type":"ImageObject","inLanguage":"fr-FR","@id":"https:\/\/www.burrensmokehouse.com\/fr\/#\/schema\/logo\/image\/","url":"https:\/\/www.burrensmokehouse.com\/wp-content\/uploads\/2021\/07\/logo.png","contentUrl":"https:\/\/www.burrensmokehouse.com\/wp-content\/uploads\/2021\/07\/logo.png","width":432,"height":99,"caption":"Burren Smokehouse"},"image":{"@id":"https:\/\/www.burrensmokehouse.com\/fr\/#\/schema\/logo\/image\/"}}]}},"_links":{"self":[{"href":"https:\/\/www.burrensmokehouse.com\/fr\/wp-json\/wp\/v2\/product\/9502","targetHints":{"allow":["GET"]}}],"collection":[{"href":"https:\/\/www.burrensmokehouse.com\/fr\/wp-json\/wp\/v2\/product"}],"about":[{"href":"https:\/\/www.burrensmokehouse.com\/fr\/wp-json\/wp\/v2\/types\/product"}],"replies":[{"embeddable":true,"href":"https:\/\/www.burrensmokehouse.com\/fr\/wp-json\/wp\/v2\/comments?post=9502"}],"wp:featuredmedia":[{"embeddable":true,"href":"https:\/\/www.burrensmokehouse.com\/fr\/wp-json\/wp\/v2\/media\/8413"}],"wp:attachment":[{"href":"https:\/\/www.burrensmokehouse.com\/fr\/wp-json\/wp\/v2\/media?parent=9502"}],"wp:term":[{"taxonomy":"product_brand","embeddable":true,"href":"https:\/\/www.burrensmokehouse.com\/fr\/wp-json\/wp\/v2\/product_brand?post=9502"},{"taxonomy":"product_cat","embeddable":true,"href":"https:\/\/www.burrensmokehouse.com\/fr\/wp-json\/wp\/v2\/product_cat?post=9502"},{"taxonomy":"product_tag","embeddable":true,"href":"https:\/\/www.burrensmokehouse.com\/fr\/wp-json\/wp\/v2\/product_tag?post=9502"}],"curies":[{"name":"wp","href":"https:\/\/api.w.org\/{rel}","templated":true}]}}